{"id":18670,"date":"2022-10-04T07:25:54","date_gmt":"2022-10-04T07:25:54","guid":{"rendered":"https:\/\/www.azur-scenic.com\/produit\/acousticvoile-line\/"},"modified":"2023-08-02T13:23:08","modified_gmt":"2023-08-02T13:23:08","slug":"acousticvoile-line","status":"publish","type":"product","link":"https:\/\/www.azur-scenic.com\/pt-pt\/produto\/acousticvoile-line\/","title":{"rendered":"AcousticVoile Line"},"content":{"rendered":"<table>\n<thead>\n<tr>\n<th style=\"width: 170px;\">Dados t\u00e9cnicos<\/th>\n<th>Valor<\/th>\n<th>Coment\u00e1rio<\/th>\n<\/tr>\n<\/thead>\n<tbody>\n<tr>\n<td style=\"vertical-align: top;\">Largura<\/td>\n<td style=\"vertical-align: top;\">150 cm<\/td>\n<td style=\"vertical-align: top;\">\u00a0<\/td>\n<\/tr>\n<tr>\n<td style=\"vertical-align: top;\">Peso<\/td>\n<td style=\"vertical-align: top;\">90 g\/m\u00b2<\/td>\n<td style=\"vertical-align: top;\">\u00a0<\/td>\n<\/tr>\n<tr>\n<td style=\"vertical-align: top;\">Espessura<\/td>\n<td style=\"vertical-align: top;\">0,5 mm<\/td>\n<td style=\"vertical-align: top;\">\u00a0<\/td>\n<\/tr>\n<tr>\n<td style=\"vertical-align: top;\">Classifica\u00e7\u00e3o de rea\u00e7\u00e3o ao fogo<\/td>\n<td style=\"vertical-align: top;\"><img decoding=\"async\" style=\"height: 20px; width: 20px;\" src=\"https:\/\/www.azur-scenic.com\/wp-content\/uploads\/csm_icon-flag-france_3304e5e3f9.png\" \/> M1<br \/>\n<img decoding=\"async\" style=\"height: 20px; width: 20px;\" src=\"https:\/\/www.azur-scenic.com\/wp-content\/uploads\/icon-flag-europe.png\" \/> Classe 1<br \/>\n<img decoding=\"async\" style=\"height: 20px; width: 20px;\" src=\"https:\/\/www.azur-scenic.com\/wp-content\/uploads\/icon-flag-allemagne.png\" \/> B1<br \/>\n<img decoding=\"async\" style=\"height: 20px; width: 20px;\" src=\"https:\/\/www.azur-scenic.com\/wp-content\/uploads\/icon-flag-uk.png\" \/> Tipo C<br \/>\n<img decoding=\"async\" style=\"height: 20px; width: 20px;\" src=\"https:\/\/www.azur-scenic.com\/wp-content\/uploads\/icon-flag-italie.png\" \/> Classe 1<br \/>\n<img decoding=\"async\" style=\"height: 20px; width: 20px;\" src=\"https:\/\/www.azur-scenic.com\/wp-content\/uploads\/icon-flag-usa.png\" \/> Conforme<\/td>\n<td style=\"vertical-align: top;\">Norma: NF P 92 \/ 503-507<br \/>\nNorma: EN 13773<br \/>\nNorma: DIN 4102<br \/>\nNorma: BS 5867 &#8211; 2<br \/>\nNorma: UNI VF 8456 &#8211; 8457<br \/>\nNorma: NFPA 701: 2010-1<\/td>\n<\/tr>\n<tr>\n<td style=\"vertical-align: top;\">Composi\u00e7\u00e3o<\/td>\n<td style=\"vertical-align: top;\" colspan=\"2\" rowspan=\"1\">100% Poli\u00e9ster FR Trevira CS<\/td>\n<\/tr>\n<tr>\n<td style=\"vertical-align: top;\">Comprimento do rolo<\/td>\n<td style=\"vertical-align: top;\">25 m<\/td>\n<td style=\"vertical-align: top;\">Venda a retalho, de acordo com as cores em stock<\/td>\n<\/tr>\n<tr>\n<td style=\"vertical-align: top;\">Resist\u00eancia \u00e0 fric\u00e7\u00e3o<\/td>\n<td style=\"vertical-align: top;\">H\u00famido 4-5<br \/>\nSeco 4-5<br \/>\nH\u00famido 5<br \/>\nSeco 5<\/td>\n<td style=\"vertical-align: top;\">\n<p>Norma: ISO 105 X12 <span style=\"font-size: 13px;\">(escala 1-5)<\/span><\/p>\n<p>Norma: AATCC 8 <span style=\"font-size: 13px;\">(escala 1-5)<\/span><\/p>\n<\/td>\n<\/tr>\n<tr>\n<td style=\"vertical-align: top;\">Solidez luminosa<\/td>\n<td style=\"vertical-align: top;\">5<br \/>\n4<\/td>\n<td style=\"vertical-align: top;\">Norma: ISO 105 B02 <span style=\"font-size: 13px;\">(escala 1-8)<\/span><br \/>\nNorma: AATC 16.3: 60 horas <span style=\"font-size: 13px;\">(escala 1-8)<\/span><\/td>\n<\/tr>\n<tr>\n<td style=\"vertical-align: top;\">Propriedades ac\u00fasticas<\/td>\n<td style=\"vertical-align: top;\">0,50 \u03b1w<\/td>\n<td style=\"vertical-align: top;\">Norma: ISO 354<\/td>\n<\/tr>\n<\/tbody>\n<\/table>\n<p>\u00a0<\/p><\/p>\n","protected":false},"excerpt":{"rendered":"<p>Um v\u00e9u leve com <span style=\"color: #f88523;\"><strong>fortes propriedades ac\u00fasticas<\/strong><\/span>, classifica\u00e7\u00e3o <span style=\"color: #f88523;\"><strong>M1<\/strong><\/span> ign\u00edfugo e dispon\u00edvel numa vasta gama de <span style=\"color: #f88523;\"><strong>cores decorativas<\/strong><\/span>.<br \/>\nA estrutura \u00fanica deste v\u00e9u permite absorver fonicamente as fontes sonoras num espa\u00e7o, mantendo simultaneamente a sua <strong><span style=\"color: #f88523;\">luminosidade<\/span><\/strong> gra\u00e7as \u00e0 transpar\u00eancia do tecido.<br \/>\nUm tecido de design com uma apar\u00eancia <strong><span style=\"color: #f88523;\">laminada brilhante<\/span><\/strong>, tem um aspeto de estampado em relevo dando a ilus\u00e3o de finas riscas verticais tridimensionais.<br \/>\nV\u00e9u em poli\u00e9ster FR <strong><span style=\"color: #f88523;\">Trevira CS \u00e9 lav\u00e1vel<\/span><\/strong> e <strong><span style=\"color: #f88523;\">resistente aos raios UV<\/span><\/strong>, adequado para <strong><span style=\"color: #f88523;\">utiliza\u00e7\u00e3o em interiores e exteriores<\/span><\/strong>.<br \/>\nCertificado <strong><span style=\"color: #f88523;\">Oeko-Tex\u00ae<\/span><\/strong>, a produ\u00e7\u00e3o deste v\u00e9u respeita o meio ambiente.<\/p>\n<table class=\"table\" style=\"background: #f7f7f7;\">\n<tbody>\n<tr>\n<td><strong>Largura<\/strong>: 150 cm<\/td>\n<td><strong>Peso<\/strong>: 90 g\/m\u00b2<\/td>\n<\/tr>\n<tr>\n<td><strong>Classifica\u00e7\u00e3o de rea\u00e7\u00e3o ao fogo<\/strong>:<br \/>\n<img decoding=\"async\" style=\"height: 20px; width: 20px;\" src=\"https:\/\/www.azur-scenic.com\/wp-content\/uploads\/csm_icon-flag-france_3304e5e3f9.png\" \/> M1 <img decoding=\"async\" style=\"height: 20px; width: 20px;\" src=\"https:\/\/www.azur-scenic.com\/wp-content\/uploads\/icon-flag-europe.png\" \/> Classe 1\u00a0<img decoding=\"async\" style=\"height: 20px; width: 20px;\" src=\"https:\/\/www.azur-scenic.com\/wp-content\/uploads\/icon-flag-allemagne.png\" \/> B1 <img decoding=\"async\" style=\"height: 20px; width: 20px;\" src=\"https:\/\/www.azur-scenic.com\/wp-content\/uploads\/icon-flag-uk.png\" \/> Tipo C<br \/>\n<img decoding=\"async\" style=\"height: 20px; width: 20px;\" src=\"https:\/\/www.azur-scenic.com\/wp-content\/uploads\/icon-flag-italie.png\" \/> Classe 1 <img decoding=\"async\" style=\"height: 20px; width: 20px;\" src=\"https:\/\/www.azur-scenic.com\/wp-content\/uploads\/icon-flag-usa.png\" \/> Conforme<\/td>\n<td style=\"vertical-align: top;\"><strong>Composi\u00e7\u00e3o<\/strong>:<br \/>\n100% Poli\u00e9ster FR Trevira CS<\/td>\n<\/tr>\n<\/tbody>\n<\/table>\n","protected":false},"featured_media":15174,"template":"","meta":{"_acf_changed":false},"product_brand":[],"product_cat":[921,916,1343,1581,1358,984,985,989],"product_tag":[],"class_list":{"0":"post-18670","1":"product","2":"type-product","3":"status-publish","4":"has-post-thumbnail","6":"product_cat-todos-os-produtos","7":"product_cat-texteis-cenicos-e-para-eventos","8":"product_cat-veus-e-tecidos-leves","9":"product_cat-veus-acusticos","10":"product_cat-tecidos-metalizados","11":"product_cat-solucoes-acusticas","12":"product_cat-absorcao-acustica","13":"product_cat-decoracao","14":"pa_couleurs-001-cru","15":"pa_couleurs-002-branco","16":"pa_couleurs-003-negro","17":"pa_couleurs-108-estanho","18":"pa_couleurs-110-cinzento-claro","19":"pa_couleurs-120-perola","20":"pa_couleurs-170-ferro","21":"pa_couleurs-500-bege","22":"pa_couleurs-570-moca","23":"pa_groupes-de-couleurs-branco","24":"pa_groupes-de-couleurs-cinzento","25":"pa_groupes-de-couleurs-castanhos-beges","26":"pa_groupes-de-couleurs-negro","27":"pa_textiles-absorvente-acustico","28":"pa_textiles-adaptado-para-exterior","29":"pa_textiles-brilhantes-lacados-e-metalicos","30":"pa_textiles-classificacao-de-reacao-ao-fogo-ignifugo","31":"pa_textiles-lavavel","32":"pa_textiles-oeko-tex","33":"pa_textiles-resistente-a-uv","34":"pa_textiles-transparentes-e-translucidos","35":"pa_textiles-trevira-cs","36":"pa_textiles-ecologico","38":"first","39":"instock","40":"shipping-taxable","41":"purchasable","42":"product-type-variable"},"acf":[],"yoast_head":"<!-- This site is optimized with the Yoast SEO plugin v27.3 - https:\/\/yoast.com\/product\/yoast-seo-wordpress\/ -->\n<title>AcousticVoile Line - Azur Scenic<\/title>\n<meta name=\"robots\" content=\"index, follow, max-snippet:-1, max-image-preview:large, max-video-preview:-1\" \/>\n<link rel=\"canonical\" href=\"https:\/\/www.azur-scenic.com\/pt-pt\/produto\/acousticvoile-line\/\" \/>\n<meta property=\"og:locale\" content=\"pt_PT\" \/>\n<meta property=\"og:type\" content=\"article\" \/>\n<meta property=\"og:title\" content=\"AcousticVoile Line - Azur Scenic\" \/>\n<meta property=\"og:description\" content=\"Um v\u00e9u leve com fortes propriedades ac\u00fasticas, classifica\u00e7\u00e3o M1 ign\u00edfugo e dispon\u00edvel numa vasta gama de cores decorativas. A estrutura \u00fanica deste v\u00e9u permite absorver fonicamente as fontes sonoras num espa\u00e7o, mantendo simultaneamente a sua luminosidade gra\u00e7as \u00e0 transpar\u00eancia do tecido. Um tecido de design com uma apar\u00eancia laminada brilhante, tem um aspeto de estampado em relevo dando a ilus\u00e3o de finas riscas verticais tridimensionais. V\u00e9u em poli\u00e9ster FR Trevira CS \u00e9 lav\u00e1vel e resistente aos raios UV, adequado para utiliza\u00e7\u00e3o em interiores e exteriores. Certificado Oeko-Tex\u00ae, a produ\u00e7\u00e3o deste v\u00e9u respeita o meio ambiente.  Largura: 150 cm Peso: 90 g\/m\u00b2  Classifica\u00e7\u00e3o de rea\u00e7\u00e3o ao fogo: M1 Classe 1\u00a0 B1 Tipo C Classe 1 Conforme Composi\u00e7\u00e3o: 100% Poli\u00e9ster FR Trevira CS\" \/>\n<meta property=\"og:url\" content=\"https:\/\/www.azur-scenic.com\/pt-pt\/produto\/acousticvoile-line\/\" \/>\n<meta property=\"og:site_name\" content=\"Azur Scenic\" \/>\n<meta property=\"article:modified_time\" content=\"2023-08-02T13:23:08+00:00\" \/>\n<meta property=\"og:image\" content=\"https:\/\/www.azur-scenic.com\/wp-content\/uploads\/ACOUSTIC-VOILE-LINE-NOIR-1024x1024.jpg\" \/>\n\t<meta property=\"og:image:width\" content=\"1024\" \/>\n\t<meta property=\"og:image:height\" content=\"1024\" \/>\n\t<meta property=\"og:image:type\" content=\"image\/jpeg\" \/>\n<meta name=\"twitter:card\" content=\"summary_large_image\" \/>\n<meta name=\"twitter:label1\" content=\"Tempo estimado de leitura\" \/>\n\t<meta name=\"twitter:data1\" content=\"1 minuto\" \/>\n<script type=\"application\/ld+json\" class=\"yoast-schema-graph\">{\"@context\":\"https:\\\/\\\/schema.org\",\"@graph\":[{\"@type\":\"WebPage\",\"@id\":\"https:\\\/\\\/www.azur-scenic.com\\\/pt-pt\\\/produto\\\/acousticvoile-line\\\/\",\"url\":\"https:\\\/\\\/www.azur-scenic.com\\\/pt-pt\\\/produto\\\/acousticvoile-line\\\/\",\"name\":\"AcousticVoile Line - Azur Scenic\",\"isPartOf\":{\"@id\":\"https:\\\/\\\/www.azur-scenic.com\\\/pt-pt\\\/#website\"},\"primaryImageOfPage\":{\"@id\":\"https:\\\/\\\/www.azur-scenic.com\\\/pt-pt\\\/produto\\\/acousticvoile-line\\\/#primaryimage\"},\"image\":{\"@id\":\"https:\\\/\\\/www.azur-scenic.com\\\/pt-pt\\\/produto\\\/acousticvoile-line\\\/#primaryimage\"},\"thumbnailUrl\":\"https:\\\/\\\/www.azur-scenic.com\\\/wp-content\\\/uploads\\\/ACOUSTIC-VOILE-LINE-NOIR.jpg\",\"datePublished\":\"2022-10-04T07:25:54+00:00\",\"dateModified\":\"2023-08-02T13:23:08+00:00\",\"breadcrumb\":{\"@id\":\"https:\\\/\\\/www.azur-scenic.com\\\/pt-pt\\\/produto\\\/acousticvoile-line\\\/#breadcrumb\"},\"inLanguage\":\"pt-PT\",\"potentialAction\":[{\"@type\":\"ReadAction\",\"target\":[\"https:\\\/\\\/www.azur-scenic.com\\\/pt-pt\\\/produto\\\/acousticvoile-line\\\/\"]}]},{\"@type\":\"ImageObject\",\"inLanguage\":\"pt-PT\",\"@id\":\"https:\\\/\\\/www.azur-scenic.com\\\/pt-pt\\\/produto\\\/acousticvoile-line\\\/#primaryimage\",\"url\":\"https:\\\/\\\/www.azur-scenic.com\\\/wp-content\\\/uploads\\\/ACOUSTIC-VOILE-LINE-NOIR.jpg\",\"contentUrl\":\"https:\\\/\\\/www.azur-scenic.com\\\/wp-content\\\/uploads\\\/ACOUSTIC-VOILE-LINE-NOIR.jpg\",\"width\":1954,\"height\":1954,\"caption\":\"ACOUSTIC VOILE LINE NOIR\"},{\"@type\":\"BreadcrumbList\",\"@id\":\"https:\\\/\\\/www.azur-scenic.com\\\/pt-pt\\\/produto\\\/acousticvoile-line\\\/#breadcrumb\",\"itemListElement\":[{\"@type\":\"ListItem\",\"position\":1,\"name\":\"Accueil\",\"item\":\"https:\\\/\\\/www.azur-scenic.com\\\/pt-pt\\\/\"},{\"@type\":\"ListItem\",\"position\":2,\"name\":\"Produits\",\"item\":\"https:\\\/\\\/www.azur-scenic.com\\\/pt-pt\\\/?page_id=21439\"},{\"@type\":\"ListItem\",\"position\":3,\"name\":\"AcousticVoile Line\"}]},{\"@type\":\"WebSite\",\"@id\":\"https:\\\/\\\/www.azur-scenic.com\\\/pt-pt\\\/#website\",\"url\":\"https:\\\/\\\/www.azur-scenic.com\\\/pt-pt\\\/\",\"name\":\"Azur Scenic\",\"description\":\"Sp\u00e9cialiste de l\u2019\u00e9quipement sc\u00e9nique et de la d\u00e9coration int\u00e9rieure et \u00e9v\u00e9nementielle !\",\"publisher\":{\"@id\":\"https:\\\/\\\/www.azur-scenic.com\\\/pt-pt\\\/#organization\"},\"potentialAction\":[{\"@type\":\"SearchAction\",\"target\":{\"@type\":\"EntryPoint\",\"urlTemplate\":\"https:\\\/\\\/www.azur-scenic.com\\\/pt-pt\\\/?s={search_term_string}\"},\"query-input\":{\"@type\":\"PropertyValueSpecification\",\"valueRequired\":true,\"valueName\":\"search_term_string\"}}],\"inLanguage\":\"pt-PT\"},{\"@type\":\"Organization\",\"@id\":\"https:\\\/\\\/www.azur-scenic.com\\\/pt-pt\\\/#organization\",\"name\":\"AZUR SCENIC\",\"url\":\"https:\\\/\\\/www.azur-scenic.com\\\/pt-pt\\\/\",\"logo\":{\"@type\":\"ImageObject\",\"inLanguage\":\"pt-PT\",\"@id\":\"https:\\\/\\\/www.azur-scenic.com\\\/pt-pt\\\/#\\\/schema\\\/logo\\\/image\\\/\",\"url\":\"https:\\\/\\\/www.azur-scenic.com\\\/wp-content\\\/uploads\\\/2022\\\/09\\\/LOGO-AZUR-SCENIC-Fusion-web-236x64-1.jpg\",\"contentUrl\":\"https:\\\/\\\/www.azur-scenic.com\\\/wp-content\\\/uploads\\\/2022\\\/09\\\/LOGO-AZUR-SCENIC-Fusion-web-236x64-1.jpg\",\"width\":236,\"height\":64,\"caption\":\"AZUR SCENIC\"},\"image\":{\"@id\":\"https:\\\/\\\/www.azur-scenic.com\\\/pt-pt\\\/#\\\/schema\\\/logo\\\/image\\\/\"},\"sameAs\":[\"https:\\\/\\\/www.youtube.com\\\/channel\\\/UCPWM2mGPVUt4nYhNlm71WOA\",\"https:\\\/\\\/www.linkedin.com\\\/company\\\/33237605\\\/admin\\\/feed\\\/posts\\\/\"]}]}<\/script>\n<!-- \/ Yoast SEO plugin. -->","yoast_head_json":{"title":"AcousticVoile Line - Azur Scenic","robots":{"index":"index","follow":"follow","max-snippet":"max-snippet:-1","max-image-preview":"max-image-preview:large","max-video-preview":"max-video-preview:-1"},"canonical":"https:\/\/www.azur-scenic.com\/pt-pt\/produto\/acousticvoile-line\/","og_locale":"pt_PT","og_type":"article","og_title":"AcousticVoile Line - Azur Scenic","og_description":"Um v\u00e9u leve com fortes propriedades ac\u00fasticas, classifica\u00e7\u00e3o M1 ign\u00edfugo e dispon\u00edvel numa vasta gama de cores decorativas. A estrutura \u00fanica deste v\u00e9u permite absorver fonicamente as fontes sonoras num espa\u00e7o, mantendo simultaneamente a sua luminosidade gra\u00e7as \u00e0 transpar\u00eancia do tecido. Um tecido de design com uma apar\u00eancia laminada brilhante, tem um aspeto de estampado em relevo dando a ilus\u00e3o de finas riscas verticais tridimensionais. V\u00e9u em poli\u00e9ster FR Trevira CS \u00e9 lav\u00e1vel e resistente aos raios UV, adequado para utiliza\u00e7\u00e3o em interiores e exteriores. Certificado Oeko-Tex\u00ae, a produ\u00e7\u00e3o deste v\u00e9u respeita o meio ambiente.  Largura: 150 cm Peso: 90 g\/m\u00b2  Classifica\u00e7\u00e3o de rea\u00e7\u00e3o ao fogo: M1 Classe 1\u00a0 B1 Tipo C Classe 1 Conforme Composi\u00e7\u00e3o: 100% Poli\u00e9ster FR Trevira CS","og_url":"https:\/\/www.azur-scenic.com\/pt-pt\/produto\/acousticvoile-line\/","og_site_name":"Azur Scenic","article_modified_time":"2023-08-02T13:23:08+00:00","og_image":[{"width":1024,"height":1024,"url":"https:\/\/www.azur-scenic.com\/wp-content\/uploads\/ACOUSTIC-VOILE-LINE-NOIR-1024x1024.jpg","type":"image\/jpeg"}],"twitter_card":"summary_large_image","twitter_misc":{"Tempo estimado de leitura":"1 minuto"},"schema":{"@context":"https:\/\/schema.org","@graph":[{"@type":"WebPage","@id":"https:\/\/www.azur-scenic.com\/pt-pt\/produto\/acousticvoile-line\/","url":"https:\/\/www.azur-scenic.com\/pt-pt\/produto\/acousticvoile-line\/","name":"AcousticVoile Line - Azur Scenic","isPartOf":{"@id":"https:\/\/www.azur-scenic.com\/pt-pt\/#website"},"primaryImageOfPage":{"@id":"https:\/\/www.azur-scenic.com\/pt-pt\/produto\/acousticvoile-line\/#primaryimage"},"image":{"@id":"https:\/\/www.azur-scenic.com\/pt-pt\/produto\/acousticvoile-line\/#primaryimage"},"thumbnailUrl":"https:\/\/www.azur-scenic.com\/wp-content\/uploads\/ACOUSTIC-VOILE-LINE-NOIR.jpg","datePublished":"2022-10-04T07:25:54+00:00","dateModified":"2023-08-02T13:23:08+00:00","breadcrumb":{"@id":"https:\/\/www.azur-scenic.com\/pt-pt\/produto\/acousticvoile-line\/#breadcrumb"},"inLanguage":"pt-PT","potentialAction":[{"@type":"ReadAction","target":["https:\/\/www.azur-scenic.com\/pt-pt\/produto\/acousticvoile-line\/"]}]},{"@type":"ImageObject","inLanguage":"pt-PT","@id":"https:\/\/www.azur-scenic.com\/pt-pt\/produto\/acousticvoile-line\/#primaryimage","url":"https:\/\/www.azur-scenic.com\/wp-content\/uploads\/ACOUSTIC-VOILE-LINE-NOIR.jpg","contentUrl":"https:\/\/www.azur-scenic.com\/wp-content\/uploads\/ACOUSTIC-VOILE-LINE-NOIR.jpg","width":1954,"height":1954,"caption":"ACOUSTIC VOILE LINE NOIR"},{"@type":"BreadcrumbList","@id":"https:\/\/www.azur-scenic.com\/pt-pt\/produto\/acousticvoile-line\/#breadcrumb","itemListElement":[{"@type":"ListItem","position":1,"name":"Accueil","item":"https:\/\/www.azur-scenic.com\/pt-pt\/"},{"@type":"ListItem","position":2,"name":"Produits","item":"https:\/\/www.azur-scenic.com\/pt-pt\/?page_id=21439"},{"@type":"ListItem","position":3,"name":"AcousticVoile Line"}]},{"@type":"WebSite","@id":"https:\/\/www.azur-scenic.com\/pt-pt\/#website","url":"https:\/\/www.azur-scenic.com\/pt-pt\/","name":"Azur Scenic","description":"Sp\u00e9cialiste de l\u2019\u00e9quipement sc\u00e9nique et de la d\u00e9coration int\u00e9rieure et \u00e9v\u00e9nementielle !","publisher":{"@id":"https:\/\/www.azur-scenic.com\/pt-pt\/#organization"},"potentialAction":[{"@type":"SearchAction","target":{"@type":"EntryPoint","urlTemplate":"https:\/\/www.azur-scenic.com\/pt-pt\/?s={search_term_string}"},"query-input":{"@type":"PropertyValueSpecification","valueRequired":true,"valueName":"search_term_string"}}],"inLanguage":"pt-PT"},{"@type":"Organization","@id":"https:\/\/www.azur-scenic.com\/pt-pt\/#organization","name":"AZUR SCENIC","url":"https:\/\/www.azur-scenic.com\/pt-pt\/","logo":{"@type":"ImageObject","inLanguage":"pt-PT","@id":"https:\/\/www.azur-scenic.com\/pt-pt\/#\/schema\/logo\/image\/","url":"https:\/\/www.azur-scenic.com\/wp-content\/uploads\/2022\/09\/LOGO-AZUR-SCENIC-Fusion-web-236x64-1.jpg","contentUrl":"https:\/\/www.azur-scenic.com\/wp-content\/uploads\/2022\/09\/LOGO-AZUR-SCENIC-Fusion-web-236x64-1.jpg","width":236,"height":64,"caption":"AZUR SCENIC"},"image":{"@id":"https:\/\/www.azur-scenic.com\/pt-pt\/#\/schema\/logo\/image\/"},"sameAs":["https:\/\/www.youtube.com\/channel\/UCPWM2mGPVUt4nYhNlm71WOA","https:\/\/www.linkedin.com\/company\/33237605\/admin\/feed\/posts\/"]}]}},"_links":{"self":[{"href":"https:\/\/www.azur-scenic.com\/pt-pt\/wp-json\/wp\/v2\/product\/18670","targetHints":{"allow":["GET"]}}],"collection":[{"href":"https:\/\/www.azur-scenic.com\/pt-pt\/wp-json\/wp\/v2\/product"}],"about":[{"href":"https:\/\/www.azur-scenic.com\/pt-pt\/wp-json\/wp\/v2\/types\/product"}],"wp:featuredmedia":[{"embeddable":true,"href":"https:\/\/www.azur-scenic.com\/pt-pt\/wp-json\/wp\/v2\/media\/15174"}],"wp:attachment":[{"href":"https:\/\/www.azur-scenic.com\/pt-pt\/wp-json\/wp\/v2\/media?parent=18670"}],"wp:term":[{"taxonomy":"product_brand","embeddable":true,"href":"https:\/\/www.azur-scenic.com\/pt-pt\/wp-json\/wp\/v2\/product_brand?post=18670"},{"taxonomy":"product_cat","embeddable":true,"href":"https:\/\/www.azur-scenic.com\/pt-pt\/wp-json\/wp\/v2\/product_cat?post=18670"},{"taxonomy":"product_tag","embeddable":true,"href":"https:\/\/www.azur-scenic.com\/pt-pt\/wp-json\/wp\/v2\/product_tag?post=18670"}],"curies":[{"name":"wp","href":"https:\/\/api.w.org\/{rel}","templated":true}]}}