{"id":18719,"date":"2022-10-04T07:25:54","date_gmt":"2022-10-04T07:25:54","guid":{"rendered":"https:\/\/www.azur-scenic.com\/produit\/ponge-de-soie\/"},"modified":"2023-08-02T13:25:13","modified_gmt":"2023-08-02T13:25:13","slug":"ponge-seda-japonesa-seda-japonesa-de-seda","status":"publish","type":"product","link":"https:\/\/www.azur-scenic.com\/pt-pt\/produto\/ponge-seda-japonesa-seda-japonesa-de-seda\/","title":{"rendered":"Pong\u00e9 (seda japonesa) (seda japonesa) de seda"},"content":{"rendered":"<table>\n<thead>\n<tr>\n<th style=\"width: 170px;\">Dados t\u00e9cnicos<\/th>\n<th style=\"width: 76px;\">Valor<\/th>\n<th style=\"width: 283px;\">Coment\u00e1rio<\/th>\n<\/tr>\n<\/thead>\n<tbody>\n<tr>\n<td style=\"vertical-align: top;\">Largura<\/td>\n<td style=\"vertical-align: top; width: 76px;\">140 cm<\/td>\n<td style=\"vertical-align: top; width: 283px;\">\u00a0<\/td>\n<\/tr>\n<tr>\n<td style=\"vertical-align: top;\">Peso<\/td>\n<td style=\"vertical-align: top; width: 76px;\">22 g\/m\u00b2<br \/>\n35 g\/m\u00b2<\/td>\n<td style=\"vertical-align: top; width: 283px;\">Pong\u00e9 (seda japonesa) leve (ref. 4801)<br \/>\nPong\u00e9 (seda japonesa) grosso (ref. 4802)<\/td>\n<\/tr>\n<tr>\n<td style=\"vertical-align: top;\">Espessura<\/td>\n<td style=\"vertical-align: top; width: 76px;\">\u00b1 0.1 mm<\/td>\n<td style=\"vertical-align: top; width: 283px;\">\u00a0<\/td>\n<\/tr>\n<tr>\n<td style=\"vertical-align: top;\">Classifica\u00e7\u00e3o de rea\u00e7\u00e3o ao fogo<\/td>\n<td style=\"vertical-align: top; width: 76px;\"><img decoding=\"async\" style=\"height: 20px; width: 20px;\" src=\"https:\/\/www.azur-scenic.com\/wp-content\/uploads\/csm_icon-flag-france_3304e5e3f9.png\" \/> M1<\/td>\n<td style=\"vertical-align: top; width: 283px;\">\u00a0<\/td>\n<\/tr>\n<tr>\n<td style=\"vertical-align: top;\">Composi\u00e7\u00e3o<\/td>\n<td style=\"vertical-align: top; width: 76px;\">100% Seda<\/td>\n<td style=\"vertical-align: top; width: 283px;\">Fibra natural, ecol\u00f3gica e biodegrad\u00e1vel<\/td>\n<\/tr>\n<tr>\n<td style=\"vertical-align: top;\">Comprimento do rolo<\/td>\n<td style=\"vertical-align: top; width: 76px;\">\u00b1 70 m<\/td>\n<td style=\"vertical-align: top; width: 283px;\">Rolo de largura completa<br \/>\nPe\u00e7as n\u00e3o calibradas<br \/>\nPossibilidade de venda a retalho nas cores standard (002 &#8211; 003 &#8211; 030)<\/td>\n<\/tr>\n<tr>\n<td style=\"vertical-align: top;\"><em>Informa\u00e7\u00f5es importantes relativas a<\/em><br \/>\n<em>Ignifuga\u00e7\u00e3o (resist\u00eancia ao fogo)<\/em><\/td>\n<td style=\"vertical-align: top;\" colspan=\"2\"><em>Durante o processo de ignifuga\u00e7\u00e3o (resist\u00eancia ao fogo), a seda sofre uma retra\u00e7\u00e3o.<\/em><br \/>\n<em>\u00c9 poss\u00edvel que a seda que lhe for entregue seja ligeiramente mais pequena do que os <\/em><em>140 cm anunciados.<\/em><br \/>\n<em>Tamb\u00e9m \u00e9 poss\u00edvel que o comprimento dos rolos entregues seja ligeiramente inferior <\/em><em>\u00e0 quantidade encomendada (que corresponde \u00e0 quantidade real antes da ignifuga\u00e7\u00e3o).<\/em><br \/>\n<em>Aconselhamos encomendar <\/em><em>10% a mais do que realmente necessita.<\/em><\/td>\n<\/tr>\n<\/tbody>\n<\/table>\n<p>\u00a0<\/p><\/p>\n","protected":false},"excerpt":{"rendered":"<p><strong><span style=\"color: #f88523;\">100% Seda<\/span><\/strong>, estes 2 pong\u00e9s (seda japonesa) (seda japonesa) s\u00e3o t\u00eaxteis <span style=\"color: #f88523;\"><strong>naturais<\/strong><\/span> e <span style=\"color: #f88523;\"><strong>ecol\u00f3gicos<\/strong><\/span>.<br \/>\n<strong><span style=\"color: #f88523;\">Classe M1<\/span><\/strong> de rea\u00e7\u00e3o ao fogo, estes tecidos cumprem as normas de seguran\u00e7a em vigor para locais abertos ao p\u00fablico.<br \/>\nTecido com um comportamento a\u00e9reo, esta <span style=\"color: #f88523;\"><strong>seda extraleve<\/strong><\/span> est\u00e1 dispon\u00edvel em <span style=\"color: #f88523;\"><strong>2 gramagens<\/strong><\/span> (22 g e 35 g\/m\u00b2), cada uma com uma transpar\u00eancia mais ou menos acentuada para se adaptar a todos os seus projetos.<\/p>\n<p>Pode usar estas sedas como elementos de <span style=\"color: #f88523;\"><strong>decora\u00e7\u00e3o de cen\u00e1rios e palcos de teatro<\/strong><\/span>, em <span style=\"color: #f88523;\"><strong>cortinas<\/strong><\/span> simples, mas tamb\u00e9m as pode usar para lan\u00e7amentos de kabuki, cortinas fantasma&#8230; deixe a sua imagina\u00e7\u00e3o correr livremente e tire partido da incr\u00edvel <span style=\"color: #f88523;\"><strong>leveza<\/strong><\/span> e <span style=\"color: #f88523;\"><strong>fluidez<\/strong><\/span> destas sedas, e assim conseguir <strong><span style=\"color: #f88523;\">efeitos especiais incr\u00edveis<\/span><\/strong>!<\/p>\n<p>\u00a0<\/p>\n<p><strong>Possibilidade de tingir as sedas a pedido, na cor da sua escolha, por pe\u00e7as inteiras<\/strong><\/p>\n<p>\u00a0<\/p>\n<table class=\"table\" style=\"background: #f7f7f7;\">\n<tbody>\n<tr>\n<td><strong>Largura<\/strong>: 140 cm<\/td>\n<td><strong>Peso<\/strong>: 22 g\/m\u00b2, 35 g\/m\u00b2<\/td>\n<\/tr>\n<tr>\n<td><strong>Classifica\u00e7\u00e3o de rea\u00e7\u00e3o ao fogo<\/strong>: <img decoding=\"async\" style=\"height: 20px; width: 20px;\" src=\"https:\/\/www.azur-scenic.com\/wp-content\/uploads\/csm_icon-flag-france_3304e5e3f9.png\" \/> M1<\/td>\n<td style=\"vertical-align: top;\"><strong>Composi\u00e7\u00e3o<\/strong>: 100% Seda<\/td>\n<\/tr>\n<\/tbody>\n<\/table>\n","protected":false},"featured_media":7159,"template":"","meta":{"_acf_changed":false},"product_brand":[],"product_cat":[921,916,1343,1619,986,1620,920],"product_tag":[],"class_list":{"0":"post-18719","1":"product","2":"type-product","3":"status-publish","4":"has-post-thumbnail","6":"product_cat-todos-os-produtos","7":"product_cat-texteis-cenicos-e-para-eventos","8":"product_cat-veus-e-tecidos-leves","9":"product_cat-seda-e-imitacao-de-seda","10":"product_cat-tecidos-de-decoracao","11":"product_cat-tecidos-acetinados-e-brilhantes","12":"product_cat-teatro","13":"pa_couleurs-002-es","14":"pa_couleurs-003-es","15":"pa_couleurs-030-es","16":"pa_groupes-de-couleurs-branco","17":"pa_groupes-de-couleurs-cru","18":"pa_groupes-de-couleurs-negro","19":"pa_textiles-classificacao-de-reacao-ao-fogo-ignifugo","20":"pa_textiles-efeitos-especiais","21":"pa_textiles-ecologico","23":"first","24":"instock","25":"shipping-taxable","26":"purchasable","27":"product-type-variable"},"acf":[],"yoast_head":"<!-- This site is optimized with the Yoast SEO plugin v27.3 - https:\/\/yoast.com\/product\/yoast-seo-wordpress\/ -->\n<title>Pong\u00e9 (seda japonesa) (seda japonesa) de seda - Azur Scenic<\/title>\n<meta name=\"robots\" content=\"index, follow, max-snippet:-1, max-image-preview:large, max-video-preview:-1\" \/>\n<link rel=\"canonical\" href=\"https:\/\/www.azur-scenic.com\/pt-pt\/produto\/ponge-seda-japonesa-seda-japonesa-de-seda\/\" \/>\n<meta property=\"og:locale\" content=\"pt_PT\" \/>\n<meta property=\"og:type\" content=\"article\" \/>\n<meta property=\"og:title\" content=\"Pong\u00e9 (seda japonesa) (seda japonesa) de seda - Azur Scenic\" \/>\n<meta property=\"og:description\" content=\"100% Seda, estes 2 pong\u00e9s (seda japonesa) (seda japonesa) s\u00e3o t\u00eaxteis naturais e ecol\u00f3gicos. Classe M1 de rea\u00e7\u00e3o ao fogo, estes tecidos cumprem as normas de seguran\u00e7a em vigor para locais abertos ao p\u00fablico. Tecido com um comportamento a\u00e9reo, esta seda extraleve est\u00e1 dispon\u00edvel em 2 gramagens (22 g e 35 g\/m\u00b2), cada uma com uma transpar\u00eancia mais ou menos acentuada para se adaptar a todos os seus projetos. Pode usar estas sedas como elementos de decora\u00e7\u00e3o de cen\u00e1rios e palcos de teatro, em cortinas simples, mas tamb\u00e9m as pode usar para lan\u00e7amentos de kabuki, cortinas fantasma... deixe a sua imagina\u00e7\u00e3o correr livremente e tire partido da incr\u00edvel leveza e fluidez destas sedas, e assim conseguir efeitos especiais incr\u00edveis! \u00a0 Possibilidade de tingir as sedas a pedido, na cor da sua escolha, por pe\u00e7as inteiras \u00a0  Largura: 140 cm Peso: 22 g\/m\u00b2, 35 g\/m\u00b2  Classifica\u00e7\u00e3o de rea\u00e7\u00e3o ao fogo: M1 Composi\u00e7\u00e3o: 100% Seda\" \/>\n<meta property=\"og:url\" content=\"https:\/\/www.azur-scenic.com\/pt-pt\/produto\/ponge-seda-japonesa-seda-japonesa-de-seda\/\" \/>\n<meta property=\"og:site_name\" content=\"Azur Scenic\" \/>\n<meta property=\"article:modified_time\" content=\"2023-08-02T13:25:13+00:00\" \/>\n<meta property=\"og:image\" content=\"https:\/\/www.azur-scenic.com\/wp-content\/uploads\/b91820d012f61c7d0ed3bd380ead5f1b.png\" \/>\n\t<meta property=\"og:image:width\" content=\"430\" \/>\n\t<meta property=\"og:image:height\" content=\"430\" \/>\n\t<meta property=\"og:image:type\" content=\"image\/png\" \/>\n<meta name=\"twitter:card\" content=\"summary_large_image\" \/>\n<meta name=\"twitter:label1\" content=\"Tempo estimado de leitura\" \/>\n\t<meta name=\"twitter:data1\" content=\"1 minuto\" \/>\n<script type=\"application\/ld+json\" class=\"yoast-schema-graph\">{\"@context\":\"https:\\\/\\\/schema.org\",\"@graph\":[{\"@type\":\"WebPage\",\"@id\":\"https:\\\/\\\/www.azur-scenic.com\\\/pt-pt\\\/produto\\\/ponge-seda-japonesa-seda-japonesa-de-seda\\\/\",\"url\":\"https:\\\/\\\/www.azur-scenic.com\\\/pt-pt\\\/produto\\\/ponge-seda-japonesa-seda-japonesa-de-seda\\\/\",\"name\":\"Pong\u00e9 (seda japonesa) (seda japonesa) de seda - Azur Scenic\",\"isPartOf\":{\"@id\":\"https:\\\/\\\/www.azur-scenic.com\\\/pt-pt\\\/#website\"},\"primaryImageOfPage\":{\"@id\":\"https:\\\/\\\/www.azur-scenic.com\\\/pt-pt\\\/produto\\\/ponge-seda-japonesa-seda-japonesa-de-seda\\\/#primaryimage\"},\"image\":{\"@id\":\"https:\\\/\\\/www.azur-scenic.com\\\/pt-pt\\\/produto\\\/ponge-seda-japonesa-seda-japonesa-de-seda\\\/#primaryimage\"},\"thumbnailUrl\":\"https:\\\/\\\/www.azur-scenic.com\\\/wp-content\\\/uploads\\\/b91820d012f61c7d0ed3bd380ead5f1b.png\",\"datePublished\":\"2022-10-04T07:25:54+00:00\",\"dateModified\":\"2023-08-02T13:25:13+00:00\",\"breadcrumb\":{\"@id\":\"https:\\\/\\\/www.azur-scenic.com\\\/pt-pt\\\/produto\\\/ponge-seda-japonesa-seda-japonesa-de-seda\\\/#breadcrumb\"},\"inLanguage\":\"pt-PT\",\"potentialAction\":[{\"@type\":\"ReadAction\",\"target\":[\"https:\\\/\\\/www.azur-scenic.com\\\/pt-pt\\\/produto\\\/ponge-seda-japonesa-seda-japonesa-de-seda\\\/\"]}]},{\"@type\":\"ImageObject\",\"inLanguage\":\"pt-PT\",\"@id\":\"https:\\\/\\\/www.azur-scenic.com\\\/pt-pt\\\/produto\\\/ponge-seda-japonesa-seda-japonesa-de-seda\\\/#primaryimage\",\"url\":\"https:\\\/\\\/www.azur-scenic.com\\\/wp-content\\\/uploads\\\/b91820d012f61c7d0ed3bd380ead5f1b.png\",\"contentUrl\":\"https:\\\/\\\/www.azur-scenic.com\\\/wp-content\\\/uploads\\\/b91820d012f61c7d0ed3bd380ead5f1b.png\",\"width\":430,\"height\":430},{\"@type\":\"BreadcrumbList\",\"@id\":\"https:\\\/\\\/www.azur-scenic.com\\\/pt-pt\\\/produto\\\/ponge-seda-japonesa-seda-japonesa-de-seda\\\/#breadcrumb\",\"itemListElement\":[{\"@type\":\"ListItem\",\"position\":1,\"name\":\"Accueil\",\"item\":\"https:\\\/\\\/www.azur-scenic.com\\\/pt-pt\\\/\"},{\"@type\":\"ListItem\",\"position\":2,\"name\":\"Produits\",\"item\":\"https:\\\/\\\/www.azur-scenic.com\\\/pt-pt\\\/?page_id=21439\"},{\"@type\":\"ListItem\",\"position\":3,\"name\":\"Pong\u00e9 (seda japonesa) (seda japonesa) de seda\"}]},{\"@type\":\"WebSite\",\"@id\":\"https:\\\/\\\/www.azur-scenic.com\\\/pt-pt\\\/#website\",\"url\":\"https:\\\/\\\/www.azur-scenic.com\\\/pt-pt\\\/\",\"name\":\"Azur Scenic\",\"description\":\"Sp\u00e9cialiste de l\u2019\u00e9quipement sc\u00e9nique et de la d\u00e9coration int\u00e9rieure et \u00e9v\u00e9nementielle !\",\"publisher\":{\"@id\":\"https:\\\/\\\/www.azur-scenic.com\\\/pt-pt\\\/#organization\"},\"potentialAction\":[{\"@type\":\"SearchAction\",\"target\":{\"@type\":\"EntryPoint\",\"urlTemplate\":\"https:\\\/\\\/www.azur-scenic.com\\\/pt-pt\\\/?s={search_term_string}\"},\"query-input\":{\"@type\":\"PropertyValueSpecification\",\"valueRequired\":true,\"valueName\":\"search_term_string\"}}],\"inLanguage\":\"pt-PT\"},{\"@type\":\"Organization\",\"@id\":\"https:\\\/\\\/www.azur-scenic.com\\\/pt-pt\\\/#organization\",\"name\":\"AZUR SCENIC\",\"url\":\"https:\\\/\\\/www.azur-scenic.com\\\/pt-pt\\\/\",\"logo\":{\"@type\":\"ImageObject\",\"inLanguage\":\"pt-PT\",\"@id\":\"https:\\\/\\\/www.azur-scenic.com\\\/pt-pt\\\/#\\\/schema\\\/logo\\\/image\\\/\",\"url\":\"https:\\\/\\\/www.azur-scenic.com\\\/wp-content\\\/uploads\\\/2022\\\/09\\\/LOGO-AZUR-SCENIC-Fusion-web-236x64-1.jpg\",\"contentUrl\":\"https:\\\/\\\/www.azur-scenic.com\\\/wp-content\\\/uploads\\\/2022\\\/09\\\/LOGO-AZUR-SCENIC-Fusion-web-236x64-1.jpg\",\"width\":236,\"height\":64,\"caption\":\"AZUR SCENIC\"},\"image\":{\"@id\":\"https:\\\/\\\/www.azur-scenic.com\\\/pt-pt\\\/#\\\/schema\\\/logo\\\/image\\\/\"},\"sameAs\":[\"https:\\\/\\\/www.youtube.com\\\/channel\\\/UCPWM2mGPVUt4nYhNlm71WOA\",\"https:\\\/\\\/www.linkedin.com\\\/company\\\/33237605\\\/admin\\\/feed\\\/posts\\\/\"]}]}<\/script>\n<!-- \/ Yoast SEO plugin. -->","yoast_head_json":{"title":"Pong\u00e9 (seda japonesa) (seda japonesa) de seda - Azur Scenic","robots":{"index":"index","follow":"follow","max-snippet":"max-snippet:-1","max-image-preview":"max-image-preview:large","max-video-preview":"max-video-preview:-1"},"canonical":"https:\/\/www.azur-scenic.com\/pt-pt\/produto\/ponge-seda-japonesa-seda-japonesa-de-seda\/","og_locale":"pt_PT","og_type":"article","og_title":"Pong\u00e9 (seda japonesa) (seda japonesa) de seda - Azur Scenic","og_description":"100% Seda, estes 2 pong\u00e9s (seda japonesa) (seda japonesa) s\u00e3o t\u00eaxteis naturais e ecol\u00f3gicos. Classe M1 de rea\u00e7\u00e3o ao fogo, estes tecidos cumprem as normas de seguran\u00e7a em vigor para locais abertos ao p\u00fablico. Tecido com um comportamento a\u00e9reo, esta seda extraleve est\u00e1 dispon\u00edvel em 2 gramagens (22 g e 35 g\/m\u00b2), cada uma com uma transpar\u00eancia mais ou menos acentuada para se adaptar a todos os seus projetos. Pode usar estas sedas como elementos de decora\u00e7\u00e3o de cen\u00e1rios e palcos de teatro, em cortinas simples, mas tamb\u00e9m as pode usar para lan\u00e7amentos de kabuki, cortinas fantasma... deixe a sua imagina\u00e7\u00e3o correr livremente e tire partido da incr\u00edvel leveza e fluidez destas sedas, e assim conseguir efeitos especiais incr\u00edveis! \u00a0 Possibilidade de tingir as sedas a pedido, na cor da sua escolha, por pe\u00e7as inteiras \u00a0  Largura: 140 cm Peso: 22 g\/m\u00b2, 35 g\/m\u00b2  Classifica\u00e7\u00e3o de rea\u00e7\u00e3o ao fogo: M1 Composi\u00e7\u00e3o: 100% Seda","og_url":"https:\/\/www.azur-scenic.com\/pt-pt\/produto\/ponge-seda-japonesa-seda-japonesa-de-seda\/","og_site_name":"Azur Scenic","article_modified_time":"2023-08-02T13:25:13+00:00","og_image":[{"width":430,"height":430,"url":"https:\/\/www.azur-scenic.com\/wp-content\/uploads\/b91820d012f61c7d0ed3bd380ead5f1b.png","type":"image\/png"}],"twitter_card":"summary_large_image","twitter_misc":{"Tempo estimado de leitura":"1 minuto"},"schema":{"@context":"https:\/\/schema.org","@graph":[{"@type":"WebPage","@id":"https:\/\/www.azur-scenic.com\/pt-pt\/produto\/ponge-seda-japonesa-seda-japonesa-de-seda\/","url":"https:\/\/www.azur-scenic.com\/pt-pt\/produto\/ponge-seda-japonesa-seda-japonesa-de-seda\/","name":"Pong\u00e9 (seda japonesa) (seda japonesa) de seda - Azur Scenic","isPartOf":{"@id":"https:\/\/www.azur-scenic.com\/pt-pt\/#website"},"primaryImageOfPage":{"@id":"https:\/\/www.azur-scenic.com\/pt-pt\/produto\/ponge-seda-japonesa-seda-japonesa-de-seda\/#primaryimage"},"image":{"@id":"https:\/\/www.azur-scenic.com\/pt-pt\/produto\/ponge-seda-japonesa-seda-japonesa-de-seda\/#primaryimage"},"thumbnailUrl":"https:\/\/www.azur-scenic.com\/wp-content\/uploads\/b91820d012f61c7d0ed3bd380ead5f1b.png","datePublished":"2022-10-04T07:25:54+00:00","dateModified":"2023-08-02T13:25:13+00:00","breadcrumb":{"@id":"https:\/\/www.azur-scenic.com\/pt-pt\/produto\/ponge-seda-japonesa-seda-japonesa-de-seda\/#breadcrumb"},"inLanguage":"pt-PT","potentialAction":[{"@type":"ReadAction","target":["https:\/\/www.azur-scenic.com\/pt-pt\/produto\/ponge-seda-japonesa-seda-japonesa-de-seda\/"]}]},{"@type":"ImageObject","inLanguage":"pt-PT","@id":"https:\/\/www.azur-scenic.com\/pt-pt\/produto\/ponge-seda-japonesa-seda-japonesa-de-seda\/#primaryimage","url":"https:\/\/www.azur-scenic.com\/wp-content\/uploads\/b91820d012f61c7d0ed3bd380ead5f1b.png","contentUrl":"https:\/\/www.azur-scenic.com\/wp-content\/uploads\/b91820d012f61c7d0ed3bd380ead5f1b.png","width":430,"height":430},{"@type":"BreadcrumbList","@id":"https:\/\/www.azur-scenic.com\/pt-pt\/produto\/ponge-seda-japonesa-seda-japonesa-de-seda\/#breadcrumb","itemListElement":[{"@type":"ListItem","position":1,"name":"Accueil","item":"https:\/\/www.azur-scenic.com\/pt-pt\/"},{"@type":"ListItem","position":2,"name":"Produits","item":"https:\/\/www.azur-scenic.com\/pt-pt\/?page_id=21439"},{"@type":"ListItem","position":3,"name":"Pong\u00e9 (seda japonesa) (seda japonesa) de seda"}]},{"@type":"WebSite","@id":"https:\/\/www.azur-scenic.com\/pt-pt\/#website","url":"https:\/\/www.azur-scenic.com\/pt-pt\/","name":"Azur Scenic","description":"Sp\u00e9cialiste de l\u2019\u00e9quipement sc\u00e9nique et de la d\u00e9coration int\u00e9rieure et \u00e9v\u00e9nementielle !","publisher":{"@id":"https:\/\/www.azur-scenic.com\/pt-pt\/#organization"},"potentialAction":[{"@type":"SearchAction","target":{"@type":"EntryPoint","urlTemplate":"https:\/\/www.azur-scenic.com\/pt-pt\/?s={search_term_string}"},"query-input":{"@type":"PropertyValueSpecification","valueRequired":true,"valueName":"search_term_string"}}],"inLanguage":"pt-PT"},{"@type":"Organization","@id":"https:\/\/www.azur-scenic.com\/pt-pt\/#organization","name":"AZUR SCENIC","url":"https:\/\/www.azur-scenic.com\/pt-pt\/","logo":{"@type":"ImageObject","inLanguage":"pt-PT","@id":"https:\/\/www.azur-scenic.com\/pt-pt\/#\/schema\/logo\/image\/","url":"https:\/\/www.azur-scenic.com\/wp-content\/uploads\/2022\/09\/LOGO-AZUR-SCENIC-Fusion-web-236x64-1.jpg","contentUrl":"https:\/\/www.azur-scenic.com\/wp-content\/uploads\/2022\/09\/LOGO-AZUR-SCENIC-Fusion-web-236x64-1.jpg","width":236,"height":64,"caption":"AZUR SCENIC"},"image":{"@id":"https:\/\/www.azur-scenic.com\/pt-pt\/#\/schema\/logo\/image\/"},"sameAs":["https:\/\/www.youtube.com\/channel\/UCPWM2mGPVUt4nYhNlm71WOA","https:\/\/www.linkedin.com\/company\/33237605\/admin\/feed\/posts\/"]}]}},"_links":{"self":[{"href":"https:\/\/www.azur-scenic.com\/pt-pt\/wp-json\/wp\/v2\/product\/18719","targetHints":{"allow":["GET"]}}],"collection":[{"href":"https:\/\/www.azur-scenic.com\/pt-pt\/wp-json\/wp\/v2\/product"}],"about":[{"href":"https:\/\/www.azur-scenic.com\/pt-pt\/wp-json\/wp\/v2\/types\/product"}],"wp:featuredmedia":[{"embeddable":true,"href":"https:\/\/www.azur-scenic.com\/pt-pt\/wp-json\/wp\/v2\/media\/7159"}],"wp:attachment":[{"href":"https:\/\/www.azur-scenic.com\/pt-pt\/wp-json\/wp\/v2\/media?parent=18719"}],"wp:term":[{"taxonomy":"product_brand","embeddable":true,"href":"https:\/\/www.azur-scenic.com\/pt-pt\/wp-json\/wp\/v2\/product_brand?post=18719"},{"taxonomy":"product_cat","embeddable":true,"href":"https:\/\/www.azur-scenic.com\/pt-pt\/wp-json\/wp\/v2\/product_cat?post=18719"},{"taxonomy":"product_tag","embeddable":true,"href":"https:\/\/www.azur-scenic.com\/pt-pt\/wp-json\/wp\/v2\/product_tag?post=18719"}],"curies":[{"name":"wp","href":"https:\/\/api.w.org\/{rel}","templated":true}]}}