{"id":18732,"date":"2022-10-04T07:25:49","date_gmt":"2022-10-04T07:25:49","guid":{"rendered":"https:\/\/www.azur-scenic.com\/produit\/toile-de-spi-fun-xl\/"},"modified":"2023-08-02T13:25:12","modified_gmt":"2023-08-02T13:25:12","slug":"tela-de-spi-ripstop-fun-xl","status":"publish","type":"product","link":"https:\/\/www.azur-scenic.com\/pt-pt\/produto\/tela-de-spi-ripstop-fun-xl\/","title":{"rendered":"Tela de Spi (Ripstop) Fun XL"},"content":{"rendered":"<table>\n<thead>\n<tr>\n<th style=\"width: 170px;\">Dados t\u00e9cnicos<\/th>\n<th>Valor<\/th>\n<th>Coment\u00e1rio<\/th>\n<\/tr>\n<\/thead>\n<tbody>\n<tr>\n<td style=\"vertical-align: top;\">Largura<\/td>\n<td style=\"vertical-align: top;\">310 cm<br \/>\n505 cm<\/td>\n<td style=\"vertical-align: top;\">\u00a0<\/td>\n<\/tr>\n<tr>\n<td style=\"vertical-align: top;\">Peso<\/td>\n<td style=\"vertical-align: top;\">65 g\/m\u00b2<\/td>\n<td style=\"vertical-align: top;\">\u00a0<\/td>\n<\/tr>\n<tr>\n<td style=\"vertical-align: top;\">Espessura<\/td>\n<td style=\"vertical-align: top;\">0,08 mm<\/td>\n<td style=\"vertical-align: top;\">\u00a0<\/td>\n<\/tr>\n<tr>\n<td style=\"vertical-align: top;\">Classifica\u00e7\u00e3o de rea\u00e7\u00e3o ao fogo<\/td>\n<td style=\"vertical-align: top;\">Ign\u00edfugo<\/td>\n<td style=\"vertical-align: top;\">Emiss\u00e3o de um certificado de ignifuga\u00e7\u00e3o (resist\u00eancia ao fogo).<br \/>\nN\u00e3o h\u00e1 PV M1 para este artigo.<\/td>\n<\/tr>\n<tr>\n<td style=\"vertical-align: top;\">Composi\u00e7\u00e3o<\/td>\n<td style=\"vertical-align: top;\" colspan=\"2\" rowspan=\"1\">100% Poli\u00e9ster FR<\/td>\n<\/tr>\n<tr>\n<td style=\"vertical-align: top;\">Comprimento do rolo<\/td>\n<td style=\"vertical-align: top;\">25 a 50 m<\/td>\n<td style=\"vertical-align: top;\">Rolo de largura completa<br \/>\nPe\u00e7as n\u00e3o calibradas, metragens vari\u00e1veis<br \/>\nPossibilidade de venda a retalho<\/td>\n<\/tr>\n<\/tbody>\n<\/table>\n<p>\u00a0<\/p><\/p>\n","protected":false},"excerpt":{"rendered":"<p>A refer\u00eancia em <span style=\"color: #f88523;\"><strong>tela Spi (Ripstop)<\/strong><\/span> transl\u00facida tramada est\u00e1 dispon\u00edvel em <strong><span style=\"color: #f88523;\">2 larguras grandes<\/span><\/strong>, para permitir a realiza\u00e7\u00e3o de projetos de grandes dimens\u00f5es, limitando as costuras de montagem. Este tecido com apar\u00eancia de &#8220;papel de decalque&#8221; \u00e9 embelezado com um padr\u00e3o de <span style=\"color: #f88523;\"><strong>trama axadrezada<\/strong><\/span> em branco sobre branco.<br \/>\n<span style=\"color: #f88523;\"><strong>Certifica\u00e7\u00e3o de tecido ign\u00edfugo<\/strong><\/span> (mas sem PV de classifica\u00e7\u00e3o M1), cumpre as normas de seguran\u00e7a em vigor para os locais que recebem o p\u00fablico.<br \/>\nUtilizada tradicionalmente para o fabrico de estruturas insufl\u00e1veis, esta tela polivalente \u00e9 tamb\u00e9m adequada para a cria\u00e7\u00e3o de <span style=\"color: #f88523;\"><strong>cen\u00e1rios e adere\u00e7os c\u00e9nicos<\/strong><\/span>,<span style=\"color: #f88523;\"><strong> cortinas decorativas<\/strong><\/span>, o <strong><span style=\"color: #f88523;\">revestimento de stands<\/span><\/strong> e de <span style=\"color: #f88523;\"><strong>estruturas<\/strong><\/span>&#8230;<br \/>\nA sua apar\u00eancia transl\u00facida torna-a um excelente <span style=\"color: #f88523;\"><strong>difusor<\/strong><\/span> de luz, que tamb\u00e9m pode ser usada como um <span style=\"color: #f88523;\"><strong>meio criativo de proje\u00e7\u00e3o<\/strong><\/span> e <strong><span style=\"color: #f88523;\">retroproje\u00e7\u00e3o<\/span><\/strong>.<br \/>\n100% Poli\u00e9ster FR, esta tela \u00e9 <span style=\"color: #f88523;\"><strong>lav\u00e1vel<\/strong><\/span> e por isso pode ser usada tanto em <span style=\"color: #f88523;\"><strong>interiores<\/strong><\/span> como em <span style=\"color: #f88523;\"><strong>exteriores<\/strong><\/span>.<\/p>\n<p><em>Encontrar\u00e1 tamb\u00e9m na nossa cole\u00e7\u00e3o outra refer\u00eancia de Tela de Spi (Ripstop) Fun, com 160 cm de largura, classificada M1 e dispon\u00edvel em 9 cores<\/em><\/p>\n<table class=\"table\" style=\"background: #f7f7f7;\">\n<tbody>\n<tr>\n<td><strong>Largura<\/strong>: 310 cm, 505 cm<\/td>\n<td><strong>Peso<\/strong>: 65 g\/m\u00b2<\/td>\n<\/tr>\n<tr>\n<td><strong>Classifica\u00e7\u00e3o de rea\u00e7\u00e3o ao fogo<\/strong>: Ign\u00edfugo<\/td>\n<td style=\"vertical-align: top;\"><strong>Composi\u00e7\u00e3o<\/strong>: 100% Poli\u00e9ster FR<\/td>\n<\/tr>\n<\/tbody>\n<\/table>\n","protected":false},"featured_media":7129,"template":"","meta":{"_acf_changed":false},"product_brand":[],"product_cat":[921,916,1343,1340],"product_tag":[],"class_list":{"0":"post-18732","1":"product","2":"type-product","3":"status-publish","4":"has-post-thumbnail","6":"product_cat-todos-os-produtos","7":"product_cat-texteis-cenicos-e-para-eventos","8":"product_cat-veus-e-tecidos-leves","9":"product_cat-telas-extraleves","10":"pa_couleurs-002-branco","11":"pa_groupes-de-couleurs-branco","12":"pa_textiles-adaptado-para-exterior","13":"pa_textiles-classificacao-de-reacao-ao-fogo-ignifugo","14":"pa_textiles-lavavel","15":"pa_textiles-projecao-frontal","16":"pa_textiles-retroprojecao","17":"pa_textiles-larguras-muito-grandes","19":"first","20":"instock","21":"shipping-taxable","22":"purchasable","23":"product-type-simple"},"acf":[],"yoast_head":"<!-- This site is optimized with the Yoast SEO plugin v27.3 - https:\/\/yoast.com\/product\/yoast-seo-wordpress\/ -->\n<title>Tela de Spi (Ripstop) Fun XL - Azur Scenic<\/title>\n<meta name=\"robots\" content=\"index, follow, max-snippet:-1, max-image-preview:large, max-video-preview:-1\" \/>\n<link rel=\"canonical\" href=\"https:\/\/www.azur-scenic.com\/pt-pt\/produto\/tela-de-spi-ripstop-fun-xl\/\" \/>\n<meta property=\"og:locale\" content=\"pt_PT\" \/>\n<meta property=\"og:type\" content=\"article\" \/>\n<meta property=\"og:title\" content=\"Tela de Spi (Ripstop) Fun XL - Azur Scenic\" \/>\n<meta property=\"og:description\" content=\"A refer\u00eancia em tela Spi (Ripstop) transl\u00facida tramada est\u00e1 dispon\u00edvel em 2 larguras grandes, para permitir a realiza\u00e7\u00e3o de projetos de grandes dimens\u00f5es, limitando as costuras de montagem. Este tecido com apar\u00eancia de &quot;papel de decalque&quot; \u00e9 embelezado com um padr\u00e3o de trama axadrezada em branco sobre branco. Certifica\u00e7\u00e3o de tecido ign\u00edfugo (mas sem PV de classifica\u00e7\u00e3o M1), cumpre as normas de seguran\u00e7a em vigor para os locais que recebem o p\u00fablico. Utilizada tradicionalmente para o fabrico de estruturas insufl\u00e1veis, esta tela polivalente \u00e9 tamb\u00e9m adequada para a cria\u00e7\u00e3o de cen\u00e1rios e adere\u00e7os c\u00e9nicos, cortinas decorativas, o revestimento de stands e de estruturas... A sua apar\u00eancia transl\u00facida torna-a um excelente difusor de luz, que tamb\u00e9m pode ser usada como um meio criativo de proje\u00e7\u00e3o e retroproje\u00e7\u00e3o. 100% Poli\u00e9ster FR, esta tela \u00e9 lav\u00e1vel e por isso pode ser usada tanto em interiores como em exteriores. Encontrar\u00e1 tamb\u00e9m na nossa cole\u00e7\u00e3o outra refer\u00eancia de Tela de Spi (Ripstop) Fun, com 160 cm de largura, classificada M1 e dispon\u00edvel em 9 cores  Largura: 310 cm, 505 cm Peso: 65 g\/m\u00b2  Classifica\u00e7\u00e3o de rea\u00e7\u00e3o ao fogo: Ign\u00edfugo Composi\u00e7\u00e3o: 100% Poli\u00e9ster FR\" \/>\n<meta property=\"og:url\" content=\"https:\/\/www.azur-scenic.com\/pt-pt\/produto\/tela-de-spi-ripstop-fun-xl\/\" \/>\n<meta property=\"og:site_name\" content=\"Azur Scenic\" \/>\n<meta property=\"article:modified_time\" content=\"2023-08-02T13:25:12+00:00\" \/>\n<meta property=\"og:image\" content=\"https:\/\/www.azur-scenic.com\/wp-content\/uploads\/13150debaf285b91d6d0e1d6b4866623.png\" \/>\n\t<meta property=\"og:image:width\" content=\"430\" \/>\n\t<meta property=\"og:image:height\" content=\"430\" \/>\n\t<meta property=\"og:image:type\" content=\"image\/png\" \/>\n<meta name=\"twitter:card\" content=\"summary_large_image\" \/>\n<script type=\"application\/ld+json\" class=\"yoast-schema-graph\">{\"@context\":\"https:\\\/\\\/schema.org\",\"@graph\":[{\"@type\":\"WebPage\",\"@id\":\"https:\\\/\\\/www.azur-scenic.com\\\/pt-pt\\\/produto\\\/tela-de-spi-ripstop-fun-xl\\\/\",\"url\":\"https:\\\/\\\/www.azur-scenic.com\\\/pt-pt\\\/produto\\\/tela-de-spi-ripstop-fun-xl\\\/\",\"name\":\"Tela de Spi (Ripstop) Fun XL - Azur Scenic\",\"isPartOf\":{\"@id\":\"https:\\\/\\\/www.azur-scenic.com\\\/pt-pt\\\/#website\"},\"primaryImageOfPage\":{\"@id\":\"https:\\\/\\\/www.azur-scenic.com\\\/pt-pt\\\/produto\\\/tela-de-spi-ripstop-fun-xl\\\/#primaryimage\"},\"image\":{\"@id\":\"https:\\\/\\\/www.azur-scenic.com\\\/pt-pt\\\/produto\\\/tela-de-spi-ripstop-fun-xl\\\/#primaryimage\"},\"thumbnailUrl\":\"https:\\\/\\\/www.azur-scenic.com\\\/wp-content\\\/uploads\\\/13150debaf285b91d6d0e1d6b4866623.png\",\"datePublished\":\"2022-10-04T07:25:49+00:00\",\"dateModified\":\"2023-08-02T13:25:12+00:00\",\"breadcrumb\":{\"@id\":\"https:\\\/\\\/www.azur-scenic.com\\\/pt-pt\\\/produto\\\/tela-de-spi-ripstop-fun-xl\\\/#breadcrumb\"},\"inLanguage\":\"pt-PT\",\"potentialAction\":[{\"@type\":\"ReadAction\",\"target\":[\"https:\\\/\\\/www.azur-scenic.com\\\/pt-pt\\\/produto\\\/tela-de-spi-ripstop-fun-xl\\\/\"]}]},{\"@type\":\"ImageObject\",\"inLanguage\":\"pt-PT\",\"@id\":\"https:\\\/\\\/www.azur-scenic.com\\\/pt-pt\\\/produto\\\/tela-de-spi-ripstop-fun-xl\\\/#primaryimage\",\"url\":\"https:\\\/\\\/www.azur-scenic.com\\\/wp-content\\\/uploads\\\/13150debaf285b91d6d0e1d6b4866623.png\",\"contentUrl\":\"https:\\\/\\\/www.azur-scenic.com\\\/wp-content\\\/uploads\\\/13150debaf285b91d6d0e1d6b4866623.png\",\"width\":430,\"height\":430},{\"@type\":\"BreadcrumbList\",\"@id\":\"https:\\\/\\\/www.azur-scenic.com\\\/pt-pt\\\/produto\\\/tela-de-spi-ripstop-fun-xl\\\/#breadcrumb\",\"itemListElement\":[{\"@type\":\"ListItem\",\"position\":1,\"name\":\"Accueil\",\"item\":\"https:\\\/\\\/www.azur-scenic.com\\\/pt-pt\\\/\"},{\"@type\":\"ListItem\",\"position\":2,\"name\":\"Produits\",\"item\":\"https:\\\/\\\/www.azur-scenic.com\\\/pt-pt\\\/?page_id=21439\"},{\"@type\":\"ListItem\",\"position\":3,\"name\":\"Tela de Spi (Ripstop) Fun XL\"}]},{\"@type\":\"WebSite\",\"@id\":\"https:\\\/\\\/www.azur-scenic.com\\\/pt-pt\\\/#website\",\"url\":\"https:\\\/\\\/www.azur-scenic.com\\\/pt-pt\\\/\",\"name\":\"Azur Scenic\",\"description\":\"Sp\u00e9cialiste de l\u2019\u00e9quipement sc\u00e9nique et de la d\u00e9coration int\u00e9rieure et \u00e9v\u00e9nementielle !\",\"publisher\":{\"@id\":\"https:\\\/\\\/www.azur-scenic.com\\\/pt-pt\\\/#organization\"},\"potentialAction\":[{\"@type\":\"SearchAction\",\"target\":{\"@type\":\"EntryPoint\",\"urlTemplate\":\"https:\\\/\\\/www.azur-scenic.com\\\/pt-pt\\\/?s={search_term_string}\"},\"query-input\":{\"@type\":\"PropertyValueSpecification\",\"valueRequired\":true,\"valueName\":\"search_term_string\"}}],\"inLanguage\":\"pt-PT\"},{\"@type\":\"Organization\",\"@id\":\"https:\\\/\\\/www.azur-scenic.com\\\/pt-pt\\\/#organization\",\"name\":\"AZUR SCENIC\",\"url\":\"https:\\\/\\\/www.azur-scenic.com\\\/pt-pt\\\/\",\"logo\":{\"@type\":\"ImageObject\",\"inLanguage\":\"pt-PT\",\"@id\":\"https:\\\/\\\/www.azur-scenic.com\\\/pt-pt\\\/#\\\/schema\\\/logo\\\/image\\\/\",\"url\":\"https:\\\/\\\/www.azur-scenic.com\\\/wp-content\\\/uploads\\\/2022\\\/09\\\/LOGO-AZUR-SCENIC-Fusion-web-236x64-1.jpg\",\"contentUrl\":\"https:\\\/\\\/www.azur-scenic.com\\\/wp-content\\\/uploads\\\/2022\\\/09\\\/LOGO-AZUR-SCENIC-Fusion-web-236x64-1.jpg\",\"width\":236,\"height\":64,\"caption\":\"AZUR SCENIC\"},\"image\":{\"@id\":\"https:\\\/\\\/www.azur-scenic.com\\\/pt-pt\\\/#\\\/schema\\\/logo\\\/image\\\/\"},\"sameAs\":[\"https:\\\/\\\/www.youtube.com\\\/channel\\\/UCPWM2mGPVUt4nYhNlm71WOA\",\"https:\\\/\\\/www.linkedin.com\\\/company\\\/33237605\\\/admin\\\/feed\\\/posts\\\/\"]}]}<\/script>\n<!-- \/ Yoast SEO plugin. -->","yoast_head_json":{"title":"Tela de Spi (Ripstop) Fun XL - Azur Scenic","robots":{"index":"index","follow":"follow","max-snippet":"max-snippet:-1","max-image-preview":"max-image-preview:large","max-video-preview":"max-video-preview:-1"},"canonical":"https:\/\/www.azur-scenic.com\/pt-pt\/produto\/tela-de-spi-ripstop-fun-xl\/","og_locale":"pt_PT","og_type":"article","og_title":"Tela de Spi (Ripstop) Fun XL - Azur Scenic","og_description":"A refer\u00eancia em tela Spi (Ripstop) transl\u00facida tramada est\u00e1 dispon\u00edvel em 2 larguras grandes, para permitir a realiza\u00e7\u00e3o de projetos de grandes dimens\u00f5es, limitando as costuras de montagem. Este tecido com apar\u00eancia de \"papel de decalque\" \u00e9 embelezado com um padr\u00e3o de trama axadrezada em branco sobre branco. Certifica\u00e7\u00e3o de tecido ign\u00edfugo (mas sem PV de classifica\u00e7\u00e3o M1), cumpre as normas de seguran\u00e7a em vigor para os locais que recebem o p\u00fablico. Utilizada tradicionalmente para o fabrico de estruturas insufl\u00e1veis, esta tela polivalente \u00e9 tamb\u00e9m adequada para a cria\u00e7\u00e3o de cen\u00e1rios e adere\u00e7os c\u00e9nicos, cortinas decorativas, o revestimento de stands e de estruturas... A sua apar\u00eancia transl\u00facida torna-a um excelente difusor de luz, que tamb\u00e9m pode ser usada como um meio criativo de proje\u00e7\u00e3o e retroproje\u00e7\u00e3o. 100% Poli\u00e9ster FR, esta tela \u00e9 lav\u00e1vel e por isso pode ser usada tanto em interiores como em exteriores. Encontrar\u00e1 tamb\u00e9m na nossa cole\u00e7\u00e3o outra refer\u00eancia de Tela de Spi (Ripstop) Fun, com 160 cm de largura, classificada M1 e dispon\u00edvel em 9 cores  Largura: 310 cm, 505 cm Peso: 65 g\/m\u00b2  Classifica\u00e7\u00e3o de rea\u00e7\u00e3o ao fogo: Ign\u00edfugo Composi\u00e7\u00e3o: 100% Poli\u00e9ster FR","og_url":"https:\/\/www.azur-scenic.com\/pt-pt\/produto\/tela-de-spi-ripstop-fun-xl\/","og_site_name":"Azur Scenic","article_modified_time":"2023-08-02T13:25:12+00:00","og_image":[{"width":430,"height":430,"url":"https:\/\/www.azur-scenic.com\/wp-content\/uploads\/13150debaf285b91d6d0e1d6b4866623.png","type":"image\/png"}],"twitter_card":"summary_large_image","schema":{"@context":"https:\/\/schema.org","@graph":[{"@type":"WebPage","@id":"https:\/\/www.azur-scenic.com\/pt-pt\/produto\/tela-de-spi-ripstop-fun-xl\/","url":"https:\/\/www.azur-scenic.com\/pt-pt\/produto\/tela-de-spi-ripstop-fun-xl\/","name":"Tela de Spi (Ripstop) Fun XL - Azur Scenic","isPartOf":{"@id":"https:\/\/www.azur-scenic.com\/pt-pt\/#website"},"primaryImageOfPage":{"@id":"https:\/\/www.azur-scenic.com\/pt-pt\/produto\/tela-de-spi-ripstop-fun-xl\/#primaryimage"},"image":{"@id":"https:\/\/www.azur-scenic.com\/pt-pt\/produto\/tela-de-spi-ripstop-fun-xl\/#primaryimage"},"thumbnailUrl":"https:\/\/www.azur-scenic.com\/wp-content\/uploads\/13150debaf285b91d6d0e1d6b4866623.png","datePublished":"2022-10-04T07:25:49+00:00","dateModified":"2023-08-02T13:25:12+00:00","breadcrumb":{"@id":"https:\/\/www.azur-scenic.com\/pt-pt\/produto\/tela-de-spi-ripstop-fun-xl\/#breadcrumb"},"inLanguage":"pt-PT","potentialAction":[{"@type":"ReadAction","target":["https:\/\/www.azur-scenic.com\/pt-pt\/produto\/tela-de-spi-ripstop-fun-xl\/"]}]},{"@type":"ImageObject","inLanguage":"pt-PT","@id":"https:\/\/www.azur-scenic.com\/pt-pt\/produto\/tela-de-spi-ripstop-fun-xl\/#primaryimage","url":"https:\/\/www.azur-scenic.com\/wp-content\/uploads\/13150debaf285b91d6d0e1d6b4866623.png","contentUrl":"https:\/\/www.azur-scenic.com\/wp-content\/uploads\/13150debaf285b91d6d0e1d6b4866623.png","width":430,"height":430},{"@type":"BreadcrumbList","@id":"https:\/\/www.azur-scenic.com\/pt-pt\/produto\/tela-de-spi-ripstop-fun-xl\/#breadcrumb","itemListElement":[{"@type":"ListItem","position":1,"name":"Accueil","item":"https:\/\/www.azur-scenic.com\/pt-pt\/"},{"@type":"ListItem","position":2,"name":"Produits","item":"https:\/\/www.azur-scenic.com\/pt-pt\/?page_id=21439"},{"@type":"ListItem","position":3,"name":"Tela de Spi (Ripstop) Fun XL"}]},{"@type":"WebSite","@id":"https:\/\/www.azur-scenic.com\/pt-pt\/#website","url":"https:\/\/www.azur-scenic.com\/pt-pt\/","name":"Azur Scenic","description":"Sp\u00e9cialiste de l\u2019\u00e9quipement sc\u00e9nique et de la d\u00e9coration int\u00e9rieure et \u00e9v\u00e9nementielle !","publisher":{"@id":"https:\/\/www.azur-scenic.com\/pt-pt\/#organization"},"potentialAction":[{"@type":"SearchAction","target":{"@type":"EntryPoint","urlTemplate":"https:\/\/www.azur-scenic.com\/pt-pt\/?s={search_term_string}"},"query-input":{"@type":"PropertyValueSpecification","valueRequired":true,"valueName":"search_term_string"}}],"inLanguage":"pt-PT"},{"@type":"Organization","@id":"https:\/\/www.azur-scenic.com\/pt-pt\/#organization","name":"AZUR SCENIC","url":"https:\/\/www.azur-scenic.com\/pt-pt\/","logo":{"@type":"ImageObject","inLanguage":"pt-PT","@id":"https:\/\/www.azur-scenic.com\/pt-pt\/#\/schema\/logo\/image\/","url":"https:\/\/www.azur-scenic.com\/wp-content\/uploads\/2022\/09\/LOGO-AZUR-SCENIC-Fusion-web-236x64-1.jpg","contentUrl":"https:\/\/www.azur-scenic.com\/wp-content\/uploads\/2022\/09\/LOGO-AZUR-SCENIC-Fusion-web-236x64-1.jpg","width":236,"height":64,"caption":"AZUR SCENIC"},"image":{"@id":"https:\/\/www.azur-scenic.com\/pt-pt\/#\/schema\/logo\/image\/"},"sameAs":["https:\/\/www.youtube.com\/channel\/UCPWM2mGPVUt4nYhNlm71WOA","https:\/\/www.linkedin.com\/company\/33237605\/admin\/feed\/posts\/"]}]}},"_links":{"self":[{"href":"https:\/\/www.azur-scenic.com\/pt-pt\/wp-json\/wp\/v2\/product\/18732","targetHints":{"allow":["GET"]}}],"collection":[{"href":"https:\/\/www.azur-scenic.com\/pt-pt\/wp-json\/wp\/v2\/product"}],"about":[{"href":"https:\/\/www.azur-scenic.com\/pt-pt\/wp-json\/wp\/v2\/types\/product"}],"wp:featuredmedia":[{"embeddable":true,"href":"https:\/\/www.azur-scenic.com\/pt-pt\/wp-json\/wp\/v2\/media\/7129"}],"wp:attachment":[{"href":"https:\/\/www.azur-scenic.com\/pt-pt\/wp-json\/wp\/v2\/media?parent=18732"}],"wp:term":[{"taxonomy":"product_brand","embeddable":true,"href":"https:\/\/www.azur-scenic.com\/pt-pt\/wp-json\/wp\/v2\/product_brand?post=18732"},{"taxonomy":"product_cat","embeddable":true,"href":"https:\/\/www.azur-scenic.com\/pt-pt\/wp-json\/wp\/v2\/product_cat?post=18732"},{"taxonomy":"product_tag","embeddable":true,"href":"https:\/\/www.azur-scenic.com\/pt-pt\/wp-json\/wp\/v2\/product_tag?post=18732"}],"curies":[{"name":"wp","href":"https:\/\/api.w.org\/{rel}","templated":true}]}}