{"id":18799,"date":"2022-10-04T07:25:48","date_gmt":"2022-10-04T07:25:48","guid":{"rendered":"https:\/\/www.azur-scenic.com\/produit\/toile-de-spi-fun\/"},"modified":"2023-08-02T13:23:26","modified_gmt":"2023-08-02T13:23:26","slug":"tela-de-spi-ripstop-fun","status":"publish","type":"product","link":"https:\/\/www.azur-scenic.com\/pt-pt\/produto\/tela-de-spi-ripstop-fun\/","title":{"rendered":"Tela de Spi (Ripstop) Fun"},"content":{"rendered":"<table>\n<thead>\n<tr>\n<th style=\"width: 170px;\">Dados t\u00e9cnicos<\/th>\n<th>Valor<\/th>\n<th>Coment\u00e1rio<\/th>\n<\/tr>\n<\/thead>\n<tbody>\n<tr>\n<td style=\"vertical-align: top;\">Largura<\/td>\n<td style=\"vertical-align: top;\">160 cm<\/td>\n<td style=\"vertical-align: top;\">\u00a0<\/td>\n<\/tr>\n<tr>\n<td style=\"vertical-align: top;\">Peso<\/td>\n<td style=\"vertical-align: top;\">80 g\/m\u00b2<\/td>\n<td style=\"vertical-align: top;\">\u00a0<\/td>\n<\/tr>\n<tr>\n<td style=\"vertical-align: top;\">Espessura<\/td>\n<td style=\"vertical-align: top;\">0,08 mm<\/td>\n<td style=\"vertical-align: top;\">\u00a0<\/td>\n<\/tr>\n<tr>\n<td style=\"vertical-align: top;\">Classifica\u00e7\u00e3o de rea\u00e7\u00e3o ao fogo<\/td>\n<td style=\"vertical-align: top;\"><img decoding=\"async\" style=\"height: 20px; width: 20px;\" src=\"https:\/\/www.azur-scenic.com\/wp-content\/uploads\/csm_icon-flag-france_3304e5e3f9.png\" \/> M1<\/td>\n<td style=\"vertical-align: top;\">\u00a0<\/td>\n<\/tr>\n<tr>\n<td style=\"vertical-align: top;\">Composi\u00e7\u00e3o<\/td>\n<td style=\"vertical-align: top;\">100% Poli\u00e9ster FR<\/td>\n<td style=\"vertical-align: top;\">\u00a0<\/td>\n<\/tr>\n<tr>\n<td style=\"vertical-align: top;\">Comprimento do rolo<\/td>\n<td style=\"vertical-align: top;\">100 m<br \/>\nRolo de largura completa<\/td>\n<td style=\"vertical-align: top;\">Possibilidade de venda a retalho<\/td>\n<\/tr>\n<tr>\n<td style=\"vertical-align: top;\">Resist\u00eancia \u00e0 rutura<\/td>\n<td style=\"vertical-align: top;\">Corrente: 66 daN\/5 cm<br \/>\nTrama: 58 daN\/5 cm<\/td>\n<td style=\"vertical-align: top;\">\u00a0<\/td>\n<\/tr>\n<tr>\n<td style=\"vertical-align: top;\">Alongamento de rutura<\/td>\n<td style=\"vertical-align: top;\">Corrente: 31%<br \/>\nTrama: 38%<\/td>\n<td style=\"vertical-align: top;\">\u00a0<\/td>\n<\/tr>\n<tr>\n<td style=\"vertical-align: top;\">Resist\u00eancia ao rasgo<\/td>\n<td style=\"vertical-align: top;\">Corrente: 1,12 daN\/5 cm<br \/>\nTrama: 1,05 daN\/5 cm<\/td>\n<td style=\"vertical-align: top;\">\u00a0<\/td>\n<\/tr>\n<tr>\n<td style=\"vertical-align: top;\">Permeabilidade ao ar<\/td>\n<td style=\"vertical-align: top;\">15 l\/m\u00b2\/seg<\/td>\n<td style=\"vertical-align: top;\">(sob 100 Pa)<\/td>\n<\/tr>\n<tr>\n<td style=\"vertical-align: top;\">Calandragem<\/td>\n<td style=\"vertical-align: top;\" colspan=\"2\" rowspan=\"1\">Temperatura da calandra: 185 \u00b0C<br \/>\nTempo de passagem na calandra: 1 mn<\/td>\n<\/tr>\n<\/tbody>\n<\/table>\n<p>\u00a0<\/p><\/p>\n","protected":false},"excerpt":{"rendered":"<p>A incontorn\u00e1vel <span style=\"color: #f88523;\"><strong>tela Spi (Ripstop)<\/strong><\/span> transl\u00facida tramada, dispon\u00edvel numa bonita gama de <strong><span style=\"color: #f88523;\">cores vivas<\/span><\/strong>. Classificado como <span style=\"color: #f88523;\"><strong>M1<\/strong><\/span> de rea\u00e7\u00e3o ao fogo (ign\u00edfugo), este tecido com apar\u00eancia de &#8220;papel de decalque&#8221; \u00e9 embelezado com um padr\u00e3o de <span style=\"color: #f88523;\"><strong>trama axadrezada<\/strong><\/span> &#8220;tom sobre tom&#8221;. Uma das faces est\u00e1 preparada para <span style=\"color: #f88523;\"><strong>impress\u00e3o<\/strong><\/span>, e por isso apresenta uma apar\u00eancia mais brilhante do que a outra face, mais mate. Se n\u00e3o estiver impressa, pode ser usada em ambas as faces.<br \/>\nUtilizada tradicionalmente para o fabrico de estruturas insufl\u00e1veis, esta tela polivalente \u00e9 tamb\u00e9m adequada para a cria\u00e7\u00e3o de <span style=\"color: #f88523;\"><strong>cen\u00e1rios e adere\u00e7os c\u00e9nicos<\/strong><\/span>,<strong><span style=\"color: #f88523;\"> cortinas decorativas<\/span><\/strong>, o <span style=\"color: #f88523;\"><strong>revestimento de stands<\/strong><\/span> e de <span style=\"color: #f88523;\"><strong>estruturas<\/strong><\/span>&#8230;<br \/>\nA sua apar\u00eancia transl\u00facida torna-a um excelente <span style=\"color: #f88523;\"><strong>difusor<\/strong><\/span> de luz, que tamb\u00e9m pode ser usada como um <span style=\"color: #f88523;\"><strong>meio criativo de proje\u00e7\u00e3o<\/strong><\/span> e <span style=\"color: #f88523;\"><strong>retroproje\u00e7\u00e3o<\/strong><\/span>.<br \/>\n100% Poli\u00e9ster FR, esta tela \u00e9 <span style=\"color: #f88523;\"><strong>lav\u00e1vel<\/strong><\/span> e por isso pode ser usada tanto em <span style=\"color: #f88523;\"><strong>interiores<\/strong><\/span> como em <span style=\"color: #f88523;\"><strong>exteriores<\/strong><\/span>.<\/p>\n<p><em>Encontrar\u00e1 tamb\u00e9m na nossa cole\u00e7\u00e3o a Tela de Spi (Ripstop) Fun XL, com 310 e 505 cm de largura, dispon\u00edvel na cor branca.<\/em><\/p>\n<p>\u00a0<\/p>\n<table class=\"table\" style=\"background: #f7f7f7;\">\n<tbody>\n<tr>\n<td><strong>Largura<\/strong>: 160 cm<\/td>\n<td><strong>Peso<\/strong>: 80 g\/m\u00b2<\/td>\n<\/tr>\n<tr>\n<td><strong>Classifica\u00e7\u00e3o de rea\u00e7\u00e3o ao fogo<\/strong>: <img decoding=\"async\" style=\"height: 20px; width: 20px;\" src=\"https:\/\/www.azur-scenic.com\/wp-content\/uploads\/csm_icon-flag-france_3304e5e3f9.png\" \/> M1<\/td>\n<td style=\"vertical-align: top;\"><strong>Composi\u00e7\u00e3o<\/strong>: 100% Poli\u00e9ster FR<\/td>\n<\/tr>\n<\/tbody>\n<\/table>\n","protected":false},"featured_media":15262,"template":"","meta":{"_acf_changed":false},"product_brand":[],"product_cat":[921,916,1343,1340],"product_tag":[],"class_list":{"0":"post-18799","1":"product","2":"type-product","3":"status-publish","4":"has-post-thumbnail","6":"product_cat-todos-os-produtos","7":"product_cat-texteis-cenicos-e-para-eventos","8":"product_cat-veus-e-tecidos-leves","9":"product_cat-telas-extraleves","10":"pa_couleurs-002-es","11":"pa_couleurs-003-es","12":"pa_couleurs-150-es","13":"pa_couleurs-250-es","14":"pa_couleurs-340-es","15":"pa_couleurs-460-es","16":"pa_couleurs-625-es","17":"pa_couleurs-730-es","18":"pa_couleurs-765-es","19":"pa_groupes-de-couleurs-branco","20":"pa_groupes-de-couleurs-azuis","21":"pa_groupes-de-couleurs-cinzento","22":"pa_groupes-de-couleurs-amarelos","23":"pa_groupes-de-couleurs-negro","24":"pa_groupes-de-couleurs-laranjas","25":"pa_groupes-de-couleurs-vermelhos","26":"pa_groupes-de-couleurs-verdes","27":"pa_textiles-adaptado-para-exterior","28":"pa_textiles-classificacao-de-reacao-ao-fogo-ignifugo","29":"pa_textiles-imprimivel","30":"pa_textiles-lavavel","31":"pa_textiles-projecao-frontal","32":"pa_textiles-retroprojecao","34":"first","35":"instock","36":"shipping-taxable","37":"purchasable","38":"product-type-variable"},"acf":[],"yoast_head":"<!-- This site is optimized with the Yoast SEO plugin v27.3 - https:\/\/yoast.com\/product\/yoast-seo-wordpress\/ -->\n<title>Tela de Spi (Ripstop) Fun - Azur Scenic<\/title>\n<meta name=\"robots\" content=\"index, follow, max-snippet:-1, max-image-preview:large, max-video-preview:-1\" \/>\n<link rel=\"canonical\" href=\"https:\/\/www.azur-scenic.com\/pt-pt\/produto\/tela-de-spi-ripstop-fun\/\" \/>\n<meta property=\"og:locale\" content=\"pt_PT\" \/>\n<meta property=\"og:type\" content=\"article\" \/>\n<meta property=\"og:title\" content=\"Tela de Spi (Ripstop) Fun - Azur Scenic\" \/>\n<meta property=\"og:description\" content=\"A incontorn\u00e1vel tela Spi (Ripstop) transl\u00facida tramada, dispon\u00edvel numa bonita gama de cores vivas. Classificado como M1 de rea\u00e7\u00e3o ao fogo (ign\u00edfugo), este tecido com apar\u00eancia de &quot;papel de decalque&quot; \u00e9 embelezado com um padr\u00e3o de trama axadrezada &quot;tom sobre tom&quot;. Uma das faces est\u00e1 preparada para impress\u00e3o, e por isso apresenta uma apar\u00eancia mais brilhante do que a outra face, mais mate. Se n\u00e3o estiver impressa, pode ser usada em ambas as faces. Utilizada tradicionalmente para o fabrico de estruturas insufl\u00e1veis, esta tela polivalente \u00e9 tamb\u00e9m adequada para a cria\u00e7\u00e3o de cen\u00e1rios e adere\u00e7os c\u00e9nicos, cortinas decorativas, o revestimento de stands e de estruturas... A sua apar\u00eancia transl\u00facida torna-a um excelente difusor de luz, que tamb\u00e9m pode ser usada como um meio criativo de proje\u00e7\u00e3o e retroproje\u00e7\u00e3o. 100% Poli\u00e9ster FR, esta tela \u00e9 lav\u00e1vel e por isso pode ser usada tanto em interiores como em exteriores. Encontrar\u00e1 tamb\u00e9m na nossa cole\u00e7\u00e3o a Tela de Spi (Ripstop) Fun XL, com 310 e 505 cm de largura, dispon\u00edvel na cor branca. \u00a0  Largura: 160 cm Peso: 80 g\/m\u00b2  Classifica\u00e7\u00e3o de rea\u00e7\u00e3o ao fogo: M1 Composi\u00e7\u00e3o: 100% Poli\u00e9ster FR\" \/>\n<meta property=\"og:url\" content=\"https:\/\/www.azur-scenic.com\/pt-pt\/produto\/tela-de-spi-ripstop-fun\/\" \/>\n<meta property=\"og:site_name\" content=\"Azur Scenic\" \/>\n<meta property=\"article:modified_time\" content=\"2023-08-02T13:23:26+00:00\" \/>\n<meta property=\"og:image\" content=\"https:\/\/www.azur-scenic.com\/wp-content\/uploads\/TOILE-DE-SPI-FUN-BLANC-scaled.jpg\" \/>\n\t<meta property=\"og:image:width\" content=\"2560\" \/>\n\t<meta property=\"og:image:height\" content=\"2560\" \/>\n\t<meta property=\"og:image:type\" content=\"image\/jpeg\" \/>\n<meta name=\"twitter:card\" content=\"summary_large_image\" \/>\n<script type=\"application\/ld+json\" class=\"yoast-schema-graph\">{\"@context\":\"https:\\\/\\\/schema.org\",\"@graph\":[{\"@type\":\"WebPage\",\"@id\":\"https:\\\/\\\/www.azur-scenic.com\\\/pt-pt\\\/produto\\\/tela-de-spi-ripstop-fun\\\/\",\"url\":\"https:\\\/\\\/www.azur-scenic.com\\\/pt-pt\\\/produto\\\/tela-de-spi-ripstop-fun\\\/\",\"name\":\"Tela de Spi (Ripstop) Fun - Azur Scenic\",\"isPartOf\":{\"@id\":\"https:\\\/\\\/www.azur-scenic.com\\\/pt-pt\\\/#website\"},\"primaryImageOfPage\":{\"@id\":\"https:\\\/\\\/www.azur-scenic.com\\\/pt-pt\\\/produto\\\/tela-de-spi-ripstop-fun\\\/#primaryimage\"},\"image\":{\"@id\":\"https:\\\/\\\/www.azur-scenic.com\\\/pt-pt\\\/produto\\\/tela-de-spi-ripstop-fun\\\/#primaryimage\"},\"thumbnailUrl\":\"https:\\\/\\\/www.azur-scenic.com\\\/wp-content\\\/uploads\\\/TOILE-DE-SPI-FUN-BLANC-scaled.jpg\",\"datePublished\":\"2022-10-04T07:25:48+00:00\",\"dateModified\":\"2023-08-02T13:23:26+00:00\",\"breadcrumb\":{\"@id\":\"https:\\\/\\\/www.azur-scenic.com\\\/pt-pt\\\/produto\\\/tela-de-spi-ripstop-fun\\\/#breadcrumb\"},\"inLanguage\":\"pt-PT\",\"potentialAction\":[{\"@type\":\"ReadAction\",\"target\":[\"https:\\\/\\\/www.azur-scenic.com\\\/pt-pt\\\/produto\\\/tela-de-spi-ripstop-fun\\\/\"]}]},{\"@type\":\"ImageObject\",\"inLanguage\":\"pt-PT\",\"@id\":\"https:\\\/\\\/www.azur-scenic.com\\\/pt-pt\\\/produto\\\/tela-de-spi-ripstop-fun\\\/#primaryimage\",\"url\":\"https:\\\/\\\/www.azur-scenic.com\\\/wp-content\\\/uploads\\\/TOILE-DE-SPI-FUN-BLANC-scaled.jpg\",\"contentUrl\":\"https:\\\/\\\/www.azur-scenic.com\\\/wp-content\\\/uploads\\\/TOILE-DE-SPI-FUN-BLANC-scaled.jpg\",\"width\":2560,\"height\":2560,\"caption\":\"TOILE DE SPI FUN BLANC\"},{\"@type\":\"BreadcrumbList\",\"@id\":\"https:\\\/\\\/www.azur-scenic.com\\\/pt-pt\\\/produto\\\/tela-de-spi-ripstop-fun\\\/#breadcrumb\",\"itemListElement\":[{\"@type\":\"ListItem\",\"position\":1,\"name\":\"Accueil\",\"item\":\"https:\\\/\\\/www.azur-scenic.com\\\/pt-pt\\\/\"},{\"@type\":\"ListItem\",\"position\":2,\"name\":\"Produits\",\"item\":\"https:\\\/\\\/www.azur-scenic.com\\\/pt-pt\\\/?page_id=21439\"},{\"@type\":\"ListItem\",\"position\":3,\"name\":\"Tela de Spi (Ripstop) Fun\"}]},{\"@type\":\"WebSite\",\"@id\":\"https:\\\/\\\/www.azur-scenic.com\\\/pt-pt\\\/#website\",\"url\":\"https:\\\/\\\/www.azur-scenic.com\\\/pt-pt\\\/\",\"name\":\"Azur Scenic\",\"description\":\"Sp\u00e9cialiste de l\u2019\u00e9quipement sc\u00e9nique et de la d\u00e9coration int\u00e9rieure et \u00e9v\u00e9nementielle !\",\"publisher\":{\"@id\":\"https:\\\/\\\/www.azur-scenic.com\\\/pt-pt\\\/#organization\"},\"potentialAction\":[{\"@type\":\"SearchAction\",\"target\":{\"@type\":\"EntryPoint\",\"urlTemplate\":\"https:\\\/\\\/www.azur-scenic.com\\\/pt-pt\\\/?s={search_term_string}\"},\"query-input\":{\"@type\":\"PropertyValueSpecification\",\"valueRequired\":true,\"valueName\":\"search_term_string\"}}],\"inLanguage\":\"pt-PT\"},{\"@type\":\"Organization\",\"@id\":\"https:\\\/\\\/www.azur-scenic.com\\\/pt-pt\\\/#organization\",\"name\":\"AZUR SCENIC\",\"url\":\"https:\\\/\\\/www.azur-scenic.com\\\/pt-pt\\\/\",\"logo\":{\"@type\":\"ImageObject\",\"inLanguage\":\"pt-PT\",\"@id\":\"https:\\\/\\\/www.azur-scenic.com\\\/pt-pt\\\/#\\\/schema\\\/logo\\\/image\\\/\",\"url\":\"https:\\\/\\\/www.azur-scenic.com\\\/wp-content\\\/uploads\\\/2022\\\/09\\\/LOGO-AZUR-SCENIC-Fusion-web-236x64-1.jpg\",\"contentUrl\":\"https:\\\/\\\/www.azur-scenic.com\\\/wp-content\\\/uploads\\\/2022\\\/09\\\/LOGO-AZUR-SCENIC-Fusion-web-236x64-1.jpg\",\"width\":236,\"height\":64,\"caption\":\"AZUR SCENIC\"},\"image\":{\"@id\":\"https:\\\/\\\/www.azur-scenic.com\\\/pt-pt\\\/#\\\/schema\\\/logo\\\/image\\\/\"},\"sameAs\":[\"https:\\\/\\\/www.youtube.com\\\/channel\\\/UCPWM2mGPVUt4nYhNlm71WOA\",\"https:\\\/\\\/www.linkedin.com\\\/company\\\/33237605\\\/admin\\\/feed\\\/posts\\\/\"]}]}<\/script>\n<!-- \/ Yoast SEO plugin. -->","yoast_head_json":{"title":"Tela de Spi (Ripstop) Fun - Azur Scenic","robots":{"index":"index","follow":"follow","max-snippet":"max-snippet:-1","max-image-preview":"max-image-preview:large","max-video-preview":"max-video-preview:-1"},"canonical":"https:\/\/www.azur-scenic.com\/pt-pt\/produto\/tela-de-spi-ripstop-fun\/","og_locale":"pt_PT","og_type":"article","og_title":"Tela de Spi (Ripstop) Fun - Azur Scenic","og_description":"A incontorn\u00e1vel tela Spi (Ripstop) transl\u00facida tramada, dispon\u00edvel numa bonita gama de cores vivas. Classificado como M1 de rea\u00e7\u00e3o ao fogo (ign\u00edfugo), este tecido com apar\u00eancia de \"papel de decalque\" \u00e9 embelezado com um padr\u00e3o de trama axadrezada \"tom sobre tom\". Uma das faces est\u00e1 preparada para impress\u00e3o, e por isso apresenta uma apar\u00eancia mais brilhante do que a outra face, mais mate. Se n\u00e3o estiver impressa, pode ser usada em ambas as faces. Utilizada tradicionalmente para o fabrico de estruturas insufl\u00e1veis, esta tela polivalente \u00e9 tamb\u00e9m adequada para a cria\u00e7\u00e3o de cen\u00e1rios e adere\u00e7os c\u00e9nicos, cortinas decorativas, o revestimento de stands e de estruturas... A sua apar\u00eancia transl\u00facida torna-a um excelente difusor de luz, que tamb\u00e9m pode ser usada como um meio criativo de proje\u00e7\u00e3o e retroproje\u00e7\u00e3o. 100% Poli\u00e9ster FR, esta tela \u00e9 lav\u00e1vel e por isso pode ser usada tanto em interiores como em exteriores. Encontrar\u00e1 tamb\u00e9m na nossa cole\u00e7\u00e3o a Tela de Spi (Ripstop) Fun XL, com 310 e 505 cm de largura, dispon\u00edvel na cor branca. \u00a0  Largura: 160 cm Peso: 80 g\/m\u00b2  Classifica\u00e7\u00e3o de rea\u00e7\u00e3o ao fogo: M1 Composi\u00e7\u00e3o: 100% Poli\u00e9ster FR","og_url":"https:\/\/www.azur-scenic.com\/pt-pt\/produto\/tela-de-spi-ripstop-fun\/","og_site_name":"Azur Scenic","article_modified_time":"2023-08-02T13:23:26+00:00","og_image":[{"width":2560,"height":2560,"url":"https:\/\/www.azur-scenic.com\/wp-content\/uploads\/TOILE-DE-SPI-FUN-BLANC-scaled.jpg","type":"image\/jpeg"}],"twitter_card":"summary_large_image","schema":{"@context":"https:\/\/schema.org","@graph":[{"@type":"WebPage","@id":"https:\/\/www.azur-scenic.com\/pt-pt\/produto\/tela-de-spi-ripstop-fun\/","url":"https:\/\/www.azur-scenic.com\/pt-pt\/produto\/tela-de-spi-ripstop-fun\/","name":"Tela de Spi (Ripstop) Fun - Azur Scenic","isPartOf":{"@id":"https:\/\/www.azur-scenic.com\/pt-pt\/#website"},"primaryImageOfPage":{"@id":"https:\/\/www.azur-scenic.com\/pt-pt\/produto\/tela-de-spi-ripstop-fun\/#primaryimage"},"image":{"@id":"https:\/\/www.azur-scenic.com\/pt-pt\/produto\/tela-de-spi-ripstop-fun\/#primaryimage"},"thumbnailUrl":"https:\/\/www.azur-scenic.com\/wp-content\/uploads\/TOILE-DE-SPI-FUN-BLANC-scaled.jpg","datePublished":"2022-10-04T07:25:48+00:00","dateModified":"2023-08-02T13:23:26+00:00","breadcrumb":{"@id":"https:\/\/www.azur-scenic.com\/pt-pt\/produto\/tela-de-spi-ripstop-fun\/#breadcrumb"},"inLanguage":"pt-PT","potentialAction":[{"@type":"ReadAction","target":["https:\/\/www.azur-scenic.com\/pt-pt\/produto\/tela-de-spi-ripstop-fun\/"]}]},{"@type":"ImageObject","inLanguage":"pt-PT","@id":"https:\/\/www.azur-scenic.com\/pt-pt\/produto\/tela-de-spi-ripstop-fun\/#primaryimage","url":"https:\/\/www.azur-scenic.com\/wp-content\/uploads\/TOILE-DE-SPI-FUN-BLANC-scaled.jpg","contentUrl":"https:\/\/www.azur-scenic.com\/wp-content\/uploads\/TOILE-DE-SPI-FUN-BLANC-scaled.jpg","width":2560,"height":2560,"caption":"TOILE DE SPI FUN BLANC"},{"@type":"BreadcrumbList","@id":"https:\/\/www.azur-scenic.com\/pt-pt\/produto\/tela-de-spi-ripstop-fun\/#breadcrumb","itemListElement":[{"@type":"ListItem","position":1,"name":"Accueil","item":"https:\/\/www.azur-scenic.com\/pt-pt\/"},{"@type":"ListItem","position":2,"name":"Produits","item":"https:\/\/www.azur-scenic.com\/pt-pt\/?page_id=21439"},{"@type":"ListItem","position":3,"name":"Tela de Spi (Ripstop) Fun"}]},{"@type":"WebSite","@id":"https:\/\/www.azur-scenic.com\/pt-pt\/#website","url":"https:\/\/www.azur-scenic.com\/pt-pt\/","name":"Azur Scenic","description":"Sp\u00e9cialiste de l\u2019\u00e9quipement sc\u00e9nique et de la d\u00e9coration int\u00e9rieure et \u00e9v\u00e9nementielle !","publisher":{"@id":"https:\/\/www.azur-scenic.com\/pt-pt\/#organization"},"potentialAction":[{"@type":"SearchAction","target":{"@type":"EntryPoint","urlTemplate":"https:\/\/www.azur-scenic.com\/pt-pt\/?s={search_term_string}"},"query-input":{"@type":"PropertyValueSpecification","valueRequired":true,"valueName":"search_term_string"}}],"inLanguage":"pt-PT"},{"@type":"Organization","@id":"https:\/\/www.azur-scenic.com\/pt-pt\/#organization","name":"AZUR SCENIC","url":"https:\/\/www.azur-scenic.com\/pt-pt\/","logo":{"@type":"ImageObject","inLanguage":"pt-PT","@id":"https:\/\/www.azur-scenic.com\/pt-pt\/#\/schema\/logo\/image\/","url":"https:\/\/www.azur-scenic.com\/wp-content\/uploads\/2022\/09\/LOGO-AZUR-SCENIC-Fusion-web-236x64-1.jpg","contentUrl":"https:\/\/www.azur-scenic.com\/wp-content\/uploads\/2022\/09\/LOGO-AZUR-SCENIC-Fusion-web-236x64-1.jpg","width":236,"height":64,"caption":"AZUR SCENIC"},"image":{"@id":"https:\/\/www.azur-scenic.com\/pt-pt\/#\/schema\/logo\/image\/"},"sameAs":["https:\/\/www.youtube.com\/channel\/UCPWM2mGPVUt4nYhNlm71WOA","https:\/\/www.linkedin.com\/company\/33237605\/admin\/feed\/posts\/"]}]}},"_links":{"self":[{"href":"https:\/\/www.azur-scenic.com\/pt-pt\/wp-json\/wp\/v2\/product\/18799","targetHints":{"allow":["GET"]}}],"collection":[{"href":"https:\/\/www.azur-scenic.com\/pt-pt\/wp-json\/wp\/v2\/product"}],"about":[{"href":"https:\/\/www.azur-scenic.com\/pt-pt\/wp-json\/wp\/v2\/types\/product"}],"wp:featuredmedia":[{"embeddable":true,"href":"https:\/\/www.azur-scenic.com\/pt-pt\/wp-json\/wp\/v2\/media\/15262"}],"wp:attachment":[{"href":"https:\/\/www.azur-scenic.com\/pt-pt\/wp-json\/wp\/v2\/media?parent=18799"}],"wp:term":[{"taxonomy":"product_brand","embeddable":true,"href":"https:\/\/www.azur-scenic.com\/pt-pt\/wp-json\/wp\/v2\/product_brand?post=18799"},{"taxonomy":"product_cat","embeddable":true,"href":"https:\/\/www.azur-scenic.com\/pt-pt\/wp-json\/wp\/v2\/product_cat?post=18799"},{"taxonomy":"product_tag","embeddable":true,"href":"https:\/\/www.azur-scenic.com\/pt-pt\/wp-json\/wp\/v2\/product_tag?post=18799"}],"curies":[{"name":"wp","href":"https:\/\/api.w.org\/{rel}","templated":true}]}}