{"id":18823,"date":"2022-10-04T07:25:43","date_gmt":"2022-10-04T07:25:43","guid":{"rendered":"https:\/\/www.azur-scenic.com\/produit\/toile-de-jute-forte\/"},"modified":"2023-08-02T13:23:32","modified_gmt":"2023-08-02T13:23:32","slug":"tela-de-juta-forte","status":"publish","type":"product","link":"https:\/\/www.azur-scenic.com\/pt-pt\/produto\/tela-de-juta-forte\/","title":{"rendered":"Tela de juta Forte"},"content":{"rendered":"<table>\n<thead>\n<tr>\n<th style=\"width: 170px;\">Dados t\u00e9cnicos<\/th>\n<th>Valor<\/th>\n<th>Coment\u00e1rio<\/th>\n<\/tr>\n<\/thead>\n<tbody>\n<tr>\n<td style=\"vertical-align: top;\">Largura &amp; Peso<\/td>\n<td style=\"vertical-align: top;\">1185 cm<br \/>\n320 cm<\/td>\n<td style=\"vertical-align: top;\">\u00bb 380 g\/m\u00b2<br \/>\n\u00bb 420 g\/m\u00b2<\/td>\n<\/tr>\n<tr>\n<td style=\"vertical-align: top;\">Espessura<\/td>\n<td style=\"vertical-align: top;\">1 mm<\/td>\n<td style=\"vertical-align: top;\">\u00a0<\/td>\n<\/tr>\n<tr>\n<td style=\"vertical-align: top;\">Classifica\u00e7\u00e3o de rea\u00e7\u00e3o ao fogo<\/td>\n<td style=\"vertical-align: top;\"><img decoding=\"async\" style=\"height: 20px; width: 20px;\" src=\"https:\/\/www.azur-scenic.com\/wp-content\/uploads\/csm_icon-flag-france_3304e5e3f9.png\" \/> M1<\/td>\n<td style=\"vertical-align: top;\">\u00a0<\/td>\n<\/tr>\n<tr>\n<td style=\"vertical-align: top;\">Composi\u00e7\u00e3o<\/td>\n<td style=\"vertical-align: top;\">100% Juta<\/td>\n<td style=\"vertical-align: top;\">Fibra natural, ecol\u00f3gica e biodegrad\u00e1vel<\/td>\n<\/tr>\n<tr>\n<td style=\"vertical-align: top;\">Comprimento do rolo<\/td>\n<td style=\"vertical-align: top;\">50 m<br \/>\nRolo de largura completa<\/td>\n<td style=\"vertical-align: top;\">Possibilidade de venda a retalho<\/td>\n<\/tr>\n<\/tbody>\n<\/table>\n<p>\u00a0<\/p><\/p>\n","protected":false},"excerpt":{"rendered":"<p>Composta inteiramente de <strong><span style=\"color: #f88523;\">juta<\/span><\/strong>, a Tela Forte \u00e9 um t\u00eaxtil <span style=\"color: #f88523;\"><strong>natural<\/strong><\/span>, ecol\u00f3gico e biodegrad\u00e1vel. <strong><span style=\"color: #f88523;\">Certifica\u00e7\u00e3o de tecido ign\u00edfugo<\/span><\/strong> (mas sem PV de classifica\u00e7\u00e3o M1), este tecido cumpre as normas de seguran\u00e7a em vigor para os locais que recebem o p\u00fablico.<br \/>\nA tecelagem apertada de fibras naturais em bruto confere-lhe o aspeto irregular dos sacos de juta.<br \/>\nA sua robustez permite a sua utiliza\u00e7\u00e3o para diversos fins, tais como cria\u00e7\u00e3o de adere\u00e7os, cortinas e tamb\u00e9m pode ser <span style=\"color: #f88523;\"><strong>pintada<\/strong><\/span>.<\/p>\n<p>Esta tela est\u00e1 dispon\u00edvel em <strong><span style=\"color: #f88523;\">2 larguras<\/span><\/strong>, cada uma com uma gramagem diferente. A sua apar\u00eancia n\u00e3o \u00e9, portanto, perfeitamente id\u00eantica. Se quiser obter um aspeto completamente uniforme, n\u00e3o recomendamos a sua combina\u00e7\u00e3o no mesmo projeto.<\/p>\n<table class=\"table\" style=\"background: #f7f7f7;\">\n<tbody>\n<tr>\n<td colspan=\"2\"><strong>Largura &amp; Peso<\/strong>:<br \/>\n185 cm \u00bb 380 g\/m\u00b2<br \/>\n320 cm \u00bb 420 g\/m\u00b2<\/td>\n<\/tr>\n<tr>\n<td><strong>Classifica\u00e7\u00e3o de rea\u00e7\u00e3o ao fogo<\/strong>: <img decoding=\"async\" style=\"height: 20px; width: 20px;\" src=\"https:\/\/www.azur-scenic.com\/wp-content\/uploads\/csm_icon-flag-france_3304e5e3f9.png\" \/> M1<\/td>\n<td style=\"vertical-align: top;\"><strong>Composi\u00e7\u00e3o<\/strong>: 100% Juta<\/td>\n<\/tr>\n<\/tbody>\n<\/table>\n","protected":false},"featured_media":14190,"template":"","meta":{"_acf_changed":false},"product_brand":[],"product_cat":[921,916,1341,1342],"product_tag":[],"class_list":{"0":"post-18823","1":"product","2":"type-product","3":"status-publish","4":"has-post-thumbnail","6":"product_cat-todos-os-produtos","7":"product_cat-texteis-cenicos-e-para-eventos","8":"product_cat-telas-para-pintar-e-telas-de-insercao-chroma-key","9":"product_cat-telas-para-pintar","10":"pa_couleurs-515-juta","11":"pa_groupes-de-couleurs-castanhos-beges","12":"pa_textiles-classificacao-de-reacao-ao-fogo-ignifugo","13":"pa_textiles-ecologico","15":"first","16":"instock","17":"shipping-taxable","18":"purchasable","19":"product-type-simple"},"acf":[],"yoast_head":"<!-- This site is optimized with the Yoast SEO plugin v27.3 - https:\/\/yoast.com\/product\/yoast-seo-wordpress\/ -->\n<title>Tela de juta Forte - Azur Scenic<\/title>\n<meta name=\"robots\" content=\"index, follow, max-snippet:-1, max-image-preview:large, max-video-preview:-1\" \/>\n<link rel=\"canonical\" href=\"https:\/\/www.azur-scenic.com\/pt-pt\/produto\/tela-de-juta-forte\/\" \/>\n<meta property=\"og:locale\" content=\"pt_PT\" \/>\n<meta property=\"og:type\" content=\"article\" \/>\n<meta property=\"og:title\" content=\"Tela de juta Forte - Azur Scenic\" \/>\n<meta property=\"og:description\" content=\"Composta inteiramente de juta, a Tela Forte \u00e9 um t\u00eaxtil natural, ecol\u00f3gico e biodegrad\u00e1vel. Certifica\u00e7\u00e3o de tecido ign\u00edfugo (mas sem PV de classifica\u00e7\u00e3o M1), este tecido cumpre as normas de seguran\u00e7a em vigor para os locais que recebem o p\u00fablico. A tecelagem apertada de fibras naturais em bruto confere-lhe o aspeto irregular dos sacos de juta. A sua robustez permite a sua utiliza\u00e7\u00e3o para diversos fins, tais como cria\u00e7\u00e3o de adere\u00e7os, cortinas e tamb\u00e9m pode ser pintada. Esta tela est\u00e1 dispon\u00edvel em 2 larguras, cada uma com uma gramagem diferente. A sua apar\u00eancia n\u00e3o \u00e9, portanto, perfeitamente id\u00eantica. Se quiser obter um aspeto completamente uniforme, n\u00e3o recomendamos a sua combina\u00e7\u00e3o no mesmo projeto.  Largura &amp; Peso: 185 cm \u00bb 380 g\/m\u00b2 320 cm \u00bb 420 g\/m\u00b2  Classifica\u00e7\u00e3o de rea\u00e7\u00e3o ao fogo: M1 Composi\u00e7\u00e3o: 100% Juta\" \/>\n<meta property=\"og:url\" content=\"https:\/\/www.azur-scenic.com\/pt-pt\/produto\/tela-de-juta-forte\/\" \/>\n<meta property=\"og:site_name\" content=\"Azur Scenic\" \/>\n<meta property=\"article:modified_time\" content=\"2023-08-02T13:23:32+00:00\" \/>\n<meta property=\"og:image\" content=\"https:\/\/www.azur-scenic.com\/wp-content\/uploads\/Toile-de-Jute-Forte-scaled.jpg\" \/>\n\t<meta property=\"og:image:width\" content=\"2560\" \/>\n\t<meta property=\"og:image:height\" content=\"2560\" \/>\n\t<meta property=\"og:image:type\" content=\"image\/jpeg\" \/>\n<meta name=\"twitter:card\" content=\"summary_large_image\" \/>\n<script type=\"application\/ld+json\" class=\"yoast-schema-graph\">{\"@context\":\"https:\\\/\\\/schema.org\",\"@graph\":[{\"@type\":\"WebPage\",\"@id\":\"https:\\\/\\\/www.azur-scenic.com\\\/pt-pt\\\/produto\\\/tela-de-juta-forte\\\/\",\"url\":\"https:\\\/\\\/www.azur-scenic.com\\\/pt-pt\\\/produto\\\/tela-de-juta-forte\\\/\",\"name\":\"Tela de juta Forte - Azur Scenic\",\"isPartOf\":{\"@id\":\"https:\\\/\\\/www.azur-scenic.com\\\/pt-pt\\\/#website\"},\"primaryImageOfPage\":{\"@id\":\"https:\\\/\\\/www.azur-scenic.com\\\/pt-pt\\\/produto\\\/tela-de-juta-forte\\\/#primaryimage\"},\"image\":{\"@id\":\"https:\\\/\\\/www.azur-scenic.com\\\/pt-pt\\\/produto\\\/tela-de-juta-forte\\\/#primaryimage\"},\"thumbnailUrl\":\"https:\\\/\\\/www.azur-scenic.com\\\/wp-content\\\/uploads\\\/Toile-de-Jute-Forte-scaled.jpg\",\"datePublished\":\"2022-10-04T07:25:43+00:00\",\"dateModified\":\"2023-08-02T13:23:32+00:00\",\"breadcrumb\":{\"@id\":\"https:\\\/\\\/www.azur-scenic.com\\\/pt-pt\\\/produto\\\/tela-de-juta-forte\\\/#breadcrumb\"},\"inLanguage\":\"pt-PT\",\"potentialAction\":[{\"@type\":\"ReadAction\",\"target\":[\"https:\\\/\\\/www.azur-scenic.com\\\/pt-pt\\\/produto\\\/tela-de-juta-forte\\\/\"]}]},{\"@type\":\"ImageObject\",\"inLanguage\":\"pt-PT\",\"@id\":\"https:\\\/\\\/www.azur-scenic.com\\\/pt-pt\\\/produto\\\/tela-de-juta-forte\\\/#primaryimage\",\"url\":\"https:\\\/\\\/www.azur-scenic.com\\\/wp-content\\\/uploads\\\/Toile-de-Jute-Forte-scaled.jpg\",\"contentUrl\":\"https:\\\/\\\/www.azur-scenic.com\\\/wp-content\\\/uploads\\\/Toile-de-Jute-Forte-scaled.jpg\",\"width\":2560,\"height\":2560,\"caption\":\"Toile de Jute Forte\"},{\"@type\":\"BreadcrumbList\",\"@id\":\"https:\\\/\\\/www.azur-scenic.com\\\/pt-pt\\\/produto\\\/tela-de-juta-forte\\\/#breadcrumb\",\"itemListElement\":[{\"@type\":\"ListItem\",\"position\":1,\"name\":\"Accueil\",\"item\":\"https:\\\/\\\/www.azur-scenic.com\\\/pt-pt\\\/\"},{\"@type\":\"ListItem\",\"position\":2,\"name\":\"Produits\",\"item\":\"https:\\\/\\\/www.azur-scenic.com\\\/pt-pt\\\/?page_id=21439\"},{\"@type\":\"ListItem\",\"position\":3,\"name\":\"Tela de juta Forte\"}]},{\"@type\":\"WebSite\",\"@id\":\"https:\\\/\\\/www.azur-scenic.com\\\/pt-pt\\\/#website\",\"url\":\"https:\\\/\\\/www.azur-scenic.com\\\/pt-pt\\\/\",\"name\":\"Azur Scenic\",\"description\":\"Sp\u00e9cialiste de l\u2019\u00e9quipement sc\u00e9nique et de la d\u00e9coration int\u00e9rieure et \u00e9v\u00e9nementielle !\",\"publisher\":{\"@id\":\"https:\\\/\\\/www.azur-scenic.com\\\/pt-pt\\\/#organization\"},\"potentialAction\":[{\"@type\":\"SearchAction\",\"target\":{\"@type\":\"EntryPoint\",\"urlTemplate\":\"https:\\\/\\\/www.azur-scenic.com\\\/pt-pt\\\/?s={search_term_string}\"},\"query-input\":{\"@type\":\"PropertyValueSpecification\",\"valueRequired\":true,\"valueName\":\"search_term_string\"}}],\"inLanguage\":\"pt-PT\"},{\"@type\":\"Organization\",\"@id\":\"https:\\\/\\\/www.azur-scenic.com\\\/pt-pt\\\/#organization\",\"name\":\"AZUR SCENIC\",\"url\":\"https:\\\/\\\/www.azur-scenic.com\\\/pt-pt\\\/\",\"logo\":{\"@type\":\"ImageObject\",\"inLanguage\":\"pt-PT\",\"@id\":\"https:\\\/\\\/www.azur-scenic.com\\\/pt-pt\\\/#\\\/schema\\\/logo\\\/image\\\/\",\"url\":\"https:\\\/\\\/www.azur-scenic.com\\\/wp-content\\\/uploads\\\/2022\\\/09\\\/LOGO-AZUR-SCENIC-Fusion-web-236x64-1.jpg\",\"contentUrl\":\"https:\\\/\\\/www.azur-scenic.com\\\/wp-content\\\/uploads\\\/2022\\\/09\\\/LOGO-AZUR-SCENIC-Fusion-web-236x64-1.jpg\",\"width\":236,\"height\":64,\"caption\":\"AZUR SCENIC\"},\"image\":{\"@id\":\"https:\\\/\\\/www.azur-scenic.com\\\/pt-pt\\\/#\\\/schema\\\/logo\\\/image\\\/\"},\"sameAs\":[\"https:\\\/\\\/www.youtube.com\\\/channel\\\/UCPWM2mGPVUt4nYhNlm71WOA\",\"https:\\\/\\\/www.linkedin.com\\\/company\\\/33237605\\\/admin\\\/feed\\\/posts\\\/\"]}]}<\/script>\n<!-- \/ Yoast SEO plugin. -->","yoast_head_json":{"title":"Tela de juta Forte - Azur Scenic","robots":{"index":"index","follow":"follow","max-snippet":"max-snippet:-1","max-image-preview":"max-image-preview:large","max-video-preview":"max-video-preview:-1"},"canonical":"https:\/\/www.azur-scenic.com\/pt-pt\/produto\/tela-de-juta-forte\/","og_locale":"pt_PT","og_type":"article","og_title":"Tela de juta Forte - Azur Scenic","og_description":"Composta inteiramente de juta, a Tela Forte \u00e9 um t\u00eaxtil natural, ecol\u00f3gico e biodegrad\u00e1vel. Certifica\u00e7\u00e3o de tecido ign\u00edfugo (mas sem PV de classifica\u00e7\u00e3o M1), este tecido cumpre as normas de seguran\u00e7a em vigor para os locais que recebem o p\u00fablico. A tecelagem apertada de fibras naturais em bruto confere-lhe o aspeto irregular dos sacos de juta. A sua robustez permite a sua utiliza\u00e7\u00e3o para diversos fins, tais como cria\u00e7\u00e3o de adere\u00e7os, cortinas e tamb\u00e9m pode ser pintada. Esta tela est\u00e1 dispon\u00edvel em 2 larguras, cada uma com uma gramagem diferente. A sua apar\u00eancia n\u00e3o \u00e9, portanto, perfeitamente id\u00eantica. Se quiser obter um aspeto completamente uniforme, n\u00e3o recomendamos a sua combina\u00e7\u00e3o no mesmo projeto.  Largura &amp; Peso: 185 cm \u00bb 380 g\/m\u00b2 320 cm \u00bb 420 g\/m\u00b2  Classifica\u00e7\u00e3o de rea\u00e7\u00e3o ao fogo: M1 Composi\u00e7\u00e3o: 100% Juta","og_url":"https:\/\/www.azur-scenic.com\/pt-pt\/produto\/tela-de-juta-forte\/","og_site_name":"Azur Scenic","article_modified_time":"2023-08-02T13:23:32+00:00","og_image":[{"width":2560,"height":2560,"url":"https:\/\/www.azur-scenic.com\/wp-content\/uploads\/Toile-de-Jute-Forte-scaled.jpg","type":"image\/jpeg"}],"twitter_card":"summary_large_image","schema":{"@context":"https:\/\/schema.org","@graph":[{"@type":"WebPage","@id":"https:\/\/www.azur-scenic.com\/pt-pt\/produto\/tela-de-juta-forte\/","url":"https:\/\/www.azur-scenic.com\/pt-pt\/produto\/tela-de-juta-forte\/","name":"Tela de juta Forte - Azur Scenic","isPartOf":{"@id":"https:\/\/www.azur-scenic.com\/pt-pt\/#website"},"primaryImageOfPage":{"@id":"https:\/\/www.azur-scenic.com\/pt-pt\/produto\/tela-de-juta-forte\/#primaryimage"},"image":{"@id":"https:\/\/www.azur-scenic.com\/pt-pt\/produto\/tela-de-juta-forte\/#primaryimage"},"thumbnailUrl":"https:\/\/www.azur-scenic.com\/wp-content\/uploads\/Toile-de-Jute-Forte-scaled.jpg","datePublished":"2022-10-04T07:25:43+00:00","dateModified":"2023-08-02T13:23:32+00:00","breadcrumb":{"@id":"https:\/\/www.azur-scenic.com\/pt-pt\/produto\/tela-de-juta-forte\/#breadcrumb"},"inLanguage":"pt-PT","potentialAction":[{"@type":"ReadAction","target":["https:\/\/www.azur-scenic.com\/pt-pt\/produto\/tela-de-juta-forte\/"]}]},{"@type":"ImageObject","inLanguage":"pt-PT","@id":"https:\/\/www.azur-scenic.com\/pt-pt\/produto\/tela-de-juta-forte\/#primaryimage","url":"https:\/\/www.azur-scenic.com\/wp-content\/uploads\/Toile-de-Jute-Forte-scaled.jpg","contentUrl":"https:\/\/www.azur-scenic.com\/wp-content\/uploads\/Toile-de-Jute-Forte-scaled.jpg","width":2560,"height":2560,"caption":"Toile de Jute Forte"},{"@type":"BreadcrumbList","@id":"https:\/\/www.azur-scenic.com\/pt-pt\/produto\/tela-de-juta-forte\/#breadcrumb","itemListElement":[{"@type":"ListItem","position":1,"name":"Accueil","item":"https:\/\/www.azur-scenic.com\/pt-pt\/"},{"@type":"ListItem","position":2,"name":"Produits","item":"https:\/\/www.azur-scenic.com\/pt-pt\/?page_id=21439"},{"@type":"ListItem","position":3,"name":"Tela de juta Forte"}]},{"@type":"WebSite","@id":"https:\/\/www.azur-scenic.com\/pt-pt\/#website","url":"https:\/\/www.azur-scenic.com\/pt-pt\/","name":"Azur Scenic","description":"Sp\u00e9cialiste de l\u2019\u00e9quipement sc\u00e9nique et de la d\u00e9coration int\u00e9rieure et \u00e9v\u00e9nementielle !","publisher":{"@id":"https:\/\/www.azur-scenic.com\/pt-pt\/#organization"},"potentialAction":[{"@type":"SearchAction","target":{"@type":"EntryPoint","urlTemplate":"https:\/\/www.azur-scenic.com\/pt-pt\/?s={search_term_string}"},"query-input":{"@type":"PropertyValueSpecification","valueRequired":true,"valueName":"search_term_string"}}],"inLanguage":"pt-PT"},{"@type":"Organization","@id":"https:\/\/www.azur-scenic.com\/pt-pt\/#organization","name":"AZUR SCENIC","url":"https:\/\/www.azur-scenic.com\/pt-pt\/","logo":{"@type":"ImageObject","inLanguage":"pt-PT","@id":"https:\/\/www.azur-scenic.com\/pt-pt\/#\/schema\/logo\/image\/","url":"https:\/\/www.azur-scenic.com\/wp-content\/uploads\/2022\/09\/LOGO-AZUR-SCENIC-Fusion-web-236x64-1.jpg","contentUrl":"https:\/\/www.azur-scenic.com\/wp-content\/uploads\/2022\/09\/LOGO-AZUR-SCENIC-Fusion-web-236x64-1.jpg","width":236,"height":64,"caption":"AZUR SCENIC"},"image":{"@id":"https:\/\/www.azur-scenic.com\/pt-pt\/#\/schema\/logo\/image\/"},"sameAs":["https:\/\/www.youtube.com\/channel\/UCPWM2mGPVUt4nYhNlm71WOA","https:\/\/www.linkedin.com\/company\/33237605\/admin\/feed\/posts\/"]}]}},"_links":{"self":[{"href":"https:\/\/www.azur-scenic.com\/pt-pt\/wp-json\/wp\/v2\/product\/18823","targetHints":{"allow":["GET"]}}],"collection":[{"href":"https:\/\/www.azur-scenic.com\/pt-pt\/wp-json\/wp\/v2\/product"}],"about":[{"href":"https:\/\/www.azur-scenic.com\/pt-pt\/wp-json\/wp\/v2\/types\/product"}],"wp:featuredmedia":[{"embeddable":true,"href":"https:\/\/www.azur-scenic.com\/pt-pt\/wp-json\/wp\/v2\/media\/14190"}],"wp:attachment":[{"href":"https:\/\/www.azur-scenic.com\/pt-pt\/wp-json\/wp\/v2\/media?parent=18823"}],"wp:term":[{"taxonomy":"product_brand","embeddable":true,"href":"https:\/\/www.azur-scenic.com\/pt-pt\/wp-json\/wp\/v2\/product_brand?post=18823"},{"taxonomy":"product_cat","embeddable":true,"href":"https:\/\/www.azur-scenic.com\/pt-pt\/wp-json\/wp\/v2\/product_cat?post=18823"},{"taxonomy":"product_tag","embeddable":true,"href":"https:\/\/www.azur-scenic.com\/pt-pt\/wp-json\/wp\/v2\/product_tag?post=18823"}],"curies":[{"name":"wp","href":"https:\/\/api.w.org\/{rel}","templated":true}]}}