{"id":18831,"date":"2022-10-04T07:25:41","date_gmt":"2022-10-04T07:25:41","guid":{"rendered":"https:\/\/www.azur-scenic.com\/produit\/toile-picasso\/"},"modified":"2023-08-02T13:23:37","modified_gmt":"2023-08-02T13:23:37","slug":"tela-picasso","status":"publish","type":"product","link":"https:\/\/www.azur-scenic.com\/pt-pt\/produto\/tela-picasso\/","title":{"rendered":"Tela Picasso"},"content":{"rendered":"<table>\n<thead>\n<tr>\n<th style=\"width: 170px;\">Dados t\u00e9cnicos<\/th>\n<th style=\"width: 97px;\">Valor<\/th>\n<th style=\"width: 262px;\">Coment\u00e1rio<\/th>\n<\/tr>\n<\/thead>\n<tbody>\n<tr>\n<td style=\"vertical-align: top;\">Largura<\/td>\n<td style=\"vertical-align: top; width: 97px;\">320 cm<br \/>\n420 cm<br \/>\n520 cm<br \/>\n620 cm<br \/>\n1000 cm<br \/>\n1200 cm<\/td>\n<td style=\"vertical-align: top; width: 262px;\">(Ref. 5801)<br \/>\n(Ref. 5201 a 5204)<br \/>\n(Ref. 5205 a 5208)<br \/>\n(Ref. 5301 a 5304)<br \/>\n(Ref. 5402 a 5404)<br \/>\n(Ref. 5405 a 5405)<\/td>\n<\/tr>\n<tr>\n<td style=\"vertical-align: top;\">Peso<\/td>\n<td style=\"vertical-align: top; width: 97px;\">200 g\/m\u00b2<\/td>\n<td style=\"vertical-align: top; width: 262px;\">\u00a0<\/td>\n<\/tr>\n<tr>\n<td style=\"vertical-align: top;\">Espessura<\/td>\n<td style=\"vertical-align: top; width: 97px;\">0,35 mm<\/td>\n<td style=\"vertical-align: top; width: 262px;\">\u00a0<\/td>\n<\/tr>\n<tr>\n<td style=\"vertical-align: top;\">Classifica\u00e7\u00e3o de rea\u00e7\u00e3o ao fogo<\/td>\n<td style=\"vertical-align: top; width: 97px;\"><img decoding=\"async\" style=\"height: 20px; width: 20px;\" src=\"https:\/\/www.azur-scenic.com\/wp-content\/uploads\/icon-flag-france.png?1542281963\" \/> M1<br \/>\n<img decoding=\"async\" style=\"height: 20px; width: 20px;\" src=\"https:\/\/www.azur-scenic.com\/wp-content\/uploads\/icon-flag-europe.png\" \/> C-s1,d0<br \/>\n<img decoding=\"async\" style=\"height: 20px; width: 20px;\" src=\"https:\/\/www.azur-scenic.com\/wp-content\/uploads\/icon-flag-allemagne.png\" \/> B1<\/td>\n<td style=\"vertical-align: top; width: 262px;\">Norma: NPF 92-503<br \/>\nNorma: EN 13501-1<br \/>\nNorma: DIN 4102<\/p>\n<p>Dispon\u00edvel em cru n\u00e3o ign\u00edfugo (todas as larguras) sob pedido (contacte-nos para saber os prazos de entrega).<\/p>\n<\/td>\n<\/tr>\n<tr>\n<td style=\"vertical-align: top;\">Composi\u00e7\u00e3o<\/td>\n<td style=\"vertical-align: top; width: 97px;\">100% algod\u00e3o<\/td>\n<td style=\"vertical-align: top; width: 262px;\">\u00a0<\/td>\n<\/tr>\n<tr>\n<td style=\"vertical-align: top;\">Comprimento do rolo<\/td>\n<td style=\"vertical-align: top; width: 97px;\">60 m (fardos)<\/td>\n<td style=\"vertical-align: top; width: 262px;\">Possibilidade de venda a retalho<\/td>\n<\/tr>\n<\/tbody>\n<\/table>\n<p>\u00a0<\/p><\/p>\n","protected":false},"excerpt":{"rendered":"<p>A <strong><span style=\"color: #f88523;\">tela de pintura<\/span><\/strong> por excel\u00eancia, com classifica\u00e7\u00e3o de resist\u00eancia ao fogo <span style=\"color: #f88523;\"><strong>M1<\/strong><\/span> (ign\u00edfuga), dispon\u00edvel numa ampla variedade de larguras para a cria\u00e7\u00e3o de <strong><span style=\"color: #f88523;\">telas de grandes dimens\u00f5es sem montagem<\/span><\/strong> (at\u00e9 12 m).<br \/>\n<strong><span style=\"color: #f88523;\">Econ\u00f3mica<\/span><\/strong>, esta tela \u00e9 <strong><span style=\"color: #f88523;\">multifuncional<\/span><\/strong>, uma vez que est\u00e1 perfeitamente adaptada \u00e0 realiza\u00e7\u00e3o de <span style=\"color: #f88523;\"><strong>cicloramas<\/strong><\/span> (alternativa ecol\u00f3gica e econ\u00f3mica, leve e facilmente manipul\u00e1vel aos cicloramas de PVC), de <span style=\"color: #f88523;\"><strong>refletores<\/strong><\/span>(excelente <span style=\"color: #f88523;\"><strong>difusor<\/strong><\/span>) ou mesmo como <span style=\"color: #f88523;\"><strong>cortinas<\/strong><\/span>, <span style=\"color: #f88523;\"><strong>adere\u00e7os<\/strong><\/span>&#8230;<br \/>\nPara al\u00e9m das suas ineg\u00e1veis qualidades como base para telas pintadas, \u00e9 tamb\u00e9m um excelente suporte para <span style=\"color: #f88523;\"><strong>proje\u00e7\u00e3o frontal<\/strong><\/span> e <strong><span style=\"color: #f88523;\">retroproje\u00e7\u00e3o<\/span><\/strong>.<br \/>\nFabricado em algod\u00e3o ign\u00edfugo, este tecido \u00e9 recomendado para utiliza\u00e7\u00e3o em ambientes interiores.<\/p>\n<p>\u00a0<\/p>\n<table class=\"table\" style=\"background: #f7f7f7;\">\n<tbody>\n<tr>\n<td><strong>Largura<\/strong>: 320 cm, 420 cm, 520 cm,<br \/>\n620 cm, 1000 cm, 1200 cm<\/td>\n<td><strong>Peso<\/strong>: 200 g\/m\u00b2<\/td>\n<\/tr>\n<tr>\n<td><strong>Classifica\u00e7\u00e3o de rea\u00e7\u00e3o ao fogo<\/strong>: <img decoding=\"async\" style=\"height: 20px; width: 20px;\" src=\"https:\/\/www.azur-scenic.com\/wp-content\/uploads\/icon-flag-france.png?1542281963\" \/> M1 <img decoding=\"async\" style=\"height: 20px; width: 20px;\" src=\"https:\/\/www.azur-scenic.com\/wp-content\/uploads\/icon-flag-europe.png\" \/> C-s1,d0<br \/>\n<img decoding=\"async\" style=\"height: 20px; width: 20px;\" src=\"https:\/\/www.azur-scenic.com\/wp-content\/uploads\/icon-flag-allemagne.png\" \/> B1<\/td>\n<td style=\"vertical-align: top;\"><strong>Composi\u00e7\u00e3o<\/strong>: 100% algod\u00e3o<\/td>\n<\/tr>\n<\/tbody>\n<\/table>\n","protected":false},"featured_media":14202,"template":"","meta":{"_acf_changed":false},"product_brand":[],"product_cat":[921,916,1341,1342,920],"product_tag":[],"class_list":{"0":"post-18831","1":"product","2":"type-product","3":"status-publish","4":"has-post-thumbnail","6":"product_cat-todos-os-produtos","7":"product_cat-texteis-cenicos-e-para-eventos","8":"product_cat-telas-para-pintar-e-telas-de-insercao-chroma-key","9":"product_cat-telas-para-pintar","10":"product_cat-teatro","11":"pa_couleurs-001-es","12":"pa_couleurs-002-es","13":"pa_couleurs-003-es","14":"pa_groupes-de-couleurs-branco","15":"pa_groupes-de-couleurs-cru","16":"pa_groupes-de-couleurs-negro","17":"pa_textiles-classificacao-de-reacao-ao-fogo-ignifugo","18":"pa_textiles-projecao-frontal","19":"pa_textiles-retroprojecao","20":"pa_textiles-larguras-muito-grandes","21":"pa_textiles-ecologico","22":"pa_textiles-economico","24":"first","25":"instock","26":"shipping-taxable","27":"purchasable","28":"product-type-variable"},"acf":[],"yoast_head":"<!-- This site is optimized with the Yoast SEO plugin v27.3 - https:\/\/yoast.com\/product\/yoast-seo-wordpress\/ -->\n<title>Tela Picasso - Azur Scenic<\/title>\n<meta name=\"robots\" content=\"index, follow, max-snippet:-1, max-image-preview:large, max-video-preview:-1\" \/>\n<link rel=\"canonical\" href=\"https:\/\/www.azur-scenic.com\/pt-pt\/produto\/tela-picasso\/\" \/>\n<meta property=\"og:locale\" content=\"pt_PT\" \/>\n<meta property=\"og:type\" content=\"article\" \/>\n<meta property=\"og:title\" content=\"Tela Picasso - Azur Scenic\" \/>\n<meta property=\"og:description\" content=\"A tela de pintura por excel\u00eancia, com classifica\u00e7\u00e3o de resist\u00eancia ao fogo M1 (ign\u00edfuga), dispon\u00edvel numa ampla variedade de larguras para a cria\u00e7\u00e3o de telas de grandes dimens\u00f5es sem montagem (at\u00e9 12 m). Econ\u00f3mica, esta tela \u00e9 multifuncional, uma vez que est\u00e1 perfeitamente adaptada \u00e0 realiza\u00e7\u00e3o de cicloramas (alternativa ecol\u00f3gica e econ\u00f3mica, leve e facilmente manipul\u00e1vel aos cicloramas de PVC), de refletores(excelente difusor) ou mesmo como cortinas, adere\u00e7os... Para al\u00e9m das suas ineg\u00e1veis qualidades como base para telas pintadas, \u00e9 tamb\u00e9m um excelente suporte para proje\u00e7\u00e3o frontal e retroproje\u00e7\u00e3o. Fabricado em algod\u00e3o ign\u00edfugo, este tecido \u00e9 recomendado para utiliza\u00e7\u00e3o em ambientes interiores. \u00a0  Largura: 320 cm, 420 cm, 520 cm, 620 cm, 1000 cm, 1200 cm Peso: 200 g\/m\u00b2  Classifica\u00e7\u00e3o de rea\u00e7\u00e3o ao fogo: M1 C-s1,d0 B1 Composi\u00e7\u00e3o: 100% algod\u00e3o\" \/>\n<meta property=\"og:url\" content=\"https:\/\/www.azur-scenic.com\/pt-pt\/produto\/tela-picasso\/\" \/>\n<meta property=\"og:site_name\" content=\"Azur Scenic\" \/>\n<meta property=\"article:modified_time\" content=\"2023-08-02T13:23:37+00:00\" \/>\n<meta property=\"og:image\" content=\"https:\/\/www.azur-scenic.com\/wp-content\/uploads\/Toile-Picasso-Blanc-scaled.jpg\" \/>\n\t<meta property=\"og:image:width\" content=\"2560\" \/>\n\t<meta property=\"og:image:height\" content=\"2560\" \/>\n\t<meta property=\"og:image:type\" content=\"image\/jpeg\" \/>\n<meta name=\"twitter:card\" content=\"summary_large_image\" \/>\n<script type=\"application\/ld+json\" class=\"yoast-schema-graph\">{\"@context\":\"https:\\\/\\\/schema.org\",\"@graph\":[{\"@type\":\"WebPage\",\"@id\":\"https:\\\/\\\/www.azur-scenic.com\\\/pt-pt\\\/produto\\\/tela-picasso\\\/\",\"url\":\"https:\\\/\\\/www.azur-scenic.com\\\/pt-pt\\\/produto\\\/tela-picasso\\\/\",\"name\":\"Tela Picasso - Azur Scenic\",\"isPartOf\":{\"@id\":\"https:\\\/\\\/www.azur-scenic.com\\\/pt-pt\\\/#website\"},\"primaryImageOfPage\":{\"@id\":\"https:\\\/\\\/www.azur-scenic.com\\\/pt-pt\\\/produto\\\/tela-picasso\\\/#primaryimage\"},\"image\":{\"@id\":\"https:\\\/\\\/www.azur-scenic.com\\\/pt-pt\\\/produto\\\/tela-picasso\\\/#primaryimage\"},\"thumbnailUrl\":\"https:\\\/\\\/www.azur-scenic.com\\\/wp-content\\\/uploads\\\/Toile-Picasso-Blanc-scaled.jpg\",\"datePublished\":\"2022-10-04T07:25:41+00:00\",\"dateModified\":\"2023-08-02T13:23:37+00:00\",\"breadcrumb\":{\"@id\":\"https:\\\/\\\/www.azur-scenic.com\\\/pt-pt\\\/produto\\\/tela-picasso\\\/#breadcrumb\"},\"inLanguage\":\"pt-PT\",\"potentialAction\":[{\"@type\":\"ReadAction\",\"target\":[\"https:\\\/\\\/www.azur-scenic.com\\\/pt-pt\\\/produto\\\/tela-picasso\\\/\"]}]},{\"@type\":\"ImageObject\",\"inLanguage\":\"pt-PT\",\"@id\":\"https:\\\/\\\/www.azur-scenic.com\\\/pt-pt\\\/produto\\\/tela-picasso\\\/#primaryimage\",\"url\":\"https:\\\/\\\/www.azur-scenic.com\\\/wp-content\\\/uploads\\\/Toile-Picasso-Blanc-scaled.jpg\",\"contentUrl\":\"https:\\\/\\\/www.azur-scenic.com\\\/wp-content\\\/uploads\\\/Toile-Picasso-Blanc-scaled.jpg\",\"width\":2560,\"height\":2560,\"caption\":\"Toile Picasso Blanc\"},{\"@type\":\"BreadcrumbList\",\"@id\":\"https:\\\/\\\/www.azur-scenic.com\\\/pt-pt\\\/produto\\\/tela-picasso\\\/#breadcrumb\",\"itemListElement\":[{\"@type\":\"ListItem\",\"position\":1,\"name\":\"Accueil\",\"item\":\"https:\\\/\\\/www.azur-scenic.com\\\/pt-pt\\\/\"},{\"@type\":\"ListItem\",\"position\":2,\"name\":\"Produits\",\"item\":\"https:\\\/\\\/www.azur-scenic.com\\\/pt-pt\\\/?page_id=21439\"},{\"@type\":\"ListItem\",\"position\":3,\"name\":\"Tela Picasso\"}]},{\"@type\":\"WebSite\",\"@id\":\"https:\\\/\\\/www.azur-scenic.com\\\/pt-pt\\\/#website\",\"url\":\"https:\\\/\\\/www.azur-scenic.com\\\/pt-pt\\\/\",\"name\":\"Azur Scenic\",\"description\":\"Sp\u00e9cialiste de l\u2019\u00e9quipement sc\u00e9nique et de la d\u00e9coration int\u00e9rieure et \u00e9v\u00e9nementielle !\",\"publisher\":{\"@id\":\"https:\\\/\\\/www.azur-scenic.com\\\/pt-pt\\\/#organization\"},\"potentialAction\":[{\"@type\":\"SearchAction\",\"target\":{\"@type\":\"EntryPoint\",\"urlTemplate\":\"https:\\\/\\\/www.azur-scenic.com\\\/pt-pt\\\/?s={search_term_string}\"},\"query-input\":{\"@type\":\"PropertyValueSpecification\",\"valueRequired\":true,\"valueName\":\"search_term_string\"}}],\"inLanguage\":\"pt-PT\"},{\"@type\":\"Organization\",\"@id\":\"https:\\\/\\\/www.azur-scenic.com\\\/pt-pt\\\/#organization\",\"name\":\"AZUR SCENIC\",\"url\":\"https:\\\/\\\/www.azur-scenic.com\\\/pt-pt\\\/\",\"logo\":{\"@type\":\"ImageObject\",\"inLanguage\":\"pt-PT\",\"@id\":\"https:\\\/\\\/www.azur-scenic.com\\\/pt-pt\\\/#\\\/schema\\\/logo\\\/image\\\/\",\"url\":\"https:\\\/\\\/www.azur-scenic.com\\\/wp-content\\\/uploads\\\/2022\\\/09\\\/LOGO-AZUR-SCENIC-Fusion-web-236x64-1.jpg\",\"contentUrl\":\"https:\\\/\\\/www.azur-scenic.com\\\/wp-content\\\/uploads\\\/2022\\\/09\\\/LOGO-AZUR-SCENIC-Fusion-web-236x64-1.jpg\",\"width\":236,\"height\":64,\"caption\":\"AZUR SCENIC\"},\"image\":{\"@id\":\"https:\\\/\\\/www.azur-scenic.com\\\/pt-pt\\\/#\\\/schema\\\/logo\\\/image\\\/\"},\"sameAs\":[\"https:\\\/\\\/www.youtube.com\\\/channel\\\/UCPWM2mGPVUt4nYhNlm71WOA\",\"https:\\\/\\\/www.linkedin.com\\\/company\\\/33237605\\\/admin\\\/feed\\\/posts\\\/\"]}]}<\/script>\n<!-- \/ Yoast SEO plugin. -->","yoast_head_json":{"title":"Tela Picasso - Azur Scenic","robots":{"index":"index","follow":"follow","max-snippet":"max-snippet:-1","max-image-preview":"max-image-preview:large","max-video-preview":"max-video-preview:-1"},"canonical":"https:\/\/www.azur-scenic.com\/pt-pt\/produto\/tela-picasso\/","og_locale":"pt_PT","og_type":"article","og_title":"Tela Picasso - Azur Scenic","og_description":"A tela de pintura por excel\u00eancia, com classifica\u00e7\u00e3o de resist\u00eancia ao fogo M1 (ign\u00edfuga), dispon\u00edvel numa ampla variedade de larguras para a cria\u00e7\u00e3o de telas de grandes dimens\u00f5es sem montagem (at\u00e9 12 m). Econ\u00f3mica, esta tela \u00e9 multifuncional, uma vez que est\u00e1 perfeitamente adaptada \u00e0 realiza\u00e7\u00e3o de cicloramas (alternativa ecol\u00f3gica e econ\u00f3mica, leve e facilmente manipul\u00e1vel aos cicloramas de PVC), de refletores(excelente difusor) ou mesmo como cortinas, adere\u00e7os... Para al\u00e9m das suas ineg\u00e1veis qualidades como base para telas pintadas, \u00e9 tamb\u00e9m um excelente suporte para proje\u00e7\u00e3o frontal e retroproje\u00e7\u00e3o. Fabricado em algod\u00e3o ign\u00edfugo, este tecido \u00e9 recomendado para utiliza\u00e7\u00e3o em ambientes interiores. \u00a0  Largura: 320 cm, 420 cm, 520 cm, 620 cm, 1000 cm, 1200 cm Peso: 200 g\/m\u00b2  Classifica\u00e7\u00e3o de rea\u00e7\u00e3o ao fogo: M1 C-s1,d0 B1 Composi\u00e7\u00e3o: 100% algod\u00e3o","og_url":"https:\/\/www.azur-scenic.com\/pt-pt\/produto\/tela-picasso\/","og_site_name":"Azur Scenic","article_modified_time":"2023-08-02T13:23:37+00:00","og_image":[{"width":2560,"height":2560,"url":"https:\/\/www.azur-scenic.com\/wp-content\/uploads\/Toile-Picasso-Blanc-scaled.jpg","type":"image\/jpeg"}],"twitter_card":"summary_large_image","schema":{"@context":"https:\/\/schema.org","@graph":[{"@type":"WebPage","@id":"https:\/\/www.azur-scenic.com\/pt-pt\/produto\/tela-picasso\/","url":"https:\/\/www.azur-scenic.com\/pt-pt\/produto\/tela-picasso\/","name":"Tela Picasso - Azur Scenic","isPartOf":{"@id":"https:\/\/www.azur-scenic.com\/pt-pt\/#website"},"primaryImageOfPage":{"@id":"https:\/\/www.azur-scenic.com\/pt-pt\/produto\/tela-picasso\/#primaryimage"},"image":{"@id":"https:\/\/www.azur-scenic.com\/pt-pt\/produto\/tela-picasso\/#primaryimage"},"thumbnailUrl":"https:\/\/www.azur-scenic.com\/wp-content\/uploads\/Toile-Picasso-Blanc-scaled.jpg","datePublished":"2022-10-04T07:25:41+00:00","dateModified":"2023-08-02T13:23:37+00:00","breadcrumb":{"@id":"https:\/\/www.azur-scenic.com\/pt-pt\/produto\/tela-picasso\/#breadcrumb"},"inLanguage":"pt-PT","potentialAction":[{"@type":"ReadAction","target":["https:\/\/www.azur-scenic.com\/pt-pt\/produto\/tela-picasso\/"]}]},{"@type":"ImageObject","inLanguage":"pt-PT","@id":"https:\/\/www.azur-scenic.com\/pt-pt\/produto\/tela-picasso\/#primaryimage","url":"https:\/\/www.azur-scenic.com\/wp-content\/uploads\/Toile-Picasso-Blanc-scaled.jpg","contentUrl":"https:\/\/www.azur-scenic.com\/wp-content\/uploads\/Toile-Picasso-Blanc-scaled.jpg","width":2560,"height":2560,"caption":"Toile Picasso Blanc"},{"@type":"BreadcrumbList","@id":"https:\/\/www.azur-scenic.com\/pt-pt\/produto\/tela-picasso\/#breadcrumb","itemListElement":[{"@type":"ListItem","position":1,"name":"Accueil","item":"https:\/\/www.azur-scenic.com\/pt-pt\/"},{"@type":"ListItem","position":2,"name":"Produits","item":"https:\/\/www.azur-scenic.com\/pt-pt\/?page_id=21439"},{"@type":"ListItem","position":3,"name":"Tela Picasso"}]},{"@type":"WebSite","@id":"https:\/\/www.azur-scenic.com\/pt-pt\/#website","url":"https:\/\/www.azur-scenic.com\/pt-pt\/","name":"Azur Scenic","description":"Sp\u00e9cialiste de l\u2019\u00e9quipement sc\u00e9nique et de la d\u00e9coration int\u00e9rieure et \u00e9v\u00e9nementielle !","publisher":{"@id":"https:\/\/www.azur-scenic.com\/pt-pt\/#organization"},"potentialAction":[{"@type":"SearchAction","target":{"@type":"EntryPoint","urlTemplate":"https:\/\/www.azur-scenic.com\/pt-pt\/?s={search_term_string}"},"query-input":{"@type":"PropertyValueSpecification","valueRequired":true,"valueName":"search_term_string"}}],"inLanguage":"pt-PT"},{"@type":"Organization","@id":"https:\/\/www.azur-scenic.com\/pt-pt\/#organization","name":"AZUR SCENIC","url":"https:\/\/www.azur-scenic.com\/pt-pt\/","logo":{"@type":"ImageObject","inLanguage":"pt-PT","@id":"https:\/\/www.azur-scenic.com\/pt-pt\/#\/schema\/logo\/image\/","url":"https:\/\/www.azur-scenic.com\/wp-content\/uploads\/2022\/09\/LOGO-AZUR-SCENIC-Fusion-web-236x64-1.jpg","contentUrl":"https:\/\/www.azur-scenic.com\/wp-content\/uploads\/2022\/09\/LOGO-AZUR-SCENIC-Fusion-web-236x64-1.jpg","width":236,"height":64,"caption":"AZUR SCENIC"},"image":{"@id":"https:\/\/www.azur-scenic.com\/pt-pt\/#\/schema\/logo\/image\/"},"sameAs":["https:\/\/www.youtube.com\/channel\/UCPWM2mGPVUt4nYhNlm71WOA","https:\/\/www.linkedin.com\/company\/33237605\/admin\/feed\/posts\/"]}]}},"_links":{"self":[{"href":"https:\/\/www.azur-scenic.com\/pt-pt\/wp-json\/wp\/v2\/product\/18831","targetHints":{"allow":["GET"]}}],"collection":[{"href":"https:\/\/www.azur-scenic.com\/pt-pt\/wp-json\/wp\/v2\/product"}],"about":[{"href":"https:\/\/www.azur-scenic.com\/pt-pt\/wp-json\/wp\/v2\/types\/product"}],"wp:featuredmedia":[{"embeddable":true,"href":"https:\/\/www.azur-scenic.com\/pt-pt\/wp-json\/wp\/v2\/media\/14202"}],"wp:attachment":[{"href":"https:\/\/www.azur-scenic.com\/pt-pt\/wp-json\/wp\/v2\/media?parent=18831"}],"wp:term":[{"taxonomy":"product_brand","embeddable":true,"href":"https:\/\/www.azur-scenic.com\/pt-pt\/wp-json\/wp\/v2\/product_brand?post=18831"},{"taxonomy":"product_cat","embeddable":true,"href":"https:\/\/www.azur-scenic.com\/pt-pt\/wp-json\/wp\/v2\/product_cat?post=18831"},{"taxonomy":"product_tag","embeddable":true,"href":"https:\/\/www.azur-scenic.com\/pt-pt\/wp-json\/wp\/v2\/product_tag?post=18831"}],"curies":[{"name":"wp","href":"https:\/\/api.w.org\/{rel}","templated":true}]}}