{"id":18869,"date":"2022-10-04T07:25:41","date_gmt":"2022-10-04T07:25:41","guid":{"rendered":"https:\/\/www.azur-scenic.com\/produit\/lame-froisse\/"},"modified":"2023-08-02T13:23:30","modified_gmt":"2023-08-02T13:23:30","slug":"tecido-laminado-enrugado-lame","status":"publish","type":"product","link":"https:\/\/www.azur-scenic.com\/pt-pt\/produto\/tecido-laminado-enrugado-lame\/","title":{"rendered":"Tecido Laminado Enrugado (Lam\u00ea)"},"content":{"rendered":"<table>\n<thead>\n<tr>\n<th style=\"width: 170px;\">Dados t\u00e9cnicos<\/th>\n<th style=\"width: 77px;\">Valor<\/th>\n<th style=\"width: 282px;\">Coment\u00e1rio<\/th>\n<\/tr>\n<\/thead>\n<tbody>\n<tr>\n<td style=\"vertical-align: top;\">Largura<\/td>\n<td style=\"vertical-align: top; width: 77px;\">260 cm<\/td>\n<td style=\"vertical-align: top; width: 282px;\">\u00a0<\/td>\n<\/tr>\n<tr>\n<td style=\"vertical-align: top;\">Peso<\/td>\n<td style=\"vertical-align: top; width: 77px;\">60 g\/m\u00b2<\/td>\n<td style=\"vertical-align: top; width: 282px;\">\u00a0<\/td>\n<\/tr>\n<tr>\n<td style=\"vertical-align: top;\">Espessura<\/td>\n<td style=\"vertical-align: top; width: 77px;\">0,15 mm<\/td>\n<td style=\"vertical-align: top; width: 282px;\">Espessura do tecido indicada sem relevo de vincos<\/td>\n<\/tr>\n<tr>\n<td style=\"vertical-align: top;\">Classifica\u00e7\u00e3o de rea\u00e7\u00e3o ao fogo<\/td>\n<td style=\"vertical-align: top; width: 77px;\"><img decoding=\"async\" style=\"height: 20px; width: 20px;\" src=\"https:\/\/www.azur-scenic.com\/wp-content\/uploads\/csm_icon-flag-france_3304e5e3f9.png\" \/> M1<\/td>\n<td style=\"vertical-align: top; width: 282px;\">ARTIGO PARA EVENTOS:<br \/>\nDurabilidade da classifica\u00e7\u00e3o limitada a 12 meses a partir da sua aplica\u00e7\u00e3o num estabelecimento regulamentado.<\/td>\n<\/tr>\n<tr>\n<td style=\"vertical-align: top;\">Composi\u00e7\u00e3o<\/td>\n<td style=\"vertical-align: top;\" colspan=\"2\" rowspan=\"1\">100% Poli\u00e9ster<\/td>\n<\/tr>\n<tr>\n<td style=\"vertical-align: top;\">Comprimento do rolo<\/td>\n<td style=\"vertical-align: top; width: 77px;\">55 m<\/td>\n<td style=\"vertical-align: top; width: 282px;\">Rolo de largura completa<br \/>\nPossibilidade de venda a retalho<\/td>\n<\/tr>\n<\/tbody>\n<\/table>\n<p>\u00a0<\/p><\/p>\n","protected":false},"excerpt":{"rendered":"<p>Ainda classificados <strong><span style=\"color: #f88523;\">M1 de rea\u00e7\u00e3o ao fogo (ign\u00edfugo)<\/span><\/strong>, os nossos 2 incontorn\u00e1veis <span style=\"color: #f88523;\"><strong>v\u00e9us met\u00e1licos<\/strong><\/span> em ouro e prata (Saturno e Gal\u00e1xia) s\u00e3o aqui propostos numa vers\u00e3o original com um <strong><span style=\"color: #f88523;\">acabamento enrugado<\/span><\/strong>.<br \/>\nAs rugas s\u00e3o efetuadas numa m\u00e1quina segundo um processo especial que lhe permite manter este aspeto plissado a longo prazo.<br \/>\nOferecemos 2 vers\u00f5es deste tecido, dependendo do efeito desejado:<br \/>\n<strong><span style=\"color: #f88523;\">\u2022Laminado enrugado (Lam\u00ea) 50%<\/span><\/strong>: a sua composi\u00e7\u00e3o de 50% de Lurex\u00ae e 50% de fios transl\u00facidos confere-lhe um aspeto cintilante combinado com uma <strong><span style=\"color: #f88523;\">intensa transpar\u00eancia<\/span><\/strong>.<br \/>\n<span style=\"color: #f88523;\"><strong>\u2022Laminado enrugado (Lam\u00ea) 100%<\/strong><\/span>: a sua composi\u00e7\u00e3o de 100% de Lurex\u00ae confere-lhe um aspeto met\u00e1lico combinado com uma <strong><span style=\"color: #f88523;\">transpar\u00eancia moderada<\/span><\/strong>.<br \/>\nEste tecido inusitado pode ser utilizado para <span style=\"color: #f88523;\"><strong>decora\u00e7\u00f5es<\/strong><\/span> festivas, <span style=\"color: #f88523;\"><strong>cria\u00e7\u00e3o de cen\u00e1rios de palco<\/strong><\/span>, confe\u00e7\u00e3o de <span style=\"color: #f88523;\"><strong>cortinas<\/strong><\/span> e tape\u00e7arias&#8230;<br \/>\n<span style=\"color: #f88523;\"><strong>Jogue com a luz <\/strong><\/span>para dar uma tonalidade diferente a cada faceta das pregas e fa\u00e7a do seu <span style=\"color: #f88523;\"><strong>pano de fundo<\/strong><\/span> uma <span style=\"color: #f88523;\"><strong>tela vers\u00e1til e \u00fanica<\/strong><\/span>!<br \/>\nFabricado em poli\u00e9ster ign\u00edfugo, este t\u00eaxtil \u00e9 recomendado para utiliza\u00e7\u00e3o em ambientes ao abrigo de intemp\u00e9ries.<\/p>\n<table class=\"table\" style=\"background: #f7f7f7;\">\n<tbody>\n<tr>\n<td><strong>Largura<\/strong>: 260 cm<\/td>\n<td><strong>Peso<\/strong>: 60 g\/m\u00b2<\/td>\n<\/tr>\n<tr>\n<td><strong>Classifica\u00e7\u00e3o de rea\u00e7\u00e3o ao fogo<\/strong>: <img decoding=\"async\" style=\"height: 20px; width: 20px;\" src=\"https:\/\/www.azur-scenic.com\/wp-content\/uploads\/csm_icon-flag-france_3304e5e3f9.png\" \/> M1<\/td>\n<td style=\"vertical-align: top;\"><strong>Composi\u00e7\u00e3o<\/strong>: 100% Poli\u00e9ster<\/td>\n<\/tr>\n<\/tbody>\n<\/table>\n","protected":false},"featured_media":15082,"template":"","meta":{"_acf_changed":false},"product_brand":[],"product_cat":[921,916,1343,1357,1358],"product_tag":[],"class_list":{"0":"post-18869","1":"product","2":"type-product","3":"status-publish","4":"has-post-thumbnail","6":"product_cat-todos-os-produtos","7":"product_cat-texteis-cenicos-e-para-eventos","8":"product_cat-veus-e-tecidos-leves","9":"product_cat-veus","10":"product_cat-tecidos-metalizados","11":"pa_couleurs-090-100-es","12":"pa_couleurs-092-100-es","13":"pa_groupes-de-couleurs-cinzento","14":"pa_groupes-de-couleurs-amarelos","15":"pa_textiles-brilhantes-lacados-e-metalicos","16":"pa_textiles-classificacao-de-reacao-ao-fogo-ignifugo","17":"pa_textiles-transparentes-e-translucidos","19":"first","20":"instock","21":"shipping-taxable","22":"purchasable","23":"product-type-variable"},"acf":[],"yoast_head":"<!-- This site is optimized with the Yoast SEO plugin v27.3 - https:\/\/yoast.com\/product\/yoast-seo-wordpress\/ -->\n<title>Tecido Laminado Enrugado (Lam\u00ea) - Azur Scenic<\/title>\n<meta name=\"robots\" content=\"index, follow, max-snippet:-1, max-image-preview:large, max-video-preview:-1\" \/>\n<link rel=\"canonical\" href=\"https:\/\/www.azur-scenic.com\/pt-pt\/produto\/tecido-laminado-enrugado-lame\/\" \/>\n<meta property=\"og:locale\" content=\"pt_PT\" \/>\n<meta property=\"og:type\" content=\"article\" \/>\n<meta property=\"og:title\" content=\"Tecido Laminado Enrugado (Lam\u00ea) - Azur Scenic\" \/>\n<meta property=\"og:description\" content=\"Ainda classificados M1 de rea\u00e7\u00e3o ao fogo (ign\u00edfugo), os nossos 2 incontorn\u00e1veis v\u00e9us met\u00e1licos em ouro e prata (Saturno e Gal\u00e1xia) s\u00e3o aqui propostos numa vers\u00e3o original com um acabamento enrugado. As rugas s\u00e3o efetuadas numa m\u00e1quina segundo um processo especial que lhe permite manter este aspeto plissado a longo prazo. Oferecemos 2 vers\u00f5es deste tecido, dependendo do efeito desejado: \u2022Laminado enrugado (Lam\u00ea) 50%: a sua composi\u00e7\u00e3o de 50% de Lurex\u00ae e 50% de fios transl\u00facidos confere-lhe um aspeto cintilante combinado com uma intensa transpar\u00eancia. \u2022Laminado enrugado (Lam\u00ea) 100%: a sua composi\u00e7\u00e3o de 100% de Lurex\u00ae confere-lhe um aspeto met\u00e1lico combinado com uma transpar\u00eancia moderada. Este tecido inusitado pode ser utilizado para decora\u00e7\u00f5es festivas, cria\u00e7\u00e3o de cen\u00e1rios de palco, confe\u00e7\u00e3o de cortinas e tape\u00e7arias... Jogue com a luz para dar uma tonalidade diferente a cada faceta das pregas e fa\u00e7a do seu pano de fundo uma tela vers\u00e1til e \u00fanica! Fabricado em poli\u00e9ster ign\u00edfugo, este t\u00eaxtil \u00e9 recomendado para utiliza\u00e7\u00e3o em ambientes ao abrigo de intemp\u00e9ries.  Largura: 260 cm Peso: 60 g\/m\u00b2  Classifica\u00e7\u00e3o de rea\u00e7\u00e3o ao fogo: M1 Composi\u00e7\u00e3o: 100% Poli\u00e9ster\" \/>\n<meta property=\"og:url\" content=\"https:\/\/www.azur-scenic.com\/pt-pt\/produto\/tecido-laminado-enrugado-lame\/\" \/>\n<meta property=\"og:site_name\" content=\"Azur Scenic\" \/>\n<meta property=\"article:modified_time\" content=\"2023-08-02T13:23:30+00:00\" \/>\n<meta property=\"og:image\" content=\"https:\/\/www.azur-scenic.com\/wp-content\/uploads\/LAME-FROISSE-ARGENT-scaled.jpg\" \/>\n\t<meta property=\"og:image:width\" content=\"2560\" \/>\n\t<meta property=\"og:image:height\" content=\"2560\" \/>\n\t<meta property=\"og:image:type\" content=\"image\/jpeg\" \/>\n<meta name=\"twitter:card\" content=\"summary_large_image\" \/>\n<script type=\"application\/ld+json\" class=\"yoast-schema-graph\">{\"@context\":\"https:\\\/\\\/schema.org\",\"@graph\":[{\"@type\":\"WebPage\",\"@id\":\"https:\\\/\\\/www.azur-scenic.com\\\/pt-pt\\\/produto\\\/tecido-laminado-enrugado-lame\\\/\",\"url\":\"https:\\\/\\\/www.azur-scenic.com\\\/pt-pt\\\/produto\\\/tecido-laminado-enrugado-lame\\\/\",\"name\":\"Tecido Laminado Enrugado (Lam\u00ea) - Azur Scenic\",\"isPartOf\":{\"@id\":\"https:\\\/\\\/www.azur-scenic.com\\\/pt-pt\\\/#website\"},\"primaryImageOfPage\":{\"@id\":\"https:\\\/\\\/www.azur-scenic.com\\\/pt-pt\\\/produto\\\/tecido-laminado-enrugado-lame\\\/#primaryimage\"},\"image\":{\"@id\":\"https:\\\/\\\/www.azur-scenic.com\\\/pt-pt\\\/produto\\\/tecido-laminado-enrugado-lame\\\/#primaryimage\"},\"thumbnailUrl\":\"https:\\\/\\\/www.azur-scenic.com\\\/wp-content\\\/uploads\\\/LAME-FROISSE-ARGENT-scaled.jpg\",\"datePublished\":\"2022-10-04T07:25:41+00:00\",\"dateModified\":\"2023-08-02T13:23:30+00:00\",\"breadcrumb\":{\"@id\":\"https:\\\/\\\/www.azur-scenic.com\\\/pt-pt\\\/produto\\\/tecido-laminado-enrugado-lame\\\/#breadcrumb\"},\"inLanguage\":\"pt-PT\",\"potentialAction\":[{\"@type\":\"ReadAction\",\"target\":[\"https:\\\/\\\/www.azur-scenic.com\\\/pt-pt\\\/produto\\\/tecido-laminado-enrugado-lame\\\/\"]}]},{\"@type\":\"ImageObject\",\"inLanguage\":\"pt-PT\",\"@id\":\"https:\\\/\\\/www.azur-scenic.com\\\/pt-pt\\\/produto\\\/tecido-laminado-enrugado-lame\\\/#primaryimage\",\"url\":\"https:\\\/\\\/www.azur-scenic.com\\\/wp-content\\\/uploads\\\/LAME-FROISSE-ARGENT-scaled.jpg\",\"contentUrl\":\"https:\\\/\\\/www.azur-scenic.com\\\/wp-content\\\/uploads\\\/LAME-FROISSE-ARGENT-scaled.jpg\",\"width\":2560,\"height\":2560,\"caption\":\"LAME FROISSE ARGENT\"},{\"@type\":\"BreadcrumbList\",\"@id\":\"https:\\\/\\\/www.azur-scenic.com\\\/pt-pt\\\/produto\\\/tecido-laminado-enrugado-lame\\\/#breadcrumb\",\"itemListElement\":[{\"@type\":\"ListItem\",\"position\":1,\"name\":\"Accueil\",\"item\":\"https:\\\/\\\/www.azur-scenic.com\\\/pt-pt\\\/\"},{\"@type\":\"ListItem\",\"position\":2,\"name\":\"Produits\",\"item\":\"https:\\\/\\\/www.azur-scenic.com\\\/pt-pt\\\/?page_id=21439\"},{\"@type\":\"ListItem\",\"position\":3,\"name\":\"Tecido Laminado Enrugado (Lam\u00ea)\"}]},{\"@type\":\"WebSite\",\"@id\":\"https:\\\/\\\/www.azur-scenic.com\\\/pt-pt\\\/#website\",\"url\":\"https:\\\/\\\/www.azur-scenic.com\\\/pt-pt\\\/\",\"name\":\"Azur Scenic\",\"description\":\"Sp\u00e9cialiste de l\u2019\u00e9quipement sc\u00e9nique et de la d\u00e9coration int\u00e9rieure et \u00e9v\u00e9nementielle !\",\"publisher\":{\"@id\":\"https:\\\/\\\/www.azur-scenic.com\\\/pt-pt\\\/#organization\"},\"potentialAction\":[{\"@type\":\"SearchAction\",\"target\":{\"@type\":\"EntryPoint\",\"urlTemplate\":\"https:\\\/\\\/www.azur-scenic.com\\\/pt-pt\\\/?s={search_term_string}\"},\"query-input\":{\"@type\":\"PropertyValueSpecification\",\"valueRequired\":true,\"valueName\":\"search_term_string\"}}],\"inLanguage\":\"pt-PT\"},{\"@type\":\"Organization\",\"@id\":\"https:\\\/\\\/www.azur-scenic.com\\\/pt-pt\\\/#organization\",\"name\":\"AZUR SCENIC\",\"url\":\"https:\\\/\\\/www.azur-scenic.com\\\/pt-pt\\\/\",\"logo\":{\"@type\":\"ImageObject\",\"inLanguage\":\"pt-PT\",\"@id\":\"https:\\\/\\\/www.azur-scenic.com\\\/pt-pt\\\/#\\\/schema\\\/logo\\\/image\\\/\",\"url\":\"https:\\\/\\\/www.azur-scenic.com\\\/wp-content\\\/uploads\\\/2022\\\/09\\\/LOGO-AZUR-SCENIC-Fusion-web-236x64-1.jpg\",\"contentUrl\":\"https:\\\/\\\/www.azur-scenic.com\\\/wp-content\\\/uploads\\\/2022\\\/09\\\/LOGO-AZUR-SCENIC-Fusion-web-236x64-1.jpg\",\"width\":236,\"height\":64,\"caption\":\"AZUR SCENIC\"},\"image\":{\"@id\":\"https:\\\/\\\/www.azur-scenic.com\\\/pt-pt\\\/#\\\/schema\\\/logo\\\/image\\\/\"},\"sameAs\":[\"https:\\\/\\\/www.youtube.com\\\/channel\\\/UCPWM2mGPVUt4nYhNlm71WOA\",\"https:\\\/\\\/www.linkedin.com\\\/company\\\/33237605\\\/admin\\\/feed\\\/posts\\\/\"]}]}<\/script>\n<!-- \/ Yoast SEO plugin. -->","yoast_head_json":{"title":"Tecido Laminado Enrugado (Lam\u00ea) - Azur Scenic","robots":{"index":"index","follow":"follow","max-snippet":"max-snippet:-1","max-image-preview":"max-image-preview:large","max-video-preview":"max-video-preview:-1"},"canonical":"https:\/\/www.azur-scenic.com\/pt-pt\/produto\/tecido-laminado-enrugado-lame\/","og_locale":"pt_PT","og_type":"article","og_title":"Tecido Laminado Enrugado (Lam\u00ea) - Azur Scenic","og_description":"Ainda classificados M1 de rea\u00e7\u00e3o ao fogo (ign\u00edfugo), os nossos 2 incontorn\u00e1veis v\u00e9us met\u00e1licos em ouro e prata (Saturno e Gal\u00e1xia) s\u00e3o aqui propostos numa vers\u00e3o original com um acabamento enrugado. As rugas s\u00e3o efetuadas numa m\u00e1quina segundo um processo especial que lhe permite manter este aspeto plissado a longo prazo. Oferecemos 2 vers\u00f5es deste tecido, dependendo do efeito desejado: \u2022Laminado enrugado (Lam\u00ea) 50%: a sua composi\u00e7\u00e3o de 50% de Lurex\u00ae e 50% de fios transl\u00facidos confere-lhe um aspeto cintilante combinado com uma intensa transpar\u00eancia. \u2022Laminado enrugado (Lam\u00ea) 100%: a sua composi\u00e7\u00e3o de 100% de Lurex\u00ae confere-lhe um aspeto met\u00e1lico combinado com uma transpar\u00eancia moderada. Este tecido inusitado pode ser utilizado para decora\u00e7\u00f5es festivas, cria\u00e7\u00e3o de cen\u00e1rios de palco, confe\u00e7\u00e3o de cortinas e tape\u00e7arias... Jogue com a luz para dar uma tonalidade diferente a cada faceta das pregas e fa\u00e7a do seu pano de fundo uma tela vers\u00e1til e \u00fanica! Fabricado em poli\u00e9ster ign\u00edfugo, este t\u00eaxtil \u00e9 recomendado para utiliza\u00e7\u00e3o em ambientes ao abrigo de intemp\u00e9ries.  Largura: 260 cm Peso: 60 g\/m\u00b2  Classifica\u00e7\u00e3o de rea\u00e7\u00e3o ao fogo: M1 Composi\u00e7\u00e3o: 100% Poli\u00e9ster","og_url":"https:\/\/www.azur-scenic.com\/pt-pt\/produto\/tecido-laminado-enrugado-lame\/","og_site_name":"Azur Scenic","article_modified_time":"2023-08-02T13:23:30+00:00","og_image":[{"width":2560,"height":2560,"url":"https:\/\/www.azur-scenic.com\/wp-content\/uploads\/LAME-FROISSE-ARGENT-scaled.jpg","type":"image\/jpeg"}],"twitter_card":"summary_large_image","schema":{"@context":"https:\/\/schema.org","@graph":[{"@type":"WebPage","@id":"https:\/\/www.azur-scenic.com\/pt-pt\/produto\/tecido-laminado-enrugado-lame\/","url":"https:\/\/www.azur-scenic.com\/pt-pt\/produto\/tecido-laminado-enrugado-lame\/","name":"Tecido Laminado Enrugado (Lam\u00ea) - Azur Scenic","isPartOf":{"@id":"https:\/\/www.azur-scenic.com\/pt-pt\/#website"},"primaryImageOfPage":{"@id":"https:\/\/www.azur-scenic.com\/pt-pt\/produto\/tecido-laminado-enrugado-lame\/#primaryimage"},"image":{"@id":"https:\/\/www.azur-scenic.com\/pt-pt\/produto\/tecido-laminado-enrugado-lame\/#primaryimage"},"thumbnailUrl":"https:\/\/www.azur-scenic.com\/wp-content\/uploads\/LAME-FROISSE-ARGENT-scaled.jpg","datePublished":"2022-10-04T07:25:41+00:00","dateModified":"2023-08-02T13:23:30+00:00","breadcrumb":{"@id":"https:\/\/www.azur-scenic.com\/pt-pt\/produto\/tecido-laminado-enrugado-lame\/#breadcrumb"},"inLanguage":"pt-PT","potentialAction":[{"@type":"ReadAction","target":["https:\/\/www.azur-scenic.com\/pt-pt\/produto\/tecido-laminado-enrugado-lame\/"]}]},{"@type":"ImageObject","inLanguage":"pt-PT","@id":"https:\/\/www.azur-scenic.com\/pt-pt\/produto\/tecido-laminado-enrugado-lame\/#primaryimage","url":"https:\/\/www.azur-scenic.com\/wp-content\/uploads\/LAME-FROISSE-ARGENT-scaled.jpg","contentUrl":"https:\/\/www.azur-scenic.com\/wp-content\/uploads\/LAME-FROISSE-ARGENT-scaled.jpg","width":2560,"height":2560,"caption":"LAME FROISSE ARGENT"},{"@type":"BreadcrumbList","@id":"https:\/\/www.azur-scenic.com\/pt-pt\/produto\/tecido-laminado-enrugado-lame\/#breadcrumb","itemListElement":[{"@type":"ListItem","position":1,"name":"Accueil","item":"https:\/\/www.azur-scenic.com\/pt-pt\/"},{"@type":"ListItem","position":2,"name":"Produits","item":"https:\/\/www.azur-scenic.com\/pt-pt\/?page_id=21439"},{"@type":"ListItem","position":3,"name":"Tecido Laminado Enrugado (Lam\u00ea)"}]},{"@type":"WebSite","@id":"https:\/\/www.azur-scenic.com\/pt-pt\/#website","url":"https:\/\/www.azur-scenic.com\/pt-pt\/","name":"Azur Scenic","description":"Sp\u00e9cialiste de l\u2019\u00e9quipement sc\u00e9nique et de la d\u00e9coration int\u00e9rieure et \u00e9v\u00e9nementielle !","publisher":{"@id":"https:\/\/www.azur-scenic.com\/pt-pt\/#organization"},"potentialAction":[{"@type":"SearchAction","target":{"@type":"EntryPoint","urlTemplate":"https:\/\/www.azur-scenic.com\/pt-pt\/?s={search_term_string}"},"query-input":{"@type":"PropertyValueSpecification","valueRequired":true,"valueName":"search_term_string"}}],"inLanguage":"pt-PT"},{"@type":"Organization","@id":"https:\/\/www.azur-scenic.com\/pt-pt\/#organization","name":"AZUR SCENIC","url":"https:\/\/www.azur-scenic.com\/pt-pt\/","logo":{"@type":"ImageObject","inLanguage":"pt-PT","@id":"https:\/\/www.azur-scenic.com\/pt-pt\/#\/schema\/logo\/image\/","url":"https:\/\/www.azur-scenic.com\/wp-content\/uploads\/2022\/09\/LOGO-AZUR-SCENIC-Fusion-web-236x64-1.jpg","contentUrl":"https:\/\/www.azur-scenic.com\/wp-content\/uploads\/2022\/09\/LOGO-AZUR-SCENIC-Fusion-web-236x64-1.jpg","width":236,"height":64,"caption":"AZUR SCENIC"},"image":{"@id":"https:\/\/www.azur-scenic.com\/pt-pt\/#\/schema\/logo\/image\/"},"sameAs":["https:\/\/www.youtube.com\/channel\/UCPWM2mGPVUt4nYhNlm71WOA","https:\/\/www.linkedin.com\/company\/33237605\/admin\/feed\/posts\/"]}]}},"_links":{"self":[{"href":"https:\/\/www.azur-scenic.com\/pt-pt\/wp-json\/wp\/v2\/product\/18869","targetHints":{"allow":["GET"]}}],"collection":[{"href":"https:\/\/www.azur-scenic.com\/pt-pt\/wp-json\/wp\/v2\/product"}],"about":[{"href":"https:\/\/www.azur-scenic.com\/pt-pt\/wp-json\/wp\/v2\/types\/product"}],"wp:featuredmedia":[{"embeddable":true,"href":"https:\/\/www.azur-scenic.com\/pt-pt\/wp-json\/wp\/v2\/media\/15082"}],"wp:attachment":[{"href":"https:\/\/www.azur-scenic.com\/pt-pt\/wp-json\/wp\/v2\/media?parent=18869"}],"wp:term":[{"taxonomy":"product_brand","embeddable":true,"href":"https:\/\/www.azur-scenic.com\/pt-pt\/wp-json\/wp\/v2\/product_brand?post=18869"},{"taxonomy":"product_cat","embeddable":true,"href":"https:\/\/www.azur-scenic.com\/pt-pt\/wp-json\/wp\/v2\/product_cat?post=18869"},{"taxonomy":"product_tag","embeddable":true,"href":"https:\/\/www.azur-scenic.com\/pt-pt\/wp-json\/wp\/v2\/product_tag?post=18869"}],"curies":[{"name":"wp","href":"https:\/\/api.w.org\/{rel}","templated":true}]}}