{"id":18900,"date":"2022-10-04T07:25:41","date_gmt":"2022-10-04T07:25:41","guid":{"rendered":"https:\/\/www.azur-scenic.com\/produit\/calicot-cs\/"},"modified":"2023-08-02T13:25:14","modified_gmt":"2023-08-02T13:25:14","slug":"calicot-cs","status":"publish","type":"product","link":"https:\/\/www.azur-scenic.com\/pt-pt\/produto\/calicot-cs\/","title":{"rendered":"Calicot CS"},"content":{"rendered":"<table style=\"width: 593.817px;\">\n<thead>\n<tr>\n<th style=\"width: 170px;\">Dados t\u00e9cnicos<\/th>\n<th style=\"width: 161px;\">Valor<\/th>\n<th style=\"width: 239.817px;\">Coment\u00e1rio<\/th>\n<\/tr>\n<\/thead>\n<tbody>\n<tr>\n<td style=\"vertical-align: top; width: 170px;\">Largura<\/td>\n<td style=\"vertical-align: top; width: 161px;\">150 cm (Ref. 4903)<br \/>\n310 cm (Ref. 4905)<br \/>\n505 cm (Ref. 4906)<\/td>\n<td style=\"vertical-align: top; width: 239.817px;\">Todas as cores<br \/>\nApenas branco<br \/>\nApenas branco<\/td>\n<\/tr>\n<tr>\n<td style=\"vertical-align: top; width: 170px;\">Peso<\/td>\n<td style=\"vertical-align: top; width: 161px;\">110 g\/m\u00b2<\/td>\n<td style=\"vertical-align: top; width: 239.817px;\">\u00a0<\/td>\n<\/tr>\n<tr>\n<td style=\"vertical-align: top; width: 170px;\">Espessura<\/td>\n<td style=\"vertical-align: top; width: 161px;\">0,29 mm<\/td>\n<td style=\"vertical-align: top; width: 239.817px;\">\u00a0<\/td>\n<\/tr>\n<tr>\n<td style=\"vertical-align: top; width: 170px;\">Classifica\u00e7\u00e3o de rea\u00e7\u00e3o ao fogo<\/td>\n<td style=\"vertical-align: top; width: 161px;\"><img decoding=\"async\" style=\"height: 20px; width: 20px;\" src=\"https:\/\/www.azur-scenic.com\/wp-content\/uploads\/csm_icon-flag-france_3304e5e3f9.png\" \/> M1<br \/>\n<img decoding=\"async\" style=\"height: 20px; width: 20px;\" src=\"https:\/\/www.azur-scenic.com\/wp-content\/uploads\/icon-flag-allemagne.png\" \/> B1<br \/>\n<img decoding=\"async\" style=\"height: 20px; width: 20px;\" src=\"https:\/\/www.azur-scenic.com\/wp-content\/uploads\/icon-flag-europe.png\" \/> B-s1,d0<\/td>\n<td style=\"vertical-align: top; width: 239.817px;\">\u00a0<\/td>\n<\/tr>\n<tr>\n<td style=\"vertical-align: top; width: 170px;\">Composi\u00e7\u00e3o<\/td>\n<td style=\"vertical-align: top; width: 400.817px;\" colspan=\"2\">100% Poli\u00e9ster FR (branco)<br \/>\n100% Trevira CS (cores)<\/td>\n<\/tr>\n<tr>\n<td style=\"vertical-align: top; width: 170px;\">Comprimento do rolo<\/td>\n<td style=\"vertical-align: top; width: 161px;\">100 m (rolo)<\/td>\n<td style=\"vertical-align: top; width: 239.817px;\">Possibilidade de venda a retalho<\/td>\n<\/tr>\n<\/tbody>\n<\/table>\n<p>\u00a0<\/p><\/p>\n","protected":false},"excerpt":{"rendered":"<p>A tradicional <span style=\"color: #f88523;\"><strong>malha de bandeira<\/strong><\/span>, uma tela <span style=\"color: #f88523;\"><strong>leve<\/strong><\/span> com aspeto brilhante, dispon\u00edvel em <span style=\"color: #f88523;\"><strong>6 <\/strong><\/span>cores e<span style=\"color: #f88523;\"><strong> 3<\/strong><\/span> larguras.<br \/>\nClassificado <span style=\"color: #f88523;\"><strong>M1 de rea\u00e7\u00e3o ao fogo (ign\u00edfugo)<\/strong><\/span>, este v\u00e9u multiusos presta-se perfeitamente \u00e0 cria\u00e7\u00e3o de bandeiras, <span style=\"color: #f88523;\"><strong>faixas<\/strong><\/span>, estandartes, <strong><span style=\"color: #f88523;\">cobertura de stands<\/span><\/strong> e <span style=\"color: #f88523;\"><strong>estruturas<\/strong><\/span>, mas tamb\u00e9m \u00e0 cria\u00e7\u00e3o de <strong><span style=\"color: #f88523;\">cen\u00e1rios e adere\u00e7os c\u00e9nicos<\/span><\/strong>, <span style=\"color: #f88523;\"><strong>cortinas<\/strong><\/span>, &#8230;<\/p>\n<p>100% Poli\u00e9ster FR ou <strong><span style=\"color: #f88523;\">Trevira CS<\/span><\/strong>, esta tela \u00e9 <span style=\"color: #f88523;\"><strong>lav\u00e1vel<\/strong><\/span> e perme\u00e1vel ao ar.<br \/>\nPodem ser usados tanto em <span style=\"color: #f88523;\"><strong>interiores<\/strong><\/span> como em <span style=\"color: #f88523;\"><strong>exteriores<\/strong><\/span>.<\/p>\n<p>Este tecido <span style=\"color: #f88523;\"><strong>ecol\u00f3gico<\/strong><\/span>, Certificado <span style=\"color: #f88523;\"><strong>Oeko-Tex\u00ae<\/strong><\/span>, respeita o meio ambiente.<\/p>\n<table class=\"table\" style=\"background: #f7f7f7;\">\n<tbody>\n<tr>\n<td><strong>Largura<\/strong>: 150 cm, 310 cm, 505 cm<\/td>\n<td><strong>Peso<\/strong>: 110 g\/m\u00b2<\/td>\n<\/tr>\n<tr>\n<td><strong>Classifica\u00e7\u00e3o de rea\u00e7\u00e3o ao fogo<\/strong>: <img decoding=\"async\" style=\"height: 20px; width: 20px;\" src=\"https:\/\/www.azur-scenic.com\/wp-content\/uploads\/csm_icon-flag-france_3304e5e3f9.png\" \/> M1 <img decoding=\"async\" style=\"height: 20px; width: 20px;\" src=\"https:\/\/www.azur-scenic.com\/wp-content\/uploads\/icon-flag-allemagne.png\" \/> B1<br \/>\n<img decoding=\"async\" style=\"height: 20px; width: 20px;\" src=\"https:\/\/www.azur-scenic.com\/wp-content\/uploads\/icon-flag-europe.png\" \/> B-s1,d0<\/td>\n<td style=\"vertical-align: top;\"><strong>Composi\u00e7\u00e3o<\/strong>:<br \/>\n100% Poli\u00e9ster FR (branco)<br \/>\n100% Trevira CS (cores)<\/td>\n<\/tr>\n<\/tbody>\n<\/table>\n","protected":false},"featured_media":7123,"template":"","meta":{"_acf_changed":false},"product_brand":[],"product_cat":[921,916,1343,1357,1340],"product_tag":[],"class_list":{"0":"post-18900","1":"product","2":"type-product","3":"status-publish","4":"has-post-thumbnail","6":"product_cat-todos-os-produtos","7":"product_cat-texteis-cenicos-e-para-eventos","8":"product_cat-veus-e-tecidos-leves","9":"product_cat-veus","10":"product_cat-telas-extraleves","11":"pa_couleurs-002-branco","12":"pa_couleurs-003-negro","13":"pa_couleurs-250-vermelhao","14":"pa_couleurs-460-sol","15":"pa_couleurs-690-garrafa","16":"pa_couleurs-765-azul-europa","17":"pa_groupes-de-couleurs-branco","18":"pa_groupes-de-couleurs-azuis","19":"pa_groupes-de-couleurs-amarelos","20":"pa_groupes-de-couleurs-negro","21":"pa_groupes-de-couleurs-vermelhos","22":"pa_groupes-de-couleurs-verdes","23":"pa_textiles-adaptado-para-exterior","24":"pa_textiles-classificacao-de-reacao-ao-fogo-ignifugo","25":"pa_textiles-imprimivel","26":"pa_textiles-lavavel","27":"pa_textiles-oeko-tex","28":"pa_textiles-trevira-cs","29":"pa_textiles-larguras-muito-grandes","30":"pa_textiles-ecologico","32":"first","33":"instock","34":"shipping-taxable","35":"purchasable","36":"product-type-variable"},"acf":[],"yoast_head":"<!-- This site is optimized with the Yoast SEO plugin v27.1.1 - https:\/\/yoast.com\/product\/yoast-seo-wordpress\/ -->\n<title>Calicot CS - Azur Scenic<\/title>\n<meta name=\"robots\" content=\"index, follow, max-snippet:-1, max-image-preview:large, max-video-preview:-1\" \/>\n<link rel=\"canonical\" href=\"https:\/\/www.azur-scenic.com\/pt-pt\/produto\/calicot-cs\/\" \/>\n<meta property=\"og:locale\" content=\"pt_PT\" \/>\n<meta property=\"og:type\" content=\"article\" \/>\n<meta property=\"og:title\" content=\"Calicot CS - Azur Scenic\" \/>\n<meta property=\"og:description\" content=\"A tradicional malha de bandeira, uma tela leve com aspeto brilhante, dispon\u00edvel em 6 cores e 3 larguras. Classificado M1 de rea\u00e7\u00e3o ao fogo (ign\u00edfugo), este v\u00e9u multiusos presta-se perfeitamente \u00e0 cria\u00e7\u00e3o de bandeiras, faixas, estandartes, cobertura de stands e estruturas, mas tamb\u00e9m \u00e0 cria\u00e7\u00e3o de cen\u00e1rios e adere\u00e7os c\u00e9nicos, cortinas, ... 100% Poli\u00e9ster FR ou Trevira CS, esta tela \u00e9 lav\u00e1vel e perme\u00e1vel ao ar. Podem ser usados tanto em interiores como em exteriores. Este tecido ecol\u00f3gico, Certificado Oeko-Tex\u00ae, respeita o meio ambiente.  Largura: 150 cm, 310 cm, 505 cm Peso: 110 g\/m\u00b2  Classifica\u00e7\u00e3o de rea\u00e7\u00e3o ao fogo: M1 B1 B-s1,d0 Composi\u00e7\u00e3o: 100% Poli\u00e9ster FR (branco) 100% Trevira CS (cores)\" \/>\n<meta property=\"og:url\" content=\"https:\/\/www.azur-scenic.com\/pt-pt\/produto\/calicot-cs\/\" \/>\n<meta property=\"og:site_name\" content=\"Azur Scenic\" \/>\n<meta property=\"article:modified_time\" content=\"2023-08-02T13:25:14+00:00\" \/>\n<meta property=\"og:image\" content=\"https:\/\/www.azur-scenic.com\/wp-content\/uploads\/4e0b6754bf8fa5a1f82b75ab4496c3a0.png\" \/>\n\t<meta property=\"og:image:width\" content=\"430\" \/>\n\t<meta property=\"og:image:height\" content=\"430\" \/>\n\t<meta property=\"og:image:type\" content=\"image\/png\" \/>\n<meta name=\"twitter:card\" content=\"summary_large_image\" \/>\n<script type=\"application\/ld+json\" class=\"yoast-schema-graph\">{\"@context\":\"https:\/\/schema.org\",\"@graph\":[{\"@type\":\"WebPage\",\"@id\":\"https:\/\/www.azur-scenic.com\/pt-pt\/produto\/calicot-cs\/\",\"url\":\"https:\/\/www.azur-scenic.com\/pt-pt\/produto\/calicot-cs\/\",\"name\":\"Calicot CS - Azur Scenic\",\"isPartOf\":{\"@id\":\"https:\/\/www.azur-scenic.com\/pt-pt\/#website\"},\"primaryImageOfPage\":{\"@id\":\"https:\/\/www.azur-scenic.com\/pt-pt\/produto\/calicot-cs\/#primaryimage\"},\"image\":{\"@id\":\"https:\/\/www.azur-scenic.com\/pt-pt\/produto\/calicot-cs\/#primaryimage\"},\"thumbnailUrl\":\"https:\/\/www.azur-scenic.com\/wp-content\/uploads\/4e0b6754bf8fa5a1f82b75ab4496c3a0.png\",\"datePublished\":\"2022-10-04T07:25:41+00:00\",\"dateModified\":\"2023-08-02T13:25:14+00:00\",\"breadcrumb\":{\"@id\":\"https:\/\/www.azur-scenic.com\/pt-pt\/produto\/calicot-cs\/#breadcrumb\"},\"inLanguage\":\"pt-PT\",\"potentialAction\":[{\"@type\":\"ReadAction\",\"target\":[\"https:\/\/www.azur-scenic.com\/pt-pt\/produto\/calicot-cs\/\"]}]},{\"@type\":\"ImageObject\",\"inLanguage\":\"pt-PT\",\"@id\":\"https:\/\/www.azur-scenic.com\/pt-pt\/produto\/calicot-cs\/#primaryimage\",\"url\":\"https:\/\/www.azur-scenic.com\/wp-content\/uploads\/4e0b6754bf8fa5a1f82b75ab4496c3a0.png\",\"contentUrl\":\"https:\/\/www.azur-scenic.com\/wp-content\/uploads\/4e0b6754bf8fa5a1f82b75ab4496c3a0.png\",\"width\":430,\"height\":430},{\"@type\":\"BreadcrumbList\",\"@id\":\"https:\/\/www.azur-scenic.com\/pt-pt\/produto\/calicot-cs\/#breadcrumb\",\"itemListElement\":[{\"@type\":\"ListItem\",\"position\":1,\"name\":\"Accueil\",\"item\":\"https:\/\/www.azur-scenic.com\/pt-pt\/\"},{\"@type\":\"ListItem\",\"position\":2,\"name\":\"Produits\",\"item\":\"https:\/\/www.azur-scenic.com\/pt-pt\/?page_id=21439\"},{\"@type\":\"ListItem\",\"position\":3,\"name\":\"Calicot CS\"}]},{\"@type\":\"WebSite\",\"@id\":\"https:\/\/www.azur-scenic.com\/pt-pt\/#website\",\"url\":\"https:\/\/www.azur-scenic.com\/pt-pt\/\",\"name\":\"Azur Scenic\",\"description\":\"Sp\u00e9cialiste de l\u2019\u00e9quipement sc\u00e9nique et de la d\u00e9coration int\u00e9rieure et \u00e9v\u00e9nementielle !\",\"publisher\":{\"@id\":\"https:\/\/www.azur-scenic.com\/pt-pt\/#organization\"},\"potentialAction\":[{\"@type\":\"SearchAction\",\"target\":{\"@type\":\"EntryPoint\",\"urlTemplate\":\"https:\/\/www.azur-scenic.com\/pt-pt\/?s={search_term_string}\"},\"query-input\":{\"@type\":\"PropertyValueSpecification\",\"valueRequired\":true,\"valueName\":\"search_term_string\"}}],\"inLanguage\":\"pt-PT\"},{\"@type\":\"Organization\",\"@id\":\"https:\/\/www.azur-scenic.com\/pt-pt\/#organization\",\"name\":\"AZUR SCENIC\",\"url\":\"https:\/\/www.azur-scenic.com\/pt-pt\/\",\"logo\":{\"@type\":\"ImageObject\",\"inLanguage\":\"pt-PT\",\"@id\":\"https:\/\/www.azur-scenic.com\/pt-pt\/#\/schema\/logo\/image\/\",\"url\":\"https:\/\/www.azur-scenic.com\/wp-content\/uploads\/2022\/09\/LOGO-AZUR-SCENIC-Fusion-web-236x64-1.jpg\",\"contentUrl\":\"https:\/\/www.azur-scenic.com\/wp-content\/uploads\/2022\/09\/LOGO-AZUR-SCENIC-Fusion-web-236x64-1.jpg\",\"width\":236,\"height\":64,\"caption\":\"AZUR SCENIC\"},\"image\":{\"@id\":\"https:\/\/www.azur-scenic.com\/pt-pt\/#\/schema\/logo\/image\/\"},\"sameAs\":[\"https:\/\/www.youtube.com\/channel\/UCPWM2mGPVUt4nYhNlm71WOA\",\"https:\/\/www.linkedin.com\/company\/33237605\/admin\/feed\/posts\/\"]}]}<\/script>\n<!-- \/ Yoast SEO plugin. -->","yoast_head_json":{"title":"Calicot CS - Azur Scenic","robots":{"index":"index","follow":"follow","max-snippet":"max-snippet:-1","max-image-preview":"max-image-preview:large","max-video-preview":"max-video-preview:-1"},"canonical":"https:\/\/www.azur-scenic.com\/pt-pt\/produto\/calicot-cs\/","og_locale":"pt_PT","og_type":"article","og_title":"Calicot CS - Azur Scenic","og_description":"A tradicional malha de bandeira, uma tela leve com aspeto brilhante, dispon\u00edvel em 6 cores e 3 larguras. Classificado M1 de rea\u00e7\u00e3o ao fogo (ign\u00edfugo), este v\u00e9u multiusos presta-se perfeitamente \u00e0 cria\u00e7\u00e3o de bandeiras, faixas, estandartes, cobertura de stands e estruturas, mas tamb\u00e9m \u00e0 cria\u00e7\u00e3o de cen\u00e1rios e adere\u00e7os c\u00e9nicos, cortinas, ... 100% Poli\u00e9ster FR ou Trevira CS, esta tela \u00e9 lav\u00e1vel e perme\u00e1vel ao ar. Podem ser usados tanto em interiores como em exteriores. Este tecido ecol\u00f3gico, Certificado Oeko-Tex\u00ae, respeita o meio ambiente.  Largura: 150 cm, 310 cm, 505 cm Peso: 110 g\/m\u00b2  Classifica\u00e7\u00e3o de rea\u00e7\u00e3o ao fogo: M1 B1 B-s1,d0 Composi\u00e7\u00e3o: 100% Poli\u00e9ster FR (branco) 100% Trevira CS (cores)","og_url":"https:\/\/www.azur-scenic.com\/pt-pt\/produto\/calicot-cs\/","og_site_name":"Azur Scenic","article_modified_time":"2023-08-02T13:25:14+00:00","og_image":[{"width":430,"height":430,"url":"https:\/\/www.azur-scenic.com\/wp-content\/uploads\/4e0b6754bf8fa5a1f82b75ab4496c3a0.png","type":"image\/png"}],"twitter_card":"summary_large_image","schema":{"@context":"https:\/\/schema.org","@graph":[{"@type":"WebPage","@id":"https:\/\/www.azur-scenic.com\/pt-pt\/produto\/calicot-cs\/","url":"https:\/\/www.azur-scenic.com\/pt-pt\/produto\/calicot-cs\/","name":"Calicot CS - Azur Scenic","isPartOf":{"@id":"https:\/\/www.azur-scenic.com\/pt-pt\/#website"},"primaryImageOfPage":{"@id":"https:\/\/www.azur-scenic.com\/pt-pt\/produto\/calicot-cs\/#primaryimage"},"image":{"@id":"https:\/\/www.azur-scenic.com\/pt-pt\/produto\/calicot-cs\/#primaryimage"},"thumbnailUrl":"https:\/\/www.azur-scenic.com\/wp-content\/uploads\/4e0b6754bf8fa5a1f82b75ab4496c3a0.png","datePublished":"2022-10-04T07:25:41+00:00","dateModified":"2023-08-02T13:25:14+00:00","breadcrumb":{"@id":"https:\/\/www.azur-scenic.com\/pt-pt\/produto\/calicot-cs\/#breadcrumb"},"inLanguage":"pt-PT","potentialAction":[{"@type":"ReadAction","target":["https:\/\/www.azur-scenic.com\/pt-pt\/produto\/calicot-cs\/"]}]},{"@type":"ImageObject","inLanguage":"pt-PT","@id":"https:\/\/www.azur-scenic.com\/pt-pt\/produto\/calicot-cs\/#primaryimage","url":"https:\/\/www.azur-scenic.com\/wp-content\/uploads\/4e0b6754bf8fa5a1f82b75ab4496c3a0.png","contentUrl":"https:\/\/www.azur-scenic.com\/wp-content\/uploads\/4e0b6754bf8fa5a1f82b75ab4496c3a0.png","width":430,"height":430},{"@type":"BreadcrumbList","@id":"https:\/\/www.azur-scenic.com\/pt-pt\/produto\/calicot-cs\/#breadcrumb","itemListElement":[{"@type":"ListItem","position":1,"name":"Accueil","item":"https:\/\/www.azur-scenic.com\/pt-pt\/"},{"@type":"ListItem","position":2,"name":"Produits","item":"https:\/\/www.azur-scenic.com\/pt-pt\/?page_id=21439"},{"@type":"ListItem","position":3,"name":"Calicot CS"}]},{"@type":"WebSite","@id":"https:\/\/www.azur-scenic.com\/pt-pt\/#website","url":"https:\/\/www.azur-scenic.com\/pt-pt\/","name":"Azur Scenic","description":"Sp\u00e9cialiste de l\u2019\u00e9quipement sc\u00e9nique et de la d\u00e9coration int\u00e9rieure et \u00e9v\u00e9nementielle !","publisher":{"@id":"https:\/\/www.azur-scenic.com\/pt-pt\/#organization"},"potentialAction":[{"@type":"SearchAction","target":{"@type":"EntryPoint","urlTemplate":"https:\/\/www.azur-scenic.com\/pt-pt\/?s={search_term_string}"},"query-input":{"@type":"PropertyValueSpecification","valueRequired":true,"valueName":"search_term_string"}}],"inLanguage":"pt-PT"},{"@type":"Organization","@id":"https:\/\/www.azur-scenic.com\/pt-pt\/#organization","name":"AZUR SCENIC","url":"https:\/\/www.azur-scenic.com\/pt-pt\/","logo":{"@type":"ImageObject","inLanguage":"pt-PT","@id":"https:\/\/www.azur-scenic.com\/pt-pt\/#\/schema\/logo\/image\/","url":"https:\/\/www.azur-scenic.com\/wp-content\/uploads\/2022\/09\/LOGO-AZUR-SCENIC-Fusion-web-236x64-1.jpg","contentUrl":"https:\/\/www.azur-scenic.com\/wp-content\/uploads\/2022\/09\/LOGO-AZUR-SCENIC-Fusion-web-236x64-1.jpg","width":236,"height":64,"caption":"AZUR SCENIC"},"image":{"@id":"https:\/\/www.azur-scenic.com\/pt-pt\/#\/schema\/logo\/image\/"},"sameAs":["https:\/\/www.youtube.com\/channel\/UCPWM2mGPVUt4nYhNlm71WOA","https:\/\/www.linkedin.com\/company\/33237605\/admin\/feed\/posts\/"]}]}},"_links":{"self":[{"href":"https:\/\/www.azur-scenic.com\/pt-pt\/wp-json\/wp\/v2\/product\/18900","targetHints":{"allow":["GET"]}}],"collection":[{"href":"https:\/\/www.azur-scenic.com\/pt-pt\/wp-json\/wp\/v2\/product"}],"about":[{"href":"https:\/\/www.azur-scenic.com\/pt-pt\/wp-json\/wp\/v2\/types\/product"}],"wp:featuredmedia":[{"embeddable":true,"href":"https:\/\/www.azur-scenic.com\/pt-pt\/wp-json\/wp\/v2\/media\/7123"}],"wp:attachment":[{"href":"https:\/\/www.azur-scenic.com\/pt-pt\/wp-json\/wp\/v2\/media?parent=18900"}],"wp:term":[{"taxonomy":"product_brand","embeddable":true,"href":"https:\/\/www.azur-scenic.com\/pt-pt\/wp-json\/wp\/v2\/product_brand?post=18900"},{"taxonomy":"product_cat","embeddable":true,"href":"https:\/\/www.azur-scenic.com\/pt-pt\/wp-json\/wp\/v2\/product_cat?post=18900"},{"taxonomy":"product_tag","embeddable":true,"href":"https:\/\/www.azur-scenic.com\/pt-pt\/wp-json\/wp\/v2\/product_tag?post=18900"}],"curies":[{"name":"wp","href":"https:\/\/api.w.org\/{rel}","templated":true}]}}