{"id":19038,"date":"2022-10-04T07:25:14","date_gmt":"2022-10-04T07:25:14","guid":{"rendered":"https:\/\/www.azur-scenic.com\/produit\/satin-occultant\/"},"modified":"2023-08-02T13:23:49","modified_gmt":"2023-08-02T13:23:49","slug":"cetim-ocultante-blackout","status":"publish","type":"product","link":"https:\/\/www.azur-scenic.com\/pt-pt\/produto\/cetim-ocultante-blackout\/","title":{"rendered":"Cetim Ocultante (blackout)"},"content":{"rendered":"<table>\n<thead>\n<tr>\n<th style=\"width: 170px;\">Dados t\u00e9cnicos<\/th>\n<th>Valor<\/th>\n<th>Coment\u00e1rio<\/th>\n<\/tr>\n<\/thead>\n<tbody>\n<tr>\n<td style=\"vertical-align: top;\">Largura<\/td>\n<td style=\"vertical-align: top;\">\u00b1 290 &#8211; 295 cm<\/td>\n<td style=\"vertical-align: top;\">\u00a0<\/td>\n<\/tr>\n<tr>\n<td style=\"vertical-align: top;\">Peso<\/td>\n<td style=\"vertical-align: top;\">250 g\/m\u00b2<\/td>\n<td style=\"vertical-align: top;\">\u00a0<\/td>\n<\/tr>\n<tr>\n<td style=\"vertical-align: top;\">Espessura<\/td>\n<td style=\"vertical-align: top;\">0,4 mm<\/td>\n<td style=\"vertical-align: top;\">\u00a0<\/td>\n<\/tr>\n<tr>\n<td style=\"vertical-align: top;\">Classifica\u00e7\u00e3o de rea\u00e7\u00e3o ao fogo<\/td>\n<td style=\"vertical-align: top;\"><img decoding=\"async\" style=\"height: 20px; width: 20px;\" src=\"https:\/\/www.azur-scenic.com\/wp-content\/uploads\/csm_icon-flag-france_3304e5e3f9.png\" \/> M1<br \/>\n<img decoding=\"async\" style=\"height: 20px; width: 20px;\" src=\"https:\/\/www.azur-scenic.com\/wp-content\/uploads\/icon-flag-espagne.png\" \/> C1<\/td>\n<td style=\"vertical-align: top;\">\u00a0<\/td>\n<\/tr>\n<tr>\n<td style=\"vertical-align: top;\">Composi\u00e7\u00e3o<\/td>\n<td style=\"vertical-align: top;\" colspan=\"2\" rowspan=\"1\">100% Poli\u00e9ster FR<\/td>\n<\/tr>\n<tr>\n<td style=\"vertical-align: top;\">Comprimento do rolo<\/td>\n<td style=\"vertical-align: top;\">35 m<\/td>\n<td style=\"vertical-align: top;\">Venda a retalho, de acordo com as cores em stock<\/td>\n<\/tr>\n<tr>\n<td style=\"vertical-align: top;\">Resist\u00eancia \u00e0 tra\u00e7\u00e3o<\/td>\n<td style=\"vertical-align: top;\">Corrente: 2300<br \/>\nTrama: 1900<\/td>\n<td style=\"vertical-align: top;\">Norma: ISO 13934-1<\/td>\n<\/tr>\n<tr>\n<td style=\"vertical-align: top;\">Resist\u00eancia \u00e0 abras\u00e3o<\/td>\n<td style=\"vertical-align: top;\">> 20 000 ciclos<\/td>\n<td style=\"vertical-align: top;\">Norma: ISO 12947 1-2<br \/>\nMartindale<\/td>\n<\/tr>\n<tr>\n<td style=\"vertical-align: top;\">Pilling <span style=\"font-size: 13px;\">(resist\u00eancia \u00e0 forma\u00e7\u00e3o de borboto)<\/span><\/td>\n<td style=\"vertical-align: top;\">Classe A<\/td>\n<td style=\"vertical-align: top;\">Norma: ISO 12945-2<\/td>\n<\/tr>\n<tr>\n<td style=\"vertical-align: top;\">Solidez luminosa<\/td>\n<td style=\"vertical-align: top;\">3-5<\/td>\n<td style=\"vertical-align: top;\">Norma: ISO 105-B02-2001<\/td>\n<\/tr>\n<tr>\n<td style=\"vertical-align: top;\">Propriedades ac\u00fasticas<\/td>\n<td style=\"vertical-align: top;\">0,45 \u03b1w<br \/>\nD <span style=\"font-size: 13px;\">(absorvente)<\/span><\/td>\n<td style=\"vertical-align: top;\">Norma: ISO 354: 2004<\/td>\n<\/tr>\n<tr>\n<td style=\"vertical-align: top;\">\u00a0<\/td>\n<td style=\"vertical-align: top;\">\u00a0<\/td>\n<td style=\"vertical-align: top;\">\u00a0<\/td>\n<\/tr>\n<\/tbody>\n<\/table>\n<p>\u00a0<\/p><\/p>\n","protected":false},"excerpt":{"rendered":"<p>Um tecido <strong><span style=\"color: #f88523;\">obscurescente (blackout)<\/span><\/strong> com acabamento acetinado com propriedades <strong><span style=\"color: #f88523;\">ac\u00fasticas<\/span><\/strong>, classifica\u00e7\u00e3o <span style=\"color: #f88523;\"><strong>M1<\/strong><\/span> de rea\u00e7\u00e3o ao fogo (ign\u00edfugo) e dispon\u00edvel numa vasta gama de <strong><span style=\"color: #f88523;\">cores da tend\u00eancia<\/span><\/strong>.<br \/>\nCetim em poli\u00e9ster FR \u00e9 <span style=\"color: #f88523;\"><strong>lav\u00e1vel<\/strong><\/span> e <span style=\"color: #f88523;\"><strong>resistente aos raios UV<\/strong><\/span>, adequado para <span style=\"color: #f88523;\"><strong>utiliza\u00e7\u00e3o em interiores e exteriores<\/strong><\/span>.<\/p>\n<table class=\"table\" style=\"background: #f7f7f7;\">\n<tbody>\n<tr>\n<td><strong>Largura<\/strong>: \u00b1 290 cm &#8211; 295 cm<\/td>\n<td><strong>Peso<\/strong>: 250 g\/m\u00b2<\/td>\n<\/tr>\n<tr>\n<td><strong>Classifica\u00e7\u00e3o de rea\u00e7\u00e3o ao fogo<\/strong>: <img decoding=\"async\" style=\"height: 20px; width: 20px;\" src=\"https:\/\/www.azur-scenic.com\/wp-content\/uploads\/csm_icon-flag-france_3304e5e3f9.png\" \/> M1 <img decoding=\"async\" style=\"height: 20px; width: 20px;\" src=\"https:\/\/www.azur-scenic.com\/wp-content\/uploads\/icon-flag-espagne.png\" \/> C1<\/td>\n<td style=\"vertical-align: top;\"><strong>Composi\u00e7\u00e3o<\/strong>: 100% Poli\u00e9ster FR<\/td>\n<\/tr>\n<\/tbody>\n<\/table>\n","protected":false},"featured_media":15074,"template":"","meta":{"_acf_changed":false},"product_brand":[],"product_cat":[921,916,919,986,1620,1654,984,985],"product_tag":[],"class_list":{"0":"post-19038","1":"product","2":"type-product","3":"status-publish","4":"has-post-thumbnail","6":"product_cat-todos-os-produtos","7":"product_cat-texteis-cenicos-e-para-eventos","8":"product_cat-ocultantes-blackout","9":"product_cat-tecidos-de-decoracao","10":"product_cat-tecidos-acetinados-e-brilhantes","11":"product_cat-tecidos-de-decoracao-acusticos","12":"product_cat-solucoes-acusticas","13":"product_cat-absorcao-acustica","14":"pa_couleurs-001-es","15":"pa_couleurs-003-es","16":"pa_couleurs-020-es","17":"pa_couleurs-110-es","18":"pa_couleurs-120-es","19":"pa_couleurs-170-es","20":"pa_couleurs-200-es","21":"pa_couleurs-280-es","22":"pa_couleurs-320-es","23":"pa_couleurs-340-es","24":"pa_couleurs-360-es","25":"pa_couleurs-410-es","26":"pa_couleurs-422-es","27":"pa_couleurs-450-es","28":"pa_couleurs-510-es","29":"pa_couleurs-520-es","30":"pa_couleurs-530-es","31":"pa_couleurs-540-es","32":"pa_couleurs-570-es","33":"pa_couleurs-610-es","34":"pa_couleurs-620-es","35":"pa_couleurs-652-es","36":"pa_couleurs-670-es","37":"pa_couleurs-720-es","38":"pa_couleurs-760-es","39":"pa_couleurs-782-es","40":"pa_couleurs-810-es","41":"pa_couleurs-860-es","42":"pa_couleurs-910-es","43":"pa_couleurs-960-es","44":"pa_groupes-de-couleurs-branco","45":"pa_groupes-de-couleurs-azuis","46":"pa_groupes-de-couleurs-cru","47":"pa_groupes-de-couleurs-cinzento","48":"pa_groupes-de-couleurs-amarelos","49":"pa_groupes-de-couleurs-castanhos-beges","50":"pa_groupes-de-couleurs-negro","51":"pa_groupes-de-couleurs-laranjas","52":"pa_groupes-de-couleurs-rosas","53":"pa_groupes-de-couleurs-vermelhos","54":"pa_groupes-de-couleurs-verdes","55":"pa_groupes-de-couleurs-violetas","56":"pa_textiles-absorvente-acustico","57":"pa_textiles-adaptado-para-exterior","58":"pa_textiles-classificacao-de-reacao-ao-fogo-ignifugo","59":"pa_textiles-lavavel","60":"pa_textiles-ocultante-blackout-e-ou-obscurecedor","61":"pa_textiles-resistente-a-uv","63":"first","64":"instock","65":"shipping-taxable","66":"purchasable","67":"product-type-variable"},"acf":[],"yoast_head":"<!-- This site is optimized with the Yoast SEO plugin v27.3 - https:\/\/yoast.com\/product\/yoast-seo-wordpress\/ -->\n<title>Cetim Ocultante (blackout) - Azur Scenic<\/title>\n<meta name=\"robots\" content=\"index, follow, max-snippet:-1, max-image-preview:large, max-video-preview:-1\" \/>\n<link rel=\"canonical\" href=\"https:\/\/www.azur-scenic.com\/pt-pt\/produto\/cetim-ocultante-blackout\/\" \/>\n<meta property=\"og:locale\" content=\"pt_PT\" \/>\n<meta property=\"og:type\" content=\"article\" \/>\n<meta property=\"og:title\" content=\"Cetim Ocultante (blackout) - Azur Scenic\" \/>\n<meta property=\"og:description\" content=\"Um tecido obscurescente (blackout) com acabamento acetinado com propriedades ac\u00fasticas, classifica\u00e7\u00e3o M1 de rea\u00e7\u00e3o ao fogo (ign\u00edfugo) e dispon\u00edvel numa vasta gama de cores da tend\u00eancia. Cetim em poli\u00e9ster FR \u00e9 lav\u00e1vel e resistente aos raios UV, adequado para utiliza\u00e7\u00e3o em interiores e exteriores.  Largura: \u00b1 290 cm - 295 cm Peso: 250 g\/m\u00b2  Classifica\u00e7\u00e3o de rea\u00e7\u00e3o ao fogo: M1 C1 Composi\u00e7\u00e3o: 100% Poli\u00e9ster FR\" \/>\n<meta property=\"og:url\" content=\"https:\/\/www.azur-scenic.com\/pt-pt\/produto\/cetim-ocultante-blackout\/\" \/>\n<meta property=\"og:site_name\" content=\"Azur Scenic\" \/>\n<meta property=\"article:modified_time\" content=\"2023-08-02T13:23:49+00:00\" \/>\n<meta property=\"og:image\" content=\"https:\/\/www.azur-scenic.com\/wp-content\/uploads\/SATIN-OCCULTANT-VANILLE.jpg\" \/>\n\t<meta property=\"og:image:width\" content=\"1755\" \/>\n\t<meta property=\"og:image:height\" content=\"1755\" \/>\n\t<meta property=\"og:image:type\" content=\"image\/jpeg\" \/>\n<meta name=\"twitter:card\" content=\"summary_large_image\" \/>\n<script type=\"application\/ld+json\" class=\"yoast-schema-graph\">{\"@context\":\"https:\\\/\\\/schema.org\",\"@graph\":[{\"@type\":\"WebPage\",\"@id\":\"https:\\\/\\\/www.azur-scenic.com\\\/pt-pt\\\/produto\\\/cetim-ocultante-blackout\\\/\",\"url\":\"https:\\\/\\\/www.azur-scenic.com\\\/pt-pt\\\/produto\\\/cetim-ocultante-blackout\\\/\",\"name\":\"Cetim Ocultante (blackout) - Azur Scenic\",\"isPartOf\":{\"@id\":\"https:\\\/\\\/www.azur-scenic.com\\\/pt-pt\\\/#website\"},\"primaryImageOfPage\":{\"@id\":\"https:\\\/\\\/www.azur-scenic.com\\\/pt-pt\\\/produto\\\/cetim-ocultante-blackout\\\/#primaryimage\"},\"image\":{\"@id\":\"https:\\\/\\\/www.azur-scenic.com\\\/pt-pt\\\/produto\\\/cetim-ocultante-blackout\\\/#primaryimage\"},\"thumbnailUrl\":\"https:\\\/\\\/www.azur-scenic.com\\\/wp-content\\\/uploads\\\/SATIN-OCCULTANT-VANILLE.jpg\",\"datePublished\":\"2022-10-04T07:25:14+00:00\",\"dateModified\":\"2023-08-02T13:23:49+00:00\",\"breadcrumb\":{\"@id\":\"https:\\\/\\\/www.azur-scenic.com\\\/pt-pt\\\/produto\\\/cetim-ocultante-blackout\\\/#breadcrumb\"},\"inLanguage\":\"pt-PT\",\"potentialAction\":[{\"@type\":\"ReadAction\",\"target\":[\"https:\\\/\\\/www.azur-scenic.com\\\/pt-pt\\\/produto\\\/cetim-ocultante-blackout\\\/\"]}]},{\"@type\":\"ImageObject\",\"inLanguage\":\"pt-PT\",\"@id\":\"https:\\\/\\\/www.azur-scenic.com\\\/pt-pt\\\/produto\\\/cetim-ocultante-blackout\\\/#primaryimage\",\"url\":\"https:\\\/\\\/www.azur-scenic.com\\\/wp-content\\\/uploads\\\/SATIN-OCCULTANT-VANILLE.jpg\",\"contentUrl\":\"https:\\\/\\\/www.azur-scenic.com\\\/wp-content\\\/uploads\\\/SATIN-OCCULTANT-VANILLE.jpg\",\"width\":1755,\"height\":1755,\"caption\":\"SATIN OCCULTANT VANILLE\"},{\"@type\":\"BreadcrumbList\",\"@id\":\"https:\\\/\\\/www.azur-scenic.com\\\/pt-pt\\\/produto\\\/cetim-ocultante-blackout\\\/#breadcrumb\",\"itemListElement\":[{\"@type\":\"ListItem\",\"position\":1,\"name\":\"Accueil\",\"item\":\"https:\\\/\\\/www.azur-scenic.com\\\/pt-pt\\\/\"},{\"@type\":\"ListItem\",\"position\":2,\"name\":\"Produits\",\"item\":\"https:\\\/\\\/www.azur-scenic.com\\\/pt-pt\\\/?page_id=21439\"},{\"@type\":\"ListItem\",\"position\":3,\"name\":\"Cetim Ocultante (blackout)\"}]},{\"@type\":\"WebSite\",\"@id\":\"https:\\\/\\\/www.azur-scenic.com\\\/pt-pt\\\/#website\",\"url\":\"https:\\\/\\\/www.azur-scenic.com\\\/pt-pt\\\/\",\"name\":\"Azur Scenic\",\"description\":\"Sp\u00e9cialiste de l\u2019\u00e9quipement sc\u00e9nique et de la d\u00e9coration int\u00e9rieure et \u00e9v\u00e9nementielle !\",\"publisher\":{\"@id\":\"https:\\\/\\\/www.azur-scenic.com\\\/pt-pt\\\/#organization\"},\"potentialAction\":[{\"@type\":\"SearchAction\",\"target\":{\"@type\":\"EntryPoint\",\"urlTemplate\":\"https:\\\/\\\/www.azur-scenic.com\\\/pt-pt\\\/?s={search_term_string}\"},\"query-input\":{\"@type\":\"PropertyValueSpecification\",\"valueRequired\":true,\"valueName\":\"search_term_string\"}}],\"inLanguage\":\"pt-PT\"},{\"@type\":\"Organization\",\"@id\":\"https:\\\/\\\/www.azur-scenic.com\\\/pt-pt\\\/#organization\",\"name\":\"AZUR SCENIC\",\"url\":\"https:\\\/\\\/www.azur-scenic.com\\\/pt-pt\\\/\",\"logo\":{\"@type\":\"ImageObject\",\"inLanguage\":\"pt-PT\",\"@id\":\"https:\\\/\\\/www.azur-scenic.com\\\/pt-pt\\\/#\\\/schema\\\/logo\\\/image\\\/\",\"url\":\"https:\\\/\\\/www.azur-scenic.com\\\/wp-content\\\/uploads\\\/2022\\\/09\\\/LOGO-AZUR-SCENIC-Fusion-web-236x64-1.jpg\",\"contentUrl\":\"https:\\\/\\\/www.azur-scenic.com\\\/wp-content\\\/uploads\\\/2022\\\/09\\\/LOGO-AZUR-SCENIC-Fusion-web-236x64-1.jpg\",\"width\":236,\"height\":64,\"caption\":\"AZUR SCENIC\"},\"image\":{\"@id\":\"https:\\\/\\\/www.azur-scenic.com\\\/pt-pt\\\/#\\\/schema\\\/logo\\\/image\\\/\"},\"sameAs\":[\"https:\\\/\\\/www.youtube.com\\\/channel\\\/UCPWM2mGPVUt4nYhNlm71WOA\",\"https:\\\/\\\/www.linkedin.com\\\/company\\\/33237605\\\/admin\\\/feed\\\/posts\\\/\"]}]}<\/script>\n<!-- \/ Yoast SEO plugin. -->","yoast_head_json":{"title":"Cetim Ocultante (blackout) - Azur Scenic","robots":{"index":"index","follow":"follow","max-snippet":"max-snippet:-1","max-image-preview":"max-image-preview:large","max-video-preview":"max-video-preview:-1"},"canonical":"https:\/\/www.azur-scenic.com\/pt-pt\/produto\/cetim-ocultante-blackout\/","og_locale":"pt_PT","og_type":"article","og_title":"Cetim Ocultante (blackout) - Azur Scenic","og_description":"Um tecido obscurescente (blackout) com acabamento acetinado com propriedades ac\u00fasticas, classifica\u00e7\u00e3o M1 de rea\u00e7\u00e3o ao fogo (ign\u00edfugo) e dispon\u00edvel numa vasta gama de cores da tend\u00eancia. Cetim em poli\u00e9ster FR \u00e9 lav\u00e1vel e resistente aos raios UV, adequado para utiliza\u00e7\u00e3o em interiores e exteriores.  Largura: \u00b1 290 cm - 295 cm Peso: 250 g\/m\u00b2  Classifica\u00e7\u00e3o de rea\u00e7\u00e3o ao fogo: M1 C1 Composi\u00e7\u00e3o: 100% Poli\u00e9ster FR","og_url":"https:\/\/www.azur-scenic.com\/pt-pt\/produto\/cetim-ocultante-blackout\/","og_site_name":"Azur Scenic","article_modified_time":"2023-08-02T13:23:49+00:00","og_image":[{"width":1755,"height":1755,"url":"https:\/\/www.azur-scenic.com\/wp-content\/uploads\/SATIN-OCCULTANT-VANILLE.jpg","type":"image\/jpeg"}],"twitter_card":"summary_large_image","schema":{"@context":"https:\/\/schema.org","@graph":[{"@type":"WebPage","@id":"https:\/\/www.azur-scenic.com\/pt-pt\/produto\/cetim-ocultante-blackout\/","url":"https:\/\/www.azur-scenic.com\/pt-pt\/produto\/cetim-ocultante-blackout\/","name":"Cetim Ocultante (blackout) - Azur Scenic","isPartOf":{"@id":"https:\/\/www.azur-scenic.com\/pt-pt\/#website"},"primaryImageOfPage":{"@id":"https:\/\/www.azur-scenic.com\/pt-pt\/produto\/cetim-ocultante-blackout\/#primaryimage"},"image":{"@id":"https:\/\/www.azur-scenic.com\/pt-pt\/produto\/cetim-ocultante-blackout\/#primaryimage"},"thumbnailUrl":"https:\/\/www.azur-scenic.com\/wp-content\/uploads\/SATIN-OCCULTANT-VANILLE.jpg","datePublished":"2022-10-04T07:25:14+00:00","dateModified":"2023-08-02T13:23:49+00:00","breadcrumb":{"@id":"https:\/\/www.azur-scenic.com\/pt-pt\/produto\/cetim-ocultante-blackout\/#breadcrumb"},"inLanguage":"pt-PT","potentialAction":[{"@type":"ReadAction","target":["https:\/\/www.azur-scenic.com\/pt-pt\/produto\/cetim-ocultante-blackout\/"]}]},{"@type":"ImageObject","inLanguage":"pt-PT","@id":"https:\/\/www.azur-scenic.com\/pt-pt\/produto\/cetim-ocultante-blackout\/#primaryimage","url":"https:\/\/www.azur-scenic.com\/wp-content\/uploads\/SATIN-OCCULTANT-VANILLE.jpg","contentUrl":"https:\/\/www.azur-scenic.com\/wp-content\/uploads\/SATIN-OCCULTANT-VANILLE.jpg","width":1755,"height":1755,"caption":"SATIN OCCULTANT VANILLE"},{"@type":"BreadcrumbList","@id":"https:\/\/www.azur-scenic.com\/pt-pt\/produto\/cetim-ocultante-blackout\/#breadcrumb","itemListElement":[{"@type":"ListItem","position":1,"name":"Accueil","item":"https:\/\/www.azur-scenic.com\/pt-pt\/"},{"@type":"ListItem","position":2,"name":"Produits","item":"https:\/\/www.azur-scenic.com\/pt-pt\/?page_id=21439"},{"@type":"ListItem","position":3,"name":"Cetim Ocultante (blackout)"}]},{"@type":"WebSite","@id":"https:\/\/www.azur-scenic.com\/pt-pt\/#website","url":"https:\/\/www.azur-scenic.com\/pt-pt\/","name":"Azur Scenic","description":"Sp\u00e9cialiste de l\u2019\u00e9quipement sc\u00e9nique et de la d\u00e9coration int\u00e9rieure et \u00e9v\u00e9nementielle !","publisher":{"@id":"https:\/\/www.azur-scenic.com\/pt-pt\/#organization"},"potentialAction":[{"@type":"SearchAction","target":{"@type":"EntryPoint","urlTemplate":"https:\/\/www.azur-scenic.com\/pt-pt\/?s={search_term_string}"},"query-input":{"@type":"PropertyValueSpecification","valueRequired":true,"valueName":"search_term_string"}}],"inLanguage":"pt-PT"},{"@type":"Organization","@id":"https:\/\/www.azur-scenic.com\/pt-pt\/#organization","name":"AZUR SCENIC","url":"https:\/\/www.azur-scenic.com\/pt-pt\/","logo":{"@type":"ImageObject","inLanguage":"pt-PT","@id":"https:\/\/www.azur-scenic.com\/pt-pt\/#\/schema\/logo\/image\/","url":"https:\/\/www.azur-scenic.com\/wp-content\/uploads\/2022\/09\/LOGO-AZUR-SCENIC-Fusion-web-236x64-1.jpg","contentUrl":"https:\/\/www.azur-scenic.com\/wp-content\/uploads\/2022\/09\/LOGO-AZUR-SCENIC-Fusion-web-236x64-1.jpg","width":236,"height":64,"caption":"AZUR SCENIC"},"image":{"@id":"https:\/\/www.azur-scenic.com\/pt-pt\/#\/schema\/logo\/image\/"},"sameAs":["https:\/\/www.youtube.com\/channel\/UCPWM2mGPVUt4nYhNlm71WOA","https:\/\/www.linkedin.com\/company\/33237605\/admin\/feed\/posts\/"]}]}},"_links":{"self":[{"href":"https:\/\/www.azur-scenic.com\/pt-pt\/wp-json\/wp\/v2\/product\/19038","targetHints":{"allow":["GET"]}}],"collection":[{"href":"https:\/\/www.azur-scenic.com\/pt-pt\/wp-json\/wp\/v2\/product"}],"about":[{"href":"https:\/\/www.azur-scenic.com\/pt-pt\/wp-json\/wp\/v2\/types\/product"}],"wp:featuredmedia":[{"embeddable":true,"href":"https:\/\/www.azur-scenic.com\/pt-pt\/wp-json\/wp\/v2\/media\/15074"}],"wp:attachment":[{"href":"https:\/\/www.azur-scenic.com\/pt-pt\/wp-json\/wp\/v2\/media?parent=19038"}],"wp:term":[{"taxonomy":"product_brand","embeddable":true,"href":"https:\/\/www.azur-scenic.com\/pt-pt\/wp-json\/wp\/v2\/product_brand?post=19038"},{"taxonomy":"product_cat","embeddable":true,"href":"https:\/\/www.azur-scenic.com\/pt-pt\/wp-json\/wp\/v2\/product_cat?post=19038"},{"taxonomy":"product_tag","embeddable":true,"href":"https:\/\/www.azur-scenic.com\/pt-pt\/wp-json\/wp\/v2\/product_tag?post=19038"}],"curies":[{"name":"wp","href":"https:\/\/api.w.org\/{rel}","templated":true}]}}