{"id":19127,"date":"2022-10-04T07:25:14","date_gmt":"2022-10-04T07:25:14","guid":{"rendered":"https:\/\/www.azur-scenic.com\/produit\/satin-olympia\/"},"modified":"2023-08-02T13:23:53","modified_gmt":"2023-08-02T13:23:53","slug":"cetim-olympia","status":"publish","type":"product","link":"https:\/\/www.azur-scenic.com\/pt-pt\/produto\/cetim-olympia\/","title":{"rendered":"Cetim Olympia"},"content":{"rendered":"<table>\n<thead>\n<tr>\n<th style=\"width: 200px;\">Dados t\u00e9cnicos<\/th>\n<th style=\"width: 145px;\">Valor<\/th>\n<th style=\"width: 184px;\">Coment\u00e1rio<\/th>\n<\/tr>\n<\/thead>\n<tbody>\n<tr>\n<td style=\"vertical-align: top; width: 200px;\">Largura<\/td>\n<td style=\"vertical-align: top; width: 145px;\">150 cm<br \/>\n300 cm<\/td>\n<td style=\"vertical-align: top; width: 184px;\">Existe em 2 larguras (todas as cores)<\/td>\n<\/tr>\n<tr>\n<td style=\"vertical-align: top; width: 200px;\">Peso<\/td>\n<td style=\"vertical-align: top; width: 145px;\">350 g\/m\u00b2<\/td>\n<td style=\"vertical-align: top; width: 184px;\">\u00a0<\/td>\n<\/tr>\n<tr>\n<td style=\"vertical-align: top; width: 200px;\">Espessura<\/td>\n<td style=\"vertical-align: top; width: 145px;\">0,6 mm<\/td>\n<td style=\"vertical-align: top; width: 184px;\">\u00a0<\/td>\n<\/tr>\n<tr>\n<td style=\"vertical-align: top; width: 200px;\">Classifica\u00e7\u00e3o de rea\u00e7\u00e3o ao fogo<\/td>\n<td style=\"vertical-align: top; width: 145px;\"><img decoding=\"async\" style=\"height: 20px; width: 20px;\" src=\"https:\/\/www.azur-scenic.com\/wp-content\/uploads\/csm_icon-flag-france_3304e5e3f9.png\" \/> M1<br \/>\n<img decoding=\"async\" style=\"height: 20px; width: 20px;\" src=\"https:\/\/www.azur-scenic.com\/wp-content\/uploads\/icon-flag-europe.png\" \/> Classe 1<br \/>\n<img decoding=\"async\" style=\"height: 20px; width: 20px;\" src=\"https:\/\/www.azur-scenic.com\/wp-content\/uploads\/icon-flag-allemagne.png\" \/> B1<br \/>\n<img decoding=\"async\" style=\"height: 20px; width: 20px;\" src=\"https:\/\/www.azur-scenic.com\/wp-content\/uploads\/icon-flag-uk.png\" \/> Tipo B<br \/>\n<img decoding=\"async\" style=\"height: 20px; width: 20px;\" src=\"https:\/\/www.azur-scenic.com\/wp-content\/uploads\/icon-flag-italie.png\" \/> C1<\/td>\n<td style=\"vertical-align: top; width: 184px;\">\u00a0<\/td>\n<\/tr>\n<tr>\n<td style=\"vertical-align: top; width: 200px;\">Composi\u00e7\u00e3o<\/td>\n<td style=\"vertical-align: top; width: 145px;\">100% Poli\u00e9ster FR<\/td>\n<td style=\"vertical-align: top; width: 184px;\">\u00a0<\/td>\n<\/tr>\n<tr>\n<td style=\"vertical-align: top; width: 200px;\">Comprimento do rolo<\/td>\n<td style=\"vertical-align: top; width: 145px;\">Aprox. 30 m<br \/>\nRolo de largura completa<\/td>\n<td style=\"vertical-align: top; width: 184px;\">Pe\u00e7as n\u00e3o calibradas, metragem das pe\u00e7as vari\u00e1vel<br \/>\nPossibilidade de venda a retalho<\/td>\n<\/tr>\n<tr>\n<td style=\"vertical-align: top; width: 200px;\">Resist\u00eancia \u00e0 luz<\/td>\n<td style=\"vertical-align: top; width: 145px;\">5-6<\/td>\n<td style=\"vertical-align: top; width: 184px;\">Norma: ISO 105-B02<\/td>\n<\/tr>\n<tr>\n<td style=\"vertical-align: top; width: 200px;\">Resist\u00eancia \u00e0 lavagem (40 \u00b0C)<\/td>\n<td style=\"vertical-align: top; width: 145px;\">4-5<\/td>\n<td style=\"vertical-align: top; width: 184px;\">Norma: ISO 105-C10<\/td>\n<\/tr>\n<tr>\n<td style=\"vertical-align: top; width: 200px;\">Varia\u00e7\u00e3o dimensional<br \/>\n(Lavagem 30 \u00b0C \/ Limpeza a seco)<\/td>\n<td style=\"vertical-align: top; width: 145px;\">Corrente: aprox. \u00b1 1%<br \/>\nTrama: aprox. \u00b1 1%<\/td>\n<td style=\"vertical-align: top; width: 184px;\">Normas: ISO 6330 \/ 5077 \/ 3175-1<\/td>\n<\/tr>\n<tr>\n<td style=\"vertical-align: top; width: 200px;\">Descolora\u00e7\u00e3o devido a fric\u00e7\u00e3o<\/td>\n<td style=\"vertical-align: top; width: 145px;\">Seco \/ H\u00famido: 4-5<\/td>\n<td style=\"vertical-align: top; width: 184px;\">Norma: ISO 105-X12<\/td>\n<\/tr>\n<tr>\n<td style=\"vertical-align: top; width: 200px;\">Propriedades ac\u00fasticas<br \/>\nWSAC<br \/>\nSAC<br \/>\nNRC<br \/>\nSAA<\/td>\n<td style=\"vertical-align: top; width: 145px;\">0,80 \u03b1w<br \/>\nB <span style=\"font-size: 13px;\">(absor\u00e7\u00e3o extrema)<\/span><br \/>\n0,85<br \/>\n0,87<\/td>\n<td style=\"vertical-align: top; width: 184px;\">Normas:\u00a0ISO 354 &#8211;\u00a0ISO 11654 &#8211;\u00a0ASTM C423<\/td>\n<\/tr>\n<\/tbody>\n<\/table>\n<p>\u00a0<\/p><\/p>\n","protected":false},"excerpt":{"rendered":"<p>Oferecendo bel\u00edssimas propriedades de <span style=\"color: #f88523;\"><strong>absor\u00e7\u00e3o ac\u00fastica<\/strong><\/span>, este cetim grosso \u00e9 tamb\u00e9m um bom <span style=\"color: #f88523;\"><strong>obscurecedor<\/strong><\/span>.<br \/>\nEste tecido tem um aspeto <span style=\"color: #f88523;\"><strong>mate<\/strong><\/span> e <span style=\"color: #f88523;\"><strong>acabamento cuidado<\/strong><\/span>, \u00e9 classificado <span style=\"color: #f88523;\"><strong>M1<\/strong><\/span> de rea\u00e7\u00e3o ao fogo (ign\u00edfugo), est\u00e1 dispon\u00edvel numa bela paleta de<span style=\"color: #f88523;\"><strong> 26 cores<\/strong><\/span>.<br \/>\nTecido em poli\u00e9ster FR <strong><span style=\"color: #f88523;\">lav\u00e1vel<\/span><\/strong> e <strong><span style=\"color: #f88523;\">resistentes aos raios UV<\/span><\/strong>, adequado tanto para utiliza\u00e7\u00e3o em <span style=\"color: #f88523;\"><strong>interiores como exteriores<\/strong><\/span>.<br \/>\nCertificado <strong><span style=\"color: #f88523;\">Oeko-Tex\u00ae<\/span><\/strong>, por conseguinte amigo do meio ambiente, este cetim est\u00e1 perfeitamente adequado para projetos contempor\u00e2neos de <span style=\"color: #f88523;\"><strong>design de interiores<\/strong><\/span>, tais como hot\u00e9is, salas de rece\u00e7\u00e3o&#8230;<\/p>\n<table class=\"table\" style=\"background: #f7f7f7;\">\n<tbody>\n<tr>\n<td><strong>Largura<\/strong>: 150 cm e 300 cm<\/td>\n<td><strong>Peso<\/strong>: 350 g\/m\u00b2<\/td>\n<\/tr>\n<tr>\n<td><strong>Classifica\u00e7\u00e3o de rea\u00e7\u00e3o ao fogo<\/strong>: <img decoding=\"async\" style=\"height: 20px; width: 20px;\" src=\"https:\/\/www.azur-scenic.com\/wp-content\/uploads\/csm_icon-flag-france_3304e5e3f9.png\" \/> M1 <img decoding=\"async\" style=\"height: 20px; width: 20px;\" src=\"https:\/\/www.azur-scenic.com\/wp-content\/uploads\/icon-flag-europe.png\" \/> Classe 1<br \/>\n<img decoding=\"async\" style=\"height: 20px; width: 20px;\" src=\"https:\/\/www.azur-scenic.com\/wp-content\/uploads\/icon-flag-allemagne.png\" \/> B1 <img decoding=\"async\" style=\"height: 20px; width: 20px;\" src=\"https:\/\/www.azur-scenic.com\/wp-content\/uploads\/icon-flag-uk.png\" \/> Tipo B <img decoding=\"async\" style=\"height: 20px; width: 20px;\" src=\"https:\/\/www.azur-scenic.com\/wp-content\/uploads\/icon-flag-italie.png\" \/> C1<\/td>\n<td style=\"vertical-align: top;\"><strong>Composi\u00e7\u00e3o<\/strong>: 100% Poli\u00e9ster FR<\/td>\n<\/tr>\n<\/tbody>\n<\/table>\n","protected":false},"featured_media":14878,"template":"","meta":{"_acf_changed":false},"product_brand":[],"product_cat":[921,916,919,986,1654,984,985,989],"product_tag":[],"class_list":{"0":"post-19127","1":"product","2":"type-product","3":"status-publish","4":"has-post-thumbnail","6":"product_cat-todos-os-produtos","7":"product_cat-texteis-cenicos-e-para-eventos","8":"product_cat-ocultantes-blackout","9":"product_cat-tecidos-de-decoracao","10":"product_cat-tecidos-de-decoracao-acusticos","11":"product_cat-solucoes-acusticas","12":"product_cat-absorcao-acustica","13":"product_cat-decoracao","14":"pa_couleurs-001-es","15":"pa_couleurs-002-es","16":"pa_couleurs-003-es","17":"pa_couleurs-030-es","18":"pa_couleurs-110-es","19":"pa_couleurs-120-es","20":"pa_couleurs-170-es","21":"pa_couleurs-180-es","22":"pa_couleurs-200-es","23":"pa_couleurs-288-es","24":"pa_couleurs-350-es","25":"pa_couleurs-360-es","26":"pa_couleurs-440-es","27":"pa_couleurs-500-es","28":"pa_couleurs-501-es","29":"pa_couleurs-540-es","30":"pa_couleurs-560-es","31":"pa_couleurs-619-es","32":"pa_couleurs-630-es","33":"pa_couleurs-690-es","34":"pa_couleurs-730-es","35":"pa_couleurs-760-es","36":"pa_couleurs-780-es","37":"pa_couleurs-782-es","38":"pa_couleurs-790-es","39":"pa_couleurs-870-es","40":"pa_groupes-de-couleurs-branco","41":"pa_groupes-de-couleurs-azuis","42":"pa_groupes-de-couleurs-cru","43":"pa_groupes-de-couleurs-cinzento","44":"pa_groupes-de-couleurs-amarelos","45":"pa_groupes-de-couleurs-castanhos-beges","46":"pa_groupes-de-couleurs-negro","47":"pa_groupes-de-couleurs-laranjas","48":"pa_groupes-de-couleurs-vermelhos","49":"pa_groupes-de-couleurs-verdes","50":"pa_groupes-de-couleurs-violetas","51":"pa_textiles-absorvente-acustico","52":"pa_textiles-adaptado-para-exterior","53":"pa_textiles-classificacao-de-reacao-ao-fogo-ignifugo","54":"pa_textiles-lavavel","55":"pa_textiles-ocultante-blackout-e-ou-obscurecedor","56":"pa_textiles-oeko-tex","57":"pa_textiles-resistente-a-uv","58":"pa_textiles-ecologico","60":"first","61":"instock","62":"shipping-taxable","63":"purchasable","64":"product-type-variable"},"acf":[],"yoast_head":"<!-- This site is optimized with the Yoast SEO plugin v27.3 - https:\/\/yoast.com\/product\/yoast-seo-wordpress\/ -->\n<title>Cetim Olympia - Azur Scenic<\/title>\n<meta name=\"robots\" content=\"index, follow, max-snippet:-1, max-image-preview:large, max-video-preview:-1\" \/>\n<link rel=\"canonical\" href=\"https:\/\/www.azur-scenic.com\/pt-pt\/produto\/cetim-olympia\/\" \/>\n<meta property=\"og:locale\" content=\"pt_PT\" \/>\n<meta property=\"og:type\" content=\"article\" \/>\n<meta property=\"og:title\" content=\"Cetim Olympia - Azur Scenic\" \/>\n<meta property=\"og:description\" content=\"Oferecendo bel\u00edssimas propriedades de absor\u00e7\u00e3o ac\u00fastica, este cetim grosso \u00e9 tamb\u00e9m um bom obscurecedor. Este tecido tem um aspeto mate e acabamento cuidado, \u00e9 classificado M1 de rea\u00e7\u00e3o ao fogo (ign\u00edfugo), est\u00e1 dispon\u00edvel numa bela paleta de 26 cores. Tecido em poli\u00e9ster FR lav\u00e1vel e resistentes aos raios UV, adequado tanto para utiliza\u00e7\u00e3o em interiores como exteriores. Certificado Oeko-Tex\u00ae, por conseguinte amigo do meio ambiente, este cetim est\u00e1 perfeitamente adequado para projetos contempor\u00e2neos de design de interiores, tais como hot\u00e9is, salas de rece\u00e7\u00e3o...  Largura: 150 cm e 300 cm Peso: 350 g\/m\u00b2  Classifica\u00e7\u00e3o de rea\u00e7\u00e3o ao fogo: M1 Classe 1 B1 Tipo B C1 Composi\u00e7\u00e3o: 100% Poli\u00e9ster FR\" \/>\n<meta property=\"og:url\" content=\"https:\/\/www.azur-scenic.com\/pt-pt\/produto\/cetim-olympia\/\" \/>\n<meta property=\"og:site_name\" content=\"Azur Scenic\" \/>\n<meta property=\"article:modified_time\" content=\"2023-08-02T13:23:53+00:00\" \/>\n<meta property=\"og:image\" content=\"https:\/\/www.azur-scenic.com\/wp-content\/uploads\/SATIN-OLYMPIA-NOIR.jpg\" \/>\n\t<meta property=\"og:image:width\" content=\"2010\" \/>\n\t<meta property=\"og:image:height\" content=\"2010\" \/>\n\t<meta property=\"og:image:type\" content=\"image\/jpeg\" \/>\n<meta name=\"twitter:card\" content=\"summary_large_image\" \/>\n<meta name=\"twitter:label1\" content=\"Tempo estimado de leitura\" \/>\n\t<meta name=\"twitter:data1\" content=\"1 minuto\" \/>\n<script type=\"application\/ld+json\" class=\"yoast-schema-graph\">{\"@context\":\"https:\\\/\\\/schema.org\",\"@graph\":[{\"@type\":\"WebPage\",\"@id\":\"https:\\\/\\\/www.azur-scenic.com\\\/pt-pt\\\/produto\\\/cetim-olympia\\\/\",\"url\":\"https:\\\/\\\/www.azur-scenic.com\\\/pt-pt\\\/produto\\\/cetim-olympia\\\/\",\"name\":\"Cetim Olympia - Azur Scenic\",\"isPartOf\":{\"@id\":\"https:\\\/\\\/www.azur-scenic.com\\\/pt-pt\\\/#website\"},\"primaryImageOfPage\":{\"@id\":\"https:\\\/\\\/www.azur-scenic.com\\\/pt-pt\\\/produto\\\/cetim-olympia\\\/#primaryimage\"},\"image\":{\"@id\":\"https:\\\/\\\/www.azur-scenic.com\\\/pt-pt\\\/produto\\\/cetim-olympia\\\/#primaryimage\"},\"thumbnailUrl\":\"https:\\\/\\\/www.azur-scenic.com\\\/wp-content\\\/uploads\\\/SATIN-OLYMPIA-NOIR.jpg\",\"datePublished\":\"2022-10-04T07:25:14+00:00\",\"dateModified\":\"2023-08-02T13:23:53+00:00\",\"breadcrumb\":{\"@id\":\"https:\\\/\\\/www.azur-scenic.com\\\/pt-pt\\\/produto\\\/cetim-olympia\\\/#breadcrumb\"},\"inLanguage\":\"pt-PT\",\"potentialAction\":[{\"@type\":\"ReadAction\",\"target\":[\"https:\\\/\\\/www.azur-scenic.com\\\/pt-pt\\\/produto\\\/cetim-olympia\\\/\"]}]},{\"@type\":\"ImageObject\",\"inLanguage\":\"pt-PT\",\"@id\":\"https:\\\/\\\/www.azur-scenic.com\\\/pt-pt\\\/produto\\\/cetim-olympia\\\/#primaryimage\",\"url\":\"https:\\\/\\\/www.azur-scenic.com\\\/wp-content\\\/uploads\\\/SATIN-OLYMPIA-NOIR.jpg\",\"contentUrl\":\"https:\\\/\\\/www.azur-scenic.com\\\/wp-content\\\/uploads\\\/SATIN-OLYMPIA-NOIR.jpg\",\"width\":2010,\"height\":2010,\"caption\":\"SATIN OLYMPIA NOIR\"},{\"@type\":\"BreadcrumbList\",\"@id\":\"https:\\\/\\\/www.azur-scenic.com\\\/pt-pt\\\/produto\\\/cetim-olympia\\\/#breadcrumb\",\"itemListElement\":[{\"@type\":\"ListItem\",\"position\":1,\"name\":\"Accueil\",\"item\":\"https:\\\/\\\/www.azur-scenic.com\\\/pt-pt\\\/\"},{\"@type\":\"ListItem\",\"position\":2,\"name\":\"Produits\",\"item\":\"https:\\\/\\\/www.azur-scenic.com\\\/pt-pt\\\/?page_id=21439\"},{\"@type\":\"ListItem\",\"position\":3,\"name\":\"Cetim Olympia\"}]},{\"@type\":\"WebSite\",\"@id\":\"https:\\\/\\\/www.azur-scenic.com\\\/pt-pt\\\/#website\",\"url\":\"https:\\\/\\\/www.azur-scenic.com\\\/pt-pt\\\/\",\"name\":\"Azur Scenic\",\"description\":\"Sp\u00e9cialiste de l\u2019\u00e9quipement sc\u00e9nique et de la d\u00e9coration int\u00e9rieure et \u00e9v\u00e9nementielle !\",\"publisher\":{\"@id\":\"https:\\\/\\\/www.azur-scenic.com\\\/pt-pt\\\/#organization\"},\"potentialAction\":[{\"@type\":\"SearchAction\",\"target\":{\"@type\":\"EntryPoint\",\"urlTemplate\":\"https:\\\/\\\/www.azur-scenic.com\\\/pt-pt\\\/?s={search_term_string}\"},\"query-input\":{\"@type\":\"PropertyValueSpecification\",\"valueRequired\":true,\"valueName\":\"search_term_string\"}}],\"inLanguage\":\"pt-PT\"},{\"@type\":\"Organization\",\"@id\":\"https:\\\/\\\/www.azur-scenic.com\\\/pt-pt\\\/#organization\",\"name\":\"AZUR SCENIC\",\"url\":\"https:\\\/\\\/www.azur-scenic.com\\\/pt-pt\\\/\",\"logo\":{\"@type\":\"ImageObject\",\"inLanguage\":\"pt-PT\",\"@id\":\"https:\\\/\\\/www.azur-scenic.com\\\/pt-pt\\\/#\\\/schema\\\/logo\\\/image\\\/\",\"url\":\"https:\\\/\\\/www.azur-scenic.com\\\/wp-content\\\/uploads\\\/2022\\\/09\\\/LOGO-AZUR-SCENIC-Fusion-web-236x64-1.jpg\",\"contentUrl\":\"https:\\\/\\\/www.azur-scenic.com\\\/wp-content\\\/uploads\\\/2022\\\/09\\\/LOGO-AZUR-SCENIC-Fusion-web-236x64-1.jpg\",\"width\":236,\"height\":64,\"caption\":\"AZUR SCENIC\"},\"image\":{\"@id\":\"https:\\\/\\\/www.azur-scenic.com\\\/pt-pt\\\/#\\\/schema\\\/logo\\\/image\\\/\"},\"sameAs\":[\"https:\\\/\\\/www.youtube.com\\\/channel\\\/UCPWM2mGPVUt4nYhNlm71WOA\",\"https:\\\/\\\/www.linkedin.com\\\/company\\\/33237605\\\/admin\\\/feed\\\/posts\\\/\"]}]}<\/script>\n<!-- \/ Yoast SEO plugin. -->","yoast_head_json":{"title":"Cetim Olympia - Azur Scenic","robots":{"index":"index","follow":"follow","max-snippet":"max-snippet:-1","max-image-preview":"max-image-preview:large","max-video-preview":"max-video-preview:-1"},"canonical":"https:\/\/www.azur-scenic.com\/pt-pt\/produto\/cetim-olympia\/","og_locale":"pt_PT","og_type":"article","og_title":"Cetim Olympia - Azur Scenic","og_description":"Oferecendo bel\u00edssimas propriedades de absor\u00e7\u00e3o ac\u00fastica, este cetim grosso \u00e9 tamb\u00e9m um bom obscurecedor. Este tecido tem um aspeto mate e acabamento cuidado, \u00e9 classificado M1 de rea\u00e7\u00e3o ao fogo (ign\u00edfugo), est\u00e1 dispon\u00edvel numa bela paleta de 26 cores. Tecido em poli\u00e9ster FR lav\u00e1vel e resistentes aos raios UV, adequado tanto para utiliza\u00e7\u00e3o em interiores como exteriores. Certificado Oeko-Tex\u00ae, por conseguinte amigo do meio ambiente, este cetim est\u00e1 perfeitamente adequado para projetos contempor\u00e2neos de design de interiores, tais como hot\u00e9is, salas de rece\u00e7\u00e3o...  Largura: 150 cm e 300 cm Peso: 350 g\/m\u00b2  Classifica\u00e7\u00e3o de rea\u00e7\u00e3o ao fogo: M1 Classe 1 B1 Tipo B C1 Composi\u00e7\u00e3o: 100% Poli\u00e9ster FR","og_url":"https:\/\/www.azur-scenic.com\/pt-pt\/produto\/cetim-olympia\/","og_site_name":"Azur Scenic","article_modified_time":"2023-08-02T13:23:53+00:00","og_image":[{"width":2010,"height":2010,"url":"https:\/\/www.azur-scenic.com\/wp-content\/uploads\/SATIN-OLYMPIA-NOIR.jpg","type":"image\/jpeg"}],"twitter_card":"summary_large_image","twitter_misc":{"Tempo estimado de leitura":"1 minuto"},"schema":{"@context":"https:\/\/schema.org","@graph":[{"@type":"WebPage","@id":"https:\/\/www.azur-scenic.com\/pt-pt\/produto\/cetim-olympia\/","url":"https:\/\/www.azur-scenic.com\/pt-pt\/produto\/cetim-olympia\/","name":"Cetim Olympia - Azur Scenic","isPartOf":{"@id":"https:\/\/www.azur-scenic.com\/pt-pt\/#website"},"primaryImageOfPage":{"@id":"https:\/\/www.azur-scenic.com\/pt-pt\/produto\/cetim-olympia\/#primaryimage"},"image":{"@id":"https:\/\/www.azur-scenic.com\/pt-pt\/produto\/cetim-olympia\/#primaryimage"},"thumbnailUrl":"https:\/\/www.azur-scenic.com\/wp-content\/uploads\/SATIN-OLYMPIA-NOIR.jpg","datePublished":"2022-10-04T07:25:14+00:00","dateModified":"2023-08-02T13:23:53+00:00","breadcrumb":{"@id":"https:\/\/www.azur-scenic.com\/pt-pt\/produto\/cetim-olympia\/#breadcrumb"},"inLanguage":"pt-PT","potentialAction":[{"@type":"ReadAction","target":["https:\/\/www.azur-scenic.com\/pt-pt\/produto\/cetim-olympia\/"]}]},{"@type":"ImageObject","inLanguage":"pt-PT","@id":"https:\/\/www.azur-scenic.com\/pt-pt\/produto\/cetim-olympia\/#primaryimage","url":"https:\/\/www.azur-scenic.com\/wp-content\/uploads\/SATIN-OLYMPIA-NOIR.jpg","contentUrl":"https:\/\/www.azur-scenic.com\/wp-content\/uploads\/SATIN-OLYMPIA-NOIR.jpg","width":2010,"height":2010,"caption":"SATIN OLYMPIA NOIR"},{"@type":"BreadcrumbList","@id":"https:\/\/www.azur-scenic.com\/pt-pt\/produto\/cetim-olympia\/#breadcrumb","itemListElement":[{"@type":"ListItem","position":1,"name":"Accueil","item":"https:\/\/www.azur-scenic.com\/pt-pt\/"},{"@type":"ListItem","position":2,"name":"Produits","item":"https:\/\/www.azur-scenic.com\/pt-pt\/?page_id=21439"},{"@type":"ListItem","position":3,"name":"Cetim Olympia"}]},{"@type":"WebSite","@id":"https:\/\/www.azur-scenic.com\/pt-pt\/#website","url":"https:\/\/www.azur-scenic.com\/pt-pt\/","name":"Azur Scenic","description":"Sp\u00e9cialiste de l\u2019\u00e9quipement sc\u00e9nique et de la d\u00e9coration int\u00e9rieure et \u00e9v\u00e9nementielle !","publisher":{"@id":"https:\/\/www.azur-scenic.com\/pt-pt\/#organization"},"potentialAction":[{"@type":"SearchAction","target":{"@type":"EntryPoint","urlTemplate":"https:\/\/www.azur-scenic.com\/pt-pt\/?s={search_term_string}"},"query-input":{"@type":"PropertyValueSpecification","valueRequired":true,"valueName":"search_term_string"}}],"inLanguage":"pt-PT"},{"@type":"Organization","@id":"https:\/\/www.azur-scenic.com\/pt-pt\/#organization","name":"AZUR SCENIC","url":"https:\/\/www.azur-scenic.com\/pt-pt\/","logo":{"@type":"ImageObject","inLanguage":"pt-PT","@id":"https:\/\/www.azur-scenic.com\/pt-pt\/#\/schema\/logo\/image\/","url":"https:\/\/www.azur-scenic.com\/wp-content\/uploads\/2022\/09\/LOGO-AZUR-SCENIC-Fusion-web-236x64-1.jpg","contentUrl":"https:\/\/www.azur-scenic.com\/wp-content\/uploads\/2022\/09\/LOGO-AZUR-SCENIC-Fusion-web-236x64-1.jpg","width":236,"height":64,"caption":"AZUR SCENIC"},"image":{"@id":"https:\/\/www.azur-scenic.com\/pt-pt\/#\/schema\/logo\/image\/"},"sameAs":["https:\/\/www.youtube.com\/channel\/UCPWM2mGPVUt4nYhNlm71WOA","https:\/\/www.linkedin.com\/company\/33237605\/admin\/feed\/posts\/"]}]}},"_links":{"self":[{"href":"https:\/\/www.azur-scenic.com\/pt-pt\/wp-json\/wp\/v2\/product\/19127","targetHints":{"allow":["GET"]}}],"collection":[{"href":"https:\/\/www.azur-scenic.com\/pt-pt\/wp-json\/wp\/v2\/product"}],"about":[{"href":"https:\/\/www.azur-scenic.com\/pt-pt\/wp-json\/wp\/v2\/types\/product"}],"wp:featuredmedia":[{"embeddable":true,"href":"https:\/\/www.azur-scenic.com\/pt-pt\/wp-json\/wp\/v2\/media\/14878"}],"wp:attachment":[{"href":"https:\/\/www.azur-scenic.com\/pt-pt\/wp-json\/wp\/v2\/media?parent=19127"}],"wp:term":[{"taxonomy":"product_brand","embeddable":true,"href":"https:\/\/www.azur-scenic.com\/pt-pt\/wp-json\/wp\/v2\/product_brand?post=19127"},{"taxonomy":"product_cat","embeddable":true,"href":"https:\/\/www.azur-scenic.com\/pt-pt\/wp-json\/wp\/v2\/product_cat?post=19127"},{"taxonomy":"product_tag","embeddable":true,"href":"https:\/\/www.azur-scenic.com\/pt-pt\/wp-json\/wp\/v2\/product_tag?post=19127"}],"curies":[{"name":"wp","href":"https:\/\/api.w.org\/{rel}","templated":true}]}}