{"id":19277,"date":"2022-10-04T07:25:00","date_gmt":"2022-10-04T07:25:00","guid":{"rendered":"https:\/\/www.azur-scenic.com\/produit\/stretch-xxl\/"},"modified":"2023-08-02T13:24:04","modified_gmt":"2023-08-02T13:24:04","slug":"stretch-xxl","status":"publish","type":"product","link":"https:\/\/www.azur-scenic.com\/pt-pt\/produto\/stretch-xxl\/","title":{"rendered":"Stretch XXL"},"content":{"rendered":"<table>\n<thead>\n<tr>\n<th style=\"width: 170px;\">Dados t\u00e9cnicos<\/th>\n<th style=\"width: 116px;\">Valor<\/th>\n<th style=\"width: 243px;\">Coment\u00e1rio<\/th>\n<\/tr>\n<\/thead>\n<tbody>\n<tr>\n<td style=\"vertical-align: top;\">Largura<\/td>\n<td style=\"vertical-align: top; width: 116px;\">\u00b1 430 &#8211; 450 cm<\/td>\n<td style=\"vertical-align: top; width: 243px;\">Aten\u00e7\u00e3o:<br \/>\nDevido \u00e0 elasticidade do tecido, a largura pode variar de pe\u00e7a para pe\u00e7a em \u00b1 20 cm.<\/td>\n<\/tr>\n<tr>\n<td style=\"vertical-align: top;\">Peso<\/td>\n<td style=\"vertical-align: top; width: 116px;\">165 g\/m\u00b2<\/td>\n<td style=\"vertical-align: top; width: 243px;\">Norma: DIN EN 12127<\/td>\n<\/tr>\n<tr>\n<td style=\"vertical-align: top;\">Espessura<\/td>\n<td style=\"vertical-align: top; width: 116px;\">0,5 mm<\/td>\n<td style=\"vertical-align: top; width: 243px;\">\u00a0<\/td>\n<\/tr>\n<tr>\n<td style=\"vertical-align: top;\">Classifica\u00e7\u00e3o de rea\u00e7\u00e3o ao fogo<\/td>\n<td style=\"vertical-align: top; width: 116px;\"><img decoding=\"async\" style=\"height: 20px; width: 20px;\" src=\"https:\/\/www.azur-scenic.com\/wp-content\/uploads\/icon-flag-europe.png\" \/> B-s1,d0<\/td>\n<td style=\"vertical-align: top; width: 243px;\">Norma: EN 13501-1<\/td>\n<\/tr>\n<tr>\n<td style=\"vertical-align: top;\">Composi\u00e7\u00e3o<\/td>\n<td style=\"vertical-align: top; width: 116px;\">100% Poli\u00e9ster<\/td>\n<td style=\"vertical-align: top; width: 243px;\">\u00a0<\/td>\n<\/tr>\n<tr>\n<td style=\"vertical-align: top;\">Comprimento do rolo<\/td>\n<td style=\"vertical-align: top; width: 116px;\">50 m,<br \/>\nDobrado em fardo<\/td>\n<td style=\"vertical-align: top; width: 243px;\">Possibilidade de venda a retalho<\/td>\n<\/tr>\n<tr>\n<td style=\"vertical-align: top;\">Grau de elasticidade<\/td>\n<td style=\"vertical-align: top; width: 116px;\">Corrente: 90%<br \/>\nTrama: 91%<\/td>\n<td style=\"vertical-align: top; width: 243px;\">A elasticidade \u00e9 apresentada a t\u00edtulo meramente indicativo<br \/>\ne pode variar de acordo com o tamanho, forma e tipo de gancho,<\/td>\n<\/tr>\n<tr>\n<td style=\"vertical-align: top;\">Elasticidade m\u00e1xima<\/td>\n<td style=\"vertical-align: top; width: 116px;\">Corrente: 40%<br \/>\nTrama: 35%<\/td>\n<td style=\"vertical-align: top; width: 243px;\">Norma: DIN 53835-13<\/td>\n<\/tr>\n<tr>\n<td style=\"vertical-align: top;\">Resist\u00eancia \u00e0 rutura<\/td>\n<td style=\"vertical-align: top; width: 116px;\">\u2265 280 kPa<\/td>\n<td style=\"vertical-align: top; width: 243px;\">Norma: DIN EN ISO 13938-2<\/td>\n<\/tr>\n<tr>\n<td style=\"vertical-align: top;\">Varia\u00e7\u00e3o dimensional<br \/>\n(Lavagem 40 \u00b0C)<\/td>\n<td style=\"vertical-align: top; width: 116px;\">+ 1% \/ -7%<\/td>\n<td style=\"vertical-align: top; width: 243px;\">Norma: DIN 53892<\/td>\n<\/tr>\n<tr>\n<td style=\"vertical-align: top;\">Resist\u00eancia \u00e0 luz<\/td>\n<td style=\"vertical-align: top; width: 116px;\">Branco: 4-5<br \/>\nNegro: 5<\/td>\n<td style=\"vertical-align: top; width: 243px;\">Norma: DIN ISO 105 B02<\/td>\n<\/tr>\n<\/tbody>\n<\/table>\n<p>\u00a0<\/p><\/p>\n","protected":false},"excerpt":{"rendered":"<p>Um t\u00eaxtil <strong><span style=\"color: #f88523;\">extens\u00edvel<\/span><\/strong>, classificado<span style=\"color: #f88523;\"><strong> B-s1,d0 de rea\u00e7\u00e3o ao fogo (ign\u00edfugo)<\/strong><\/span>, ideal para todos os seus projetos de <span style=\"color: #f88523;\"><strong>decora\u00e7\u00e3o de eventos<\/strong><\/span>.<br \/>\nDispon\u00edvel em <span style=\"color: #f88523;\"><strong>grandes larguras<\/strong><\/span>, este tecido &#8220;stretch&#8221; (el\u00e1stico) vai permitir-lhe realizar os seus maiores projetos, limitando as costuras de montagem.<\/p>\n<p>Artigo em poli\u00e9ster <span style=\"color: #f88523;\"><strong>lav\u00e1vel<\/strong><\/span> conveniente quer para utiliza\u00e7\u00e3o no interior como no <span style=\"color: #f88523;\"><strong>exterior<\/strong><\/span>.<\/p>\n<p>Fino e polivalente, este tecido &#8220;stretch&#8221; (el\u00e1stico) pode ser usado para confecionar <span style=\"color: #f88523;\"><strong>tendas e toldos<\/strong><\/span>, para <span style=\"color: #f88523;\"><strong>decorar stands<\/strong><\/span>, para <span style=\"color: #f88523;\"><strong>revestir estruturas<\/strong><\/span> c\u00e9nicas, para <span style=\"color: #f88523;\"><strong>decora\u00e7\u00e3o de cen\u00e1rios<\/strong><\/span>, e tamb\u00e9m pode ser usado como <span style=\"color: #f88523;\"><strong>suporte criativo<\/strong><\/span> para <span style=\"color: #f88523;\"><strong>proje\u00e7\u00e3o<\/strong><\/span> e <span style=\"color: #f88523;\"><strong>retroproje\u00e7\u00e3o<\/strong><\/span>.<\/p>\n<table class=\"table\" style=\"background: #f7f7f7;\">\n<tbody>\n<tr>\n<td><strong>Largura<\/strong>: \u00b1 430 &#8211; 450 cm<\/td>\n<td><strong>Peso<\/strong>: 165 g\/m\u00b2<\/td>\n<\/tr>\n<tr>\n<td><strong>Classifica\u00e7\u00e3o de rea\u00e7\u00e3o ao fogo<\/strong>: <img decoding=\"async\" style=\"height: 20px; width: 20px;\" src=\"https:\/\/www.azur-scenic.com\/wp-content\/uploads\/icon-flag-europe.png\" \/> B-s1,d0<\/td>\n<td style=\"vertical-align: top;\"><strong>Composi\u00e7\u00e3o<\/strong>: 100% Poli\u00e9ster<\/td>\n<\/tr>\n<\/tbody>\n<\/table>\n","protected":false},"featured_media":6973,"template":"","meta":{"_acf_changed":false},"product_brand":[],"product_cat":[921,916,1359,1113],"product_tag":[],"class_list":{"0":"post-19277","1":"product","2":"type-product","3":"status-publish","4":"has-post-thumbnail","6":"product_cat-todos-os-produtos","7":"product_cat-texteis-cenicos-e-para-eventos","8":"product_cat-extensiveis","9":"product_cat-eventos","10":"pa_couleurs-002-es","11":"pa_couleurs-003-es","12":"pa_groupes-de-couleurs-branco","13":"pa_groupes-de-couleurs-negro","14":"pa_textiles-adaptado-para-exterior","15":"pa_textiles-classificacao-de-reacao-ao-fogo-ignifugo","16":"pa_textiles-extensivel","17":"pa_textiles-lavavel","18":"pa_textiles-projecao-frontal","19":"pa_textiles-retroprojecao","20":"pa_textiles-larguras-muito-grandes","22":"first","23":"instock","24":"shipping-taxable","25":"purchasable","26":"product-type-variable"},"acf":[],"yoast_head":"<!-- This site is optimized with the Yoast SEO plugin v27.3 - https:\/\/yoast.com\/product\/yoast-seo-wordpress\/ -->\n<title>Stretch XXL - Azur Scenic<\/title>\n<meta name=\"robots\" content=\"index, follow, max-snippet:-1, max-image-preview:large, max-video-preview:-1\" \/>\n<link rel=\"canonical\" href=\"https:\/\/www.azur-scenic.com\/pt-pt\/produto\/stretch-xxl\/\" \/>\n<meta property=\"og:locale\" content=\"pt_PT\" \/>\n<meta property=\"og:type\" content=\"article\" \/>\n<meta property=\"og:title\" content=\"Stretch XXL - Azur Scenic\" \/>\n<meta property=\"og:description\" content=\"Um t\u00eaxtil extens\u00edvel, classificado B-s1,d0 de rea\u00e7\u00e3o ao fogo (ign\u00edfugo), ideal para todos os seus projetos de decora\u00e7\u00e3o de eventos. Dispon\u00edvel em grandes larguras, este tecido &quot;stretch&quot; (el\u00e1stico) vai permitir-lhe realizar os seus maiores projetos, limitando as costuras de montagem. Artigo em poli\u00e9ster lav\u00e1vel conveniente quer para utiliza\u00e7\u00e3o no interior como no exterior. Fino e polivalente, este tecido &quot;stretch&quot; (el\u00e1stico) pode ser usado para confecionar tendas e toldos, para decorar stands, para revestir estruturas c\u00e9nicas, para decora\u00e7\u00e3o de cen\u00e1rios, e tamb\u00e9m pode ser usado como suporte criativo para proje\u00e7\u00e3o e retroproje\u00e7\u00e3o.  Largura: \u00b1 430 - 450 cm Peso: 165 g\/m\u00b2  Classifica\u00e7\u00e3o de rea\u00e7\u00e3o ao fogo: B-s1,d0 Composi\u00e7\u00e3o: 100% Poli\u00e9ster\" \/>\n<meta property=\"og:url\" content=\"https:\/\/www.azur-scenic.com\/pt-pt\/produto\/stretch-xxl\/\" \/>\n<meta property=\"og:site_name\" content=\"Azur Scenic\" \/>\n<meta property=\"article:modified_time\" content=\"2023-08-02T13:24:04+00:00\" \/>\n<meta property=\"og:image\" content=\"https:\/\/www.azur-scenic.com\/wp-content\/uploads\/8e6c97902bdb6b4b6963dcd49639d479.png\" \/>\n\t<meta property=\"og:image:width\" content=\"430\" \/>\n\t<meta property=\"og:image:height\" content=\"430\" \/>\n\t<meta property=\"og:image:type\" content=\"image\/png\" \/>\n<meta name=\"twitter:card\" content=\"summary_large_image\" \/>\n<meta name=\"twitter:label1\" content=\"Tempo estimado de leitura\" \/>\n\t<meta name=\"twitter:data1\" content=\"1 minuto\" \/>\n<script type=\"application\/ld+json\" class=\"yoast-schema-graph\">{\"@context\":\"https:\\\/\\\/schema.org\",\"@graph\":[{\"@type\":\"WebPage\",\"@id\":\"https:\\\/\\\/www.azur-scenic.com\\\/pt-pt\\\/produto\\\/stretch-xxl\\\/\",\"url\":\"https:\\\/\\\/www.azur-scenic.com\\\/pt-pt\\\/produto\\\/stretch-xxl\\\/\",\"name\":\"Stretch XXL - Azur Scenic\",\"isPartOf\":{\"@id\":\"https:\\\/\\\/www.azur-scenic.com\\\/pt-pt\\\/#website\"},\"primaryImageOfPage\":{\"@id\":\"https:\\\/\\\/www.azur-scenic.com\\\/pt-pt\\\/produto\\\/stretch-xxl\\\/#primaryimage\"},\"image\":{\"@id\":\"https:\\\/\\\/www.azur-scenic.com\\\/pt-pt\\\/produto\\\/stretch-xxl\\\/#primaryimage\"},\"thumbnailUrl\":\"https:\\\/\\\/www.azur-scenic.com\\\/wp-content\\\/uploads\\\/8e6c97902bdb6b4b6963dcd49639d479.png\",\"datePublished\":\"2022-10-04T07:25:00+00:00\",\"dateModified\":\"2023-08-02T13:24:04+00:00\",\"breadcrumb\":{\"@id\":\"https:\\\/\\\/www.azur-scenic.com\\\/pt-pt\\\/produto\\\/stretch-xxl\\\/#breadcrumb\"},\"inLanguage\":\"pt-PT\",\"potentialAction\":[{\"@type\":\"ReadAction\",\"target\":[\"https:\\\/\\\/www.azur-scenic.com\\\/pt-pt\\\/produto\\\/stretch-xxl\\\/\"]}]},{\"@type\":\"ImageObject\",\"inLanguage\":\"pt-PT\",\"@id\":\"https:\\\/\\\/www.azur-scenic.com\\\/pt-pt\\\/produto\\\/stretch-xxl\\\/#primaryimage\",\"url\":\"https:\\\/\\\/www.azur-scenic.com\\\/wp-content\\\/uploads\\\/8e6c97902bdb6b4b6963dcd49639d479.png\",\"contentUrl\":\"https:\\\/\\\/www.azur-scenic.com\\\/wp-content\\\/uploads\\\/8e6c97902bdb6b4b6963dcd49639d479.png\",\"width\":430,\"height\":430},{\"@type\":\"BreadcrumbList\",\"@id\":\"https:\\\/\\\/www.azur-scenic.com\\\/pt-pt\\\/produto\\\/stretch-xxl\\\/#breadcrumb\",\"itemListElement\":[{\"@type\":\"ListItem\",\"position\":1,\"name\":\"Accueil\",\"item\":\"https:\\\/\\\/www.azur-scenic.com\\\/pt-pt\\\/\"},{\"@type\":\"ListItem\",\"position\":2,\"name\":\"Produits\",\"item\":\"https:\\\/\\\/www.azur-scenic.com\\\/pt-pt\\\/?page_id=21439\"},{\"@type\":\"ListItem\",\"position\":3,\"name\":\"Stretch XXL\"}]},{\"@type\":\"WebSite\",\"@id\":\"https:\\\/\\\/www.azur-scenic.com\\\/pt-pt\\\/#website\",\"url\":\"https:\\\/\\\/www.azur-scenic.com\\\/pt-pt\\\/\",\"name\":\"Azur Scenic\",\"description\":\"Sp\u00e9cialiste de l\u2019\u00e9quipement sc\u00e9nique et de la d\u00e9coration int\u00e9rieure et \u00e9v\u00e9nementielle !\",\"publisher\":{\"@id\":\"https:\\\/\\\/www.azur-scenic.com\\\/pt-pt\\\/#organization\"},\"potentialAction\":[{\"@type\":\"SearchAction\",\"target\":{\"@type\":\"EntryPoint\",\"urlTemplate\":\"https:\\\/\\\/www.azur-scenic.com\\\/pt-pt\\\/?s={search_term_string}\"},\"query-input\":{\"@type\":\"PropertyValueSpecification\",\"valueRequired\":true,\"valueName\":\"search_term_string\"}}],\"inLanguage\":\"pt-PT\"},{\"@type\":\"Organization\",\"@id\":\"https:\\\/\\\/www.azur-scenic.com\\\/pt-pt\\\/#organization\",\"name\":\"AZUR SCENIC\",\"url\":\"https:\\\/\\\/www.azur-scenic.com\\\/pt-pt\\\/\",\"logo\":{\"@type\":\"ImageObject\",\"inLanguage\":\"pt-PT\",\"@id\":\"https:\\\/\\\/www.azur-scenic.com\\\/pt-pt\\\/#\\\/schema\\\/logo\\\/image\\\/\",\"url\":\"https:\\\/\\\/www.azur-scenic.com\\\/wp-content\\\/uploads\\\/2022\\\/09\\\/LOGO-AZUR-SCENIC-Fusion-web-236x64-1.jpg\",\"contentUrl\":\"https:\\\/\\\/www.azur-scenic.com\\\/wp-content\\\/uploads\\\/2022\\\/09\\\/LOGO-AZUR-SCENIC-Fusion-web-236x64-1.jpg\",\"width\":236,\"height\":64,\"caption\":\"AZUR SCENIC\"},\"image\":{\"@id\":\"https:\\\/\\\/www.azur-scenic.com\\\/pt-pt\\\/#\\\/schema\\\/logo\\\/image\\\/\"},\"sameAs\":[\"https:\\\/\\\/www.youtube.com\\\/channel\\\/UCPWM2mGPVUt4nYhNlm71WOA\",\"https:\\\/\\\/www.linkedin.com\\\/company\\\/33237605\\\/admin\\\/feed\\\/posts\\\/\"]}]}<\/script>\n<!-- \/ Yoast SEO plugin. -->","yoast_head_json":{"title":"Stretch XXL - Azur Scenic","robots":{"index":"index","follow":"follow","max-snippet":"max-snippet:-1","max-image-preview":"max-image-preview:large","max-video-preview":"max-video-preview:-1"},"canonical":"https:\/\/www.azur-scenic.com\/pt-pt\/produto\/stretch-xxl\/","og_locale":"pt_PT","og_type":"article","og_title":"Stretch XXL - Azur Scenic","og_description":"Um t\u00eaxtil extens\u00edvel, classificado B-s1,d0 de rea\u00e7\u00e3o ao fogo (ign\u00edfugo), ideal para todos os seus projetos de decora\u00e7\u00e3o de eventos. Dispon\u00edvel em grandes larguras, este tecido \"stretch\" (el\u00e1stico) vai permitir-lhe realizar os seus maiores projetos, limitando as costuras de montagem. Artigo em poli\u00e9ster lav\u00e1vel conveniente quer para utiliza\u00e7\u00e3o no interior como no exterior. Fino e polivalente, este tecido \"stretch\" (el\u00e1stico) pode ser usado para confecionar tendas e toldos, para decorar stands, para revestir estruturas c\u00e9nicas, para decora\u00e7\u00e3o de cen\u00e1rios, e tamb\u00e9m pode ser usado como suporte criativo para proje\u00e7\u00e3o e retroproje\u00e7\u00e3o.  Largura: \u00b1 430 - 450 cm Peso: 165 g\/m\u00b2  Classifica\u00e7\u00e3o de rea\u00e7\u00e3o ao fogo: B-s1,d0 Composi\u00e7\u00e3o: 100% Poli\u00e9ster","og_url":"https:\/\/www.azur-scenic.com\/pt-pt\/produto\/stretch-xxl\/","og_site_name":"Azur Scenic","article_modified_time":"2023-08-02T13:24:04+00:00","og_image":[{"width":430,"height":430,"url":"https:\/\/www.azur-scenic.com\/wp-content\/uploads\/8e6c97902bdb6b4b6963dcd49639d479.png","type":"image\/png"}],"twitter_card":"summary_large_image","twitter_misc":{"Tempo estimado de leitura":"1 minuto"},"schema":{"@context":"https:\/\/schema.org","@graph":[{"@type":"WebPage","@id":"https:\/\/www.azur-scenic.com\/pt-pt\/produto\/stretch-xxl\/","url":"https:\/\/www.azur-scenic.com\/pt-pt\/produto\/stretch-xxl\/","name":"Stretch XXL - Azur Scenic","isPartOf":{"@id":"https:\/\/www.azur-scenic.com\/pt-pt\/#website"},"primaryImageOfPage":{"@id":"https:\/\/www.azur-scenic.com\/pt-pt\/produto\/stretch-xxl\/#primaryimage"},"image":{"@id":"https:\/\/www.azur-scenic.com\/pt-pt\/produto\/stretch-xxl\/#primaryimage"},"thumbnailUrl":"https:\/\/www.azur-scenic.com\/wp-content\/uploads\/8e6c97902bdb6b4b6963dcd49639d479.png","datePublished":"2022-10-04T07:25:00+00:00","dateModified":"2023-08-02T13:24:04+00:00","breadcrumb":{"@id":"https:\/\/www.azur-scenic.com\/pt-pt\/produto\/stretch-xxl\/#breadcrumb"},"inLanguage":"pt-PT","potentialAction":[{"@type":"ReadAction","target":["https:\/\/www.azur-scenic.com\/pt-pt\/produto\/stretch-xxl\/"]}]},{"@type":"ImageObject","inLanguage":"pt-PT","@id":"https:\/\/www.azur-scenic.com\/pt-pt\/produto\/stretch-xxl\/#primaryimage","url":"https:\/\/www.azur-scenic.com\/wp-content\/uploads\/8e6c97902bdb6b4b6963dcd49639d479.png","contentUrl":"https:\/\/www.azur-scenic.com\/wp-content\/uploads\/8e6c97902bdb6b4b6963dcd49639d479.png","width":430,"height":430},{"@type":"BreadcrumbList","@id":"https:\/\/www.azur-scenic.com\/pt-pt\/produto\/stretch-xxl\/#breadcrumb","itemListElement":[{"@type":"ListItem","position":1,"name":"Accueil","item":"https:\/\/www.azur-scenic.com\/pt-pt\/"},{"@type":"ListItem","position":2,"name":"Produits","item":"https:\/\/www.azur-scenic.com\/pt-pt\/?page_id=21439"},{"@type":"ListItem","position":3,"name":"Stretch XXL"}]},{"@type":"WebSite","@id":"https:\/\/www.azur-scenic.com\/pt-pt\/#website","url":"https:\/\/www.azur-scenic.com\/pt-pt\/","name":"Azur Scenic","description":"Sp\u00e9cialiste de l\u2019\u00e9quipement sc\u00e9nique et de la d\u00e9coration int\u00e9rieure et \u00e9v\u00e9nementielle !","publisher":{"@id":"https:\/\/www.azur-scenic.com\/pt-pt\/#organization"},"potentialAction":[{"@type":"SearchAction","target":{"@type":"EntryPoint","urlTemplate":"https:\/\/www.azur-scenic.com\/pt-pt\/?s={search_term_string}"},"query-input":{"@type":"PropertyValueSpecification","valueRequired":true,"valueName":"search_term_string"}}],"inLanguage":"pt-PT"},{"@type":"Organization","@id":"https:\/\/www.azur-scenic.com\/pt-pt\/#organization","name":"AZUR SCENIC","url":"https:\/\/www.azur-scenic.com\/pt-pt\/","logo":{"@type":"ImageObject","inLanguage":"pt-PT","@id":"https:\/\/www.azur-scenic.com\/pt-pt\/#\/schema\/logo\/image\/","url":"https:\/\/www.azur-scenic.com\/wp-content\/uploads\/2022\/09\/LOGO-AZUR-SCENIC-Fusion-web-236x64-1.jpg","contentUrl":"https:\/\/www.azur-scenic.com\/wp-content\/uploads\/2022\/09\/LOGO-AZUR-SCENIC-Fusion-web-236x64-1.jpg","width":236,"height":64,"caption":"AZUR SCENIC"},"image":{"@id":"https:\/\/www.azur-scenic.com\/pt-pt\/#\/schema\/logo\/image\/"},"sameAs":["https:\/\/www.youtube.com\/channel\/UCPWM2mGPVUt4nYhNlm71WOA","https:\/\/www.linkedin.com\/company\/33237605\/admin\/feed\/posts\/"]}]}},"_links":{"self":[{"href":"https:\/\/www.azur-scenic.com\/pt-pt\/wp-json\/wp\/v2\/product\/19277","targetHints":{"allow":["GET"]}}],"collection":[{"href":"https:\/\/www.azur-scenic.com\/pt-pt\/wp-json\/wp\/v2\/product"}],"about":[{"href":"https:\/\/www.azur-scenic.com\/pt-pt\/wp-json\/wp\/v2\/types\/product"}],"wp:featuredmedia":[{"embeddable":true,"href":"https:\/\/www.azur-scenic.com\/pt-pt\/wp-json\/wp\/v2\/media\/6973"}],"wp:attachment":[{"href":"https:\/\/www.azur-scenic.com\/pt-pt\/wp-json\/wp\/v2\/media?parent=19277"}],"wp:term":[{"taxonomy":"product_brand","embeddable":true,"href":"https:\/\/www.azur-scenic.com\/pt-pt\/wp-json\/wp\/v2\/product_brand?post=19277"},{"taxonomy":"product_cat","embeddable":true,"href":"https:\/\/www.azur-scenic.com\/pt-pt\/wp-json\/wp\/v2\/product_cat?post=19277"},{"taxonomy":"product_tag","embeddable":true,"href":"https:\/\/www.azur-scenic.com\/pt-pt\/wp-json\/wp\/v2\/product_tag?post=19277"}],"curies":[{"name":"wp","href":"https:\/\/api.w.org\/{rel}","templated":true}]}}