{"id":19357,"date":"2022-10-04T07:24:54","date_gmt":"2022-10-04T07:24:54","guid":{"rendered":"https:\/\/www.azur-scenic.com\/produit\/opaque\/"},"modified":"2023-08-02T13:24:09","modified_gmt":"2023-08-02T13:24:09","slug":"opaco","status":"publish","type":"product","link":"https:\/\/www.azur-scenic.com\/pt-pt\/produto\/opaco\/","title":{"rendered":"Opaco"},"content":{"rendered":"<table>\n<thead>\n<tr>\n<th style=\"width: 170px;\">Dados t\u00e9cnicos<\/th>\n<th style=\"width: 119px;\">Valor<\/th>\n<th style=\"width: 239px;\">Coment\u00e1rio<\/th>\n<\/tr>\n<\/thead>\n<tbody>\n<tr>\n<td style=\"vertical-align: top;\">Largura<\/td>\n<td style=\"vertical-align: top; width: 119px;\">300 cm<\/td>\n<td style=\"vertical-align: top; width: 239px;\">\u00a0<\/td>\n<\/tr>\n<tr>\n<td style=\"vertical-align: top;\">Peso<\/td>\n<td style=\"vertical-align: top; width: 119px;\">340 g\/m\u00b2<\/td>\n<td style=\"vertical-align: top; width: 239px;\">\u00a0<\/td>\n<\/tr>\n<tr>\n<td style=\"vertical-align: top;\">Espessura<\/td>\n<td style=\"vertical-align: top; width: 119px;\">1,2 mm<\/td>\n<td style=\"vertical-align: top; width: 239px;\">\u00a0<\/td>\n<\/tr>\n<tr>\n<td style=\"vertical-align: top;\">Classifica\u00e7\u00e3o de rea\u00e7\u00e3o ao fogo<\/td>\n<td style=\"vertical-align: top; width: 119px;\"><img decoding=\"async\" style=\"height: 20px; width: 20px;\" src=\"https:\/\/www.azur-scenic.com\/wp-content\/uploads\/icon-flag-france.png?1542281963\" \/> M1<\/td>\n<td style=\"vertical-align: top; width: 239px;\">Norma: NPF 92-503<\/td>\n<\/tr>\n<tr>\n<td style=\"vertical-align: top;\">Composi\u00e7\u00e3o<\/td>\n<td style=\"vertical-align: top; width: 119px;\">100% algod\u00e3o<\/td>\n<td style=\"vertical-align: top; width: 239px;\">\u00a0<\/td>\n<\/tr>\n<tr>\n<td style=\"vertical-align: top;\">Comprimento das pe\u00e7as<br \/>\nNegro:<br \/>\nCores:<\/td>\n<td style=\"vertical-align: top; width: 119px;\">500 m (palete)<br \/>\n60 m (fardos)<\/td>\n<td style=\"vertical-align: top; width: 239px;\">Venda a retalho de todas as cores standard<br \/>\n(ver ficha t\u00e9cnica)<\/td>\n<\/tr>\n<tr>\n<td style=\"vertical-align: top;\">Propriedades ac\u00fasticas<br \/>\nWSAC<br \/>\nSAC<br \/>\nNRC<br \/>\nSAA<\/td>\n<td style=\"vertical-align: top; width: 119px;\">0,85 \u03b1w<br \/>\nB <span style=\"font-size: 10px;\">(absor\u00e7\u00e3o extrema)<\/span><br \/>\n0,80<br \/>\n0,81<\/td>\n<td style=\"vertical-align: top; width: 239px;\">Normas:<br \/>\nISO 354 &#8211;\u00a0ISO 11654\u00a0&#8211;\u00a0ASTM C423<\/td>\n<\/tr>\n<\/tbody>\n<\/table>\n<p>\u00a0<\/p><\/p>\n","protected":false},"excerpt":{"rendered":"<p>A refer\u00eancia em tecido espesso de aspeto moletom, classe M1 de rea\u00e7\u00e3o ao fogo (ign\u00edfugo), para a cria\u00e7\u00e3o de <span style=\"color: #f88523;\"><strong>bambolinas<\/strong><\/span>, <span style=\"color: #f88523;\"><strong>\u201ctaps\u201d<\/strong><\/span>, cortinas para eventos, caixas negras&#8230;<br \/>\nA gama compreende um <strong><span style=\"color: #f88523;\">negro mate profundo<\/span><\/strong>, todas as <strong><span style=\"color: #f88523;\">cores b\u00e1sicas de palco<\/span><\/strong> e um verde <span style=\"color: #f88523;\"><strong>Chroma Key<\/strong><\/span> adequado para criar fundos verdes para <strong><span style=\"color: #f88523;\">inser\u00e7\u00e3o de v\u00eddeo<\/span><\/strong>.<br \/>\n\u00c9 um produto opaco com uma <strong><span style=\"color: #f88523;\">excelente rela\u00e7\u00e3o qualidade\/pre\u00e7o<\/span><\/strong> que lhe permite fazer cortinas <span style=\"color: #f88523;\"><strong>resistentes<\/strong><\/span> e duma boa <span style=\"color: #f88523;\"><strong>opacidade<\/strong><\/span> a um custo muito econ\u00f3mico. Disp\u00f5e igualmente de propriedades de <span style=\"color: #f88523;\"><strong>isolamento ac\u00fastico<\/strong><\/span>.<br \/>\nFabricado em algod\u00e3o ign\u00edfugo, este tecido \u00e9 recomendado para utiliza\u00e7\u00e3o em ambientes interiores.<\/p>\n<p>\u00a0<\/p>\n<table class=\"table\" style=\"background: #f7f7f7;\">\n<tbody>\n<tr>\n<td><strong><strong>Largura<\/strong>: <\/strong>300 cm<\/td>\n<td><strong><strong>Peso<\/strong>: <\/strong>340 g\/m\u00b2<\/td>\n<\/tr>\n<tr>\n<td><strong><strong>Classifica\u00e7\u00e3o de rea\u00e7\u00e3o ao fogo<\/strong>: <img decoding=\"async\" style=\"height: 20px; width: 20px;\" src=\"https:\/\/www.azur-scenic.com\/wp-content\/uploads\/icon-flag-france.png?1542281963\" \/> <\/strong>M1<\/td>\n<td style=\"vertical-align: top;\"><strong><strong>Composi\u00e7\u00e3o<\/strong>: <\/strong>100% algod\u00e3o<\/td>\n<\/tr>\n<\/tbody>\n<\/table>\n","protected":false},"featured_media":14918,"template":"","meta":{"_acf_changed":false},"product_brand":[],"product_cat":[921,916,1341,1682,919,986,987,984,985,920],"product_tag":[],"class_list":{"0":"post-19357","1":"product","2":"type-product","3":"status-publish","4":"has-post-thumbnail","6":"product_cat-todos-os-produtos","7":"product_cat-texteis-cenicos-e-para-eventos","8":"product_cat-telas-para-pintar-e-telas-de-insercao-chroma-key","9":"product_cat-telas-de-chroma-key-de-insercao-de-video","10":"product_cat-ocultantes-blackout","11":"product_cat-tecidos-de-decoracao","12":"product_cat-telas-e-tecidos-penteados","13":"product_cat-solucoes-acusticas","14":"product_cat-absorcao-acustica","15":"product_cat-teatro","16":"pa_couleurs-001-cru","17":"pa_couleurs-002-branco","18":"pa_couleurs-003-negro","19":"pa_couleurs-100-cinzento","20":"pa_couleurs-110-cinzento-claro","21":"pa_couleurs-180-ardosia","22":"pa_couleurs-250-vermelhao","23":"pa_couleurs-290-bordo","24":"pa_couleurs-699-verde-chroma-key","25":"pa_couleurs-765-azul-europa","26":"pa_couleurs-790-marinho","27":"pa_groupes-de-couleurs-branco","28":"pa_groupes-de-couleurs-azuis","29":"pa_groupes-de-couleurs-cru","30":"pa_groupes-de-couleurs-cinzento","31":"pa_groupes-de-couleurs-negro","32":"pa_groupes-de-couleurs-vermelhos","33":"pa_groupes-de-couleurs-verdes","34":"pa_textiles-absorvente-acustico","35":"pa_textiles-chroma-key","36":"pa_textiles-classificacao-de-reacao-ao-fogo-ignifugo","37":"pa_textiles-ocultante-blackout-e-ou-obscurecedor","38":"pa_textiles-economico","40":"first","41":"instock","42":"shipping-taxable","43":"purchasable","44":"product-type-variable"},"acf":[],"yoast_head":"<!-- This site is optimized with the Yoast SEO plugin v27.1.1 - https:\/\/yoast.com\/product\/yoast-seo-wordpress\/ -->\n<title>Opaco - Azur Scenic<\/title>\n<meta name=\"robots\" content=\"index, follow, max-snippet:-1, max-image-preview:large, max-video-preview:-1\" \/>\n<link rel=\"canonical\" href=\"https:\/\/www.azur-scenic.com\/pt-pt\/produto\/opaco\/\" \/>\n<meta property=\"og:locale\" content=\"pt_PT\" \/>\n<meta property=\"og:type\" content=\"article\" \/>\n<meta property=\"og:title\" content=\"Opaco - Azur Scenic\" \/>\n<meta property=\"og:description\" content=\"A refer\u00eancia em tecido espesso de aspeto moletom, classe M1 de rea\u00e7\u00e3o ao fogo (ign\u00edfugo), para a cria\u00e7\u00e3o de bambolinas, \u201ctaps\u201d, cortinas para eventos, caixas negras... A gama compreende um negro mate profundo, todas as cores b\u00e1sicas de palco e um verde Chroma Key adequado para criar fundos verdes para inser\u00e7\u00e3o de v\u00eddeo. \u00c9 um produto opaco com uma excelente rela\u00e7\u00e3o qualidade\/pre\u00e7o que lhe permite fazer cortinas resistentes e duma boa opacidade a um custo muito econ\u00f3mico. Disp\u00f5e igualmente de propriedades de isolamento ac\u00fastico. Fabricado em algod\u00e3o ign\u00edfugo, este tecido \u00e9 recomendado para utiliza\u00e7\u00e3o em ambientes interiores. \u00a0  Largura: 300 cm Peso: 340 g\/m\u00b2  Classifica\u00e7\u00e3o de rea\u00e7\u00e3o ao fogo: M1 Composi\u00e7\u00e3o: 100% algod\u00e3o\" \/>\n<meta property=\"og:url\" content=\"https:\/\/www.azur-scenic.com\/pt-pt\/produto\/opaco\/\" \/>\n<meta property=\"og:site_name\" content=\"Azur Scenic\" \/>\n<meta property=\"article:modified_time\" content=\"2023-08-02T13:24:09+00:00\" \/>\n<meta property=\"og:image\" content=\"https:\/\/www.azur-scenic.com\/wp-content\/uploads\/OPAQUE-NOIR-1.jpg\" \/>\n\t<meta property=\"og:image:width\" content=\"2077\" \/>\n\t<meta property=\"og:image:height\" content=\"2077\" \/>\n\t<meta property=\"og:image:type\" content=\"image\/jpeg\" \/>\n<meta name=\"twitter:card\" content=\"summary_large_image\" \/>\n<script type=\"application\/ld+json\" class=\"yoast-schema-graph\">{\"@context\":\"https:\/\/schema.org\",\"@graph\":[{\"@type\":\"WebPage\",\"@id\":\"https:\/\/www.azur-scenic.com\/pt-pt\/produto\/opaco\/\",\"url\":\"https:\/\/www.azur-scenic.com\/pt-pt\/produto\/opaco\/\",\"name\":\"Opaco - Azur Scenic\",\"isPartOf\":{\"@id\":\"https:\/\/www.azur-scenic.com\/pt-pt\/#website\"},\"primaryImageOfPage\":{\"@id\":\"https:\/\/www.azur-scenic.com\/pt-pt\/produto\/opaco\/#primaryimage\"},\"image\":{\"@id\":\"https:\/\/www.azur-scenic.com\/pt-pt\/produto\/opaco\/#primaryimage\"},\"thumbnailUrl\":\"https:\/\/www.azur-scenic.com\/wp-content\/uploads\/OPAQUE-NOIR-1.jpg\",\"datePublished\":\"2022-10-04T07:24:54+00:00\",\"dateModified\":\"2023-08-02T13:24:09+00:00\",\"breadcrumb\":{\"@id\":\"https:\/\/www.azur-scenic.com\/pt-pt\/produto\/opaco\/#breadcrumb\"},\"inLanguage\":\"pt-PT\",\"potentialAction\":[{\"@type\":\"ReadAction\",\"target\":[\"https:\/\/www.azur-scenic.com\/pt-pt\/produto\/opaco\/\"]}]},{\"@type\":\"ImageObject\",\"inLanguage\":\"pt-PT\",\"@id\":\"https:\/\/www.azur-scenic.com\/pt-pt\/produto\/opaco\/#primaryimage\",\"url\":\"https:\/\/www.azur-scenic.com\/wp-content\/uploads\/OPAQUE-NOIR-1.jpg\",\"contentUrl\":\"https:\/\/www.azur-scenic.com\/wp-content\/uploads\/OPAQUE-NOIR-1.jpg\",\"width\":2077,\"height\":2077,\"caption\":\"OPAQUE NOIR\"},{\"@type\":\"BreadcrumbList\",\"@id\":\"https:\/\/www.azur-scenic.com\/pt-pt\/produto\/opaco\/#breadcrumb\",\"itemListElement\":[{\"@type\":\"ListItem\",\"position\":1,\"name\":\"Accueil\",\"item\":\"https:\/\/www.azur-scenic.com\/pt-pt\/\"},{\"@type\":\"ListItem\",\"position\":2,\"name\":\"Produits\",\"item\":\"https:\/\/www.azur-scenic.com\/pt-pt\/?page_id=21439\"},{\"@type\":\"ListItem\",\"position\":3,\"name\":\"Opaco\"}]},{\"@type\":\"WebSite\",\"@id\":\"https:\/\/www.azur-scenic.com\/pt-pt\/#website\",\"url\":\"https:\/\/www.azur-scenic.com\/pt-pt\/\",\"name\":\"Azur Scenic\",\"description\":\"Sp\u00e9cialiste de l\u2019\u00e9quipement sc\u00e9nique et de la d\u00e9coration int\u00e9rieure et \u00e9v\u00e9nementielle !\",\"publisher\":{\"@id\":\"https:\/\/www.azur-scenic.com\/pt-pt\/#organization\"},\"potentialAction\":[{\"@type\":\"SearchAction\",\"target\":{\"@type\":\"EntryPoint\",\"urlTemplate\":\"https:\/\/www.azur-scenic.com\/pt-pt\/?s={search_term_string}\"},\"query-input\":{\"@type\":\"PropertyValueSpecification\",\"valueRequired\":true,\"valueName\":\"search_term_string\"}}],\"inLanguage\":\"pt-PT\"},{\"@type\":\"Organization\",\"@id\":\"https:\/\/www.azur-scenic.com\/pt-pt\/#organization\",\"name\":\"AZUR SCENIC\",\"url\":\"https:\/\/www.azur-scenic.com\/pt-pt\/\",\"logo\":{\"@type\":\"ImageObject\",\"inLanguage\":\"pt-PT\",\"@id\":\"https:\/\/www.azur-scenic.com\/pt-pt\/#\/schema\/logo\/image\/\",\"url\":\"https:\/\/www.azur-scenic.com\/wp-content\/uploads\/2022\/09\/LOGO-AZUR-SCENIC-Fusion-web-236x64-1.jpg\",\"contentUrl\":\"https:\/\/www.azur-scenic.com\/wp-content\/uploads\/2022\/09\/LOGO-AZUR-SCENIC-Fusion-web-236x64-1.jpg\",\"width\":236,\"height\":64,\"caption\":\"AZUR SCENIC\"},\"image\":{\"@id\":\"https:\/\/www.azur-scenic.com\/pt-pt\/#\/schema\/logo\/image\/\"},\"sameAs\":[\"https:\/\/www.youtube.com\/channel\/UCPWM2mGPVUt4nYhNlm71WOA\",\"https:\/\/www.linkedin.com\/company\/33237605\/admin\/feed\/posts\/\"]}]}<\/script>\n<!-- \/ Yoast SEO plugin. -->","yoast_head_json":{"title":"Opaco - Azur Scenic","robots":{"index":"index","follow":"follow","max-snippet":"max-snippet:-1","max-image-preview":"max-image-preview:large","max-video-preview":"max-video-preview:-1"},"canonical":"https:\/\/www.azur-scenic.com\/pt-pt\/produto\/opaco\/","og_locale":"pt_PT","og_type":"article","og_title":"Opaco - Azur Scenic","og_description":"A refer\u00eancia em tecido espesso de aspeto moletom, classe M1 de rea\u00e7\u00e3o ao fogo (ign\u00edfugo), para a cria\u00e7\u00e3o de bambolinas, \u201ctaps\u201d, cortinas para eventos, caixas negras... A gama compreende um negro mate profundo, todas as cores b\u00e1sicas de palco e um verde Chroma Key adequado para criar fundos verdes para inser\u00e7\u00e3o de v\u00eddeo. \u00c9 um produto opaco com uma excelente rela\u00e7\u00e3o qualidade\/pre\u00e7o que lhe permite fazer cortinas resistentes e duma boa opacidade a um custo muito econ\u00f3mico. Disp\u00f5e igualmente de propriedades de isolamento ac\u00fastico. Fabricado em algod\u00e3o ign\u00edfugo, este tecido \u00e9 recomendado para utiliza\u00e7\u00e3o em ambientes interiores. \u00a0  Largura: 300 cm Peso: 340 g\/m\u00b2  Classifica\u00e7\u00e3o de rea\u00e7\u00e3o ao fogo: M1 Composi\u00e7\u00e3o: 100% algod\u00e3o","og_url":"https:\/\/www.azur-scenic.com\/pt-pt\/produto\/opaco\/","og_site_name":"Azur Scenic","article_modified_time":"2023-08-02T13:24:09+00:00","og_image":[{"width":2077,"height":2077,"url":"https:\/\/www.azur-scenic.com\/wp-content\/uploads\/OPAQUE-NOIR-1.jpg","type":"image\/jpeg"}],"twitter_card":"summary_large_image","schema":{"@context":"https:\/\/schema.org","@graph":[{"@type":"WebPage","@id":"https:\/\/www.azur-scenic.com\/pt-pt\/produto\/opaco\/","url":"https:\/\/www.azur-scenic.com\/pt-pt\/produto\/opaco\/","name":"Opaco - Azur Scenic","isPartOf":{"@id":"https:\/\/www.azur-scenic.com\/pt-pt\/#website"},"primaryImageOfPage":{"@id":"https:\/\/www.azur-scenic.com\/pt-pt\/produto\/opaco\/#primaryimage"},"image":{"@id":"https:\/\/www.azur-scenic.com\/pt-pt\/produto\/opaco\/#primaryimage"},"thumbnailUrl":"https:\/\/www.azur-scenic.com\/wp-content\/uploads\/OPAQUE-NOIR-1.jpg","datePublished":"2022-10-04T07:24:54+00:00","dateModified":"2023-08-02T13:24:09+00:00","breadcrumb":{"@id":"https:\/\/www.azur-scenic.com\/pt-pt\/produto\/opaco\/#breadcrumb"},"inLanguage":"pt-PT","potentialAction":[{"@type":"ReadAction","target":["https:\/\/www.azur-scenic.com\/pt-pt\/produto\/opaco\/"]}]},{"@type":"ImageObject","inLanguage":"pt-PT","@id":"https:\/\/www.azur-scenic.com\/pt-pt\/produto\/opaco\/#primaryimage","url":"https:\/\/www.azur-scenic.com\/wp-content\/uploads\/OPAQUE-NOIR-1.jpg","contentUrl":"https:\/\/www.azur-scenic.com\/wp-content\/uploads\/OPAQUE-NOIR-1.jpg","width":2077,"height":2077,"caption":"OPAQUE NOIR"},{"@type":"BreadcrumbList","@id":"https:\/\/www.azur-scenic.com\/pt-pt\/produto\/opaco\/#breadcrumb","itemListElement":[{"@type":"ListItem","position":1,"name":"Accueil","item":"https:\/\/www.azur-scenic.com\/pt-pt\/"},{"@type":"ListItem","position":2,"name":"Produits","item":"https:\/\/www.azur-scenic.com\/pt-pt\/?page_id=21439"},{"@type":"ListItem","position":3,"name":"Opaco"}]},{"@type":"WebSite","@id":"https:\/\/www.azur-scenic.com\/pt-pt\/#website","url":"https:\/\/www.azur-scenic.com\/pt-pt\/","name":"Azur Scenic","description":"Sp\u00e9cialiste de l\u2019\u00e9quipement sc\u00e9nique et de la d\u00e9coration int\u00e9rieure et \u00e9v\u00e9nementielle !","publisher":{"@id":"https:\/\/www.azur-scenic.com\/pt-pt\/#organization"},"potentialAction":[{"@type":"SearchAction","target":{"@type":"EntryPoint","urlTemplate":"https:\/\/www.azur-scenic.com\/pt-pt\/?s={search_term_string}"},"query-input":{"@type":"PropertyValueSpecification","valueRequired":true,"valueName":"search_term_string"}}],"inLanguage":"pt-PT"},{"@type":"Organization","@id":"https:\/\/www.azur-scenic.com\/pt-pt\/#organization","name":"AZUR SCENIC","url":"https:\/\/www.azur-scenic.com\/pt-pt\/","logo":{"@type":"ImageObject","inLanguage":"pt-PT","@id":"https:\/\/www.azur-scenic.com\/pt-pt\/#\/schema\/logo\/image\/","url":"https:\/\/www.azur-scenic.com\/wp-content\/uploads\/2022\/09\/LOGO-AZUR-SCENIC-Fusion-web-236x64-1.jpg","contentUrl":"https:\/\/www.azur-scenic.com\/wp-content\/uploads\/2022\/09\/LOGO-AZUR-SCENIC-Fusion-web-236x64-1.jpg","width":236,"height":64,"caption":"AZUR SCENIC"},"image":{"@id":"https:\/\/www.azur-scenic.com\/pt-pt\/#\/schema\/logo\/image\/"},"sameAs":["https:\/\/www.youtube.com\/channel\/UCPWM2mGPVUt4nYhNlm71WOA","https:\/\/www.linkedin.com\/company\/33237605\/admin\/feed\/posts\/"]}]}},"_links":{"self":[{"href":"https:\/\/www.azur-scenic.com\/pt-pt\/wp-json\/wp\/v2\/product\/19357","targetHints":{"allow":["GET"]}}],"collection":[{"href":"https:\/\/www.azur-scenic.com\/pt-pt\/wp-json\/wp\/v2\/product"}],"about":[{"href":"https:\/\/www.azur-scenic.com\/pt-pt\/wp-json\/wp\/v2\/types\/product"}],"wp:featuredmedia":[{"embeddable":true,"href":"https:\/\/www.azur-scenic.com\/pt-pt\/wp-json\/wp\/v2\/media\/14918"}],"wp:attachment":[{"href":"https:\/\/www.azur-scenic.com\/pt-pt\/wp-json\/wp\/v2\/media?parent=19357"}],"wp:term":[{"taxonomy":"product_brand","embeddable":true,"href":"https:\/\/www.azur-scenic.com\/pt-pt\/wp-json\/wp\/v2\/product_brand?post=19357"},{"taxonomy":"product_cat","embeddable":true,"href":"https:\/\/www.azur-scenic.com\/pt-pt\/wp-json\/wp\/v2\/product_cat?post=19357"},{"taxonomy":"product_tag","embeddable":true,"href":"https:\/\/www.azur-scenic.com\/pt-pt\/wp-json\/wp\/v2\/product_tag?post=19357"}],"curies":[{"name":"wp","href":"https:\/\/api.w.org\/{rel}","templated":true}]}}