{"id":19379,"date":"2022-10-04T07:24:44","date_gmt":"2022-10-04T07:24:44","guid":{"rendered":"https:\/\/www.azur-scenic.com\/produit\/toile-chausey\/"},"modified":"2023-08-02T13:24:28","modified_gmt":"2023-08-02T13:24:28","slug":"tela-chausey","status":"publish","type":"product","link":"https:\/\/www.azur-scenic.com\/pt-pt\/produto\/tela-chausey\/","title":{"rendered":"Tela Chausey"},"content":{"rendered":"<table style=\"width: 693px;\">\n<thead>\n<tr>\n<th style=\"width: 142px;\">Dados t\u00e9cnicos<\/th>\n<th style=\"width: 146px;\">Valor<\/th>\n<th style=\"width: 95px;\">\u00a0<\/th>\n<th style=\"width: 282px;\">Coment\u00e1rio<\/th>\n<\/tr>\n<\/thead>\n<tbody>\n<tr>\n<td style=\"vertical-align: top; width: 142px;\">Largura<\/td>\n<td style=\"vertical-align: top; width: 146px;\">280 cm<\/td>\n<td style=\"vertical-align: top; width: 95px;\">\u00a0<\/td>\n<td style=\"vertical-align: top; width: 282px;\">\u00a0<\/td>\n<\/tr>\n<tr>\n<td style=\"vertical-align: top; width: 142px;\">Peso<\/td>\n<td style=\"vertical-align: top; width: 146px;\">270 g\/m\u00b2<\/td>\n<td style=\"vertical-align: top; width: 95px;\">\u00a0<\/td>\n<td style=\"vertical-align: top; width: 282px;\">\u00a0<\/td>\n<\/tr>\n<tr>\n<td style=\"vertical-align: top; width: 142px;\">Espessura<\/td>\n<td style=\"vertical-align: top; width: 146px;\">0,5 mm<\/td>\n<td style=\"vertical-align: top; width: 95px;\">\u00a0<\/td>\n<td style=\"vertical-align: top; width: 282px;\">\u00a0<\/td>\n<\/tr>\n<tr>\n<td style=\"vertical-align: top; width: 142px;\">Classifica\u00e7\u00e3o de rea\u00e7\u00e3o ao fogo<\/td>\n<td style=\"vertical-align: top; width: 146px;\"><img decoding=\"async\" style=\"height: 20px; width: 20px;\" src=\"https:\/\/www.azur-scenic.com\/wp-content\/uploads\/csm_icon-flag-france_3304e5e3f9.png\" \/> M1<br \/>\n<img decoding=\"async\" style=\"height: 20px; width: 20px;\" src=\"https:\/\/www.azur-scenic.com\/wp-content\/uploads\/icon-flag-allemagne.png\" \/>B1<br \/>\n<img decoding=\"async\" style=\"height: 20px; width: 20px;\" src=\"https:\/\/www.azur-scenic.com\/wp-content\/uploads\/icon-flag-italie.png\" \/>UNO<\/td>\n<td style=\"vertical-align: top; width: 95px;\">\u00a0<\/td>\n<td style=\"vertical-align: top; width: 282px;\">Norma: NF P 92 503-504-505<br \/>\nNorma: DIN 4102<br \/>\nNorma: UNI 8456 \/ UNI 9174<\/td>\n<\/tr>\n<tr>\n<td style=\"vertical-align: top; width: 142px;\">Composi\u00e7\u00e3o<\/td>\n<td style=\"vertical-align: top; width: 534px;\" colspan=\"3\" rowspan=\"1\">100% Poli\u00e9ster FR<\/td>\n<\/tr>\n<tr>\n<td style=\"vertical-align: top; width: 142px;\">Comprimento do rolo<\/td>\n<td style=\"vertical-align: top; width: 247px;\" colspan=\"2\" rowspan=\"1\">50 m<br \/>\n(entregue em 2 x 25 m)<\/td>\n<td style=\"vertical-align: top; width: 282px;\">Possibilidade de venda a retalho<\/td>\n<\/tr>\n<tr>\n<td style=\"vertical-align: top; width: 142px;\">Resist\u00eancia luminosa\/UV<br \/>\nUnidades classe \/8<\/td>\n<td style=\"vertical-align: top; width: 247px;\" colspan=\"2\" rowspan=\"1\">Cores claras: 6<br \/>\nCores interm\u00e9dias: 5-6<br \/>\nColora\u00e7\u00f5es escuras: 3-4<\/td>\n<td style=\"vertical-align: top; width: 282px;\">Norma: ISO 105 B02<\/td>\n<\/tr>\n<tr>\n<td style=\"vertical-align: top; width: 142px;\">Performances t\u00e9rmicas e visuais<\/td>\n<td style=\"vertical-align: top; width: 146px;\">Claras<br \/>\ngt: 36%<br \/>\nfc: 61%<\/td>\n<td style=\"vertical-align: top; width: 95px;\">M\u00e9dias<br \/>\ngt: 41%<br \/>\nfc: 69%<\/td>\n<td style=\"vertical-align: top; width: 282px;\">Norma: DIN EN 410 2011<\/td>\n<\/tr>\n<tr>\n<td style=\"vertical-align: top; width: 142px;\">Ac\u00fastica<\/td>\n<td style=\"vertical-align: top; width: 146px;\">0,41<\/td>\n<td style=\"vertical-align: top; width: 95px;\">\u00a0<\/td>\n<td style=\"vertical-align: top; width: 282px;\">Norma: NRC &#8211; EN ISO 354<\/td>\n<\/tr>\n<\/tbody>\n<\/table>\n<p style=\"text-align: justify;\"><span style=\"font-size: 13px;\"><em>Coeficiente m\u00e9dio de redu\u00e7\u00e3o do ru\u00eddo (NRC) em alfa sabine<\/em><\/span><br \/>\n<span style=\"font-size: 13px;\"><em>O valor NRC obtido caracteriza a capacidade de um tecido para permitir a passagem de ondas sonoras. Um coeficiente NRC pr\u00f3ximo de 0 caracteriza tecidos que s\u00e3o muito transmissivos ou apenas ligeiramente perturbadores do som e \u00e9, portanto, recomendado, por exemplo, para revestimento de pain\u00e9is ac\u00fasticos. Em contraste, um coeficiente NRC pr\u00f3ximo de 1 caracterizar\u00e1 um tecido absorvente ou que perturba muito fortemente as ondas sonoras. Ser\u00e1 ent\u00e3o recomendado, por exemplo, melhorar as performances ac\u00fastica de uma sala de acordo com as especifica\u00e7\u00f5es esperadas.<\/em><\/span><\/p>\n<p>\u00a0<\/p><\/p>\n","protected":false},"excerpt":{"rendered":"<p>Uma elegante tela <strong><span style=\"color: #f88523;\">para-sol<\/span><\/strong> com <strong><span style=\"color: #f88523;\">propriedades ac\u00fasticas<\/span><\/strong>, classificado como <span style=\"color: #f88523;\"><strong>M1<\/strong><\/span> de rea\u00e7\u00e3o ao fogo (ign\u00edfugo) e dispon\u00edvel numa harmonia de <strong><span style=\"color: #f88523;\">24 cores<\/span><\/strong>.<br \/>\nTela tecida em poli\u00e9ster FR <span style=\"color: #f88523;\"><strong>lav\u00e1vel <\/strong><\/span>conveniente quer para utiliza\u00e7\u00e3o em <span style=\"color: #f88523;\"><strong>interiores<\/strong><\/span> como em <span style=\"color: #f88523;\"><strong>exteriores<\/strong><\/span>.<br \/>\nPode ser utilizada para confe\u00e7\u00e3o de <strong><span style=\"color: #f88523;\">cortinas<\/span><\/strong>, mas tamb\u00e9m <strong><span style=\"color: #f88523;\">tape\u00e7arias de parede<\/span><\/strong>, persianas romanas ou at\u00e9 mesmo paredes japonesas.<br \/>\nEste tecido <span style=\"color: #f88523;\"><strong>ecol\u00f3gico<\/strong><\/span>, Certificado <strong><span style=\"color: #f88523;\">Oeko-Tex\u00ae<\/span><\/strong> respeita o meio ambiente.<\/p>\n<table class=\"table\" style=\"background: #f7f7f7; width: 632px;\">\n<tbody>\n<tr>\n<td style=\"width: 301px;\"><strong>Largura<\/strong>: 280 cm<\/td>\n<td style=\"width: 313px;\"><strong>Peso<\/strong>: 270 g\/m\u00b2<\/td>\n<\/tr>\n<tr>\n<td style=\"width: 301px;\"><strong>Classifica\u00e7\u00e3o de rea\u00e7\u00e3o ao fogo<\/strong>:\u00a0\u00a0<img decoding=\"async\" style=\"height: 20px; width: 20px;\" src=\"https:\/\/www.azur-scenic.com\/wp-content\/uploads\/csm_icon-flag-france_3304e5e3f9.png\" \/> M1\u00a0\u00a0<img decoding=\"async\" style=\"height: 20px; width: 20px;\" src=\"https:\/\/www.azur-scenic.com\/wp-content\/uploads\/icon-flag-allemagne.png\" \/>B1\u00a0<img decoding=\"async\" style=\"height: 20px; width: 20px;\" src=\"https:\/\/www.azur-scenic.com\/wp-content\/uploads\/icon-flag-italie.png\" \/>UNO<\/td>\n<td style=\"vertical-align: top; width: 313px;\"><strong>Composi\u00e7\u00e3o<\/strong>: 100% Poli\u00e9ster FR<\/td>\n<\/tr>\n<\/tbody>\n<\/table>\n","protected":false},"featured_media":16443,"template":"","meta":{"_acf_changed":false},"product_brand":[],"product_cat":[921,916,986,987,984,985],"product_tag":[],"class_list":{"0":"post-19379","1":"product","2":"type-product","3":"status-publish","4":"has-post-thumbnail","6":"product_cat-todos-os-produtos","7":"product_cat-texteis-cenicos-e-para-eventos","8":"product_cat-tecidos-de-decoracao","9":"product_cat-telas-e-tecidos-penteados","10":"product_cat-solucoes-acusticas","11":"product_cat-absorcao-acustica","12":"pa_couleurs-003-es","13":"pa_couleurs-030-es","14":"pa_couleurs-110-es","15":"pa_couleurs-120-es","16":"pa_couleurs-135-es","17":"pa_couleurs-170-es","18":"pa_couleurs-330-es","19":"pa_couleurs-350-es","20":"pa_couleurs-422-es","21":"pa_couleurs-450-es","22":"pa_couleurs-500-es","23":"pa_couleurs-501-es","24":"pa_couleurs-513-es","25":"pa_couleurs-570-es","26":"pa_couleurs-640-es","27":"pa_couleurs-670-es","28":"pa_couleurs-730-es","29":"pa_couleurs-760-es","30":"pa_couleurs-782-es","31":"pa_couleurs-784-es","32":"pa_couleurs-790-es","33":"pa_couleurs-825-es","34":"pa_couleurs-904-es","35":"pa_couleurs-905-es","36":"pa_groupes-de-couleurs-branco","37":"pa_groupes-de-couleurs-azuis","38":"pa_groupes-de-couleurs-cru","39":"pa_groupes-de-couleurs-cinzento","40":"pa_groupes-de-couleurs-amarelos","41":"pa_groupes-de-couleurs-castanhos-beges","42":"pa_groupes-de-couleurs-negro","43":"pa_groupes-de-couleurs-laranjas","44":"pa_groupes-de-couleurs-rosas","45":"pa_groupes-de-couleurs-verdes","46":"pa_groupes-de-couleurs-violetas","47":"pa_textiles-absorvente-acustico","48":"pa_textiles-adaptado-para-exterior","49":"pa_textiles-classificacao-de-reacao-ao-fogo-ignifugo","50":"pa_textiles-lavavel","51":"pa_textiles-oeko-tex","52":"pa_textiles-resistente-a-uv","53":"pa_textiles-ecologico","55":"first","56":"instock","57":"shipping-taxable","58":"purchasable","59":"product-type-variable"},"acf":[],"yoast_head":"<!-- This site is optimized with the Yoast SEO plugin v27.3 - https:\/\/yoast.com\/product\/yoast-seo-wordpress\/ -->\n<title>Tela Chausey - Azur Scenic<\/title>\n<meta name=\"robots\" content=\"index, follow, max-snippet:-1, max-image-preview:large, max-video-preview:-1\" \/>\n<link rel=\"canonical\" href=\"https:\/\/www.azur-scenic.com\/pt-pt\/produto\/tela-chausey\/\" \/>\n<meta property=\"og:locale\" content=\"pt_PT\" \/>\n<meta property=\"og:type\" content=\"article\" \/>\n<meta property=\"og:title\" content=\"Tela Chausey - Azur Scenic\" \/>\n<meta property=\"og:description\" content=\"Uma elegante tela para-sol com propriedades ac\u00fasticas, classificado como M1 de rea\u00e7\u00e3o ao fogo (ign\u00edfugo) e dispon\u00edvel numa harmonia de 24 cores. Tela tecida em poli\u00e9ster FR lav\u00e1vel conveniente quer para utiliza\u00e7\u00e3o em interiores como em exteriores. Pode ser utilizada para confe\u00e7\u00e3o de cortinas, mas tamb\u00e9m tape\u00e7arias de parede, persianas romanas ou at\u00e9 mesmo paredes japonesas. Este tecido ecol\u00f3gico, Certificado Oeko-Tex\u00ae respeita o meio ambiente.  Largura: 280 cm Peso: 270 g\/m\u00b2  Classifica\u00e7\u00e3o de rea\u00e7\u00e3o ao fogo:\u00a0\u00a0 M1\u00a0\u00a0B1\u00a0UNO Composi\u00e7\u00e3o: 100% Poli\u00e9ster FR\" \/>\n<meta property=\"og:url\" content=\"https:\/\/www.azur-scenic.com\/pt-pt\/produto\/tela-chausey\/\" \/>\n<meta property=\"og:site_name\" content=\"Azur Scenic\" \/>\n<meta property=\"article:modified_time\" content=\"2023-08-02T13:24:28+00:00\" \/>\n<meta property=\"og:image\" content=\"https:\/\/www.azur-scenic.com\/wp-content\/uploads\/TOILE-CHAUSEY-PERLE-scaled.jpg\" \/>\n\t<meta property=\"og:image:width\" content=\"2560\" \/>\n\t<meta property=\"og:image:height\" content=\"2560\" \/>\n\t<meta property=\"og:image:type\" content=\"image\/jpeg\" \/>\n<meta name=\"twitter:card\" content=\"summary_large_image\" \/>\n<meta name=\"twitter:label1\" content=\"Tempo estimado de leitura\" \/>\n\t<meta name=\"twitter:data1\" content=\"1 minuto\" \/>\n<script type=\"application\/ld+json\" class=\"yoast-schema-graph\">{\"@context\":\"https:\\\/\\\/schema.org\",\"@graph\":[{\"@type\":\"WebPage\",\"@id\":\"https:\\\/\\\/www.azur-scenic.com\\\/pt-pt\\\/produto\\\/tela-chausey\\\/\",\"url\":\"https:\\\/\\\/www.azur-scenic.com\\\/pt-pt\\\/produto\\\/tela-chausey\\\/\",\"name\":\"Tela Chausey - Azur Scenic\",\"isPartOf\":{\"@id\":\"https:\\\/\\\/www.azur-scenic.com\\\/pt-pt\\\/#website\"},\"primaryImageOfPage\":{\"@id\":\"https:\\\/\\\/www.azur-scenic.com\\\/pt-pt\\\/produto\\\/tela-chausey\\\/#primaryimage\"},\"image\":{\"@id\":\"https:\\\/\\\/www.azur-scenic.com\\\/pt-pt\\\/produto\\\/tela-chausey\\\/#primaryimage\"},\"thumbnailUrl\":\"https:\\\/\\\/www.azur-scenic.com\\\/wp-content\\\/uploads\\\/TOILE-CHAUSEY-PERLE-scaled.jpg\",\"datePublished\":\"2022-10-04T07:24:44+00:00\",\"dateModified\":\"2023-08-02T13:24:28+00:00\",\"breadcrumb\":{\"@id\":\"https:\\\/\\\/www.azur-scenic.com\\\/pt-pt\\\/produto\\\/tela-chausey\\\/#breadcrumb\"},\"inLanguage\":\"pt-PT\",\"potentialAction\":[{\"@type\":\"ReadAction\",\"target\":[\"https:\\\/\\\/www.azur-scenic.com\\\/pt-pt\\\/produto\\\/tela-chausey\\\/\"]}]},{\"@type\":\"ImageObject\",\"inLanguage\":\"pt-PT\",\"@id\":\"https:\\\/\\\/www.azur-scenic.com\\\/pt-pt\\\/produto\\\/tela-chausey\\\/#primaryimage\",\"url\":\"https:\\\/\\\/www.azur-scenic.com\\\/wp-content\\\/uploads\\\/TOILE-CHAUSEY-PERLE-scaled.jpg\",\"contentUrl\":\"https:\\\/\\\/www.azur-scenic.com\\\/wp-content\\\/uploads\\\/TOILE-CHAUSEY-PERLE-scaled.jpg\",\"width\":2560,\"height\":2560,\"caption\":\"TOILE CHAUSEY PERLE\"},{\"@type\":\"BreadcrumbList\",\"@id\":\"https:\\\/\\\/www.azur-scenic.com\\\/pt-pt\\\/produto\\\/tela-chausey\\\/#breadcrumb\",\"itemListElement\":[{\"@type\":\"ListItem\",\"position\":1,\"name\":\"Accueil\",\"item\":\"https:\\\/\\\/www.azur-scenic.com\\\/pt-pt\\\/\"},{\"@type\":\"ListItem\",\"position\":2,\"name\":\"Produits\",\"item\":\"https:\\\/\\\/www.azur-scenic.com\\\/pt-pt\\\/?page_id=21439\"},{\"@type\":\"ListItem\",\"position\":3,\"name\":\"Tela Chausey\"}]},{\"@type\":\"WebSite\",\"@id\":\"https:\\\/\\\/www.azur-scenic.com\\\/pt-pt\\\/#website\",\"url\":\"https:\\\/\\\/www.azur-scenic.com\\\/pt-pt\\\/\",\"name\":\"Azur Scenic\",\"description\":\"Sp\u00e9cialiste de l\u2019\u00e9quipement sc\u00e9nique et de la d\u00e9coration int\u00e9rieure et \u00e9v\u00e9nementielle !\",\"publisher\":{\"@id\":\"https:\\\/\\\/www.azur-scenic.com\\\/pt-pt\\\/#organization\"},\"potentialAction\":[{\"@type\":\"SearchAction\",\"target\":{\"@type\":\"EntryPoint\",\"urlTemplate\":\"https:\\\/\\\/www.azur-scenic.com\\\/pt-pt\\\/?s={search_term_string}\"},\"query-input\":{\"@type\":\"PropertyValueSpecification\",\"valueRequired\":true,\"valueName\":\"search_term_string\"}}],\"inLanguage\":\"pt-PT\"},{\"@type\":\"Organization\",\"@id\":\"https:\\\/\\\/www.azur-scenic.com\\\/pt-pt\\\/#organization\",\"name\":\"AZUR SCENIC\",\"url\":\"https:\\\/\\\/www.azur-scenic.com\\\/pt-pt\\\/\",\"logo\":{\"@type\":\"ImageObject\",\"inLanguage\":\"pt-PT\",\"@id\":\"https:\\\/\\\/www.azur-scenic.com\\\/pt-pt\\\/#\\\/schema\\\/logo\\\/image\\\/\",\"url\":\"https:\\\/\\\/www.azur-scenic.com\\\/wp-content\\\/uploads\\\/2022\\\/09\\\/LOGO-AZUR-SCENIC-Fusion-web-236x64-1.jpg\",\"contentUrl\":\"https:\\\/\\\/www.azur-scenic.com\\\/wp-content\\\/uploads\\\/2022\\\/09\\\/LOGO-AZUR-SCENIC-Fusion-web-236x64-1.jpg\",\"width\":236,\"height\":64,\"caption\":\"AZUR SCENIC\"},\"image\":{\"@id\":\"https:\\\/\\\/www.azur-scenic.com\\\/pt-pt\\\/#\\\/schema\\\/logo\\\/image\\\/\"},\"sameAs\":[\"https:\\\/\\\/www.youtube.com\\\/channel\\\/UCPWM2mGPVUt4nYhNlm71WOA\",\"https:\\\/\\\/www.linkedin.com\\\/company\\\/33237605\\\/admin\\\/feed\\\/posts\\\/\"]}]}<\/script>\n<!-- \/ Yoast SEO plugin. -->","yoast_head_json":{"title":"Tela Chausey - Azur Scenic","robots":{"index":"index","follow":"follow","max-snippet":"max-snippet:-1","max-image-preview":"max-image-preview:large","max-video-preview":"max-video-preview:-1"},"canonical":"https:\/\/www.azur-scenic.com\/pt-pt\/produto\/tela-chausey\/","og_locale":"pt_PT","og_type":"article","og_title":"Tela Chausey - Azur Scenic","og_description":"Uma elegante tela para-sol com propriedades ac\u00fasticas, classificado como M1 de rea\u00e7\u00e3o ao fogo (ign\u00edfugo) e dispon\u00edvel numa harmonia de 24 cores. Tela tecida em poli\u00e9ster FR lav\u00e1vel conveniente quer para utiliza\u00e7\u00e3o em interiores como em exteriores. Pode ser utilizada para confe\u00e7\u00e3o de cortinas, mas tamb\u00e9m tape\u00e7arias de parede, persianas romanas ou at\u00e9 mesmo paredes japonesas. Este tecido ecol\u00f3gico, Certificado Oeko-Tex\u00ae respeita o meio ambiente.  Largura: 280 cm Peso: 270 g\/m\u00b2  Classifica\u00e7\u00e3o de rea\u00e7\u00e3o ao fogo:\u00a0\u00a0 M1\u00a0\u00a0B1\u00a0UNO Composi\u00e7\u00e3o: 100% Poli\u00e9ster FR","og_url":"https:\/\/www.azur-scenic.com\/pt-pt\/produto\/tela-chausey\/","og_site_name":"Azur Scenic","article_modified_time":"2023-08-02T13:24:28+00:00","og_image":[{"width":2560,"height":2560,"url":"https:\/\/www.azur-scenic.com\/wp-content\/uploads\/TOILE-CHAUSEY-PERLE-scaled.jpg","type":"image\/jpeg"}],"twitter_card":"summary_large_image","twitter_misc":{"Tempo estimado de leitura":"1 minuto"},"schema":{"@context":"https:\/\/schema.org","@graph":[{"@type":"WebPage","@id":"https:\/\/www.azur-scenic.com\/pt-pt\/produto\/tela-chausey\/","url":"https:\/\/www.azur-scenic.com\/pt-pt\/produto\/tela-chausey\/","name":"Tela Chausey - Azur Scenic","isPartOf":{"@id":"https:\/\/www.azur-scenic.com\/pt-pt\/#website"},"primaryImageOfPage":{"@id":"https:\/\/www.azur-scenic.com\/pt-pt\/produto\/tela-chausey\/#primaryimage"},"image":{"@id":"https:\/\/www.azur-scenic.com\/pt-pt\/produto\/tela-chausey\/#primaryimage"},"thumbnailUrl":"https:\/\/www.azur-scenic.com\/wp-content\/uploads\/TOILE-CHAUSEY-PERLE-scaled.jpg","datePublished":"2022-10-04T07:24:44+00:00","dateModified":"2023-08-02T13:24:28+00:00","breadcrumb":{"@id":"https:\/\/www.azur-scenic.com\/pt-pt\/produto\/tela-chausey\/#breadcrumb"},"inLanguage":"pt-PT","potentialAction":[{"@type":"ReadAction","target":["https:\/\/www.azur-scenic.com\/pt-pt\/produto\/tela-chausey\/"]}]},{"@type":"ImageObject","inLanguage":"pt-PT","@id":"https:\/\/www.azur-scenic.com\/pt-pt\/produto\/tela-chausey\/#primaryimage","url":"https:\/\/www.azur-scenic.com\/wp-content\/uploads\/TOILE-CHAUSEY-PERLE-scaled.jpg","contentUrl":"https:\/\/www.azur-scenic.com\/wp-content\/uploads\/TOILE-CHAUSEY-PERLE-scaled.jpg","width":2560,"height":2560,"caption":"TOILE CHAUSEY PERLE"},{"@type":"BreadcrumbList","@id":"https:\/\/www.azur-scenic.com\/pt-pt\/produto\/tela-chausey\/#breadcrumb","itemListElement":[{"@type":"ListItem","position":1,"name":"Accueil","item":"https:\/\/www.azur-scenic.com\/pt-pt\/"},{"@type":"ListItem","position":2,"name":"Produits","item":"https:\/\/www.azur-scenic.com\/pt-pt\/?page_id=21439"},{"@type":"ListItem","position":3,"name":"Tela Chausey"}]},{"@type":"WebSite","@id":"https:\/\/www.azur-scenic.com\/pt-pt\/#website","url":"https:\/\/www.azur-scenic.com\/pt-pt\/","name":"Azur Scenic","description":"Sp\u00e9cialiste de l\u2019\u00e9quipement sc\u00e9nique et de la d\u00e9coration int\u00e9rieure et \u00e9v\u00e9nementielle !","publisher":{"@id":"https:\/\/www.azur-scenic.com\/pt-pt\/#organization"},"potentialAction":[{"@type":"SearchAction","target":{"@type":"EntryPoint","urlTemplate":"https:\/\/www.azur-scenic.com\/pt-pt\/?s={search_term_string}"},"query-input":{"@type":"PropertyValueSpecification","valueRequired":true,"valueName":"search_term_string"}}],"inLanguage":"pt-PT"},{"@type":"Organization","@id":"https:\/\/www.azur-scenic.com\/pt-pt\/#organization","name":"AZUR SCENIC","url":"https:\/\/www.azur-scenic.com\/pt-pt\/","logo":{"@type":"ImageObject","inLanguage":"pt-PT","@id":"https:\/\/www.azur-scenic.com\/pt-pt\/#\/schema\/logo\/image\/","url":"https:\/\/www.azur-scenic.com\/wp-content\/uploads\/2022\/09\/LOGO-AZUR-SCENIC-Fusion-web-236x64-1.jpg","contentUrl":"https:\/\/www.azur-scenic.com\/wp-content\/uploads\/2022\/09\/LOGO-AZUR-SCENIC-Fusion-web-236x64-1.jpg","width":236,"height":64,"caption":"AZUR SCENIC"},"image":{"@id":"https:\/\/www.azur-scenic.com\/pt-pt\/#\/schema\/logo\/image\/"},"sameAs":["https:\/\/www.youtube.com\/channel\/UCPWM2mGPVUt4nYhNlm71WOA","https:\/\/www.linkedin.com\/company\/33237605\/admin\/feed\/posts\/"]}]}},"_links":{"self":[{"href":"https:\/\/www.azur-scenic.com\/pt-pt\/wp-json\/wp\/v2\/product\/19379","targetHints":{"allow":["GET"]}}],"collection":[{"href":"https:\/\/www.azur-scenic.com\/pt-pt\/wp-json\/wp\/v2\/product"}],"about":[{"href":"https:\/\/www.azur-scenic.com\/pt-pt\/wp-json\/wp\/v2\/types\/product"}],"wp:featuredmedia":[{"embeddable":true,"href":"https:\/\/www.azur-scenic.com\/pt-pt\/wp-json\/wp\/v2\/media\/16443"}],"wp:attachment":[{"href":"https:\/\/www.azur-scenic.com\/pt-pt\/wp-json\/wp\/v2\/media?parent=19379"}],"wp:term":[{"taxonomy":"product_brand","embeddable":true,"href":"https:\/\/www.azur-scenic.com\/pt-pt\/wp-json\/wp\/v2\/product_brand?post=19379"},{"taxonomy":"product_cat","embeddable":true,"href":"https:\/\/www.azur-scenic.com\/pt-pt\/wp-json\/wp\/v2\/product_cat?post=19379"},{"taxonomy":"product_tag","embeddable":true,"href":"https:\/\/www.azur-scenic.com\/pt-pt\/wp-json\/wp\/v2\/product_tag?post=19379"}],"curies":[{"name":"wp","href":"https:\/\/api.w.org\/{rel}","templated":true}]}}