{"id":19699,"date":"2022-10-04T07:24:27","date_gmt":"2022-10-04T07:24:27","guid":{"rendered":"https:\/\/www.azur-scenic.com\/produit\/chintz\/"},"modified":"2024-07-22T08:14:38","modified_gmt":"2024-07-22T08:14:38","slug":"chita","status":"publish","type":"product","link":"https:\/\/www.azur-scenic.com\/pt-pt\/produto\/chita\/","title":{"rendered":"Chita"},"content":{"rendered":"<table>\n<thead>\n<tr>\n<th style=\"width: 170px;\">Dados t\u00e9cnicos<\/th>\n<th>Valor<\/th>\n<th>Coment\u00e1rio<\/th>\n<\/tr>\n<\/thead>\n<tbody>\n<tr>\n<td style=\"vertical-align: top;\">Largura<\/td>\n<td style=\"vertical-align: top;\">280 cm<\/td>\n<td style=\"vertical-align: top;\">\u00a0<\/td>\n<\/tr>\n<tr>\n<td style=\"vertical-align: top;\">Peso<\/td>\n<td style=\"vertical-align: top;\">140 g\/m\u00b2<\/td>\n<td style=\"vertical-align: top;\">\u00a0<\/td>\n<\/tr>\n<tr>\n<td style=\"vertical-align: top;\">Espessura<\/td>\n<td style=\"vertical-align: top;\">0,21 mm<\/td>\n<td style=\"vertical-align: top;\">\u00a0<\/td>\n<\/tr>\n<tr>\n<td style=\"vertical-align: top;\">Classifica\u00e7\u00e3o de rea\u00e7\u00e3o ao fogo<\/td>\n<td style=\"vertical-align: top;\"><img decoding=\"async\" style=\"height: 20px; width: 20px;\" src=\"https:\/\/www.azur-scenic.com\/wp-content\/uploads\/csm_icon-flag-france_3304e5e3f9.png\" \/> M1<\/td>\n<td style=\"vertical-align: top;\">Norma: NF P 92 507<\/td>\n<\/tr>\n<tr>\n<td style=\"vertical-align: top;\">Composi\u00e7\u00e3o<\/td>\n<td style=\"vertical-align: top;\">100% Poli\u00e9ster FR<\/td>\n<td style=\"vertical-align: top;\">\u00a0<\/td>\n<\/tr>\n<tr>\n<td style=\"vertical-align: top;\">Comprimento do rolo<\/td>\n<td style=\"vertical-align: top;\">Aprox. 30 m<br \/>\nEnrolado dobrado<\/td>\n<td style=\"vertical-align: top;\">Possibilidade de venda a retalho<\/td>\n<\/tr>\n<tr>\n<td style=\"vertical-align: top;\">Resist\u00eancia \u00e0 luz<\/td>\n<td style=\"vertical-align: top;\">3-4<\/td>\n<td style=\"vertical-align: top;\">\u00a0<\/td>\n<\/tr>\n<tr>\n<td style=\"vertical-align: top;\">Varia\u00e7\u00e3o dimensional<\/td>\n<td style=\"vertical-align: top;\">Aprox. \u00b1 2%<\/td>\n<td style=\"vertical-align: top;\">(Lavagem \/ Limpeza a seco)<\/td>\n<\/tr>\n<\/tbody>\n<\/table>\n<p>&nbsp;<\/p>\n","protected":false},"excerpt":{"rendered":"<p>Uma tela <strong><span style=\"color: #f88523;\">fina<\/span><\/strong> e <strong><span style=\"color: #f88523;\">robusta<\/span><\/strong> com um acabamento cuidado, classe <strong><span style=\"color: #f88523;\">M1<\/span><\/strong> de rea\u00e7\u00e3o ao fogo (ign\u00edfugo) e dispon\u00edvel numa gama de<span style=\"color: #f88523;\"><strong>\u00a0cores<\/strong><\/span> vivas. O revestimento numa das faces confere a <strong><span style=\"color: #f88523;\">apar\u00eancia brilhante glac\u00ea<\/span><\/strong> caracter\u00edstica da chita, enquanto a outra face tem uma <strong><span style=\"color: #f88523;\">apar\u00eancia mais mate<\/span><\/strong>.<br \/>\n<span style=\"color: #f88523;\"><strong>Lav\u00e1vel<\/strong><\/span>, este tecido pode ser utilizado tanto em interiores como no <strong><span style=\"color: #f88523;\">exterior<\/span><\/strong>, mas recomendamos que seja utilizado num ambiente ao abrigo das intemp\u00e9ries.<br \/>\n<strong><span style=\"color: #f88523;\">Resistente aos raios UV<\/span><\/strong>, a chita \u00e9 particularmente adequada para <span style=\"color: #f88523;\"><strong>cortinas<\/strong><\/span> e <span style=\"color: #f88523;\"><strong>forros<\/strong><\/span>, mas a resist\u00eancia desta tela tamb\u00e9m a torna muito apropriada para<strong><span style=\"color: #f88523;\"> cobrir arma\u00e7\u00f5es<\/span><\/strong>.<\/p>\n<table class=\"table\" style=\"background: #f7f7f7;\">\n<tbody>\n<tr>\n<td><strong>Largura<\/strong>: 280 cm<\/td>\n<td><strong>Peso<\/strong>: 140 g\/m\u00b2<\/td>\n<\/tr>\n<tr>\n<td><strong>Classifica\u00e7\u00e3o de rea\u00e7\u00e3o ao fogo<\/strong>: <img decoding=\"async\" style=\"height: 20px; width: 20px;\" src=\"https:\/\/www.azur-scenic.com\/wp-content\/uploads\/csm_icon-flag-france_3304e5e3f9.png\" \/> M1<\/td>\n<td style=\"vertical-align: top;\"><strong>Composi\u00e7\u00e3o<\/strong>: 100% Poli\u00e9ster FR<\/td>\n<\/tr>\n<\/tbody>\n<\/table>\n","protected":false},"featured_media":15351,"template":"","meta":{"_acf_changed":false},"product_brand":[],"product_cat":[921,916,986,1620],"product_tag":[],"class_list":{"0":"post-19699","1":"product","2":"type-product","3":"status-publish","4":"has-post-thumbnail","6":"product_cat-todos-os-produtos","7":"product_cat-texteis-cenicos-e-para-eventos","8":"product_cat-tecidos-de-decoracao","9":"product_cat-tecidos-acetinados-e-brilhantes","10":"pa_couleurs-001-cru","11":"pa_couleurs-002-branco","12":"pa_couleurs-003-negro","13":"pa_couleurs-100-cinzento","14":"pa_couleurs-170-ferro","15":"pa_couleurs-200-vermelho","16":"pa_couleurs-360-fogo","17":"pa_couleurs-500-bege","18":"pa_couleurs-535-castanho-dourado","19":"pa_couleurs-540-castanho","20":"pa_couleurs-570-moca","21":"pa_couleurs-705-azul-claro","22":"pa_couleurs-760-azul-real","23":"pa_couleurs-765-azul-europa","24":"pa_couleurs-782-ganga","25":"pa_couleurs-786-noite","26":"pa_couleurs-950-fucsia","27":"pa_groupes-de-couleurs-branco","28":"pa_groupes-de-couleurs-azuis","29":"pa_groupes-de-couleurs-cru","30":"pa_groupes-de-couleurs-cinzento","31":"pa_groupes-de-couleurs-castanhos-beges","32":"pa_groupes-de-couleurs-negro","33":"pa_groupes-de-couleurs-laranjas","34":"pa_groupes-de-couleurs-rosas","35":"pa_groupes-de-couleurs-vermelhos","36":"pa_textiles-adaptado-para-exterior","37":"pa_textiles-brilhantes-lacados-e-metalicos","38":"pa_textiles-classificacao-de-reacao-ao-fogo-ignifugo","39":"pa_textiles-lavavel","40":"pa_textiles-resistente-a-uv","42":"first","43":"instock","44":"shipping-taxable","45":"purchasable","46":"product-type-variable"},"acf":[],"yoast_head":"<!-- This site is optimized with the Yoast SEO plugin v27.3 - https:\/\/yoast.com\/product\/yoast-seo-wordpress\/ -->\n<title>Chita - Azur Scenic<\/title>\n<meta name=\"robots\" content=\"index, follow, max-snippet:-1, max-image-preview:large, max-video-preview:-1\" \/>\n<link rel=\"canonical\" href=\"https:\/\/www.azur-scenic.com\/pt-pt\/produto\/chita\/\" \/>\n<meta property=\"og:locale\" content=\"pt_PT\" \/>\n<meta property=\"og:type\" content=\"article\" \/>\n<meta property=\"og:title\" content=\"Chita - Azur Scenic\" \/>\n<meta property=\"og:description\" content=\"Uma tela fina e robusta com um acabamento cuidado, classe M1 de rea\u00e7\u00e3o ao fogo (ign\u00edfugo) e dispon\u00edvel numa gama de\u00a0cores vivas. O revestimento numa das faces confere a apar\u00eancia brilhante glac\u00ea caracter\u00edstica da chita, enquanto a outra face tem uma apar\u00eancia mais mate. Lav\u00e1vel, este tecido pode ser utilizado tanto em interiores como no exterior, mas recomendamos que seja utilizado num ambiente ao abrigo das intemp\u00e9ries. Resistente aos raios UV, a chita \u00e9 particularmente adequada para cortinas e forros, mas a resist\u00eancia desta tela tamb\u00e9m a torna muito apropriada para cobrir arma\u00e7\u00f5es.    Largura: 280 cm Peso: 140 g\/m\u00b2   Classifica\u00e7\u00e3o de rea\u00e7\u00e3o ao fogo: M1 Composi\u00e7\u00e3o: 100% Poli\u00e9ster FR\" \/>\n<meta property=\"og:url\" content=\"https:\/\/www.azur-scenic.com\/pt-pt\/produto\/chita\/\" \/>\n<meta property=\"og:site_name\" content=\"Azur Scenic\" \/>\n<meta property=\"article:modified_time\" content=\"2024-07-22T08:14:38+00:00\" \/>\n<meta property=\"og:image\" content=\"https:\/\/www.azur-scenic.com\/wp-content\/uploads\/CHINTZ-NOIR-scaled.jpg\" \/>\n\t<meta property=\"og:image:width\" content=\"2560\" \/>\n\t<meta property=\"og:image:height\" content=\"2560\" \/>\n\t<meta property=\"og:image:type\" content=\"image\/jpeg\" \/>\n<meta name=\"twitter:card\" content=\"summary_large_image\" \/>\n<meta name=\"twitter:label1\" content=\"Tempo estimado de leitura\" \/>\n\t<meta name=\"twitter:data1\" content=\"1 minuto\" \/>\n<script type=\"application\/ld+json\" class=\"yoast-schema-graph\">{\"@context\":\"https:\\\/\\\/schema.org\",\"@graph\":[{\"@type\":\"WebPage\",\"@id\":\"https:\\\/\\\/www.azur-scenic.com\\\/pt-pt\\\/produto\\\/chita\\\/\",\"url\":\"https:\\\/\\\/www.azur-scenic.com\\\/pt-pt\\\/produto\\\/chita\\\/\",\"name\":\"Chita - Azur Scenic\",\"isPartOf\":{\"@id\":\"https:\\\/\\\/www.azur-scenic.com\\\/pt-pt\\\/#website\"},\"primaryImageOfPage\":{\"@id\":\"https:\\\/\\\/www.azur-scenic.com\\\/pt-pt\\\/produto\\\/chita\\\/#primaryimage\"},\"image\":{\"@id\":\"https:\\\/\\\/www.azur-scenic.com\\\/pt-pt\\\/produto\\\/chita\\\/#primaryimage\"},\"thumbnailUrl\":\"https:\\\/\\\/www.azur-scenic.com\\\/wp-content\\\/uploads\\\/CHINTZ-NOIR-scaled.jpg\",\"datePublished\":\"2022-10-04T07:24:27+00:00\",\"dateModified\":\"2024-07-22T08:14:38+00:00\",\"breadcrumb\":{\"@id\":\"https:\\\/\\\/www.azur-scenic.com\\\/pt-pt\\\/produto\\\/chita\\\/#breadcrumb\"},\"inLanguage\":\"pt-PT\",\"potentialAction\":[{\"@type\":\"ReadAction\",\"target\":[\"https:\\\/\\\/www.azur-scenic.com\\\/pt-pt\\\/produto\\\/chita\\\/\"]}]},{\"@type\":\"ImageObject\",\"inLanguage\":\"pt-PT\",\"@id\":\"https:\\\/\\\/www.azur-scenic.com\\\/pt-pt\\\/produto\\\/chita\\\/#primaryimage\",\"url\":\"https:\\\/\\\/www.azur-scenic.com\\\/wp-content\\\/uploads\\\/CHINTZ-NOIR-scaled.jpg\",\"contentUrl\":\"https:\\\/\\\/www.azur-scenic.com\\\/wp-content\\\/uploads\\\/CHINTZ-NOIR-scaled.jpg\",\"width\":2560,\"height\":2560,\"caption\":\"CHINTZ NOIR\"},{\"@type\":\"BreadcrumbList\",\"@id\":\"https:\\\/\\\/www.azur-scenic.com\\\/pt-pt\\\/produto\\\/chita\\\/#breadcrumb\",\"itemListElement\":[{\"@type\":\"ListItem\",\"position\":1,\"name\":\"Accueil\",\"item\":\"https:\\\/\\\/www.azur-scenic.com\\\/pt-pt\\\/\"},{\"@type\":\"ListItem\",\"position\":2,\"name\":\"Produits\",\"item\":\"https:\\\/\\\/www.azur-scenic.com\\\/pt-pt\\\/?page_id=21439\"},{\"@type\":\"ListItem\",\"position\":3,\"name\":\"Chita\"}]},{\"@type\":\"WebSite\",\"@id\":\"https:\\\/\\\/www.azur-scenic.com\\\/pt-pt\\\/#website\",\"url\":\"https:\\\/\\\/www.azur-scenic.com\\\/pt-pt\\\/\",\"name\":\"Azur Scenic\",\"description\":\"Sp\u00e9cialiste de l\u2019\u00e9quipement sc\u00e9nique et de la d\u00e9coration int\u00e9rieure et \u00e9v\u00e9nementielle !\",\"publisher\":{\"@id\":\"https:\\\/\\\/www.azur-scenic.com\\\/pt-pt\\\/#organization\"},\"potentialAction\":[{\"@type\":\"SearchAction\",\"target\":{\"@type\":\"EntryPoint\",\"urlTemplate\":\"https:\\\/\\\/www.azur-scenic.com\\\/pt-pt\\\/?s={search_term_string}\"},\"query-input\":{\"@type\":\"PropertyValueSpecification\",\"valueRequired\":true,\"valueName\":\"search_term_string\"}}],\"inLanguage\":\"pt-PT\"},{\"@type\":\"Organization\",\"@id\":\"https:\\\/\\\/www.azur-scenic.com\\\/pt-pt\\\/#organization\",\"name\":\"AZUR SCENIC\",\"url\":\"https:\\\/\\\/www.azur-scenic.com\\\/pt-pt\\\/\",\"logo\":{\"@type\":\"ImageObject\",\"inLanguage\":\"pt-PT\",\"@id\":\"https:\\\/\\\/www.azur-scenic.com\\\/pt-pt\\\/#\\\/schema\\\/logo\\\/image\\\/\",\"url\":\"https:\\\/\\\/www.azur-scenic.com\\\/wp-content\\\/uploads\\\/2022\\\/09\\\/LOGO-AZUR-SCENIC-Fusion-web-236x64-1.jpg\",\"contentUrl\":\"https:\\\/\\\/www.azur-scenic.com\\\/wp-content\\\/uploads\\\/2022\\\/09\\\/LOGO-AZUR-SCENIC-Fusion-web-236x64-1.jpg\",\"width\":236,\"height\":64,\"caption\":\"AZUR SCENIC\"},\"image\":{\"@id\":\"https:\\\/\\\/www.azur-scenic.com\\\/pt-pt\\\/#\\\/schema\\\/logo\\\/image\\\/\"},\"sameAs\":[\"https:\\\/\\\/www.youtube.com\\\/channel\\\/UCPWM2mGPVUt4nYhNlm71WOA\",\"https:\\\/\\\/www.linkedin.com\\\/company\\\/33237605\\\/admin\\\/feed\\\/posts\\\/\"]}]}<\/script>\n<!-- \/ Yoast SEO plugin. -->","yoast_head_json":{"title":"Chita - Azur Scenic","robots":{"index":"index","follow":"follow","max-snippet":"max-snippet:-1","max-image-preview":"max-image-preview:large","max-video-preview":"max-video-preview:-1"},"canonical":"https:\/\/www.azur-scenic.com\/pt-pt\/produto\/chita\/","og_locale":"pt_PT","og_type":"article","og_title":"Chita - Azur Scenic","og_description":"Uma tela fina e robusta com um acabamento cuidado, classe M1 de rea\u00e7\u00e3o ao fogo (ign\u00edfugo) e dispon\u00edvel numa gama de\u00a0cores vivas. O revestimento numa das faces confere a apar\u00eancia brilhante glac\u00ea caracter\u00edstica da chita, enquanto a outra face tem uma apar\u00eancia mais mate. Lav\u00e1vel, este tecido pode ser utilizado tanto em interiores como no exterior, mas recomendamos que seja utilizado num ambiente ao abrigo das intemp\u00e9ries. Resistente aos raios UV, a chita \u00e9 particularmente adequada para cortinas e forros, mas a resist\u00eancia desta tela tamb\u00e9m a torna muito apropriada para cobrir arma\u00e7\u00f5es.    Largura: 280 cm Peso: 140 g\/m\u00b2   Classifica\u00e7\u00e3o de rea\u00e7\u00e3o ao fogo: M1 Composi\u00e7\u00e3o: 100% Poli\u00e9ster FR","og_url":"https:\/\/www.azur-scenic.com\/pt-pt\/produto\/chita\/","og_site_name":"Azur Scenic","article_modified_time":"2024-07-22T08:14:38+00:00","og_image":[{"width":2560,"height":2560,"url":"https:\/\/www.azur-scenic.com\/wp-content\/uploads\/CHINTZ-NOIR-scaled.jpg","type":"image\/jpeg"}],"twitter_card":"summary_large_image","twitter_misc":{"Tempo estimado de leitura":"1 minuto"},"schema":{"@context":"https:\/\/schema.org","@graph":[{"@type":"WebPage","@id":"https:\/\/www.azur-scenic.com\/pt-pt\/produto\/chita\/","url":"https:\/\/www.azur-scenic.com\/pt-pt\/produto\/chita\/","name":"Chita - Azur Scenic","isPartOf":{"@id":"https:\/\/www.azur-scenic.com\/pt-pt\/#website"},"primaryImageOfPage":{"@id":"https:\/\/www.azur-scenic.com\/pt-pt\/produto\/chita\/#primaryimage"},"image":{"@id":"https:\/\/www.azur-scenic.com\/pt-pt\/produto\/chita\/#primaryimage"},"thumbnailUrl":"https:\/\/www.azur-scenic.com\/wp-content\/uploads\/CHINTZ-NOIR-scaled.jpg","datePublished":"2022-10-04T07:24:27+00:00","dateModified":"2024-07-22T08:14:38+00:00","breadcrumb":{"@id":"https:\/\/www.azur-scenic.com\/pt-pt\/produto\/chita\/#breadcrumb"},"inLanguage":"pt-PT","potentialAction":[{"@type":"ReadAction","target":["https:\/\/www.azur-scenic.com\/pt-pt\/produto\/chita\/"]}]},{"@type":"ImageObject","inLanguage":"pt-PT","@id":"https:\/\/www.azur-scenic.com\/pt-pt\/produto\/chita\/#primaryimage","url":"https:\/\/www.azur-scenic.com\/wp-content\/uploads\/CHINTZ-NOIR-scaled.jpg","contentUrl":"https:\/\/www.azur-scenic.com\/wp-content\/uploads\/CHINTZ-NOIR-scaled.jpg","width":2560,"height":2560,"caption":"CHINTZ NOIR"},{"@type":"BreadcrumbList","@id":"https:\/\/www.azur-scenic.com\/pt-pt\/produto\/chita\/#breadcrumb","itemListElement":[{"@type":"ListItem","position":1,"name":"Accueil","item":"https:\/\/www.azur-scenic.com\/pt-pt\/"},{"@type":"ListItem","position":2,"name":"Produits","item":"https:\/\/www.azur-scenic.com\/pt-pt\/?page_id=21439"},{"@type":"ListItem","position":3,"name":"Chita"}]},{"@type":"WebSite","@id":"https:\/\/www.azur-scenic.com\/pt-pt\/#website","url":"https:\/\/www.azur-scenic.com\/pt-pt\/","name":"Azur Scenic","description":"Sp\u00e9cialiste de l\u2019\u00e9quipement sc\u00e9nique et de la d\u00e9coration int\u00e9rieure et \u00e9v\u00e9nementielle !","publisher":{"@id":"https:\/\/www.azur-scenic.com\/pt-pt\/#organization"},"potentialAction":[{"@type":"SearchAction","target":{"@type":"EntryPoint","urlTemplate":"https:\/\/www.azur-scenic.com\/pt-pt\/?s={search_term_string}"},"query-input":{"@type":"PropertyValueSpecification","valueRequired":true,"valueName":"search_term_string"}}],"inLanguage":"pt-PT"},{"@type":"Organization","@id":"https:\/\/www.azur-scenic.com\/pt-pt\/#organization","name":"AZUR SCENIC","url":"https:\/\/www.azur-scenic.com\/pt-pt\/","logo":{"@type":"ImageObject","inLanguage":"pt-PT","@id":"https:\/\/www.azur-scenic.com\/pt-pt\/#\/schema\/logo\/image\/","url":"https:\/\/www.azur-scenic.com\/wp-content\/uploads\/2022\/09\/LOGO-AZUR-SCENIC-Fusion-web-236x64-1.jpg","contentUrl":"https:\/\/www.azur-scenic.com\/wp-content\/uploads\/2022\/09\/LOGO-AZUR-SCENIC-Fusion-web-236x64-1.jpg","width":236,"height":64,"caption":"AZUR SCENIC"},"image":{"@id":"https:\/\/www.azur-scenic.com\/pt-pt\/#\/schema\/logo\/image\/"},"sameAs":["https:\/\/www.youtube.com\/channel\/UCPWM2mGPVUt4nYhNlm71WOA","https:\/\/www.linkedin.com\/company\/33237605\/admin\/feed\/posts\/"]}]}},"_links":{"self":[{"href":"https:\/\/www.azur-scenic.com\/pt-pt\/wp-json\/wp\/v2\/product\/19699","targetHints":{"allow":["GET"]}}],"collection":[{"href":"https:\/\/www.azur-scenic.com\/pt-pt\/wp-json\/wp\/v2\/product"}],"about":[{"href":"https:\/\/www.azur-scenic.com\/pt-pt\/wp-json\/wp\/v2\/types\/product"}],"wp:featuredmedia":[{"embeddable":true,"href":"https:\/\/www.azur-scenic.com\/pt-pt\/wp-json\/wp\/v2\/media\/15351"}],"wp:attachment":[{"href":"https:\/\/www.azur-scenic.com\/pt-pt\/wp-json\/wp\/v2\/media?parent=19699"}],"wp:term":[{"taxonomy":"product_brand","embeddable":true,"href":"https:\/\/www.azur-scenic.com\/pt-pt\/wp-json\/wp\/v2\/product_brand?post=19699"},{"taxonomy":"product_cat","embeddable":true,"href":"https:\/\/www.azur-scenic.com\/pt-pt\/wp-json\/wp\/v2\/product_cat?post=19699"},{"taxonomy":"product_tag","embeddable":true,"href":"https:\/\/www.azur-scenic.com\/pt-pt\/wp-json\/wp\/v2\/product_tag?post=19699"}],"curies":[{"name":"wp","href":"https:\/\/api.w.org\/{rel}","templated":true}]}}