{"id":19718,"date":"2022-10-04T07:24:27","date_gmt":"2022-10-04T07:24:27","guid":{"rendered":"https:\/\/www.azur-scenic.com\/produit\/backstage-cs\/"},"modified":"2023-08-02T13:24:39","modified_gmt":"2023-08-02T13:24:39","slug":"backstage-cs","status":"publish","type":"product","link":"https:\/\/www.azur-scenic.com\/pt-pt\/produto\/backstage-cs\/","title":{"rendered":"Backstage CS"},"content":{"rendered":"<table>\n<thead>\n<tr>\n<th style=\"height: 15px; width: 193px;\">Dados t\u00e9cnicos<\/th>\n<th style=\"height: 15px; width: 137px;\">Valor<\/th>\n<th style=\"height: 15px; width: 198px;\">Coment\u00e1rio<\/th>\n<\/tr>\n<\/thead>\n<tbody>\n<tr>\n<td style=\"height: 15px; vertical-align: top; width: 193px;\">Largura<\/td>\n<td style=\"height: 15px; vertical-align: top; width: 137px;\">300 cm<\/td>\n<td style=\"height: 15px; vertical-align: top; width: 198px;\">\u00a0<\/td>\n<\/tr>\n<tr>\n<td style=\"height: 15px; vertical-align: top; width: 193px;\">Peso<\/td>\n<td style=\"height: 15px; vertical-align: top; width: 137px;\">320 g\/m\u00b2<\/td>\n<td style=\"height: 15px; vertical-align: top; width: 198px;\">\u00a0<\/td>\n<\/tr>\n<tr>\n<td style=\"height: 15px; vertical-align: top; width: 193px;\">Espessura<\/td>\n<td style=\"height: 15px; vertical-align: top; width: 137px;\">0,6 mm<\/td>\n<td style=\"height: 15px; vertical-align: top; width: 198px;\">\u00a0<\/td>\n<\/tr>\n<tr>\n<td style=\"height: 43px; vertical-align: top; width: 193px;\">Classifica\u00e7\u00e3o de rea\u00e7\u00e3o ao fogo<\/td>\n<td style=\"height: 43px; vertical-align: top; width: 137px;\"><img decoding=\"async\" style=\"height: 20px; width: 20px;\" src=\"https:\/\/www.azur-scenic.com\/wp-content\/uploads\/icon-flag-france.png?1542281963\" \/> M1<br \/>\n<img decoding=\"async\" style=\"height: 20px; width: 20px;\" src=\"https:\/\/www.azur-scenic.com\/wp-content\/uploads\/icon-flag-allemagne.png\" \/> B1<\/td>\n<td style=\"height: 43px; vertical-align: top; width: 198px;\">Norma: NF P 92-503<br \/>\nNorma: DIN 4102-1<\/td>\n<\/tr>\n<tr>\n<td style=\"height: 15px; vertical-align: top; width: 193px;\">Composi\u00e7\u00e3o<\/td>\n<td style=\"height: 15px; vertical-align: top; width: 137px;\">100% Poli\u00e9ster FR<\/td>\n<td style=\"height: 15px; vertical-align: top; width: 198px;\">\u00a0<\/td>\n<\/tr>\n<tr>\n<td style=\"height: 15px; vertical-align: top; width: 193px;\">Comprimento das pe\u00e7as<\/td>\n<td style=\"height: 15px; vertical-align: top; width: 137px;\">60 m (fardos)<\/td>\n<td style=\"height: 15px; vertical-align: top; width: 198px;\">Possibilidade de venda a retalho<\/td>\n<\/tr>\n<tr>\n<td style=\"height: 31px; vertical-align: top; width: 193px;\">Resist\u00eancia \u00e0 rutura<\/td>\n<td style=\"height: 31px; vertical-align: top; width: 137px;\">Corrente: > \u2265 2000 N<br \/>\nTrama: \u2265 450 N<\/td>\n<td style=\"height: 31px; vertical-align: top; width: 198px;\">Norma: DIN EN ISO 13934-1<\/td>\n<\/tr>\n<tr>\n<td style=\"height: 76.3333px; vertical-align: top; width: 193px;\">Propriedades ac\u00fasticas<br \/>\nWSAC<br \/>\nSAC<br \/>\nNRC<\/td>\n<td style=\"height: 76.3333px; vertical-align: top; width: 137px;\">0,50 \u03b1w<br \/>\nB <span style=\"font-size: 13px;\">(absorvente)<\/span><br \/>\n0,85 <span style=\"font-size: 13px;\">(valor fornecido a t\u00edtulo indicativo)<\/span><\/td>\n<td style=\"height: 76.3333px; vertical-align: top; width: 198px;\">Normas:<br \/>\nISO 354 &#8211; ISO 11654 &#8211; ISO 9613-1 &#8211; ISO 1793-1-3 &#8211;\u00a0ASTM C423-90a<\/td>\n<\/tr>\n<\/tbody>\n<\/table>\n<p>\u00a0<\/p><\/p>\n","protected":false},"excerpt":{"rendered":"<p>Tecido de <strong><span style=\"color: #f88523;\">dupla face<\/span><\/strong> em poli\u00e9ster FR, o Backstage \u00e9 ideal para utilizar quer no <span style=\"color: #f88523;\"><strong>exterior<\/strong><\/span> como no interior. Frequentemente utilizado em ambientes h\u00famidos (parques de divers\u00e3o, parques aqu\u00e1ticos, etc.), \u00e9 composto por fibras t\u00eaxteis intrinsecamente ign\u00edfugas e pode, portanto, ser <span style=\"color: #f88523;\"><strong>lavado<\/strong><\/span> sem qualquer risco de perder as suas propriedades de rea\u00e7\u00e3o ao fogo (ign\u00edfugo).<br \/>\nClassificado como <strong><span style=\"color: #f88523;\">M1<\/span><\/strong> de rea\u00e7\u00e3o ao fogo (ign\u00edfugo), \u00e9 totalmente adequado para o fabrico de <strong><span style=\"color: #f88523;\">bambolinas<\/span><\/strong>, caixas negras, mas tamb\u00e9m pode ser agrafado para <span style=\"color: #f88523;\"><strong>cobertura de arma\u00e7\u00f5es<\/strong><\/span>, estruturas, etc.<br \/>\nTecido em arma\u00e7\u00e3o de tipo <strong><span style=\"color: #f88523;\">cetim<\/span><\/strong>, este t\u00eaxtil \u00e9 <strong><span style=\"color: #f88523;\">penteado<\/span><\/strong> (aspeto felpudo) na frente e mant\u00e9m a sua apar\u00eancia de cetim no verso. Por conseguinte, tem <strong><span style=\"color: #f88523;\">dois aspetos muito diferentes<\/span><\/strong> e pode ser confecionado atrav\u00e9s de um ou outro lado vis\u00edvel, dependendo do resultado est\u00e9tico desejado.<br \/>\nEst\u00e1 dispon\u00edvel em cores b\u00e1sicas (<strong><span style=\"color: #f88523;\">negro<\/span><\/strong> e <strong><span style=\"color: #f88523;\">branco<\/span><\/strong>) mas tamb\u00e9m em verde e azul <strong><span style=\"color: #f88523;\">Chroma Key<\/span><\/strong> adequado para a realiza\u00e7\u00e3o de <strong><span style=\"color: #f88523;\">fundos de inser\u00e7\u00e3o<\/span><\/strong> de <strong><span style=\"color: #f88523;\">fotografia e v\u00eddeo<\/span><\/strong>.<br \/>\nO Backstage permite confecionar cortinas tanto funcionais como decorativas, <span style=\"color: #f88523;\"><strong>muito resistentes<\/strong><\/span> e <span style=\"color: #f88523;\"><strong>opacas<\/strong><\/span>.<br \/>\nA sua espessa gramagem e a sua face penteada, concedem-lhe igualmente <span style=\"color: #f88523;\"><strong>propriedades ac\u00fasticas<\/strong><\/span>.<\/p>\n<p>\u00a0<\/p>\n<table class=\"table\" style=\"background: #f7f7f7;\">\n<tbody>\n<tr>\n<td><strong>Largura<\/strong>: 300 cm<\/td>\n<td><strong>Peso<\/strong>: 320 g\/m\u00b2<\/td>\n<\/tr>\n<tr>\n<td><strong>Classifica\u00e7\u00e3o de rea\u00e7\u00e3o ao fogo<\/strong>: <img decoding=\"async\" style=\"height: 20px; width: 20px;\" src=\"https:\/\/www.azur-scenic.com\/wp-content\/uploads\/icon-flag-france.png?1542281963\" \/> M1 <img decoding=\"async\" style=\"height: 20px; width: 20px;\" src=\"https:\/\/www.azur-scenic.com\/wp-content\/uploads\/icon-flag-allemagne.png\" \/> B1<\/td>\n<td style=\"vertical-align: top;\"><strong>Composi\u00e7\u00e3o<\/strong>: 100% Poli\u00e9ster FR<\/td>\n<\/tr>\n<\/tbody>\n<\/table>\n","protected":false},"featured_media":14242,"template":"","meta":{"_acf_changed":false},"product_brand":[],"product_cat":[921,916,1341,1682,919,986,987,1620,984,985],"product_tag":[],"class_list":{"0":"post-19718","1":"product","2":"type-product","3":"status-publish","4":"has-post-thumbnail","6":"product_cat-todos-os-produtos","7":"product_cat-texteis-cenicos-e-para-eventos","8":"product_cat-telas-para-pintar-e-telas-de-insercao-chroma-key","9":"product_cat-telas-de-chroma-key-de-insercao-de-video","10":"product_cat-ocultantes-blackout","11":"product_cat-tecidos-de-decoracao","12":"product_cat-telas-e-tecidos-penteados","13":"product_cat-tecidos-acetinados-e-brilhantes","14":"product_cat-solucoes-acusticas","15":"product_cat-absorcao-acustica","16":"pa_couleurs-002-es","17":"pa_couleurs-003-es","18":"pa_couleurs-699-es","19":"pa_couleurs-799-es","20":"pa_groupes-de-couleurs-branco","21":"pa_groupes-de-couleurs-azuis","22":"pa_groupes-de-couleurs-negro","23":"pa_groupes-de-couleurs-verdes","24":"pa_textiles-absorvente-acustico","25":"pa_textiles-adaptado-para-exterior","26":"pa_textiles-chroma-key","27":"pa_textiles-classificacao-de-reacao-ao-fogo-ignifugo","28":"pa_textiles-lavavel","29":"pa_textiles-ocultante-blackout-e-ou-obscurecedor","31":"first","32":"instock","33":"shipping-taxable","34":"purchasable","35":"product-type-variable"},"acf":[],"yoast_head":"<!-- This site is optimized with the Yoast SEO plugin v27.3 - https:\/\/yoast.com\/product\/yoast-seo-wordpress\/ -->\n<title>Backstage CS - Azur Scenic<\/title>\n<meta name=\"robots\" content=\"index, follow, max-snippet:-1, max-image-preview:large, max-video-preview:-1\" \/>\n<link rel=\"canonical\" href=\"https:\/\/www.azur-scenic.com\/pt-pt\/produto\/backstage-cs\/\" \/>\n<meta property=\"og:locale\" content=\"pt_PT\" \/>\n<meta property=\"og:type\" content=\"article\" \/>\n<meta property=\"og:title\" content=\"Backstage CS - Azur Scenic\" \/>\n<meta property=\"og:description\" content=\"Tecido de dupla face em poli\u00e9ster FR, o Backstage \u00e9 ideal para utilizar quer no exterior como no interior. Frequentemente utilizado em ambientes h\u00famidos (parques de divers\u00e3o, parques aqu\u00e1ticos, etc.), \u00e9 composto por fibras t\u00eaxteis intrinsecamente ign\u00edfugas e pode, portanto, ser lavado sem qualquer risco de perder as suas propriedades de rea\u00e7\u00e3o ao fogo (ign\u00edfugo). Classificado como M1 de rea\u00e7\u00e3o ao fogo (ign\u00edfugo), \u00e9 totalmente adequado para o fabrico de bambolinas, caixas negras, mas tamb\u00e9m pode ser agrafado para cobertura de arma\u00e7\u00f5es, estruturas, etc. Tecido em arma\u00e7\u00e3o de tipo cetim, este t\u00eaxtil \u00e9 penteado (aspeto felpudo) na frente e mant\u00e9m a sua apar\u00eancia de cetim no verso. Por conseguinte, tem dois aspetos muito diferentes e pode ser confecionado atrav\u00e9s de um ou outro lado vis\u00edvel, dependendo do resultado est\u00e9tico desejado. Est\u00e1 dispon\u00edvel em cores b\u00e1sicas (negro e branco) mas tamb\u00e9m em verde e azul Chroma Key adequado para a realiza\u00e7\u00e3o de fundos de inser\u00e7\u00e3o de fotografia e v\u00eddeo. O Backstage permite confecionar cortinas tanto funcionais como decorativas, muito resistentes e opacas. A sua espessa gramagem e a sua face penteada, concedem-lhe igualmente propriedades ac\u00fasticas. \u00a0  Largura: 300 cm Peso: 320 g\/m\u00b2  Classifica\u00e7\u00e3o de rea\u00e7\u00e3o ao fogo: M1 B1 Composi\u00e7\u00e3o: 100% Poli\u00e9ster FR\" \/>\n<meta property=\"og:url\" content=\"https:\/\/www.azur-scenic.com\/pt-pt\/produto\/backstage-cs\/\" \/>\n<meta property=\"og:site_name\" content=\"Azur Scenic\" \/>\n<meta property=\"article:modified_time\" content=\"2023-08-02T13:24:39+00:00\" \/>\n<meta property=\"og:image\" content=\"https:\/\/www.azur-scenic.com\/wp-content\/uploads\/BACKSTAGE-CS-VERT.jpg\" \/>\n\t<meta property=\"og:image:width\" content=\"1631\" \/>\n\t<meta property=\"og:image:height\" content=\"1631\" \/>\n\t<meta property=\"og:image:type\" content=\"image\/jpeg\" \/>\n<meta name=\"twitter:card\" content=\"summary_large_image\" \/>\n<script type=\"application\/ld+json\" class=\"yoast-schema-graph\">{\"@context\":\"https:\\\/\\\/schema.org\",\"@graph\":[{\"@type\":\"WebPage\",\"@id\":\"https:\\\/\\\/www.azur-scenic.com\\\/pt-pt\\\/produto\\\/backstage-cs\\\/\",\"url\":\"https:\\\/\\\/www.azur-scenic.com\\\/pt-pt\\\/produto\\\/backstage-cs\\\/\",\"name\":\"Backstage CS - Azur Scenic\",\"isPartOf\":{\"@id\":\"https:\\\/\\\/www.azur-scenic.com\\\/pt-pt\\\/#website\"},\"primaryImageOfPage\":{\"@id\":\"https:\\\/\\\/www.azur-scenic.com\\\/pt-pt\\\/produto\\\/backstage-cs\\\/#primaryimage\"},\"image\":{\"@id\":\"https:\\\/\\\/www.azur-scenic.com\\\/pt-pt\\\/produto\\\/backstage-cs\\\/#primaryimage\"},\"thumbnailUrl\":\"https:\\\/\\\/www.azur-scenic.com\\\/wp-content\\\/uploads\\\/BACKSTAGE-CS-VERT.jpg\",\"datePublished\":\"2022-10-04T07:24:27+00:00\",\"dateModified\":\"2023-08-02T13:24:39+00:00\",\"breadcrumb\":{\"@id\":\"https:\\\/\\\/www.azur-scenic.com\\\/pt-pt\\\/produto\\\/backstage-cs\\\/#breadcrumb\"},\"inLanguage\":\"pt-PT\",\"potentialAction\":[{\"@type\":\"ReadAction\",\"target\":[\"https:\\\/\\\/www.azur-scenic.com\\\/pt-pt\\\/produto\\\/backstage-cs\\\/\"]}]},{\"@type\":\"ImageObject\",\"inLanguage\":\"pt-PT\",\"@id\":\"https:\\\/\\\/www.azur-scenic.com\\\/pt-pt\\\/produto\\\/backstage-cs\\\/#primaryimage\",\"url\":\"https:\\\/\\\/www.azur-scenic.com\\\/wp-content\\\/uploads\\\/BACKSTAGE-CS-VERT.jpg\",\"contentUrl\":\"https:\\\/\\\/www.azur-scenic.com\\\/wp-content\\\/uploads\\\/BACKSTAGE-CS-VERT.jpg\",\"width\":1631,\"height\":1631,\"caption\":\"BACKSTAGE CS VERT\"},{\"@type\":\"BreadcrumbList\",\"@id\":\"https:\\\/\\\/www.azur-scenic.com\\\/pt-pt\\\/produto\\\/backstage-cs\\\/#breadcrumb\",\"itemListElement\":[{\"@type\":\"ListItem\",\"position\":1,\"name\":\"Accueil\",\"item\":\"https:\\\/\\\/www.azur-scenic.com\\\/pt-pt\\\/\"},{\"@type\":\"ListItem\",\"position\":2,\"name\":\"Produits\",\"item\":\"https:\\\/\\\/www.azur-scenic.com\\\/pt-pt\\\/?page_id=21439\"},{\"@type\":\"ListItem\",\"position\":3,\"name\":\"Backstage CS\"}]},{\"@type\":\"WebSite\",\"@id\":\"https:\\\/\\\/www.azur-scenic.com\\\/pt-pt\\\/#website\",\"url\":\"https:\\\/\\\/www.azur-scenic.com\\\/pt-pt\\\/\",\"name\":\"Azur Scenic\",\"description\":\"Sp\u00e9cialiste de l\u2019\u00e9quipement sc\u00e9nique et de la d\u00e9coration int\u00e9rieure et \u00e9v\u00e9nementielle !\",\"publisher\":{\"@id\":\"https:\\\/\\\/www.azur-scenic.com\\\/pt-pt\\\/#organization\"},\"potentialAction\":[{\"@type\":\"SearchAction\",\"target\":{\"@type\":\"EntryPoint\",\"urlTemplate\":\"https:\\\/\\\/www.azur-scenic.com\\\/pt-pt\\\/?s={search_term_string}\"},\"query-input\":{\"@type\":\"PropertyValueSpecification\",\"valueRequired\":true,\"valueName\":\"search_term_string\"}}],\"inLanguage\":\"pt-PT\"},{\"@type\":\"Organization\",\"@id\":\"https:\\\/\\\/www.azur-scenic.com\\\/pt-pt\\\/#organization\",\"name\":\"AZUR SCENIC\",\"url\":\"https:\\\/\\\/www.azur-scenic.com\\\/pt-pt\\\/\",\"logo\":{\"@type\":\"ImageObject\",\"inLanguage\":\"pt-PT\",\"@id\":\"https:\\\/\\\/www.azur-scenic.com\\\/pt-pt\\\/#\\\/schema\\\/logo\\\/image\\\/\",\"url\":\"https:\\\/\\\/www.azur-scenic.com\\\/wp-content\\\/uploads\\\/2022\\\/09\\\/LOGO-AZUR-SCENIC-Fusion-web-236x64-1.jpg\",\"contentUrl\":\"https:\\\/\\\/www.azur-scenic.com\\\/wp-content\\\/uploads\\\/2022\\\/09\\\/LOGO-AZUR-SCENIC-Fusion-web-236x64-1.jpg\",\"width\":236,\"height\":64,\"caption\":\"AZUR SCENIC\"},\"image\":{\"@id\":\"https:\\\/\\\/www.azur-scenic.com\\\/pt-pt\\\/#\\\/schema\\\/logo\\\/image\\\/\"},\"sameAs\":[\"https:\\\/\\\/www.youtube.com\\\/channel\\\/UCPWM2mGPVUt4nYhNlm71WOA\",\"https:\\\/\\\/www.linkedin.com\\\/company\\\/33237605\\\/admin\\\/feed\\\/posts\\\/\"]}]}<\/script>\n<!-- \/ Yoast SEO plugin. -->","yoast_head_json":{"title":"Backstage CS - Azur Scenic","robots":{"index":"index","follow":"follow","max-snippet":"max-snippet:-1","max-image-preview":"max-image-preview:large","max-video-preview":"max-video-preview:-1"},"canonical":"https:\/\/www.azur-scenic.com\/pt-pt\/produto\/backstage-cs\/","og_locale":"pt_PT","og_type":"article","og_title":"Backstage CS - Azur Scenic","og_description":"Tecido de dupla face em poli\u00e9ster FR, o Backstage \u00e9 ideal para utilizar quer no exterior como no interior. Frequentemente utilizado em ambientes h\u00famidos (parques de divers\u00e3o, parques aqu\u00e1ticos, etc.), \u00e9 composto por fibras t\u00eaxteis intrinsecamente ign\u00edfugas e pode, portanto, ser lavado sem qualquer risco de perder as suas propriedades de rea\u00e7\u00e3o ao fogo (ign\u00edfugo). Classificado como M1 de rea\u00e7\u00e3o ao fogo (ign\u00edfugo), \u00e9 totalmente adequado para o fabrico de bambolinas, caixas negras, mas tamb\u00e9m pode ser agrafado para cobertura de arma\u00e7\u00f5es, estruturas, etc. Tecido em arma\u00e7\u00e3o de tipo cetim, este t\u00eaxtil \u00e9 penteado (aspeto felpudo) na frente e mant\u00e9m a sua apar\u00eancia de cetim no verso. Por conseguinte, tem dois aspetos muito diferentes e pode ser confecionado atrav\u00e9s de um ou outro lado vis\u00edvel, dependendo do resultado est\u00e9tico desejado. Est\u00e1 dispon\u00edvel em cores b\u00e1sicas (negro e branco) mas tamb\u00e9m em verde e azul Chroma Key adequado para a realiza\u00e7\u00e3o de fundos de inser\u00e7\u00e3o de fotografia e v\u00eddeo. O Backstage permite confecionar cortinas tanto funcionais como decorativas, muito resistentes e opacas. A sua espessa gramagem e a sua face penteada, concedem-lhe igualmente propriedades ac\u00fasticas. \u00a0  Largura: 300 cm Peso: 320 g\/m\u00b2  Classifica\u00e7\u00e3o de rea\u00e7\u00e3o ao fogo: M1 B1 Composi\u00e7\u00e3o: 100% Poli\u00e9ster FR","og_url":"https:\/\/www.azur-scenic.com\/pt-pt\/produto\/backstage-cs\/","og_site_name":"Azur Scenic","article_modified_time":"2023-08-02T13:24:39+00:00","og_image":[{"width":1631,"height":1631,"url":"https:\/\/www.azur-scenic.com\/wp-content\/uploads\/BACKSTAGE-CS-VERT.jpg","type":"image\/jpeg"}],"twitter_card":"summary_large_image","schema":{"@context":"https:\/\/schema.org","@graph":[{"@type":"WebPage","@id":"https:\/\/www.azur-scenic.com\/pt-pt\/produto\/backstage-cs\/","url":"https:\/\/www.azur-scenic.com\/pt-pt\/produto\/backstage-cs\/","name":"Backstage CS - Azur Scenic","isPartOf":{"@id":"https:\/\/www.azur-scenic.com\/pt-pt\/#website"},"primaryImageOfPage":{"@id":"https:\/\/www.azur-scenic.com\/pt-pt\/produto\/backstage-cs\/#primaryimage"},"image":{"@id":"https:\/\/www.azur-scenic.com\/pt-pt\/produto\/backstage-cs\/#primaryimage"},"thumbnailUrl":"https:\/\/www.azur-scenic.com\/wp-content\/uploads\/BACKSTAGE-CS-VERT.jpg","datePublished":"2022-10-04T07:24:27+00:00","dateModified":"2023-08-02T13:24:39+00:00","breadcrumb":{"@id":"https:\/\/www.azur-scenic.com\/pt-pt\/produto\/backstage-cs\/#breadcrumb"},"inLanguage":"pt-PT","potentialAction":[{"@type":"ReadAction","target":["https:\/\/www.azur-scenic.com\/pt-pt\/produto\/backstage-cs\/"]}]},{"@type":"ImageObject","inLanguage":"pt-PT","@id":"https:\/\/www.azur-scenic.com\/pt-pt\/produto\/backstage-cs\/#primaryimage","url":"https:\/\/www.azur-scenic.com\/wp-content\/uploads\/BACKSTAGE-CS-VERT.jpg","contentUrl":"https:\/\/www.azur-scenic.com\/wp-content\/uploads\/BACKSTAGE-CS-VERT.jpg","width":1631,"height":1631,"caption":"BACKSTAGE CS VERT"},{"@type":"BreadcrumbList","@id":"https:\/\/www.azur-scenic.com\/pt-pt\/produto\/backstage-cs\/#breadcrumb","itemListElement":[{"@type":"ListItem","position":1,"name":"Accueil","item":"https:\/\/www.azur-scenic.com\/pt-pt\/"},{"@type":"ListItem","position":2,"name":"Produits","item":"https:\/\/www.azur-scenic.com\/pt-pt\/?page_id=21439"},{"@type":"ListItem","position":3,"name":"Backstage CS"}]},{"@type":"WebSite","@id":"https:\/\/www.azur-scenic.com\/pt-pt\/#website","url":"https:\/\/www.azur-scenic.com\/pt-pt\/","name":"Azur Scenic","description":"Sp\u00e9cialiste de l\u2019\u00e9quipement sc\u00e9nique et de la d\u00e9coration int\u00e9rieure et \u00e9v\u00e9nementielle !","publisher":{"@id":"https:\/\/www.azur-scenic.com\/pt-pt\/#organization"},"potentialAction":[{"@type":"SearchAction","target":{"@type":"EntryPoint","urlTemplate":"https:\/\/www.azur-scenic.com\/pt-pt\/?s={search_term_string}"},"query-input":{"@type":"PropertyValueSpecification","valueRequired":true,"valueName":"search_term_string"}}],"inLanguage":"pt-PT"},{"@type":"Organization","@id":"https:\/\/www.azur-scenic.com\/pt-pt\/#organization","name":"AZUR SCENIC","url":"https:\/\/www.azur-scenic.com\/pt-pt\/","logo":{"@type":"ImageObject","inLanguage":"pt-PT","@id":"https:\/\/www.azur-scenic.com\/pt-pt\/#\/schema\/logo\/image\/","url":"https:\/\/www.azur-scenic.com\/wp-content\/uploads\/2022\/09\/LOGO-AZUR-SCENIC-Fusion-web-236x64-1.jpg","contentUrl":"https:\/\/www.azur-scenic.com\/wp-content\/uploads\/2022\/09\/LOGO-AZUR-SCENIC-Fusion-web-236x64-1.jpg","width":236,"height":64,"caption":"AZUR SCENIC"},"image":{"@id":"https:\/\/www.azur-scenic.com\/pt-pt\/#\/schema\/logo\/image\/"},"sameAs":["https:\/\/www.youtube.com\/channel\/UCPWM2mGPVUt4nYhNlm71WOA","https:\/\/www.linkedin.com\/company\/33237605\/admin\/feed\/posts\/"]}]}},"_links":{"self":[{"href":"https:\/\/www.azur-scenic.com\/pt-pt\/wp-json\/wp\/v2\/product\/19718","targetHints":{"allow":["GET"]}}],"collection":[{"href":"https:\/\/www.azur-scenic.com\/pt-pt\/wp-json\/wp\/v2\/product"}],"about":[{"href":"https:\/\/www.azur-scenic.com\/pt-pt\/wp-json\/wp\/v2\/types\/product"}],"wp:featuredmedia":[{"embeddable":true,"href":"https:\/\/www.azur-scenic.com\/pt-pt\/wp-json\/wp\/v2\/media\/14242"}],"wp:attachment":[{"href":"https:\/\/www.azur-scenic.com\/pt-pt\/wp-json\/wp\/v2\/media?parent=19718"}],"wp:term":[{"taxonomy":"product_brand","embeddable":true,"href":"https:\/\/www.azur-scenic.com\/pt-pt\/wp-json\/wp\/v2\/product_brand?post=19718"},{"taxonomy":"product_cat","embeddable":true,"href":"https:\/\/www.azur-scenic.com\/pt-pt\/wp-json\/wp\/v2\/product_cat?post=19718"},{"taxonomy":"product_tag","embeddable":true,"href":"https:\/\/www.azur-scenic.com\/pt-pt\/wp-json\/wp\/v2\/product_tag?post=19718"}],"curies":[{"name":"wp","href":"https:\/\/api.w.org\/{rel}","templated":true}]}}