{"id":19802,"date":"2022-10-04T07:24:19","date_gmt":"2022-10-04T07:24:19","guid":{"rendered":"https:\/\/www.azur-scenic.com\/produit\/toile-picasso-cs\/"},"modified":"2023-08-02T13:24:42","modified_gmt":"2023-08-02T13:24:42","slug":"tela-picasso-cs","status":"publish","type":"product","link":"https:\/\/www.azur-scenic.com\/pt-pt\/produto\/tela-picasso-cs\/","title":{"rendered":"Tela Picasso CS"},"content":{"rendered":"<table>\n<thead>\n<tr>\n<th style=\"width: 170px;\">Dados t\u00e9cnicos<\/th>\n<th style=\"width: 128px;\">Valor<\/th>\n<th style=\"width: 231px;\">Coment\u00e1rio<\/th>\n<\/tr>\n<\/thead>\n<tbody>\n<tr>\n<td style=\"vertical-align: top;\">Largura<\/td>\n<td style=\"vertical-align: top; width: 128px;\">320 cm<br \/>\n520 cm<br \/>\n620 cm<\/td>\n<td style=\"vertical-align: top; width: 231px;\">2 larguras suplementares por pedido<br \/>\n(160 cm e 420 cm), vendidas apenas em fardos completos (30 ou 60 m), com prazo de entrega adicional<\/td>\n<\/tr>\n<tr>\n<td style=\"vertical-align: top;\">Peso<\/td>\n<td style=\"vertical-align: top; width: 128px;\">200 g\/m\u00b2<\/td>\n<td style=\"vertical-align: top; width: 231px;\">\u00a0<\/td>\n<\/tr>\n<tr>\n<td style=\"vertical-align: top;\">Espessura<\/td>\n<td style=\"vertical-align: top; width: 128px;\">0,3 mm<\/td>\n<td style=\"vertical-align: top; width: 231px;\">\u00a0<\/td>\n<\/tr>\n<tr>\n<td style=\"vertical-align: top;\">Classifica\u00e7\u00e3o de rea\u00e7\u00e3o ao fogo<\/td>\n<td style=\"vertical-align: top; width: 128px;\"><img decoding=\"async\" style=\"height: 20px; width: 20px;\" src=\"https:\/\/www.azur-scenic.com\/wp-content\/uploads\/csm_icon-flag-france_3304e5e3f9.png\" \/> M1<br \/>\n<img decoding=\"async\" style=\"height: 20px; width: 20px;\" src=\"https:\/\/www.azur-scenic.com\/wp-content\/uploads\/icon-flag-europe.png\" \/> B-s1,d0<br \/>\n<img decoding=\"async\" style=\"height: 20px; width: 20px;\" src=\"https:\/\/www.azur-scenic.com\/wp-content\/uploads\/icon-flag-allemagne.png\" \/> B1<\/td>\n<td style=\"vertical-align: top; width: 231px;\">Norma: NPF 92-503-507<br \/>\nNorma: EN 13501-1<br \/>\nNorma: DIN 4102<\/td>\n<\/tr>\n<tr>\n<td style=\"vertical-align: top;\">Composi\u00e7\u00e3o<\/td>\n<td style=\"vertical-align: top; width: 87px;\" colspan=\"2\" rowspan=\"1\">100% Trevira CS<\/td>\n<\/tr>\n<tr>\n<td style=\"vertical-align: top;\">Comprimento das pe\u00e7as<\/td>\n<td style=\"vertical-align: top; width: 128px;\">30 m \/ 60 m<br \/>\nFardos dobrados<\/td>\n<td style=\"vertical-align: top; width: 231px;\">Possibilidade de venda a retalho nas cores standard<\/td>\n<\/tr>\n<tr>\n<td style=\"vertical-align: top;\">Resist\u00eancia ao rasgo<\/td>\n<td style=\"vertical-align: top; width: 128px;\">Corrente: 27,7 N<br \/>\nTrama: 23,7 N<\/td>\n<td style=\"vertical-align: top; width: 231px;\">Norma: DIN EN ISO 9073-4<\/td>\n<\/tr>\n<tr>\n<td style=\"vertical-align: top;\">Resist\u00eancia \u00e0 luz<br \/>\nCores claras:<br \/>\nCores interm\u00e9dias:<br \/>\nCores escuras:<\/td>\n<td style=\"vertical-align: top; width: 128px;\">5<br \/>\n6<br \/>\n5<\/td>\n<td style=\"vertical-align: top; width: 231px;\">Norma: DIN EN ISO 105-B02<\/td>\n<\/tr>\n<tr>\n<td style=\"vertical-align: top;\">Permeabilidade ao ar<\/td>\n<td style=\"vertical-align: top; width: 128px;\">100 Pa: 538 l (m\u00b2s)<br \/>\n200 Pa: 877 l (m\u00b2s)<\/td>\n<td style=\"vertical-align: top; width: 231px;\">Norma: DIN EN ISO 9237<\/td>\n<\/tr>\n<\/tbody>\n<\/table>\n<p>\u00a0<\/p><\/p>\n","protected":false},"excerpt":{"rendered":"<p>A vers\u00e3o <strong><span style=\"color: #f88523;\">Trevira CS lav\u00e1vel<\/span><\/strong> da nossa incontorn\u00e1vel tela Picasso.<\/p>\n<p><span style=\"color: #f88523;\"><strong>Tela para suspens\u00e3o<\/strong><\/span>, classificada <strong><span style=\"color: #f88523;\">M1<\/span><\/strong> de rea\u00e7\u00e3o ao fogo (ign\u00edfugo), dispon\u00edvel em v\u00e1rias larguras para a produ\u00e7\u00e3o de telas de <span style=\"color: #f88523;\"><strong>muito grandes dimens\u00f5es<\/strong><\/span> sem montagem (at\u00e9 6 m).<\/p>\n<p>Esta tela \u00e9 <span style=\"color: #f88523;\"><strong>multifuncional<\/strong><\/span>, uma vez que est\u00e1 perfeitamente adaptada \u00e0 realiza\u00e7\u00e3o de cicloramas (alternativa ecol\u00f3gica e econ\u00f3mica, leve e facilmente manipul\u00e1vel aos cicloramas de PVC), de <span style=\"color: #f88523;\"><strong>refletores<\/strong><\/span>(excelente <strong><span style=\"color: #f88523;\">difusor<\/span><\/strong>) ou mesmo como <span style=\"color: #f88523;\"><strong>cortinas<\/strong><\/span>, <span style=\"color: #f88523;\"><strong>cen\u00e1rios<\/strong><\/span>&#8230; Para al\u00e9m das suas ineg\u00e1veis qualidades como base para telas pintadas, \u00e9 tamb\u00e9m um excelente suporte para <span style=\"color: #f88523;\"><strong>proje\u00e7\u00e3o frontal<\/strong><\/span> e <span style=\"color: #f88523;\"><strong>retroproje\u00e7\u00e3o<\/strong><\/span>.<\/p>\n<p>100% Trevira CS, este tecido \u00e9 utiliz\u00e1vel quer em interior como no <strong><span style=\"color: #f88523;\">exterior<\/span><\/strong>.<\/p>\n<table class=\"table\" style=\"background: #f7f7f7;\">\n<tbody>\n<tr>\n<td><strong>Largura<\/strong>: 320 cm, 520 cm, 620 cm<\/td>\n<td><strong>Peso<\/strong>: 200 g\/m\u00b2<\/td>\n<\/tr>\n<tr>\n<td><strong>Classifica\u00e7\u00e3o de rea\u00e7\u00e3o ao fogo<\/strong>: <img decoding=\"async\" style=\"height: 20px; width: 20px;\" src=\"https:\/\/www.azur-scenic.com\/wp-content\/uploads\/csm_icon-flag-france_3304e5e3f9.png\" \/> M1\u00a0<img decoding=\"async\" style=\"height: 20px; width: 20px;\" src=\"https:\/\/www.azur-scenic.com\/wp-content\/uploads\/icon-flag-europe.png\" \/> B-s1,d0<br \/>\n<img decoding=\"async\" style=\"height: 20px; width: 20px;\" src=\"https:\/\/www.azur-scenic.com\/wp-content\/uploads\/icon-flag-allemagne.png\" \/> B1<\/td>\n<td style=\"vertical-align: top;\"><strong>Composi\u00e7\u00e3o<\/strong>: 100% Trevira CS<\/td>\n<\/tr>\n<\/tbody>\n<\/table>\n","protected":false},"featured_media":14898,"template":"","meta":{"_acf_changed":false},"product_brand":[],"product_cat":[921,916,1341,1342],"product_tag":[],"class_list":{"0":"post-19802","1":"product","2":"type-product","3":"status-publish","4":"has-post-thumbnail","6":"product_cat-todos-os-produtos","7":"product_cat-texteis-cenicos-e-para-eventos","8":"product_cat-telas-para-pintar-e-telas-de-insercao-chroma-key","9":"product_cat-telas-para-pintar","10":"pa_couleurs-001-es","11":"pa_couleurs-002-es","12":"pa_couleurs-003-es","13":"pa_couleurs-110-es","14":"pa_groupes-de-couleurs-branco","15":"pa_groupes-de-couleurs-cru","16":"pa_groupes-de-couleurs-cinzento","17":"pa_groupes-de-couleurs-negro","18":"pa_textiles-adaptado-para-exterior","19":"pa_textiles-lavavel","20":"pa_textiles-projecao-frontal","21":"pa_textiles-retroprojecao","22":"pa_textiles-trevira-cs","23":"pa_textiles-larguras-muito-grandes","25":"first","26":"instock","27":"shipping-taxable","28":"purchasable","29":"product-type-variable"},"acf":[],"yoast_head":"<!-- This site is optimized with the Yoast SEO plugin v27.3 - https:\/\/yoast.com\/product\/yoast-seo-wordpress\/ -->\n<title>Tela Picasso CS - Azur Scenic<\/title>\n<meta name=\"robots\" content=\"index, follow, max-snippet:-1, max-image-preview:large, max-video-preview:-1\" \/>\n<link rel=\"canonical\" href=\"https:\/\/www.azur-scenic.com\/pt-pt\/produto\/tela-picasso-cs\/\" \/>\n<meta property=\"og:locale\" content=\"pt_PT\" \/>\n<meta property=\"og:type\" content=\"article\" \/>\n<meta property=\"og:title\" content=\"Tela Picasso CS - Azur Scenic\" \/>\n<meta property=\"og:description\" content=\"A vers\u00e3o Trevira CS lav\u00e1vel da nossa incontorn\u00e1vel tela Picasso. Tela para suspens\u00e3o, classificada M1 de rea\u00e7\u00e3o ao fogo (ign\u00edfugo), dispon\u00edvel em v\u00e1rias larguras para a produ\u00e7\u00e3o de telas de muito grandes dimens\u00f5es sem montagem (at\u00e9 6 m). Esta tela \u00e9 multifuncional, uma vez que est\u00e1 perfeitamente adaptada \u00e0 realiza\u00e7\u00e3o de cicloramas (alternativa ecol\u00f3gica e econ\u00f3mica, leve e facilmente manipul\u00e1vel aos cicloramas de PVC), de refletores(excelente difusor) ou mesmo como cortinas, cen\u00e1rios... Para al\u00e9m das suas ineg\u00e1veis qualidades como base para telas pintadas, \u00e9 tamb\u00e9m um excelente suporte para proje\u00e7\u00e3o frontal e retroproje\u00e7\u00e3o. 100% Trevira CS, este tecido \u00e9 utiliz\u00e1vel quer em interior como no exterior.  Largura: 320 cm, 520 cm, 620 cm Peso: 200 g\/m\u00b2  Classifica\u00e7\u00e3o de rea\u00e7\u00e3o ao fogo: M1\u00a0 B-s1,d0 B1 Composi\u00e7\u00e3o: 100% Trevira CS\" \/>\n<meta property=\"og:url\" content=\"https:\/\/www.azur-scenic.com\/pt-pt\/produto\/tela-picasso-cs\/\" \/>\n<meta property=\"og:site_name\" content=\"Azur Scenic\" \/>\n<meta property=\"article:modified_time\" content=\"2023-08-02T13:24:42+00:00\" \/>\n<meta property=\"og:image\" content=\"https:\/\/www.azur-scenic.com\/wp-content\/uploads\/PICASSO-CS-BLANC--scaled.jpg\" \/>\n\t<meta property=\"og:image:width\" content=\"2560\" \/>\n\t<meta property=\"og:image:height\" content=\"2560\" \/>\n\t<meta property=\"og:image:type\" content=\"image\/jpeg\" \/>\n<meta name=\"twitter:card\" content=\"summary_large_image\" \/>\n<meta name=\"twitter:label1\" content=\"Tempo estimado de leitura\" \/>\n\t<meta name=\"twitter:data1\" content=\"1 minuto\" \/>\n<script type=\"application\/ld+json\" class=\"yoast-schema-graph\">{\"@context\":\"https:\\\/\\\/schema.org\",\"@graph\":[{\"@type\":\"WebPage\",\"@id\":\"https:\\\/\\\/www.azur-scenic.com\\\/pt-pt\\\/produto\\\/tela-picasso-cs\\\/\",\"url\":\"https:\\\/\\\/www.azur-scenic.com\\\/pt-pt\\\/produto\\\/tela-picasso-cs\\\/\",\"name\":\"Tela Picasso CS - Azur Scenic\",\"isPartOf\":{\"@id\":\"https:\\\/\\\/www.azur-scenic.com\\\/pt-pt\\\/#website\"},\"primaryImageOfPage\":{\"@id\":\"https:\\\/\\\/www.azur-scenic.com\\\/pt-pt\\\/produto\\\/tela-picasso-cs\\\/#primaryimage\"},\"image\":{\"@id\":\"https:\\\/\\\/www.azur-scenic.com\\\/pt-pt\\\/produto\\\/tela-picasso-cs\\\/#primaryimage\"},\"thumbnailUrl\":\"https:\\\/\\\/www.azur-scenic.com\\\/wp-content\\\/uploads\\\/PICASSO-CS-BLANC--scaled.jpg\",\"datePublished\":\"2022-10-04T07:24:19+00:00\",\"dateModified\":\"2023-08-02T13:24:42+00:00\",\"breadcrumb\":{\"@id\":\"https:\\\/\\\/www.azur-scenic.com\\\/pt-pt\\\/produto\\\/tela-picasso-cs\\\/#breadcrumb\"},\"inLanguage\":\"pt-PT\",\"potentialAction\":[{\"@type\":\"ReadAction\",\"target\":[\"https:\\\/\\\/www.azur-scenic.com\\\/pt-pt\\\/produto\\\/tela-picasso-cs\\\/\"]}]},{\"@type\":\"ImageObject\",\"inLanguage\":\"pt-PT\",\"@id\":\"https:\\\/\\\/www.azur-scenic.com\\\/pt-pt\\\/produto\\\/tela-picasso-cs\\\/#primaryimage\",\"url\":\"https:\\\/\\\/www.azur-scenic.com\\\/wp-content\\\/uploads\\\/PICASSO-CS-BLANC--scaled.jpg\",\"contentUrl\":\"https:\\\/\\\/www.azur-scenic.com\\\/wp-content\\\/uploads\\\/PICASSO-CS-BLANC--scaled.jpg\",\"width\":2560,\"height\":2560,\"caption\":\"PICASSO CS BLANC\"},{\"@type\":\"BreadcrumbList\",\"@id\":\"https:\\\/\\\/www.azur-scenic.com\\\/pt-pt\\\/produto\\\/tela-picasso-cs\\\/#breadcrumb\",\"itemListElement\":[{\"@type\":\"ListItem\",\"position\":1,\"name\":\"Accueil\",\"item\":\"https:\\\/\\\/www.azur-scenic.com\\\/pt-pt\\\/\"},{\"@type\":\"ListItem\",\"position\":2,\"name\":\"Produits\",\"item\":\"https:\\\/\\\/www.azur-scenic.com\\\/pt-pt\\\/?page_id=21439\"},{\"@type\":\"ListItem\",\"position\":3,\"name\":\"Tela Picasso CS\"}]},{\"@type\":\"WebSite\",\"@id\":\"https:\\\/\\\/www.azur-scenic.com\\\/pt-pt\\\/#website\",\"url\":\"https:\\\/\\\/www.azur-scenic.com\\\/pt-pt\\\/\",\"name\":\"Azur Scenic\",\"description\":\"Sp\u00e9cialiste de l\u2019\u00e9quipement sc\u00e9nique et de la d\u00e9coration int\u00e9rieure et \u00e9v\u00e9nementielle !\",\"publisher\":{\"@id\":\"https:\\\/\\\/www.azur-scenic.com\\\/pt-pt\\\/#organization\"},\"potentialAction\":[{\"@type\":\"SearchAction\",\"target\":{\"@type\":\"EntryPoint\",\"urlTemplate\":\"https:\\\/\\\/www.azur-scenic.com\\\/pt-pt\\\/?s={search_term_string}\"},\"query-input\":{\"@type\":\"PropertyValueSpecification\",\"valueRequired\":true,\"valueName\":\"search_term_string\"}}],\"inLanguage\":\"pt-PT\"},{\"@type\":\"Organization\",\"@id\":\"https:\\\/\\\/www.azur-scenic.com\\\/pt-pt\\\/#organization\",\"name\":\"AZUR SCENIC\",\"url\":\"https:\\\/\\\/www.azur-scenic.com\\\/pt-pt\\\/\",\"logo\":{\"@type\":\"ImageObject\",\"inLanguage\":\"pt-PT\",\"@id\":\"https:\\\/\\\/www.azur-scenic.com\\\/pt-pt\\\/#\\\/schema\\\/logo\\\/image\\\/\",\"url\":\"https:\\\/\\\/www.azur-scenic.com\\\/wp-content\\\/uploads\\\/2022\\\/09\\\/LOGO-AZUR-SCENIC-Fusion-web-236x64-1.jpg\",\"contentUrl\":\"https:\\\/\\\/www.azur-scenic.com\\\/wp-content\\\/uploads\\\/2022\\\/09\\\/LOGO-AZUR-SCENIC-Fusion-web-236x64-1.jpg\",\"width\":236,\"height\":64,\"caption\":\"AZUR SCENIC\"},\"image\":{\"@id\":\"https:\\\/\\\/www.azur-scenic.com\\\/pt-pt\\\/#\\\/schema\\\/logo\\\/image\\\/\"},\"sameAs\":[\"https:\\\/\\\/www.youtube.com\\\/channel\\\/UCPWM2mGPVUt4nYhNlm71WOA\",\"https:\\\/\\\/www.linkedin.com\\\/company\\\/33237605\\\/admin\\\/feed\\\/posts\\\/\"]}]}<\/script>\n<!-- \/ Yoast SEO plugin. -->","yoast_head_json":{"title":"Tela Picasso CS - Azur Scenic","robots":{"index":"index","follow":"follow","max-snippet":"max-snippet:-1","max-image-preview":"max-image-preview:large","max-video-preview":"max-video-preview:-1"},"canonical":"https:\/\/www.azur-scenic.com\/pt-pt\/produto\/tela-picasso-cs\/","og_locale":"pt_PT","og_type":"article","og_title":"Tela Picasso CS - Azur Scenic","og_description":"A vers\u00e3o Trevira CS lav\u00e1vel da nossa incontorn\u00e1vel tela Picasso. Tela para suspens\u00e3o, classificada M1 de rea\u00e7\u00e3o ao fogo (ign\u00edfugo), dispon\u00edvel em v\u00e1rias larguras para a produ\u00e7\u00e3o de telas de muito grandes dimens\u00f5es sem montagem (at\u00e9 6 m). Esta tela \u00e9 multifuncional, uma vez que est\u00e1 perfeitamente adaptada \u00e0 realiza\u00e7\u00e3o de cicloramas (alternativa ecol\u00f3gica e econ\u00f3mica, leve e facilmente manipul\u00e1vel aos cicloramas de PVC), de refletores(excelente difusor) ou mesmo como cortinas, cen\u00e1rios... Para al\u00e9m das suas ineg\u00e1veis qualidades como base para telas pintadas, \u00e9 tamb\u00e9m um excelente suporte para proje\u00e7\u00e3o frontal e retroproje\u00e7\u00e3o. 100% Trevira CS, este tecido \u00e9 utiliz\u00e1vel quer em interior como no exterior.  Largura: 320 cm, 520 cm, 620 cm Peso: 200 g\/m\u00b2  Classifica\u00e7\u00e3o de rea\u00e7\u00e3o ao fogo: M1\u00a0 B-s1,d0 B1 Composi\u00e7\u00e3o: 100% Trevira CS","og_url":"https:\/\/www.azur-scenic.com\/pt-pt\/produto\/tela-picasso-cs\/","og_site_name":"Azur Scenic","article_modified_time":"2023-08-02T13:24:42+00:00","og_image":[{"width":2560,"height":2560,"url":"https:\/\/www.azur-scenic.com\/wp-content\/uploads\/PICASSO-CS-BLANC--scaled.jpg","type":"image\/jpeg"}],"twitter_card":"summary_large_image","twitter_misc":{"Tempo estimado de leitura":"1 minuto"},"schema":{"@context":"https:\/\/schema.org","@graph":[{"@type":"WebPage","@id":"https:\/\/www.azur-scenic.com\/pt-pt\/produto\/tela-picasso-cs\/","url":"https:\/\/www.azur-scenic.com\/pt-pt\/produto\/tela-picasso-cs\/","name":"Tela Picasso CS - Azur Scenic","isPartOf":{"@id":"https:\/\/www.azur-scenic.com\/pt-pt\/#website"},"primaryImageOfPage":{"@id":"https:\/\/www.azur-scenic.com\/pt-pt\/produto\/tela-picasso-cs\/#primaryimage"},"image":{"@id":"https:\/\/www.azur-scenic.com\/pt-pt\/produto\/tela-picasso-cs\/#primaryimage"},"thumbnailUrl":"https:\/\/www.azur-scenic.com\/wp-content\/uploads\/PICASSO-CS-BLANC--scaled.jpg","datePublished":"2022-10-04T07:24:19+00:00","dateModified":"2023-08-02T13:24:42+00:00","breadcrumb":{"@id":"https:\/\/www.azur-scenic.com\/pt-pt\/produto\/tela-picasso-cs\/#breadcrumb"},"inLanguage":"pt-PT","potentialAction":[{"@type":"ReadAction","target":["https:\/\/www.azur-scenic.com\/pt-pt\/produto\/tela-picasso-cs\/"]}]},{"@type":"ImageObject","inLanguage":"pt-PT","@id":"https:\/\/www.azur-scenic.com\/pt-pt\/produto\/tela-picasso-cs\/#primaryimage","url":"https:\/\/www.azur-scenic.com\/wp-content\/uploads\/PICASSO-CS-BLANC--scaled.jpg","contentUrl":"https:\/\/www.azur-scenic.com\/wp-content\/uploads\/PICASSO-CS-BLANC--scaled.jpg","width":2560,"height":2560,"caption":"PICASSO CS BLANC"},{"@type":"BreadcrumbList","@id":"https:\/\/www.azur-scenic.com\/pt-pt\/produto\/tela-picasso-cs\/#breadcrumb","itemListElement":[{"@type":"ListItem","position":1,"name":"Accueil","item":"https:\/\/www.azur-scenic.com\/pt-pt\/"},{"@type":"ListItem","position":2,"name":"Produits","item":"https:\/\/www.azur-scenic.com\/pt-pt\/?page_id=21439"},{"@type":"ListItem","position":3,"name":"Tela Picasso CS"}]},{"@type":"WebSite","@id":"https:\/\/www.azur-scenic.com\/pt-pt\/#website","url":"https:\/\/www.azur-scenic.com\/pt-pt\/","name":"Azur Scenic","description":"Sp\u00e9cialiste de l\u2019\u00e9quipement sc\u00e9nique et de la d\u00e9coration int\u00e9rieure et \u00e9v\u00e9nementielle !","publisher":{"@id":"https:\/\/www.azur-scenic.com\/pt-pt\/#organization"},"potentialAction":[{"@type":"SearchAction","target":{"@type":"EntryPoint","urlTemplate":"https:\/\/www.azur-scenic.com\/pt-pt\/?s={search_term_string}"},"query-input":{"@type":"PropertyValueSpecification","valueRequired":true,"valueName":"search_term_string"}}],"inLanguage":"pt-PT"},{"@type":"Organization","@id":"https:\/\/www.azur-scenic.com\/pt-pt\/#organization","name":"AZUR SCENIC","url":"https:\/\/www.azur-scenic.com\/pt-pt\/","logo":{"@type":"ImageObject","inLanguage":"pt-PT","@id":"https:\/\/www.azur-scenic.com\/pt-pt\/#\/schema\/logo\/image\/","url":"https:\/\/www.azur-scenic.com\/wp-content\/uploads\/2022\/09\/LOGO-AZUR-SCENIC-Fusion-web-236x64-1.jpg","contentUrl":"https:\/\/www.azur-scenic.com\/wp-content\/uploads\/2022\/09\/LOGO-AZUR-SCENIC-Fusion-web-236x64-1.jpg","width":236,"height":64,"caption":"AZUR SCENIC"},"image":{"@id":"https:\/\/www.azur-scenic.com\/pt-pt\/#\/schema\/logo\/image\/"},"sameAs":["https:\/\/www.youtube.com\/channel\/UCPWM2mGPVUt4nYhNlm71WOA","https:\/\/www.linkedin.com\/company\/33237605\/admin\/feed\/posts\/"]}]}},"_links":{"self":[{"href":"https:\/\/www.azur-scenic.com\/pt-pt\/wp-json\/wp\/v2\/product\/19802","targetHints":{"allow":["GET"]}}],"collection":[{"href":"https:\/\/www.azur-scenic.com\/pt-pt\/wp-json\/wp\/v2\/product"}],"about":[{"href":"https:\/\/www.azur-scenic.com\/pt-pt\/wp-json\/wp\/v2\/types\/product"}],"wp:featuredmedia":[{"embeddable":true,"href":"https:\/\/www.azur-scenic.com\/pt-pt\/wp-json\/wp\/v2\/media\/14898"}],"wp:attachment":[{"href":"https:\/\/www.azur-scenic.com\/pt-pt\/wp-json\/wp\/v2\/media?parent=19802"}],"wp:term":[{"taxonomy":"product_brand","embeddable":true,"href":"https:\/\/www.azur-scenic.com\/pt-pt\/wp-json\/wp\/v2\/product_brand?post=19802"},{"taxonomy":"product_cat","embeddable":true,"href":"https:\/\/www.azur-scenic.com\/pt-pt\/wp-json\/wp\/v2\/product_cat?post=19802"},{"taxonomy":"product_tag","embeddable":true,"href":"https:\/\/www.azur-scenic.com\/pt-pt\/wp-json\/wp\/v2\/product_tag?post=19802"}],"curies":[{"name":"wp","href":"https:\/\/api.w.org\/{rel}","templated":true}]}}