{"id":19873,"date":"2022-10-04T07:24:07","date_gmt":"2022-10-04T07:24:07","guid":{"rendered":"https:\/\/www.azur-scenic.com\/produit\/classement-feu\/"},"modified":"2024-06-11T08:02:02","modified_gmt":"2024-06-11T08:02:02","slug":"classificacao-de-reacao-ao-fogo","status":"publish","type":"product","link":"https:\/\/www.azur-scenic.com\/pt-pt\/produto\/classificacao-de-reacao-ao-fogo\/","title":{"rendered":"CLASSIFICA\u00c7\u00c3O DE REA\u00c7\u00c3O AO FOGO"},"content":{"rendered":"","protected":false},"excerpt":{"rendered":"<p>Este documento fornece-lhe as bases necess\u00e1rias para compreender as <strong>quest\u00f5es relacionadas com a classifica\u00e7\u00e3o dos tecidos em fun\u00e7\u00e3o do fogo<\/strong>. Em particular, abrange<\/p>\n<ul>\n<li>As diferen\u00e7as entre <strong>tecidos ign\u00edfugos<\/strong> e <strong>tecidos inerentemente ign\u00edfugos<\/strong><\/li>\n<li>A diferen\u00e7a entre o <strong>per\u00edodo de validade do certificado<\/strong> e a <strong>durabilidade da classifica\u00e7\u00e3o<\/strong> (certificado franc\u00eas)<\/li>\n<li>Explica\u00e7\u00f5es sobre as <strong>normas francesas<\/strong>, <strong>europeias<\/strong> e <strong>estrangeiras<\/strong><\/li>\n<\/ul>\n","protected":false},"featured_media":6787,"template":"","meta":{"_acf_changed":false},"product_brand":[],"product_cat":[1711],"product_tag":[],"class_list":{"0":"post-19873","1":"product","2":"type-product","3":"status-publish","4":"has-post-thumbnail","6":"product_cat-informacoes-uteis","8":"first","9":"instock","10":"shipping-taxable","11":"purchasable","12":"product-type-simple"},"acf":[],"yoast_head":"<!-- This site is optimized with the Yoast SEO plugin v27.3 - https:\/\/yoast.com\/product\/yoast-seo-wordpress\/ -->\n<title>CLASSIFICA\u00c7\u00c3O DE REA\u00c7\u00c3O AO FOGO - Azur Scenic<\/title>\n<meta name=\"robots\" content=\"index, follow, max-snippet:-1, max-image-preview:large, max-video-preview:-1\" \/>\n<link rel=\"canonical\" href=\"https:\/\/www.azur-scenic.com\/pt-pt\/produto\/classificacao-de-reacao-ao-fogo\/\" \/>\n<meta property=\"og:locale\" content=\"pt_PT\" \/>\n<meta property=\"og:type\" content=\"article\" \/>\n<meta property=\"og:title\" content=\"CLASSIFICA\u00c7\u00c3O DE REA\u00c7\u00c3O AO FOGO - Azur Scenic\" \/>\n<meta property=\"og:description\" content=\"Este documento fornece-lhe as bases necess\u00e1rias para compreender as quest\u00f5es relacionadas com a classifica\u00e7\u00e3o dos tecidos em fun\u00e7\u00e3o do fogo. Em particular, abrange   As diferen\u00e7as entre tecidos ign\u00edfugos e tecidos inerentemente ign\u00edfugos  A diferen\u00e7a entre o per\u00edodo de validade do certificado e a durabilidade da classifica\u00e7\u00e3o (certificado franc\u00eas)  Explica\u00e7\u00f5es sobre as normas francesas, europeias e estrangeiras\" \/>\n<meta property=\"og:url\" content=\"https:\/\/www.azur-scenic.com\/pt-pt\/produto\/classificacao-de-reacao-ao-fogo\/\" \/>\n<meta property=\"og:site_name\" content=\"Azur Scenic\" \/>\n<meta property=\"article:modified_time\" content=\"2024-06-11T08:02:02+00:00\" \/>\n<meta property=\"og:image\" content=\"https:\/\/www.azur-scenic.com\/wp-content\/uploads\/dc4656b143c59b168633d5a4354fb524.png\" \/>\n\t<meta property=\"og:image:width\" content=\"600\" \/>\n\t<meta property=\"og:image:height\" content=\"600\" \/>\n\t<meta property=\"og:image:type\" content=\"image\/png\" \/>\n<meta name=\"twitter:card\" content=\"summary_large_image\" \/>\n<meta name=\"twitter:label1\" content=\"Tempo estimado de leitura\" \/>\n\t<meta name=\"twitter:data1\" content=\"1 minuto\" \/>\n<script type=\"application\/ld+json\" class=\"yoast-schema-graph\">{\"@context\":\"https:\\\/\\\/schema.org\",\"@graph\":[{\"@type\":\"WebPage\",\"@id\":\"https:\\\/\\\/www.azur-scenic.com\\\/pt-pt\\\/produto\\\/classificacao-de-reacao-ao-fogo\\\/\",\"url\":\"https:\\\/\\\/www.azur-scenic.com\\\/pt-pt\\\/produto\\\/classificacao-de-reacao-ao-fogo\\\/\",\"name\":\"CLASSIFICA\u00c7\u00c3O DE REA\u00c7\u00c3O AO FOGO - Azur Scenic\",\"isPartOf\":{\"@id\":\"https:\\\/\\\/www.azur-scenic.com\\\/pt-pt\\\/#website\"},\"primaryImageOfPage\":{\"@id\":\"https:\\\/\\\/www.azur-scenic.com\\\/pt-pt\\\/produto\\\/classificacao-de-reacao-ao-fogo\\\/#primaryimage\"},\"image\":{\"@id\":\"https:\\\/\\\/www.azur-scenic.com\\\/pt-pt\\\/produto\\\/classificacao-de-reacao-ao-fogo\\\/#primaryimage\"},\"thumbnailUrl\":\"https:\\\/\\\/www.azur-scenic.com\\\/wp-content\\\/uploads\\\/dc4656b143c59b168633d5a4354fb524.png\",\"datePublished\":\"2022-10-04T07:24:07+00:00\",\"dateModified\":\"2024-06-11T08:02:02+00:00\",\"breadcrumb\":{\"@id\":\"https:\\\/\\\/www.azur-scenic.com\\\/pt-pt\\\/produto\\\/classificacao-de-reacao-ao-fogo\\\/#breadcrumb\"},\"inLanguage\":\"pt-PT\",\"potentialAction\":[{\"@type\":\"ReadAction\",\"target\":[\"https:\\\/\\\/www.azur-scenic.com\\\/pt-pt\\\/produto\\\/classificacao-de-reacao-ao-fogo\\\/\"]}]},{\"@type\":\"ImageObject\",\"inLanguage\":\"pt-PT\",\"@id\":\"https:\\\/\\\/www.azur-scenic.com\\\/pt-pt\\\/produto\\\/classificacao-de-reacao-ao-fogo\\\/#primaryimage\",\"url\":\"https:\\\/\\\/www.azur-scenic.com\\\/wp-content\\\/uploads\\\/dc4656b143c59b168633d5a4354fb524.png\",\"contentUrl\":\"https:\\\/\\\/www.azur-scenic.com\\\/wp-content\\\/uploads\\\/dc4656b143c59b168633d5a4354fb524.png\",\"width\":600,\"height\":600},{\"@type\":\"BreadcrumbList\",\"@id\":\"https:\\\/\\\/www.azur-scenic.com\\\/pt-pt\\\/produto\\\/classificacao-de-reacao-ao-fogo\\\/#breadcrumb\",\"itemListElement\":[{\"@type\":\"ListItem\",\"position\":1,\"name\":\"Accueil\",\"item\":\"https:\\\/\\\/www.azur-scenic.com\\\/pt-pt\\\/\"},{\"@type\":\"ListItem\",\"position\":2,\"name\":\"Produits\",\"item\":\"https:\\\/\\\/www.azur-scenic.com\\\/pt-pt\\\/?page_id=21439\"},{\"@type\":\"ListItem\",\"position\":3,\"name\":\"CLASSIFICA\u00c7\u00c3O DE REA\u00c7\u00c3O AO FOGO\"}]},{\"@type\":\"WebSite\",\"@id\":\"https:\\\/\\\/www.azur-scenic.com\\\/pt-pt\\\/#website\",\"url\":\"https:\\\/\\\/www.azur-scenic.com\\\/pt-pt\\\/\",\"name\":\"Azur Scenic\",\"description\":\"Sp\u00e9cialiste de l\u2019\u00e9quipement sc\u00e9nique et de la d\u00e9coration int\u00e9rieure et \u00e9v\u00e9nementielle !\",\"publisher\":{\"@id\":\"https:\\\/\\\/www.azur-scenic.com\\\/pt-pt\\\/#organization\"},\"potentialAction\":[{\"@type\":\"SearchAction\",\"target\":{\"@type\":\"EntryPoint\",\"urlTemplate\":\"https:\\\/\\\/www.azur-scenic.com\\\/pt-pt\\\/?s={search_term_string}\"},\"query-input\":{\"@type\":\"PropertyValueSpecification\",\"valueRequired\":true,\"valueName\":\"search_term_string\"}}],\"inLanguage\":\"pt-PT\"},{\"@type\":\"Organization\",\"@id\":\"https:\\\/\\\/www.azur-scenic.com\\\/pt-pt\\\/#organization\",\"name\":\"AZUR SCENIC\",\"url\":\"https:\\\/\\\/www.azur-scenic.com\\\/pt-pt\\\/\",\"logo\":{\"@type\":\"ImageObject\",\"inLanguage\":\"pt-PT\",\"@id\":\"https:\\\/\\\/www.azur-scenic.com\\\/pt-pt\\\/#\\\/schema\\\/logo\\\/image\\\/\",\"url\":\"https:\\\/\\\/www.azur-scenic.com\\\/wp-content\\\/uploads\\\/2022\\\/09\\\/LOGO-AZUR-SCENIC-Fusion-web-236x64-1.jpg\",\"contentUrl\":\"https:\\\/\\\/www.azur-scenic.com\\\/wp-content\\\/uploads\\\/2022\\\/09\\\/LOGO-AZUR-SCENIC-Fusion-web-236x64-1.jpg\",\"width\":236,\"height\":64,\"caption\":\"AZUR SCENIC\"},\"image\":{\"@id\":\"https:\\\/\\\/www.azur-scenic.com\\\/pt-pt\\\/#\\\/schema\\\/logo\\\/image\\\/\"},\"sameAs\":[\"https:\\\/\\\/www.youtube.com\\\/channel\\\/UCPWM2mGPVUt4nYhNlm71WOA\",\"https:\\\/\\\/www.linkedin.com\\\/company\\\/33237605\\\/admin\\\/feed\\\/posts\\\/\"]}]}<\/script>\n<!-- \/ Yoast SEO plugin. -->","yoast_head_json":{"title":"CLASSIFICA\u00c7\u00c3O DE REA\u00c7\u00c3O AO FOGO - Azur Scenic","robots":{"index":"index","follow":"follow","max-snippet":"max-snippet:-1","max-image-preview":"max-image-preview:large","max-video-preview":"max-video-preview:-1"},"canonical":"https:\/\/www.azur-scenic.com\/pt-pt\/produto\/classificacao-de-reacao-ao-fogo\/","og_locale":"pt_PT","og_type":"article","og_title":"CLASSIFICA\u00c7\u00c3O DE REA\u00c7\u00c3O AO FOGO - Azur Scenic","og_description":"Este documento fornece-lhe as bases necess\u00e1rias para compreender as quest\u00f5es relacionadas com a classifica\u00e7\u00e3o dos tecidos em fun\u00e7\u00e3o do fogo. Em particular, abrange   As diferen\u00e7as entre tecidos ign\u00edfugos e tecidos inerentemente ign\u00edfugos  A diferen\u00e7a entre o per\u00edodo de validade do certificado e a durabilidade da classifica\u00e7\u00e3o (certificado franc\u00eas)  Explica\u00e7\u00f5es sobre as normas francesas, europeias e estrangeiras","og_url":"https:\/\/www.azur-scenic.com\/pt-pt\/produto\/classificacao-de-reacao-ao-fogo\/","og_site_name":"Azur Scenic","article_modified_time":"2024-06-11T08:02:02+00:00","og_image":[{"width":600,"height":600,"url":"https:\/\/www.azur-scenic.com\/wp-content\/uploads\/dc4656b143c59b168633d5a4354fb524.png","type":"image\/png"}],"twitter_card":"summary_large_image","twitter_misc":{"Tempo estimado de leitura":"1 minuto"},"schema":{"@context":"https:\/\/schema.org","@graph":[{"@type":"WebPage","@id":"https:\/\/www.azur-scenic.com\/pt-pt\/produto\/classificacao-de-reacao-ao-fogo\/","url":"https:\/\/www.azur-scenic.com\/pt-pt\/produto\/classificacao-de-reacao-ao-fogo\/","name":"CLASSIFICA\u00c7\u00c3O DE REA\u00c7\u00c3O AO FOGO - Azur Scenic","isPartOf":{"@id":"https:\/\/www.azur-scenic.com\/pt-pt\/#website"},"primaryImageOfPage":{"@id":"https:\/\/www.azur-scenic.com\/pt-pt\/produto\/classificacao-de-reacao-ao-fogo\/#primaryimage"},"image":{"@id":"https:\/\/www.azur-scenic.com\/pt-pt\/produto\/classificacao-de-reacao-ao-fogo\/#primaryimage"},"thumbnailUrl":"https:\/\/www.azur-scenic.com\/wp-content\/uploads\/dc4656b143c59b168633d5a4354fb524.png","datePublished":"2022-10-04T07:24:07+00:00","dateModified":"2024-06-11T08:02:02+00:00","breadcrumb":{"@id":"https:\/\/www.azur-scenic.com\/pt-pt\/produto\/classificacao-de-reacao-ao-fogo\/#breadcrumb"},"inLanguage":"pt-PT","potentialAction":[{"@type":"ReadAction","target":["https:\/\/www.azur-scenic.com\/pt-pt\/produto\/classificacao-de-reacao-ao-fogo\/"]}]},{"@type":"ImageObject","inLanguage":"pt-PT","@id":"https:\/\/www.azur-scenic.com\/pt-pt\/produto\/classificacao-de-reacao-ao-fogo\/#primaryimage","url":"https:\/\/www.azur-scenic.com\/wp-content\/uploads\/dc4656b143c59b168633d5a4354fb524.png","contentUrl":"https:\/\/www.azur-scenic.com\/wp-content\/uploads\/dc4656b143c59b168633d5a4354fb524.png","width":600,"height":600},{"@type":"BreadcrumbList","@id":"https:\/\/www.azur-scenic.com\/pt-pt\/produto\/classificacao-de-reacao-ao-fogo\/#breadcrumb","itemListElement":[{"@type":"ListItem","position":1,"name":"Accueil","item":"https:\/\/www.azur-scenic.com\/pt-pt\/"},{"@type":"ListItem","position":2,"name":"Produits","item":"https:\/\/www.azur-scenic.com\/pt-pt\/?page_id=21439"},{"@type":"ListItem","position":3,"name":"CLASSIFICA\u00c7\u00c3O DE REA\u00c7\u00c3O AO FOGO"}]},{"@type":"WebSite","@id":"https:\/\/www.azur-scenic.com\/pt-pt\/#website","url":"https:\/\/www.azur-scenic.com\/pt-pt\/","name":"Azur Scenic","description":"Sp\u00e9cialiste de l\u2019\u00e9quipement sc\u00e9nique et de la d\u00e9coration int\u00e9rieure et \u00e9v\u00e9nementielle !","publisher":{"@id":"https:\/\/www.azur-scenic.com\/pt-pt\/#organization"},"potentialAction":[{"@type":"SearchAction","target":{"@type":"EntryPoint","urlTemplate":"https:\/\/www.azur-scenic.com\/pt-pt\/?s={search_term_string}"},"query-input":{"@type":"PropertyValueSpecification","valueRequired":true,"valueName":"search_term_string"}}],"inLanguage":"pt-PT"},{"@type":"Organization","@id":"https:\/\/www.azur-scenic.com\/pt-pt\/#organization","name":"AZUR SCENIC","url":"https:\/\/www.azur-scenic.com\/pt-pt\/","logo":{"@type":"ImageObject","inLanguage":"pt-PT","@id":"https:\/\/www.azur-scenic.com\/pt-pt\/#\/schema\/logo\/image\/","url":"https:\/\/www.azur-scenic.com\/wp-content\/uploads\/2022\/09\/LOGO-AZUR-SCENIC-Fusion-web-236x64-1.jpg","contentUrl":"https:\/\/www.azur-scenic.com\/wp-content\/uploads\/2022\/09\/LOGO-AZUR-SCENIC-Fusion-web-236x64-1.jpg","width":236,"height":64,"caption":"AZUR SCENIC"},"image":{"@id":"https:\/\/www.azur-scenic.com\/pt-pt\/#\/schema\/logo\/image\/"},"sameAs":["https:\/\/www.youtube.com\/channel\/UCPWM2mGPVUt4nYhNlm71WOA","https:\/\/www.linkedin.com\/company\/33237605\/admin\/feed\/posts\/"]}]}},"_links":{"self":[{"href":"https:\/\/www.azur-scenic.com\/pt-pt\/wp-json\/wp\/v2\/product\/19873","targetHints":{"allow":["GET"]}}],"collection":[{"href":"https:\/\/www.azur-scenic.com\/pt-pt\/wp-json\/wp\/v2\/product"}],"about":[{"href":"https:\/\/www.azur-scenic.com\/pt-pt\/wp-json\/wp\/v2\/types\/product"}],"wp:featuredmedia":[{"embeddable":true,"href":"https:\/\/www.azur-scenic.com\/pt-pt\/wp-json\/wp\/v2\/media\/6787"}],"wp:attachment":[{"href":"https:\/\/www.azur-scenic.com\/pt-pt\/wp-json\/wp\/v2\/media?parent=19873"}],"wp:term":[{"taxonomy":"product_brand","embeddable":true,"href":"https:\/\/www.azur-scenic.com\/pt-pt\/wp-json\/wp\/v2\/product_brand?post=19873"},{"taxonomy":"product_cat","embeddable":true,"href":"https:\/\/www.azur-scenic.com\/pt-pt\/wp-json\/wp\/v2\/product_cat?post=19873"},{"taxonomy":"product_tag","embeddable":true,"href":"https:\/\/www.azur-scenic.com\/pt-pt\/wp-json\/wp\/v2\/product_tag?post=19873"}],"curies":[{"name":"wp","href":"https:\/\/api.w.org\/{rel}","templated":true}]}}