{"id":19989,"date":"2022-10-04T07:24:01","date_gmt":"2022-10-04T07:24:01","guid":{"rendered":"https:\/\/www.azur-scenic.com\/produit\/soltis\/"},"modified":"2023-08-02T13:22:09","modified_gmt":"2023-08-02T13:22:09","slug":"soltis","status":"publish","type":"product","link":"https:\/\/www.azur-scenic.com\/pt-pt\/produto\/soltis\/","title":{"rendered":"Soltis"},"content":{"rendered":"<table>\n<thead>\n<tr>\n<th style=\"width: 170px;\">Dados t\u00e9cnicos<\/th>\n<th style=\"width: 105px;\">Valor<\/th>\n<th style=\"width: 254px;\">Coment\u00e1rio<\/th>\n<\/tr>\n<\/thead>\n<tbody>\n<tr>\n<td style=\"vertical-align: top;\">Largura<\/td>\n<td style=\"vertical-align: top; width: 105px;\">177 cm<\/td>\n<td style=\"vertical-align: top; width: 254px;\">Algumas cores est\u00e3o dispon\u00edveis a pedido em rolo de 267 cm de largura (em pe\u00e7as de 40 m).<\/td>\n<\/tr>\n<tr>\n<td style=\"vertical-align: top;\">Peso<\/td>\n<td style=\"vertical-align: top; width: 105px;\">380 g\/m\u00b2<\/td>\n<td style=\"vertical-align: top; width: 254px;\">Norma: EN ISO 2286-2<\/td>\n<\/tr>\n<tr>\n<td style=\"vertical-align: top;\">Espessura<\/td>\n<td style=\"vertical-align: top; width: 105px;\">0,43 mm<\/td>\n<td style=\"vertical-align: top; width: 254px;\">\u00a0<\/td>\n<\/tr>\n<tr>\n<td style=\"vertical-align: top;\">Classifica\u00e7\u00e3o de rea\u00e7\u00e3o ao fogo<\/td>\n<td style=\"vertical-align: top; width: 105px;\"><img decoding=\"async\" style=\"height: 20px; width: 20px;\" src=\"https:\/\/www.azur-scenic.com\/wp-content\/uploads\/csm_icon-flag-france_3304e5e3f9.png\" \/> M1<br \/>\n<img decoding=\"async\" style=\"height: 20px; width: 20px;\" src=\"https:\/\/www.azur-scenic.com\/wp-content\/uploads\/icon-flag-europe.png\" \/> B-s2,d0<br \/>\n<img decoding=\"async\" style=\"height: 20px; width: 20px;\" src=\"https:\/\/www.azur-scenic.com\/wp-content\/uploads\/icon-flag-allemagne.png\" \/> B1<\/td>\n<td style=\"vertical-align: top; width: 254px;\">Norma: UNE 23.727-90<br \/>\nNorma: EN 13501-1<br \/>\nNorma: DIN 4102-1<\/td>\n<\/tr>\n<tr>\n<td style=\"vertical-align: top;\">Composi\u00e7\u00e3o<\/td>\n<td style=\"vertical-align: top;\" colspan=\"2\">Arma\u00e7\u00e3o de poli\u00e9ster de alta resist\u00eancia + revestimento em PVC<\/td>\n<\/tr>\n<tr>\n<td style=\"vertical-align: top;\">Comprimento do rolo<\/td>\n<td style=\"vertical-align: top; width: 105px;\">50 m<br \/>\nEnrolado completa do rolo<\/td>\n<td style=\"vertical-align: top; width: 254px;\">Venda a retalho nas cores standard<br \/>\nAs cores da gama alargada s\u00f3 s\u00e3o vendidas em pe\u00e7as inteiras. (ver ficha de dados t\u00e9cnicos)<\/td>\n<\/tr>\n<tr>\n<td style=\"vertical-align: top;\">Coeficiente de abertura<\/td>\n<td style=\"vertical-align: top; width: 105px;\">14%<\/td>\n<td style=\"vertical-align: top; width: 254px;\">\u00a0<\/td>\n<\/tr>\n<tr>\n<td style=\"vertical-align: top;\">Resist\u00eancia \u00e0 rutura<\/td>\n<td style=\"vertical-align: top; width: 105px;\">Corrente:<br \/>\n230 daN\/5 cm<br \/>\nTrama:<br \/>\n160 daN\/5 cm<\/td>\n<td style=\"vertical-align: top; width: 254px;\">Norma: EN ISO 1421<\/td>\n<\/tr>\n<tr>\n<td style=\"vertical-align: top;\">Resist\u00eancia ao rasgo<\/td>\n<td style=\"vertical-align: top; width: 105px;\">Corrente:<br \/>\n45 daN<br \/>\nTrama:<br \/>\n20 daN<\/td>\n<td style=\"vertical-align: top; width: 254px;\">Norma: DIN 53.363<\/td>\n<\/tr>\n<tr>\n<td style=\"vertical-align: top;\">Transmiss\u00e3o solar<\/td>\n<td style=\"vertical-align: top; width: 105px;\">14 a 31%<\/td>\n<td style=\"vertical-align: top; width: 254px;\">(dependendo das cores)<\/td>\n<\/tr>\n<tr>\n<td style=\"vertical-align: top;\">Reflex\u00e3o solar<\/td>\n<td style=\"vertical-align: top; width: 105px;\">5 a 60%<\/td>\n<td style=\"vertical-align: top; width: 254px;\">(dependendo das cores)<\/td>\n<\/tr>\n<tr>\n<td style=\"vertical-align: top;\">Absor\u00e7\u00e3o solar<\/td>\n<td style=\"vertical-align: top; width: 105px;\">12 a 81%<\/td>\n<td style=\"vertical-align: top; width: 254px;\">(dependendo das cores)<\/td>\n<\/tr>\n<\/tbody>\n<\/table>\n<p>\u00a0<\/p><\/p>\n","protected":false},"excerpt":{"rendered":"<p>Uma lona <strong><span style=\"color: #f88523;\">leve<\/span><\/strong>, microventilada, classe <strong><span style=\"color: #f88523;\">M1<\/span><\/strong>de rea\u00e7\u00e3o ao fogo (ign\u00edfugo), combinando <span style=\"color: #f88523;\"><strong>prote\u00e7\u00e3o solar e t\u00e9rmica<\/strong><\/span> ao mesmo tempo que preserva um excelente conforto visual gra\u00e7as \u00e0 sua incompar\u00e1vel <span style=\"color: #f88523;\"><strong>transpar\u00eancia<\/strong><\/span>.<br \/>\nParticularmente s\u00f3lida, <span style=\"color: #f88523;\"><strong>resistente aos raios UV e \u00e0s intemp\u00e9ries<\/strong><\/span>, a Soltis \u00e9 adequada para <span style=\"color: #f88523;\"><strong>uso<\/strong><\/span> interior e <span style=\"color: #f88523;\"><strong>exterior<\/strong><\/span>.<br \/>\nEste produto, destinado ao fabrico de <span style=\"color: #f88523;\"><strong>v\u00e9us de sombra<\/strong><\/span> e de <span style=\"color: #f88523;\"><strong>persianas<\/strong><\/span>, tamb\u00e9m pode ser utilizado para outros fins, em particular para a <strong><span style=\"color: #f88523;\">cobertura de estruturas de eventos<\/span><\/strong>.<br \/>\nPode tamb\u00e9m desvi\u00e1-la das suas fun\u00e7\u00f5es prim\u00e1rias, utilizando-a como <span style=\"color: #f88523;\"><strong>suporte criativo de proje\u00e7\u00e3o<\/strong><\/span>(testes a realizar previamente, de acordo com as cores)<br \/>\nDur\u00e1vel e <span style=\"color: #f88523;\"><strong>100% recicl\u00e1vel<\/strong><\/span>, a Soltis \u00e9 amiga do ambiente.<\/p>\n<table class=\"table\" style=\"background: #f7f7f7;\">\n<tbody>\n<tr>\n<td><strong>Largura<\/strong>: 177 cm<\/td>\n<td><strong>Peso<\/strong>: 380 g\/m\u00b2<\/td>\n<\/tr>\n<tr>\n<td><strong>Classifica\u00e7\u00e3o de rea\u00e7\u00e3o ao fogo<\/strong>: <img decoding=\"async\" style=\"height: 20px; width: 20px;\" src=\"https:\/\/www.azur-scenic.com\/wp-content\/uploads\/csm_icon-flag-france_3304e5e3f9.png\" \/> M1 <img decoding=\"async\" style=\"height: 20px; width: 20px;\" src=\"https:\/\/www.azur-scenic.com\/wp-content\/uploads\/icon-flag-europe.png\" \/> B-s2,d0<br \/>\n<img decoding=\"async\" style=\"height: 20px; width: 20px;\" src=\"https:\/\/www.azur-scenic.com\/wp-content\/uploads\/icon-flag-allemagne.png\" \/> B1<\/td>\n<td><strong>Composi\u00e7\u00e3o<\/strong>: Arma\u00e7\u00e3o de poli\u00e9ster de alta resist\u00eancia + revestimento em PVC<\/td>\n<\/tr>\n<\/tbody>\n<\/table>\n","protected":false},"featured_media":16739,"template":"","meta":{"_acf_changed":false},"product_brand":[],"product_cat":[921,916,986,1237,1204,1238],"product_tag":[],"class_list":{"0":"post-19989","1":"product","2":"type-product","3":"status-publish","4":"has-post-thumbnail","6":"product_cat-todos-os-produtos","7":"product_cat-texteis-cenicos-e-para-eventos","8":"product_cat-tecidos-de-decoracao","9":"product_cat-texteis-de-decoracao-pvc","10":"product_cat-ecras-de-projecao-e-telas-em-pvc","11":"product_cat-diversos-em-pvc","12":"pa_couleurs-001-es","13":"pa_couleurs-002-es","14":"pa_couleurs-003-es","15":"pa_couleurs-089-es","16":"pa_couleurs-090-es","17":"pa_couleurs-090-002-es","18":"pa_couleurs-090-030-es","19":"pa_couleurs-090-190-es","20":"pa_couleurs-110-es","21":"pa_couleurs-180-es","22":"pa_couleurs-190-es","23":"pa_couleurs-200-es","24":"pa_couleurs-290-es","25":"pa_couleurs-340-es","26":"pa_couleurs-370-es","27":"pa_couleurs-460-es","28":"pa_couleurs-500-es","29":"pa_couleurs-501-es","30":"pa_couleurs-540-es","31":"pa_couleurs-619-es","32":"pa_couleurs-635-es","33":"pa_couleurs-765-es","34":"pa_groupes-de-couleurs-branco","35":"pa_groupes-de-couleurs-azuis","36":"pa_groupes-de-couleurs-cru","37":"pa_groupes-de-couleurs-cinzento","38":"pa_groupes-de-couleurs-amarelos","39":"pa_groupes-de-couleurs-castanhos-beges","40":"pa_groupes-de-couleurs-negro","41":"pa_groupes-de-couleurs-laranjas","42":"pa_groupes-de-couleurs-vermelhos","43":"pa_groupes-de-couleurs-verdes","44":"pa_textiles-adaptado-para-exterior","45":"pa_textiles-classificacao-de-reacao-ao-fogo-ignifugo","46":"pa_textiles-lavavel","47":"pa_textiles-projecao-frontal","48":"pa_textiles-resistente-a-uv","49":"pa_textiles-ecologico","51":"first","52":"instock","53":"shipping-taxable","54":"purchasable","55":"product-type-variable"},"acf":[],"yoast_head":"<!-- This site is optimized with the Yoast SEO plugin v27.3 - https:\/\/yoast.com\/product\/yoast-seo-wordpress\/ -->\n<title>Soltis - Azur Scenic<\/title>\n<meta name=\"robots\" content=\"index, follow, max-snippet:-1, max-image-preview:large, max-video-preview:-1\" \/>\n<link rel=\"canonical\" href=\"https:\/\/www.azur-scenic.com\/pt-pt\/produto\/soltis\/\" \/>\n<meta property=\"og:locale\" content=\"pt_PT\" \/>\n<meta property=\"og:type\" content=\"article\" \/>\n<meta property=\"og:title\" content=\"Soltis - Azur Scenic\" \/>\n<meta property=\"og:description\" content=\"Uma lona leve, microventilada, classe M1de rea\u00e7\u00e3o ao fogo (ign\u00edfugo), combinando prote\u00e7\u00e3o solar e t\u00e9rmica ao mesmo tempo que preserva um excelente conforto visual gra\u00e7as \u00e0 sua incompar\u00e1vel transpar\u00eancia. Particularmente s\u00f3lida, resistente aos raios UV e \u00e0s intemp\u00e9ries, a Soltis \u00e9 adequada para uso interior e exterior. Este produto, destinado ao fabrico de v\u00e9us de sombra e de persianas, tamb\u00e9m pode ser utilizado para outros fins, em particular para a cobertura de estruturas de eventos. Pode tamb\u00e9m desvi\u00e1-la das suas fun\u00e7\u00f5es prim\u00e1rias, utilizando-a como suporte criativo de proje\u00e7\u00e3o(testes a realizar previamente, de acordo com as cores) Dur\u00e1vel e 100% recicl\u00e1vel, a Soltis \u00e9 amiga do ambiente.  Largura: 177 cm Peso: 380 g\/m\u00b2  Classifica\u00e7\u00e3o de rea\u00e7\u00e3o ao fogo: M1 B-s2,d0 B1 Composi\u00e7\u00e3o: Arma\u00e7\u00e3o de poli\u00e9ster de alta resist\u00eancia + revestimento em PVC\" \/>\n<meta property=\"og:url\" content=\"https:\/\/www.azur-scenic.com\/pt-pt\/produto\/soltis\/\" \/>\n<meta property=\"og:site_name\" content=\"Azur Scenic\" \/>\n<meta property=\"article:modified_time\" content=\"2023-08-02T13:22:09+00:00\" \/>\n<meta property=\"og:image\" content=\"https:\/\/www.azur-scenic.com\/wp-content\/uploads\/SOLTIS-ARGENT-BLANC-scaled.jpg\" \/>\n\t<meta property=\"og:image:width\" content=\"2560\" \/>\n\t<meta property=\"og:image:height\" content=\"2560\" \/>\n\t<meta property=\"og:image:type\" content=\"image\/jpeg\" \/>\n<meta name=\"twitter:card\" content=\"summary_large_image\" \/>\n<meta name=\"twitter:label1\" content=\"Tempo estimado de leitura\" \/>\n\t<meta name=\"twitter:data1\" content=\"1 minuto\" \/>\n<script type=\"application\/ld+json\" class=\"yoast-schema-graph\">{\"@context\":\"https:\\\/\\\/schema.org\",\"@graph\":[{\"@type\":\"WebPage\",\"@id\":\"https:\\\/\\\/www.azur-scenic.com\\\/pt-pt\\\/produto\\\/soltis\\\/\",\"url\":\"https:\\\/\\\/www.azur-scenic.com\\\/pt-pt\\\/produto\\\/soltis\\\/\",\"name\":\"Soltis - Azur Scenic\",\"isPartOf\":{\"@id\":\"https:\\\/\\\/www.azur-scenic.com\\\/pt-pt\\\/#website\"},\"primaryImageOfPage\":{\"@id\":\"https:\\\/\\\/www.azur-scenic.com\\\/pt-pt\\\/produto\\\/soltis\\\/#primaryimage\"},\"image\":{\"@id\":\"https:\\\/\\\/www.azur-scenic.com\\\/pt-pt\\\/produto\\\/soltis\\\/#primaryimage\"},\"thumbnailUrl\":\"https:\\\/\\\/www.azur-scenic.com\\\/wp-content\\\/uploads\\\/SOLTIS-ARGENT-BLANC-scaled.jpg\",\"datePublished\":\"2022-10-04T07:24:01+00:00\",\"dateModified\":\"2023-08-02T13:22:09+00:00\",\"breadcrumb\":{\"@id\":\"https:\\\/\\\/www.azur-scenic.com\\\/pt-pt\\\/produto\\\/soltis\\\/#breadcrumb\"},\"inLanguage\":\"pt-PT\",\"potentialAction\":[{\"@type\":\"ReadAction\",\"target\":[\"https:\\\/\\\/www.azur-scenic.com\\\/pt-pt\\\/produto\\\/soltis\\\/\"]}]},{\"@type\":\"ImageObject\",\"inLanguage\":\"pt-PT\",\"@id\":\"https:\\\/\\\/www.azur-scenic.com\\\/pt-pt\\\/produto\\\/soltis\\\/#primaryimage\",\"url\":\"https:\\\/\\\/www.azur-scenic.com\\\/wp-content\\\/uploads\\\/SOLTIS-ARGENT-BLANC-scaled.jpg\",\"contentUrl\":\"https:\\\/\\\/www.azur-scenic.com\\\/wp-content\\\/uploads\\\/SOLTIS-ARGENT-BLANC-scaled.jpg\",\"width\":2560,\"height\":2560,\"caption\":\"SOLTIS ARGENT BLANC\"},{\"@type\":\"BreadcrumbList\",\"@id\":\"https:\\\/\\\/www.azur-scenic.com\\\/pt-pt\\\/produto\\\/soltis\\\/#breadcrumb\",\"itemListElement\":[{\"@type\":\"ListItem\",\"position\":1,\"name\":\"Accueil\",\"item\":\"https:\\\/\\\/www.azur-scenic.com\\\/pt-pt\\\/\"},{\"@type\":\"ListItem\",\"position\":2,\"name\":\"Produits\",\"item\":\"https:\\\/\\\/www.azur-scenic.com\\\/pt-pt\\\/?page_id=21439\"},{\"@type\":\"ListItem\",\"position\":3,\"name\":\"Soltis\"}]},{\"@type\":\"WebSite\",\"@id\":\"https:\\\/\\\/www.azur-scenic.com\\\/pt-pt\\\/#website\",\"url\":\"https:\\\/\\\/www.azur-scenic.com\\\/pt-pt\\\/\",\"name\":\"Azur Scenic\",\"description\":\"Sp\u00e9cialiste de l\u2019\u00e9quipement sc\u00e9nique et de la d\u00e9coration int\u00e9rieure et \u00e9v\u00e9nementielle !\",\"publisher\":{\"@id\":\"https:\\\/\\\/www.azur-scenic.com\\\/pt-pt\\\/#organization\"},\"potentialAction\":[{\"@type\":\"SearchAction\",\"target\":{\"@type\":\"EntryPoint\",\"urlTemplate\":\"https:\\\/\\\/www.azur-scenic.com\\\/pt-pt\\\/?s={search_term_string}\"},\"query-input\":{\"@type\":\"PropertyValueSpecification\",\"valueRequired\":true,\"valueName\":\"search_term_string\"}}],\"inLanguage\":\"pt-PT\"},{\"@type\":\"Organization\",\"@id\":\"https:\\\/\\\/www.azur-scenic.com\\\/pt-pt\\\/#organization\",\"name\":\"AZUR SCENIC\",\"url\":\"https:\\\/\\\/www.azur-scenic.com\\\/pt-pt\\\/\",\"logo\":{\"@type\":\"ImageObject\",\"inLanguage\":\"pt-PT\",\"@id\":\"https:\\\/\\\/www.azur-scenic.com\\\/pt-pt\\\/#\\\/schema\\\/logo\\\/image\\\/\",\"url\":\"https:\\\/\\\/www.azur-scenic.com\\\/wp-content\\\/uploads\\\/2022\\\/09\\\/LOGO-AZUR-SCENIC-Fusion-web-236x64-1.jpg\",\"contentUrl\":\"https:\\\/\\\/www.azur-scenic.com\\\/wp-content\\\/uploads\\\/2022\\\/09\\\/LOGO-AZUR-SCENIC-Fusion-web-236x64-1.jpg\",\"width\":236,\"height\":64,\"caption\":\"AZUR SCENIC\"},\"image\":{\"@id\":\"https:\\\/\\\/www.azur-scenic.com\\\/pt-pt\\\/#\\\/schema\\\/logo\\\/image\\\/\"},\"sameAs\":[\"https:\\\/\\\/www.youtube.com\\\/channel\\\/UCPWM2mGPVUt4nYhNlm71WOA\",\"https:\\\/\\\/www.linkedin.com\\\/company\\\/33237605\\\/admin\\\/feed\\\/posts\\\/\"]}]}<\/script>\n<!-- \/ Yoast SEO plugin. -->","yoast_head_json":{"title":"Soltis - Azur Scenic","robots":{"index":"index","follow":"follow","max-snippet":"max-snippet:-1","max-image-preview":"max-image-preview:large","max-video-preview":"max-video-preview:-1"},"canonical":"https:\/\/www.azur-scenic.com\/pt-pt\/produto\/soltis\/","og_locale":"pt_PT","og_type":"article","og_title":"Soltis - Azur Scenic","og_description":"Uma lona leve, microventilada, classe M1de rea\u00e7\u00e3o ao fogo (ign\u00edfugo), combinando prote\u00e7\u00e3o solar e t\u00e9rmica ao mesmo tempo que preserva um excelente conforto visual gra\u00e7as \u00e0 sua incompar\u00e1vel transpar\u00eancia. Particularmente s\u00f3lida, resistente aos raios UV e \u00e0s intemp\u00e9ries, a Soltis \u00e9 adequada para uso interior e exterior. Este produto, destinado ao fabrico de v\u00e9us de sombra e de persianas, tamb\u00e9m pode ser utilizado para outros fins, em particular para a cobertura de estruturas de eventos. Pode tamb\u00e9m desvi\u00e1-la das suas fun\u00e7\u00f5es prim\u00e1rias, utilizando-a como suporte criativo de proje\u00e7\u00e3o(testes a realizar previamente, de acordo com as cores) Dur\u00e1vel e 100% recicl\u00e1vel, a Soltis \u00e9 amiga do ambiente.  Largura: 177 cm Peso: 380 g\/m\u00b2  Classifica\u00e7\u00e3o de rea\u00e7\u00e3o ao fogo: M1 B-s2,d0 B1 Composi\u00e7\u00e3o: Arma\u00e7\u00e3o de poli\u00e9ster de alta resist\u00eancia + revestimento em PVC","og_url":"https:\/\/www.azur-scenic.com\/pt-pt\/produto\/soltis\/","og_site_name":"Azur Scenic","article_modified_time":"2023-08-02T13:22:09+00:00","og_image":[{"width":2560,"height":2560,"url":"https:\/\/www.azur-scenic.com\/wp-content\/uploads\/SOLTIS-ARGENT-BLANC-scaled.jpg","type":"image\/jpeg"}],"twitter_card":"summary_large_image","twitter_misc":{"Tempo estimado de leitura":"1 minuto"},"schema":{"@context":"https:\/\/schema.org","@graph":[{"@type":"WebPage","@id":"https:\/\/www.azur-scenic.com\/pt-pt\/produto\/soltis\/","url":"https:\/\/www.azur-scenic.com\/pt-pt\/produto\/soltis\/","name":"Soltis - Azur Scenic","isPartOf":{"@id":"https:\/\/www.azur-scenic.com\/pt-pt\/#website"},"primaryImageOfPage":{"@id":"https:\/\/www.azur-scenic.com\/pt-pt\/produto\/soltis\/#primaryimage"},"image":{"@id":"https:\/\/www.azur-scenic.com\/pt-pt\/produto\/soltis\/#primaryimage"},"thumbnailUrl":"https:\/\/www.azur-scenic.com\/wp-content\/uploads\/SOLTIS-ARGENT-BLANC-scaled.jpg","datePublished":"2022-10-04T07:24:01+00:00","dateModified":"2023-08-02T13:22:09+00:00","breadcrumb":{"@id":"https:\/\/www.azur-scenic.com\/pt-pt\/produto\/soltis\/#breadcrumb"},"inLanguage":"pt-PT","potentialAction":[{"@type":"ReadAction","target":["https:\/\/www.azur-scenic.com\/pt-pt\/produto\/soltis\/"]}]},{"@type":"ImageObject","inLanguage":"pt-PT","@id":"https:\/\/www.azur-scenic.com\/pt-pt\/produto\/soltis\/#primaryimage","url":"https:\/\/www.azur-scenic.com\/wp-content\/uploads\/SOLTIS-ARGENT-BLANC-scaled.jpg","contentUrl":"https:\/\/www.azur-scenic.com\/wp-content\/uploads\/SOLTIS-ARGENT-BLANC-scaled.jpg","width":2560,"height":2560,"caption":"SOLTIS ARGENT BLANC"},{"@type":"BreadcrumbList","@id":"https:\/\/www.azur-scenic.com\/pt-pt\/produto\/soltis\/#breadcrumb","itemListElement":[{"@type":"ListItem","position":1,"name":"Accueil","item":"https:\/\/www.azur-scenic.com\/pt-pt\/"},{"@type":"ListItem","position":2,"name":"Produits","item":"https:\/\/www.azur-scenic.com\/pt-pt\/?page_id=21439"},{"@type":"ListItem","position":3,"name":"Soltis"}]},{"@type":"WebSite","@id":"https:\/\/www.azur-scenic.com\/pt-pt\/#website","url":"https:\/\/www.azur-scenic.com\/pt-pt\/","name":"Azur Scenic","description":"Sp\u00e9cialiste de l\u2019\u00e9quipement sc\u00e9nique et de la d\u00e9coration int\u00e9rieure et \u00e9v\u00e9nementielle !","publisher":{"@id":"https:\/\/www.azur-scenic.com\/pt-pt\/#organization"},"potentialAction":[{"@type":"SearchAction","target":{"@type":"EntryPoint","urlTemplate":"https:\/\/www.azur-scenic.com\/pt-pt\/?s={search_term_string}"},"query-input":{"@type":"PropertyValueSpecification","valueRequired":true,"valueName":"search_term_string"}}],"inLanguage":"pt-PT"},{"@type":"Organization","@id":"https:\/\/www.azur-scenic.com\/pt-pt\/#organization","name":"AZUR SCENIC","url":"https:\/\/www.azur-scenic.com\/pt-pt\/","logo":{"@type":"ImageObject","inLanguage":"pt-PT","@id":"https:\/\/www.azur-scenic.com\/pt-pt\/#\/schema\/logo\/image\/","url":"https:\/\/www.azur-scenic.com\/wp-content\/uploads\/2022\/09\/LOGO-AZUR-SCENIC-Fusion-web-236x64-1.jpg","contentUrl":"https:\/\/www.azur-scenic.com\/wp-content\/uploads\/2022\/09\/LOGO-AZUR-SCENIC-Fusion-web-236x64-1.jpg","width":236,"height":64,"caption":"AZUR SCENIC"},"image":{"@id":"https:\/\/www.azur-scenic.com\/pt-pt\/#\/schema\/logo\/image\/"},"sameAs":["https:\/\/www.youtube.com\/channel\/UCPWM2mGPVUt4nYhNlm71WOA","https:\/\/www.linkedin.com\/company\/33237605\/admin\/feed\/posts\/"]}]}},"_links":{"self":[{"href":"https:\/\/www.azur-scenic.com\/pt-pt\/wp-json\/wp\/v2\/product\/19989","targetHints":{"allow":["GET"]}}],"collection":[{"href":"https:\/\/www.azur-scenic.com\/pt-pt\/wp-json\/wp\/v2\/product"}],"about":[{"href":"https:\/\/www.azur-scenic.com\/pt-pt\/wp-json\/wp\/v2\/types\/product"}],"wp:featuredmedia":[{"embeddable":true,"href":"https:\/\/www.azur-scenic.com\/pt-pt\/wp-json\/wp\/v2\/media\/16739"}],"wp:attachment":[{"href":"https:\/\/www.azur-scenic.com\/pt-pt\/wp-json\/wp\/v2\/media?parent=19989"}],"wp:term":[{"taxonomy":"product_brand","embeddable":true,"href":"https:\/\/www.azur-scenic.com\/pt-pt\/wp-json\/wp\/v2\/product_brand?post=19989"},{"taxonomy":"product_cat","embeddable":true,"href":"https:\/\/www.azur-scenic.com\/pt-pt\/wp-json\/wp\/v2\/product_cat?post=19989"},{"taxonomy":"product_tag","embeddable":true,"href":"https:\/\/www.azur-scenic.com\/pt-pt\/wp-json\/wp\/v2\/product_tag?post=19989"}],"curies":[{"name":"wp","href":"https:\/\/api.w.org\/{rel}","templated":true}]}}