{"id":20084,"date":"2022-10-04T07:23:56","date_gmt":"2022-10-04T07:23:56","guid":{"rendered":"https:\/\/www.azur-scenic.com\/produit\/skai\/"},"modified":"2023-08-02T13:22:05","modified_gmt":"2023-08-02T13:22:05","slug":"skai","status":"publish","type":"product","link":"https:\/\/www.azur-scenic.com\/pt-pt\/produto\/skai\/","title":{"rendered":"Skai\u00ae"},"content":{"rendered":"<table>\n<thead>\n<tr>\n<th style=\"width: 170px;\">Dados t\u00e9cnicos<\/th>\n<th style=\"width: 133px;\">Valor<\/th>\n<th style=\"width: 225px;\">Coment\u00e1rio<\/th>\n<\/tr>\n<\/thead>\n<tbody>\n<tr>\n<td style=\"vertical-align: top;\">Largura<\/td>\n<td style=\"vertical-align: top; width: 133px;\">138 &#8211; 140 cm<\/td>\n<td style=\"vertical-align: top; width: 225px;\">\u00a0<\/td>\n<\/tr>\n<tr>\n<td style=\"vertical-align: top;\">Peso<\/td>\n<td style=\"vertical-align: top; width: 133px;\">830 g\/m\u00b2<\/td>\n<td style=\"vertical-align: top; width: 225px;\">Norma: ISO 2286<\/td>\n<\/tr>\n<tr>\n<td style=\"vertical-align: top;\">Espessura<\/td>\n<td style=\"vertical-align: top; width: 133px;\">1,3 mm<\/td>\n<td style=\"vertical-align: top; width: 225px;\">Norma: ISO 2286<\/td>\n<\/tr>\n<tr>\n<td style=\"vertical-align: top;\">Classifica\u00e7\u00e3o de rea\u00e7\u00e3o ao fogo<\/td>\n<td style=\"vertical-align: top; width: 133px;\"><img decoding=\"async\" style=\"height: 20px; width: 20px;\" src=\"https:\/\/www.azur-scenic.com\/wp-content\/uploads\/csm_icon-flag-france_3304e5e3f9.png\" \/> M1<br \/>\n<img decoding=\"async\" style=\"height: 20px; width: 20px;\" src=\"https:\/\/www.azur-scenic.com\/wp-content\/uploads\/icon-flag-europe.png\" \/> C-s3,d0<br \/>\n<img decoding=\"async\" style=\"height: 20px; width: 20px;\" src=\"https:\/\/www.azur-scenic.com\/wp-content\/uploads\/icon-flag-allemagne.png\" \/> B2<\/td>\n<td style=\"vertical-align: top; width: 225px;\">Norma: NF P 92-503<br \/>\nNorma: EN 13501-1<br \/>\nNorma: DIN 4102<\/td>\n<\/tr>\n<tr>\n<td style=\"vertical-align: top;\">Regulamenta\u00e7\u00e3o de seguran\u00e7a contra inc\u00eandios &#8211; Fran\u00e7a<\/td>\n<td style=\"vertical-align: top; width: 133px;\">Conforme AM18<\/td>\n<td style=\"vertical-align: top; width: 225px;\">Norma: NFD 60 013<br \/>\n(estabelecimento que acolhe o p\u00fablico)<\/td>\n<\/tr>\n<tr>\n<td style=\"vertical-align: top;\">Inflamabilidade tipo<br \/>\n\u201ccigarro\u201d<\/td>\n<td style=\"vertical-align: top; width: 133px;\">Nenhuma igni\u00e7\u00e3o<\/td>\n<td style=\"vertical-align: top; width: 225px;\">Norma: NF EN 1021-1<\/td>\n<\/tr>\n<tr>\n<td style=\"vertical-align: top;\">Inflamabilidade tipo<br \/>\n\u201cpequena chama\u201d<\/td>\n<td style=\"vertical-align: top; width: 133px;\">Nenhuma igni\u00e7\u00e3o<\/td>\n<td style=\"vertical-align: top; width: 225px;\">Norma: NF EN 1021-2<\/td>\n<\/tr>\n<tr>\n<td style=\"vertical-align: top;\">Composi\u00e7\u00e3o<\/td>\n<td style=\"vertical-align: top; width: 133px;\">85% PVC,<br \/>\n15% algod\u00e3o<\/td>\n<td style=\"vertical-align: top; width: 225px;\">Certificado sem ftalatos<br \/>\n(Norma EN 15777)<\/td>\n<\/tr>\n<tr>\n<td style=\"vertical-align: top;\">Comprimento do rolo<\/td>\n<td style=\"vertical-align: top; width: 133px;\">30 m<\/td>\n<td style=\"vertical-align: top; width: 225px;\">Rolo de largura completa<br \/>\nPossibilidade de venda a retalho<\/td>\n<\/tr>\n<tr>\n<td style=\"vertical-align: top;\">Resist\u00eancia \u00e0 rutura<\/td>\n<td style=\"vertical-align: top; width: 133px;\">Corrente: > \u2265 25 daN<br \/>\nTrama: \u2265 15 daN<\/td>\n<td style=\"vertical-align: top; width: 225px;\">Norma: ISO 1421<\/td>\n<\/tr>\n<tr>\n<td style=\"vertical-align: top;\">Alongamento de rutura<\/td>\n<td style=\"vertical-align: top; width: 133px;\">Corrente: \u2265 20%<br \/>\nTrama: \u2265 150%<\/td>\n<td style=\"vertical-align: top; width: 225px;\">Norma: ISO 1421<\/td>\n<\/tr>\n<tr>\n<td style=\"vertical-align: top;\">Resist\u00eancia ao rasgo<\/td>\n<td style=\"vertical-align: top; width: 133px;\">\u2265 2,5 daN<\/td>\n<td style=\"vertical-align: top; width: 225px;\">Norma: EN 4674-1 m\u00e9todo A<\/td>\n<\/tr>\n<tr>\n<td style=\"vertical-align: top;\">Resist\u00eancia \u00e0 costura<\/td>\n<td style=\"vertical-align: top; width: 133px;\">\u2265 15 daN<\/td>\n<td style=\"vertical-align: top; width: 225px;\">Norma: ISO 13936-2<\/td>\n<\/tr>\n<tr>\n<td style=\"vertical-align: top;\">Ader\u00eancia<\/td>\n<td style=\"vertical-align: top; width: 133px;\">\u2265 1,5 daN \/ 5 cm<\/td>\n<td style=\"vertical-align: top; width: 225px;\">Norma: ISO 2411<\/td>\n<\/tr>\n<tr>\n<td style=\"vertical-align: top;\">Resist\u00eancia \u00e0 abras\u00e3o<\/td>\n<td style=\"vertical-align: top; width: 133px;\">> 150 000<\/td>\n<td style=\"vertical-align: top; width: 225px;\">Norma: ISO 5470-2<br \/>\n<span style=\"font-size: 13px;\">(Martindale)<\/span><\/td>\n<\/tr>\n<tr>\n<td style=\"vertical-align: top;\">Resist\u00eancia da tonalidade \u00e0 luz e intemp\u00e9ries<\/td>\n<td style=\"vertical-align: top; width: 133px;\">\u2265 6<\/td>\n<td style=\"vertical-align: top; width: 225px;\">Norma: ISO 105 B02\/B04<br \/>\n(Xenotest)<\/td>\n<\/tr>\n<tr>\n<td style=\"vertical-align: top;\">Resist\u00eancia ao bolor<\/td>\n<td style=\"vertical-align: top; width: 133px;\">Conforme<\/td>\n<td style=\"vertical-align: top; width: 225px;\">Norma: EN ISO 846 Sec\u00e7\u00e3o A<\/td>\n<\/tr>\n<tr>\n<td style=\"vertical-align: top;\">CTB mobili\u00e1rio<\/td>\n<td style=\"vertical-align: top; width: 133px;\">Conforme<\/td>\n<td style=\"vertical-align: top; width: 225px;\">Norma: NF EN 15618<\/td>\n<\/tr>\n<\/tbody>\n<\/table>\n<p>\u00a0<\/p><\/p>\n","protected":false},"excerpt":{"rendered":"<p>Um Skai\u00ae <span style=\"color: #f88523;\"><strong>imita\u00e7\u00e3o de couro<\/strong><\/span> de topo de gama classificado como <strong><span style=\"color: #f88523;\">M1<\/span><\/strong> de rea\u00e7\u00e3o ao fogo (ign\u00edfugo) e dispon\u00edvel numa soberba harmonia de <span style=\"color: #f88523;\"><strong>35 cores<\/strong><\/span>.<br \/>\nArtigo <span style=\"color: #f88523;\"><strong>imperme\u00e1vel<\/strong><\/span>, <span style=\"color: #f88523;\"><strong>f\u00e1cil de limpar<\/strong><\/span>, robusto e <strong><span style=\"color: #f88523;\">resistente \u00e0 luz<\/span><\/strong>, \u00e9 adequado para <span style=\"color: #f88523;\"><strong>uso em interiores<\/strong><\/span> e <span style=\"color: #f88523;\"><strong>exteriores<\/strong><\/span>.<br \/>\nIdeal para <strong><span style=\"color: #f88523;\">revestimento de assentos<\/span><\/strong>, este Skai\u00ae tamb\u00e9m pode ser utilizado para <span style=\"color: #f88523;\"><strong>revestimento de pain\u00e9is<\/strong><\/span> com agrafes ou para confe\u00e7\u00e3o de <span style=\"color: #f88523;\"><strong>tape\u00e7arias de parede<\/strong><\/span>.<\/p>\n<table class=\"table\" style=\"background: #f7f7f7;\">\n<tbody>\n<tr>\n<td><strong>Largura<\/strong>: 138 &#8211; 140 cm<\/td>\n<td><strong>Peso<\/strong>: 830 g\/m\u00b2<\/td>\n<\/tr>\n<tr>\n<td><strong>Classifica\u00e7\u00e3o de rea\u00e7\u00e3o ao fogo<\/strong>: <img decoding=\"async\" style=\"height: 20px; width: 20px;\" src=\"https:\/\/www.azur-scenic.com\/wp-content\/uploads\/csm_icon-flag-france_3304e5e3f9.png\" \/> M1 <img decoding=\"async\" style=\"height: 20px; width: 20px;\" src=\"https:\/\/www.azur-scenic.com\/wp-content\/uploads\/icon-flag-europe.png\" \/> C-s3,d0<br \/>\n<img decoding=\"async\" style=\"height: 20px; width: 20px;\" src=\"https:\/\/www.azur-scenic.com\/wp-content\/uploads\/icon-flag-allemagne.png\" \/> B2<\/td>\n<td><strong>Composi\u00e7\u00e3o<\/strong>: 85% PVC, 15% algod\u00e3o<\/td>\n<\/tr>\n<\/tbody>\n<\/table>\n","protected":false},"featured_media":15995,"template":"","meta":{"_acf_changed":false},"product_brand":[],"product_cat":[921,916,986,1237,1204,1238],"product_tag":[],"class_list":{"0":"post-20084","1":"product","2":"type-product","3":"status-publish","4":"has-post-thumbnail","6":"product_cat-todos-os-produtos","7":"product_cat-texteis-cenicos-e-para-eventos","8":"product_cat-tecidos-de-decoracao","9":"product_cat-texteis-de-decoracao-pvc","10":"product_cat-ecras-de-projecao-e-telas-em-pvc","11":"product_cat-diversos-em-pvc","12":"pa_couleurs-002-es","13":"pa_couleurs-003-es","14":"pa_couleurs-100-es","15":"pa_couleurs-110-es","16":"pa_couleurs-120-es","17":"pa_couleurs-180-es","18":"pa_couleurs-250-es","19":"pa_couleurs-280-es","20":"pa_couleurs-290-es","21":"pa_couleurs-340-es","22":"pa_couleurs-370-es","23":"pa_couleurs-380-es","24":"pa_couleurs-421-es","25":"pa_couleurs-500-es","26":"pa_couleurs-510-es","27":"pa_couleurs-513-es","28":"pa_couleurs-518-es","29":"pa_couleurs-530-es","30":"pa_couleurs-540-es","31":"pa_couleurs-550-es","32":"pa_couleurs-570-es","33":"pa_couleurs-610-es","34":"pa_couleurs-620-es","35":"pa_couleurs-630-es","36":"pa_couleurs-640-es","37":"pa_couleurs-652-es","38":"pa_couleurs-708-es","39":"pa_couleurs-710-es","40":"pa_couleurs-782-es","41":"pa_couleurs-784-es","42":"pa_couleurs-790-es","43":"pa_couleurs-812-es","44":"pa_couleurs-860-es","45":"pa_couleurs-870-es","46":"pa_couleurs-990-es","47":"pa_groupes-de-couleurs-branco","48":"pa_groupes-de-couleurs-azuis","49":"pa_groupes-de-couleurs-cru","50":"pa_groupes-de-couleurs-cinzento","51":"pa_groupes-de-couleurs-amarelos","52":"pa_groupes-de-couleurs-castanhos-beges","53":"pa_groupes-de-couleurs-negro","54":"pa_groupes-de-couleurs-laranjas","55":"pa_groupes-de-couleurs-rosas","56":"pa_groupes-de-couleurs-vermelhos","57":"pa_groupes-de-couleurs-verdes","58":"pa_groupes-de-couleurs-violetas","59":"pa_textiles-adaptado-para-exterior","60":"pa_textiles-classificacao-de-reacao-ao-fogo-ignifugo","61":"pa_textiles-lavavel","62":"pa_textiles-resistente-a-uv","64":"first","65":"instock","66":"shipping-taxable","67":"purchasable","68":"product-type-variable"},"acf":[],"yoast_head":"<!-- This site is optimized with the Yoast SEO plugin v27.3 - https:\/\/yoast.com\/product\/yoast-seo-wordpress\/ -->\n<title>Skai\u00ae - Azur Scenic<\/title>\n<meta name=\"robots\" content=\"index, follow, max-snippet:-1, max-image-preview:large, max-video-preview:-1\" \/>\n<link rel=\"canonical\" href=\"https:\/\/www.azur-scenic.com\/pt-pt\/produto\/skai\/\" \/>\n<meta property=\"og:locale\" content=\"pt_PT\" \/>\n<meta property=\"og:type\" content=\"article\" \/>\n<meta property=\"og:title\" content=\"Skai\u00ae - Azur Scenic\" \/>\n<meta property=\"og:description\" content=\"Um Skai\u00ae imita\u00e7\u00e3o de couro de topo de gama classificado como M1 de rea\u00e7\u00e3o ao fogo (ign\u00edfugo) e dispon\u00edvel numa soberba harmonia de 35 cores. Artigo imperme\u00e1vel, f\u00e1cil de limpar, robusto e resistente \u00e0 luz, \u00e9 adequado para uso em interiores e exteriores. Ideal para revestimento de assentos, este Skai\u00ae tamb\u00e9m pode ser utilizado para revestimento de pain\u00e9is com agrafes ou para confe\u00e7\u00e3o de tape\u00e7arias de parede.  Largura: 138 - 140 cm Peso: 830 g\/m\u00b2  Classifica\u00e7\u00e3o de rea\u00e7\u00e3o ao fogo: M1 C-s3,d0 B2 Composi\u00e7\u00e3o: 85% PVC, 15% algod\u00e3o\" \/>\n<meta property=\"og:url\" content=\"https:\/\/www.azur-scenic.com\/pt-pt\/produto\/skai\/\" \/>\n<meta property=\"og:site_name\" content=\"Azur Scenic\" \/>\n<meta property=\"article:modified_time\" content=\"2023-08-02T13:22:05+00:00\" \/>\n<meta property=\"og:image\" content=\"https:\/\/www.azur-scenic.com\/wp-content\/uploads\/SKAI-BLEU-DRAGEE.jpg\" \/>\n\t<meta property=\"og:image:width\" content=\"2255\" \/>\n\t<meta property=\"og:image:height\" content=\"2255\" \/>\n\t<meta property=\"og:image:type\" content=\"image\/jpeg\" \/>\n<meta name=\"twitter:card\" content=\"summary_large_image\" \/>\n<meta name=\"twitter:label1\" content=\"Tempo estimado de leitura\" \/>\n\t<meta name=\"twitter:data1\" content=\"1 minuto\" \/>\n<script type=\"application\/ld+json\" class=\"yoast-schema-graph\">{\"@context\":\"https:\\\/\\\/schema.org\",\"@graph\":[{\"@type\":\"WebPage\",\"@id\":\"https:\\\/\\\/www.azur-scenic.com\\\/pt-pt\\\/produto\\\/skai\\\/\",\"url\":\"https:\\\/\\\/www.azur-scenic.com\\\/pt-pt\\\/produto\\\/skai\\\/\",\"name\":\"Skai\u00ae - Azur Scenic\",\"isPartOf\":{\"@id\":\"https:\\\/\\\/www.azur-scenic.com\\\/pt-pt\\\/#website\"},\"primaryImageOfPage\":{\"@id\":\"https:\\\/\\\/www.azur-scenic.com\\\/pt-pt\\\/produto\\\/skai\\\/#primaryimage\"},\"image\":{\"@id\":\"https:\\\/\\\/www.azur-scenic.com\\\/pt-pt\\\/produto\\\/skai\\\/#primaryimage\"},\"thumbnailUrl\":\"https:\\\/\\\/www.azur-scenic.com\\\/wp-content\\\/uploads\\\/SKAI-BLEU-DRAGEE.jpg\",\"datePublished\":\"2022-10-04T07:23:56+00:00\",\"dateModified\":\"2023-08-02T13:22:05+00:00\",\"breadcrumb\":{\"@id\":\"https:\\\/\\\/www.azur-scenic.com\\\/pt-pt\\\/produto\\\/skai\\\/#breadcrumb\"},\"inLanguage\":\"pt-PT\",\"potentialAction\":[{\"@type\":\"ReadAction\",\"target\":[\"https:\\\/\\\/www.azur-scenic.com\\\/pt-pt\\\/produto\\\/skai\\\/\"]}]},{\"@type\":\"ImageObject\",\"inLanguage\":\"pt-PT\",\"@id\":\"https:\\\/\\\/www.azur-scenic.com\\\/pt-pt\\\/produto\\\/skai\\\/#primaryimage\",\"url\":\"https:\\\/\\\/www.azur-scenic.com\\\/wp-content\\\/uploads\\\/SKAI-BLEU-DRAGEE.jpg\",\"contentUrl\":\"https:\\\/\\\/www.azur-scenic.com\\\/wp-content\\\/uploads\\\/SKAI-BLEU-DRAGEE.jpg\",\"width\":2255,\"height\":2255,\"caption\":\"SKAI BLEU DRAGEE\"},{\"@type\":\"BreadcrumbList\",\"@id\":\"https:\\\/\\\/www.azur-scenic.com\\\/pt-pt\\\/produto\\\/skai\\\/#breadcrumb\",\"itemListElement\":[{\"@type\":\"ListItem\",\"position\":1,\"name\":\"Accueil\",\"item\":\"https:\\\/\\\/www.azur-scenic.com\\\/pt-pt\\\/\"},{\"@type\":\"ListItem\",\"position\":2,\"name\":\"Produits\",\"item\":\"https:\\\/\\\/www.azur-scenic.com\\\/pt-pt\\\/?page_id=21439\"},{\"@type\":\"ListItem\",\"position\":3,\"name\":\"Skai\u00ae\"}]},{\"@type\":\"WebSite\",\"@id\":\"https:\\\/\\\/www.azur-scenic.com\\\/pt-pt\\\/#website\",\"url\":\"https:\\\/\\\/www.azur-scenic.com\\\/pt-pt\\\/\",\"name\":\"Azur Scenic\",\"description\":\"Sp\u00e9cialiste de l\u2019\u00e9quipement sc\u00e9nique et de la d\u00e9coration int\u00e9rieure et \u00e9v\u00e9nementielle !\",\"publisher\":{\"@id\":\"https:\\\/\\\/www.azur-scenic.com\\\/pt-pt\\\/#organization\"},\"potentialAction\":[{\"@type\":\"SearchAction\",\"target\":{\"@type\":\"EntryPoint\",\"urlTemplate\":\"https:\\\/\\\/www.azur-scenic.com\\\/pt-pt\\\/?s={search_term_string}\"},\"query-input\":{\"@type\":\"PropertyValueSpecification\",\"valueRequired\":true,\"valueName\":\"search_term_string\"}}],\"inLanguage\":\"pt-PT\"},{\"@type\":\"Organization\",\"@id\":\"https:\\\/\\\/www.azur-scenic.com\\\/pt-pt\\\/#organization\",\"name\":\"AZUR SCENIC\",\"url\":\"https:\\\/\\\/www.azur-scenic.com\\\/pt-pt\\\/\",\"logo\":{\"@type\":\"ImageObject\",\"inLanguage\":\"pt-PT\",\"@id\":\"https:\\\/\\\/www.azur-scenic.com\\\/pt-pt\\\/#\\\/schema\\\/logo\\\/image\\\/\",\"url\":\"https:\\\/\\\/www.azur-scenic.com\\\/wp-content\\\/uploads\\\/2022\\\/09\\\/LOGO-AZUR-SCENIC-Fusion-web-236x64-1.jpg\",\"contentUrl\":\"https:\\\/\\\/www.azur-scenic.com\\\/wp-content\\\/uploads\\\/2022\\\/09\\\/LOGO-AZUR-SCENIC-Fusion-web-236x64-1.jpg\",\"width\":236,\"height\":64,\"caption\":\"AZUR SCENIC\"},\"image\":{\"@id\":\"https:\\\/\\\/www.azur-scenic.com\\\/pt-pt\\\/#\\\/schema\\\/logo\\\/image\\\/\"},\"sameAs\":[\"https:\\\/\\\/www.youtube.com\\\/channel\\\/UCPWM2mGPVUt4nYhNlm71WOA\",\"https:\\\/\\\/www.linkedin.com\\\/company\\\/33237605\\\/admin\\\/feed\\\/posts\\\/\"]}]}<\/script>\n<!-- \/ Yoast SEO plugin. -->","yoast_head_json":{"title":"Skai\u00ae - Azur Scenic","robots":{"index":"index","follow":"follow","max-snippet":"max-snippet:-1","max-image-preview":"max-image-preview:large","max-video-preview":"max-video-preview:-1"},"canonical":"https:\/\/www.azur-scenic.com\/pt-pt\/produto\/skai\/","og_locale":"pt_PT","og_type":"article","og_title":"Skai\u00ae - Azur Scenic","og_description":"Um Skai\u00ae imita\u00e7\u00e3o de couro de topo de gama classificado como M1 de rea\u00e7\u00e3o ao fogo (ign\u00edfugo) e dispon\u00edvel numa soberba harmonia de 35 cores. Artigo imperme\u00e1vel, f\u00e1cil de limpar, robusto e resistente \u00e0 luz, \u00e9 adequado para uso em interiores e exteriores. Ideal para revestimento de assentos, este Skai\u00ae tamb\u00e9m pode ser utilizado para revestimento de pain\u00e9is com agrafes ou para confe\u00e7\u00e3o de tape\u00e7arias de parede.  Largura: 138 - 140 cm Peso: 830 g\/m\u00b2  Classifica\u00e7\u00e3o de rea\u00e7\u00e3o ao fogo: M1 C-s3,d0 B2 Composi\u00e7\u00e3o: 85% PVC, 15% algod\u00e3o","og_url":"https:\/\/www.azur-scenic.com\/pt-pt\/produto\/skai\/","og_site_name":"Azur Scenic","article_modified_time":"2023-08-02T13:22:05+00:00","og_image":[{"width":2255,"height":2255,"url":"https:\/\/www.azur-scenic.com\/wp-content\/uploads\/SKAI-BLEU-DRAGEE.jpg","type":"image\/jpeg"}],"twitter_card":"summary_large_image","twitter_misc":{"Tempo estimado de leitura":"1 minuto"},"schema":{"@context":"https:\/\/schema.org","@graph":[{"@type":"WebPage","@id":"https:\/\/www.azur-scenic.com\/pt-pt\/produto\/skai\/","url":"https:\/\/www.azur-scenic.com\/pt-pt\/produto\/skai\/","name":"Skai\u00ae - Azur Scenic","isPartOf":{"@id":"https:\/\/www.azur-scenic.com\/pt-pt\/#website"},"primaryImageOfPage":{"@id":"https:\/\/www.azur-scenic.com\/pt-pt\/produto\/skai\/#primaryimage"},"image":{"@id":"https:\/\/www.azur-scenic.com\/pt-pt\/produto\/skai\/#primaryimage"},"thumbnailUrl":"https:\/\/www.azur-scenic.com\/wp-content\/uploads\/SKAI-BLEU-DRAGEE.jpg","datePublished":"2022-10-04T07:23:56+00:00","dateModified":"2023-08-02T13:22:05+00:00","breadcrumb":{"@id":"https:\/\/www.azur-scenic.com\/pt-pt\/produto\/skai\/#breadcrumb"},"inLanguage":"pt-PT","potentialAction":[{"@type":"ReadAction","target":["https:\/\/www.azur-scenic.com\/pt-pt\/produto\/skai\/"]}]},{"@type":"ImageObject","inLanguage":"pt-PT","@id":"https:\/\/www.azur-scenic.com\/pt-pt\/produto\/skai\/#primaryimage","url":"https:\/\/www.azur-scenic.com\/wp-content\/uploads\/SKAI-BLEU-DRAGEE.jpg","contentUrl":"https:\/\/www.azur-scenic.com\/wp-content\/uploads\/SKAI-BLEU-DRAGEE.jpg","width":2255,"height":2255,"caption":"SKAI BLEU DRAGEE"},{"@type":"BreadcrumbList","@id":"https:\/\/www.azur-scenic.com\/pt-pt\/produto\/skai\/#breadcrumb","itemListElement":[{"@type":"ListItem","position":1,"name":"Accueil","item":"https:\/\/www.azur-scenic.com\/pt-pt\/"},{"@type":"ListItem","position":2,"name":"Produits","item":"https:\/\/www.azur-scenic.com\/pt-pt\/?page_id=21439"},{"@type":"ListItem","position":3,"name":"Skai\u00ae"}]},{"@type":"WebSite","@id":"https:\/\/www.azur-scenic.com\/pt-pt\/#website","url":"https:\/\/www.azur-scenic.com\/pt-pt\/","name":"Azur Scenic","description":"Sp\u00e9cialiste de l\u2019\u00e9quipement sc\u00e9nique et de la d\u00e9coration int\u00e9rieure et \u00e9v\u00e9nementielle !","publisher":{"@id":"https:\/\/www.azur-scenic.com\/pt-pt\/#organization"},"potentialAction":[{"@type":"SearchAction","target":{"@type":"EntryPoint","urlTemplate":"https:\/\/www.azur-scenic.com\/pt-pt\/?s={search_term_string}"},"query-input":{"@type":"PropertyValueSpecification","valueRequired":true,"valueName":"search_term_string"}}],"inLanguage":"pt-PT"},{"@type":"Organization","@id":"https:\/\/www.azur-scenic.com\/pt-pt\/#organization","name":"AZUR SCENIC","url":"https:\/\/www.azur-scenic.com\/pt-pt\/","logo":{"@type":"ImageObject","inLanguage":"pt-PT","@id":"https:\/\/www.azur-scenic.com\/pt-pt\/#\/schema\/logo\/image\/","url":"https:\/\/www.azur-scenic.com\/wp-content\/uploads\/2022\/09\/LOGO-AZUR-SCENIC-Fusion-web-236x64-1.jpg","contentUrl":"https:\/\/www.azur-scenic.com\/wp-content\/uploads\/2022\/09\/LOGO-AZUR-SCENIC-Fusion-web-236x64-1.jpg","width":236,"height":64,"caption":"AZUR SCENIC"},"image":{"@id":"https:\/\/www.azur-scenic.com\/pt-pt\/#\/schema\/logo\/image\/"},"sameAs":["https:\/\/www.youtube.com\/channel\/UCPWM2mGPVUt4nYhNlm71WOA","https:\/\/www.linkedin.com\/company\/33237605\/admin\/feed\/posts\/"]}]}},"_links":{"self":[{"href":"https:\/\/www.azur-scenic.com\/pt-pt\/wp-json\/wp\/v2\/product\/20084","targetHints":{"allow":["GET"]}}],"collection":[{"href":"https:\/\/www.azur-scenic.com\/pt-pt\/wp-json\/wp\/v2\/product"}],"about":[{"href":"https:\/\/www.azur-scenic.com\/pt-pt\/wp-json\/wp\/v2\/types\/product"}],"wp:featuredmedia":[{"embeddable":true,"href":"https:\/\/www.azur-scenic.com\/pt-pt\/wp-json\/wp\/v2\/media\/15995"}],"wp:attachment":[{"href":"https:\/\/www.azur-scenic.com\/pt-pt\/wp-json\/wp\/v2\/media?parent=20084"}],"wp:term":[{"taxonomy":"product_brand","embeddable":true,"href":"https:\/\/www.azur-scenic.com\/pt-pt\/wp-json\/wp\/v2\/product_brand?post=20084"},{"taxonomy":"product_cat","embeddable":true,"href":"https:\/\/www.azur-scenic.com\/pt-pt\/wp-json\/wp\/v2\/product_cat?post=20084"},{"taxonomy":"product_tag","embeddable":true,"href":"https:\/\/www.azur-scenic.com\/pt-pt\/wp-json\/wp\/v2\/product_tag?post=20084"}],"curies":[{"name":"wp","href":"https:\/\/api.w.org\/{rel}","templated":true}]}}