{"id":20210,"date":"2022-10-04T07:23:50","date_gmt":"2022-10-04T07:23:50","guid":{"rendered":"https:\/\/www.azur-scenic.com\/produit\/bache-evenementielle\/"},"modified":"2023-08-02T13:22:00","modified_gmt":"2023-08-02T13:22:00","slug":"lona-para-eventos","status":"publish","type":"product","link":"https:\/\/www.azur-scenic.com\/pt-pt\/produto\/lona-para-eventos\/","title":{"rendered":"Lona para eventos"},"content":{"rendered":"<table>\n<thead>\n<tr>\n<th style=\"width: 170px;\">Dados t\u00e9cnicos<\/th>\n<th style=\"width: 151px;\">Valor<\/th>\n<th style=\"width: 179px;\">Coment\u00e1rio<\/th>\n<\/tr>\n<\/thead>\n<tbody>\n<tr>\n<td style=\"vertical-align: top;\">Largura<\/td>\n<td style=\"vertical-align: top; width: 151px;\">250 cm<\/td>\n<td style=\"vertical-align: top; width: 179px;\">\u00a0<\/td>\n<\/tr>\n<tr>\n<td style=\"vertical-align: top;\">Peso<\/td>\n<td style=\"vertical-align: top; width: 151px;\">580 g\/m\u00b2<\/td>\n<td style=\"vertical-align: top; width: 179px;\">Norma: EN ISO 2286-2<\/td>\n<\/tr>\n<tr>\n<td style=\"vertical-align: top;\">Espessura<\/td>\n<td style=\"vertical-align: top; width: 151px;\">0,5 mm<\/td>\n<td style=\"vertical-align: top; width: 179px;\">\u00a0<\/td>\n<\/tr>\n<tr>\n<td style=\"vertical-align: top;\">Classifica\u00e7\u00e3o de rea\u00e7\u00e3o ao fogo<\/td>\n<td style=\"vertical-align: top; width: 151px;\"><img decoding=\"async\" style=\"height: 20px; width: 20px;\" src=\"https:\/\/www.azur-scenic.com\/wp-content\/uploads\/csm_icon-flag-france_3304e5e3f9.png\" \/> M2<\/td>\n<td style=\"vertical-align: top; width: 179px;\">Norma: NF P 92-507<\/td>\n<\/tr>\n<tr>\n<td style=\"vertical-align: top;\">Composi\u00e7\u00e3o<\/td>\n<td style=\"vertical-align: top;\" colspan=\"2\">Suporte 100% poli\u00e9ster + revestimento PVC<\/td>\n<\/tr>\n<tr>\n<td style=\"vertical-align: top;\">Comprimento do rolo<\/td>\n<td style=\"vertical-align: top; width: 151px;\">65 m<br \/>\nRolo de largura completa<\/td>\n<td style=\"vertical-align: top; width: 179px;\">Possibilidade de venda em meias-pe\u00e7as<\/td>\n<\/tr>\n<tr>\n<td style=\"vertical-align: top;\">Resist\u00eancia \u00e0 rutura<\/td>\n<td style=\"vertical-align: top; width: 151px;\">Corrente: 2700 N\/5\u00a0cm<br \/>\nTrama: 2900 N\/5\u00a0cm<\/td>\n<td style=\"vertical-align: top; width: 179px;\">Norma: EN ISO 1421\/V1<\/td>\n<\/tr>\n<tr>\n<td style=\"vertical-align: top;\">Resist\u00eancia ao rasgo<\/td>\n<td style=\"vertical-align: top; width: 151px;\">Corrente: 300 N<br \/>\nTrama: 300 N<\/td>\n<td style=\"vertical-align: top; width: 179px;\">Norma: DIN 53363<\/td>\n<\/tr>\n<tr>\n<td style=\"vertical-align: top;\">Ader\u00eancia<\/td>\n<td style=\"vertical-align: top; width: 151px;\">20 N\/cm<\/td>\n<td style=\"vertical-align: top; width: 179px;\">\u00a0<\/td>\n<\/tr>\n<tr>\n<td style=\"vertical-align: top;\">Resist\u00eancia \u00e0 temperatura<\/td>\n<td style=\"vertical-align: top; width: 151px;\">-40 \u00b0C \/ +70 \u00b0C<\/td>\n<td style=\"vertical-align: top; width: 179px;\">\u00a0<\/td>\n<\/tr>\n<tr>\n<td style=\"vertical-align: top;\">Solidez das cores \u00e0 luz<\/td>\n<td style=\"vertical-align: top; width: 151px;\">> 6<\/td>\n<td style=\"vertical-align: top; width: 179px;\">Norma: EN ISO 105 B02<\/td>\n<\/tr>\n<tr>\n<td style=\"vertical-align: top;\">Resist\u00eancia \u00e0 flex\u00e3o<\/td>\n<td style=\"vertical-align: top; width: 151px;\">100 000<br \/>\nSem rotura<\/td>\n<td style=\"vertical-align: top; width: 179px;\">Norma: DIN 53359 A<\/td>\n<\/tr>\n<tr>\n<td style=\"vertical-align: top;\">Acabamentos<\/td>\n<td style=\"vertical-align: top;\" colspan=\"2\" rowspan=\"1\">Verniz brilhantes em ambas as faces<br \/>\nTratamento fungicida<br \/>\nTratamento de prote\u00e7\u00e3o contra raios UV<\/td>\n<\/tr>\n<\/tbody>\n<\/table>\n<p>\u00a0<\/p><\/p>\n","protected":false},"excerpt":{"rendered":"<p><strong><span style=\"color: #f88523;\">Lona refor\u00e7ada<\/span><\/strong> do tipo &#8220;encerado para cami\u00f5es&#8221; classificado como <span style=\"color: #f88523;\"><strong>M2<\/strong><\/span> de rea\u00e7\u00e3o ao fogo (ign\u00edfugo) e dispon\u00edvel em 11 cores.<br \/>\nAs suas 2 faces, ambas envernizadas e brilhantes, apresentam uma apar\u00eancia ligeiramente diferente: 1 face lisa e 1 face tramada de aspeto &#8220;granulado&#8221;.<br \/>\nNas nossas oficinas, oferecemos uma montagem estanque e resistente, assim como numerosas possibilidades de acabamento, gra\u00e7as \u00e0 <strong><span style=\"color: #f88523;\">tecnologia de soldadura HF<\/span><\/strong>.<br \/>\nEsta lona <span style=\"color: #f88523;\"><strong>resistente<\/strong><\/span>, <span style=\"color: #f88523;\"><strong>f\u00e1cil de cuidar<\/strong><\/span> e <span style=\"color: #f88523;\"><strong>resistente aos raios UV<\/strong><\/span> \u00e9 adequada tanto para utiliza\u00e7\u00e3o no interior como no <span style=\"color: #f88523;\"><strong>exterior<\/strong><\/span>.<br \/>\nTamb\u00e9m beneficia de propriedades de <span style=\"color: #f88523;\"><strong>isolamento ac\u00fastico<\/strong><\/span>, sendo por isso adequada para uma variedade de utiliza\u00e7\u00f5es, tais como o fabrico de toldos e tendas, o revestimento de caixas, palcos ou stands&#8230;<\/p>\n<table class=\"table\" style=\"background: #f7f7f7;\">\n<tbody>\n<tr>\n<td><strong>Largura<\/strong>: 250 cm<\/td>\n<td><strong>Peso<\/strong>: 580 g\/m\u00b2<\/td>\n<\/tr>\n<tr>\n<td><strong>Classifica\u00e7\u00e3o de rea\u00e7\u00e3o ao fogo<\/strong>: <img decoding=\"async\" style=\"height: 20px; width: 20px;\" src=\"https:\/\/www.azur-scenic.com\/wp-content\/uploads\/csm_icon-flag-france_3304e5e3f9.png\" \/> M2<\/td>\n<td><strong>Composi\u00e7\u00e3o<\/strong>: Suporte 100% poli\u00e9ster<br \/>\n+ revestimento PVC<\/td>\n<\/tr>\n<\/tbody>\n<\/table>\n","protected":false},"featured_media":16575,"template":"","meta":{"_acf_changed":false},"product_brand":[],"product_cat":[921,1204,1238],"product_tag":[],"class_list":{"0":"post-20210","1":"product","2":"type-product","3":"status-publish","4":"has-post-thumbnail","6":"product_cat-todos-os-produtos","7":"product_cat-ecras-de-projecao-e-telas-em-pvc","8":"product_cat-diversos-em-pvc","9":"pa_couleurs-001-cru","10":"pa_couleurs-002-branco","11":"pa_couleurs-003-negro","12":"pa_couleurs-090-prateado","13":"pa_couleurs-100-cinzento","14":"pa_couleurs-110-cinzento-claro","15":"pa_couleurs-250-vermelhao","16":"pa_couleurs-300-pt-pt","17":"pa_couleurs-450-limao","18":"pa_couleurs-655-esmeralda","19":"pa_couleurs-730-azul-ceu","20":"pa_couleurs-765-azul-europa","21":"pa_groupes-de-couleurs-branco","22":"pa_groupes-de-couleurs-azuis","23":"pa_groupes-de-couleurs-diversos","24":"pa_groupes-de-couleurs-cru","25":"pa_groupes-de-couleurs-cinzento","26":"pa_groupes-de-couleurs-amarelos","27":"pa_groupes-de-couleurs-negro","28":"pa_groupes-de-couleurs-laranjas","29":"pa_groupes-de-couleurs-vermelhos","30":"pa_groupes-de-couleurs-verdes","31":"pa_textiles-adaptado-para-exterior","32":"pa_textiles-classificacao-de-reacao-ao-fogo-ignifugo","33":"pa_textiles-isolante-acustico","34":"pa_textiles-lavavel","36":"first","37":"instock","38":"shipping-taxable","39":"purchasable","40":"product-type-variable"},"acf":[],"yoast_head":"<!-- This site is optimized with the Yoast SEO plugin v27.3 - https:\/\/yoast.com\/product\/yoast-seo-wordpress\/ -->\n<title>Lona para eventos - Azur Scenic<\/title>\n<meta name=\"robots\" content=\"index, follow, max-snippet:-1, max-image-preview:large, max-video-preview:-1\" \/>\n<link rel=\"canonical\" href=\"https:\/\/www.azur-scenic.com\/pt-pt\/produto\/lona-para-eventos\/\" \/>\n<meta property=\"og:locale\" content=\"pt_PT\" \/>\n<meta property=\"og:type\" content=\"article\" \/>\n<meta property=\"og:title\" content=\"Lona para eventos - Azur Scenic\" \/>\n<meta property=\"og:description\" content=\"Lona refor\u00e7ada do tipo &quot;encerado para cami\u00f5es&quot; classificado como M2 de rea\u00e7\u00e3o ao fogo (ign\u00edfugo) e dispon\u00edvel em 11 cores. As suas 2 faces, ambas envernizadas e brilhantes, apresentam uma apar\u00eancia ligeiramente diferente: 1 face lisa e 1 face tramada de aspeto &quot;granulado&quot;. Nas nossas oficinas, oferecemos uma montagem estanque e resistente, assim como numerosas possibilidades de acabamento, gra\u00e7as \u00e0 tecnologia de soldadura HF. Esta lona resistente, f\u00e1cil de cuidar e resistente aos raios UV \u00e9 adequada tanto para utiliza\u00e7\u00e3o no interior como no exterior. Tamb\u00e9m beneficia de propriedades de isolamento ac\u00fastico, sendo por isso adequada para uma variedade de utiliza\u00e7\u00f5es, tais como o fabrico de toldos e tendas, o revestimento de caixas, palcos ou stands...  Largura: 250 cm Peso: 580 g\/m\u00b2  Classifica\u00e7\u00e3o de rea\u00e7\u00e3o ao fogo: M2 Composi\u00e7\u00e3o: Suporte 100% poli\u00e9ster + revestimento PVC\" \/>\n<meta property=\"og:url\" content=\"https:\/\/www.azur-scenic.com\/pt-pt\/produto\/lona-para-eventos\/\" \/>\n<meta property=\"og:site_name\" content=\"Azur Scenic\" \/>\n<meta property=\"article:modified_time\" content=\"2023-08-02T13:22:00+00:00\" \/>\n<meta property=\"og:image\" content=\"https:\/\/www.azur-scenic.com\/wp-content\/uploads\/BACHE-EVENEMENTIELLE-NOIR.jpg\" \/>\n\t<meta property=\"og:image:width\" content=\"1821\" \/>\n\t<meta property=\"og:image:height\" content=\"1821\" \/>\n\t<meta property=\"og:image:type\" content=\"image\/jpeg\" \/>\n<meta name=\"twitter:card\" content=\"summary_large_image\" \/>\n<meta name=\"twitter:label1\" content=\"Tempo estimado de leitura\" \/>\n\t<meta name=\"twitter:data1\" content=\"1 minuto\" \/>\n<script type=\"application\/ld+json\" class=\"yoast-schema-graph\">{\"@context\":\"https:\\\/\\\/schema.org\",\"@graph\":[{\"@type\":\"WebPage\",\"@id\":\"https:\\\/\\\/www.azur-scenic.com\\\/pt-pt\\\/produto\\\/lona-para-eventos\\\/\",\"url\":\"https:\\\/\\\/www.azur-scenic.com\\\/pt-pt\\\/produto\\\/lona-para-eventos\\\/\",\"name\":\"Lona para eventos - Azur Scenic\",\"isPartOf\":{\"@id\":\"https:\\\/\\\/www.azur-scenic.com\\\/pt-pt\\\/#website\"},\"primaryImageOfPage\":{\"@id\":\"https:\\\/\\\/www.azur-scenic.com\\\/pt-pt\\\/produto\\\/lona-para-eventos\\\/#primaryimage\"},\"image\":{\"@id\":\"https:\\\/\\\/www.azur-scenic.com\\\/pt-pt\\\/produto\\\/lona-para-eventos\\\/#primaryimage\"},\"thumbnailUrl\":\"https:\\\/\\\/www.azur-scenic.com\\\/wp-content\\\/uploads\\\/BACHE-EVENEMENTIELLE-NOIR.jpg\",\"datePublished\":\"2022-10-04T07:23:50+00:00\",\"dateModified\":\"2023-08-02T13:22:00+00:00\",\"breadcrumb\":{\"@id\":\"https:\\\/\\\/www.azur-scenic.com\\\/pt-pt\\\/produto\\\/lona-para-eventos\\\/#breadcrumb\"},\"inLanguage\":\"pt-PT\",\"potentialAction\":[{\"@type\":\"ReadAction\",\"target\":[\"https:\\\/\\\/www.azur-scenic.com\\\/pt-pt\\\/produto\\\/lona-para-eventos\\\/\"]}]},{\"@type\":\"ImageObject\",\"inLanguage\":\"pt-PT\",\"@id\":\"https:\\\/\\\/www.azur-scenic.com\\\/pt-pt\\\/produto\\\/lona-para-eventos\\\/#primaryimage\",\"url\":\"https:\\\/\\\/www.azur-scenic.com\\\/wp-content\\\/uploads\\\/BACHE-EVENEMENTIELLE-NOIR.jpg\",\"contentUrl\":\"https:\\\/\\\/www.azur-scenic.com\\\/wp-content\\\/uploads\\\/BACHE-EVENEMENTIELLE-NOIR.jpg\",\"width\":1821,\"height\":1821,\"caption\":\"BACHE EVENEMENTIELLE NOIR\"},{\"@type\":\"BreadcrumbList\",\"@id\":\"https:\\\/\\\/www.azur-scenic.com\\\/pt-pt\\\/produto\\\/lona-para-eventos\\\/#breadcrumb\",\"itemListElement\":[{\"@type\":\"ListItem\",\"position\":1,\"name\":\"Accueil\",\"item\":\"https:\\\/\\\/www.azur-scenic.com\\\/pt-pt\\\/\"},{\"@type\":\"ListItem\",\"position\":2,\"name\":\"Produits\",\"item\":\"https:\\\/\\\/www.azur-scenic.com\\\/pt-pt\\\/?page_id=21439\"},{\"@type\":\"ListItem\",\"position\":3,\"name\":\"Lona para eventos\"}]},{\"@type\":\"WebSite\",\"@id\":\"https:\\\/\\\/www.azur-scenic.com\\\/pt-pt\\\/#website\",\"url\":\"https:\\\/\\\/www.azur-scenic.com\\\/pt-pt\\\/\",\"name\":\"Azur Scenic\",\"description\":\"Sp\u00e9cialiste de l\u2019\u00e9quipement sc\u00e9nique et de la d\u00e9coration int\u00e9rieure et \u00e9v\u00e9nementielle !\",\"publisher\":{\"@id\":\"https:\\\/\\\/www.azur-scenic.com\\\/pt-pt\\\/#organization\"},\"potentialAction\":[{\"@type\":\"SearchAction\",\"target\":{\"@type\":\"EntryPoint\",\"urlTemplate\":\"https:\\\/\\\/www.azur-scenic.com\\\/pt-pt\\\/?s={search_term_string}\"},\"query-input\":{\"@type\":\"PropertyValueSpecification\",\"valueRequired\":true,\"valueName\":\"search_term_string\"}}],\"inLanguage\":\"pt-PT\"},{\"@type\":\"Organization\",\"@id\":\"https:\\\/\\\/www.azur-scenic.com\\\/pt-pt\\\/#organization\",\"name\":\"AZUR SCENIC\",\"url\":\"https:\\\/\\\/www.azur-scenic.com\\\/pt-pt\\\/\",\"logo\":{\"@type\":\"ImageObject\",\"inLanguage\":\"pt-PT\",\"@id\":\"https:\\\/\\\/www.azur-scenic.com\\\/pt-pt\\\/#\\\/schema\\\/logo\\\/image\\\/\",\"url\":\"https:\\\/\\\/www.azur-scenic.com\\\/wp-content\\\/uploads\\\/2022\\\/09\\\/LOGO-AZUR-SCENIC-Fusion-web-236x64-1.jpg\",\"contentUrl\":\"https:\\\/\\\/www.azur-scenic.com\\\/wp-content\\\/uploads\\\/2022\\\/09\\\/LOGO-AZUR-SCENIC-Fusion-web-236x64-1.jpg\",\"width\":236,\"height\":64,\"caption\":\"AZUR SCENIC\"},\"image\":{\"@id\":\"https:\\\/\\\/www.azur-scenic.com\\\/pt-pt\\\/#\\\/schema\\\/logo\\\/image\\\/\"},\"sameAs\":[\"https:\\\/\\\/www.youtube.com\\\/channel\\\/UCPWM2mGPVUt4nYhNlm71WOA\",\"https:\\\/\\\/www.linkedin.com\\\/company\\\/33237605\\\/admin\\\/feed\\\/posts\\\/\"]}]}<\/script>\n<!-- \/ Yoast SEO plugin. -->","yoast_head_json":{"title":"Lona para eventos - Azur Scenic","robots":{"index":"index","follow":"follow","max-snippet":"max-snippet:-1","max-image-preview":"max-image-preview:large","max-video-preview":"max-video-preview:-1"},"canonical":"https:\/\/www.azur-scenic.com\/pt-pt\/produto\/lona-para-eventos\/","og_locale":"pt_PT","og_type":"article","og_title":"Lona para eventos - Azur Scenic","og_description":"Lona refor\u00e7ada do tipo \"encerado para cami\u00f5es\" classificado como M2 de rea\u00e7\u00e3o ao fogo (ign\u00edfugo) e dispon\u00edvel em 11 cores. As suas 2 faces, ambas envernizadas e brilhantes, apresentam uma apar\u00eancia ligeiramente diferente: 1 face lisa e 1 face tramada de aspeto \"granulado\". Nas nossas oficinas, oferecemos uma montagem estanque e resistente, assim como numerosas possibilidades de acabamento, gra\u00e7as \u00e0 tecnologia de soldadura HF. Esta lona resistente, f\u00e1cil de cuidar e resistente aos raios UV \u00e9 adequada tanto para utiliza\u00e7\u00e3o no interior como no exterior. Tamb\u00e9m beneficia de propriedades de isolamento ac\u00fastico, sendo por isso adequada para uma variedade de utiliza\u00e7\u00f5es, tais como o fabrico de toldos e tendas, o revestimento de caixas, palcos ou stands...  Largura: 250 cm Peso: 580 g\/m\u00b2  Classifica\u00e7\u00e3o de rea\u00e7\u00e3o ao fogo: M2 Composi\u00e7\u00e3o: Suporte 100% poli\u00e9ster + revestimento PVC","og_url":"https:\/\/www.azur-scenic.com\/pt-pt\/produto\/lona-para-eventos\/","og_site_name":"Azur Scenic","article_modified_time":"2023-08-02T13:22:00+00:00","og_image":[{"width":1821,"height":1821,"url":"https:\/\/www.azur-scenic.com\/wp-content\/uploads\/BACHE-EVENEMENTIELLE-NOIR.jpg","type":"image\/jpeg"}],"twitter_card":"summary_large_image","twitter_misc":{"Tempo estimado de leitura":"1 minuto"},"schema":{"@context":"https:\/\/schema.org","@graph":[{"@type":"WebPage","@id":"https:\/\/www.azur-scenic.com\/pt-pt\/produto\/lona-para-eventos\/","url":"https:\/\/www.azur-scenic.com\/pt-pt\/produto\/lona-para-eventos\/","name":"Lona para eventos - Azur Scenic","isPartOf":{"@id":"https:\/\/www.azur-scenic.com\/pt-pt\/#website"},"primaryImageOfPage":{"@id":"https:\/\/www.azur-scenic.com\/pt-pt\/produto\/lona-para-eventos\/#primaryimage"},"image":{"@id":"https:\/\/www.azur-scenic.com\/pt-pt\/produto\/lona-para-eventos\/#primaryimage"},"thumbnailUrl":"https:\/\/www.azur-scenic.com\/wp-content\/uploads\/BACHE-EVENEMENTIELLE-NOIR.jpg","datePublished":"2022-10-04T07:23:50+00:00","dateModified":"2023-08-02T13:22:00+00:00","breadcrumb":{"@id":"https:\/\/www.azur-scenic.com\/pt-pt\/produto\/lona-para-eventos\/#breadcrumb"},"inLanguage":"pt-PT","potentialAction":[{"@type":"ReadAction","target":["https:\/\/www.azur-scenic.com\/pt-pt\/produto\/lona-para-eventos\/"]}]},{"@type":"ImageObject","inLanguage":"pt-PT","@id":"https:\/\/www.azur-scenic.com\/pt-pt\/produto\/lona-para-eventos\/#primaryimage","url":"https:\/\/www.azur-scenic.com\/wp-content\/uploads\/BACHE-EVENEMENTIELLE-NOIR.jpg","contentUrl":"https:\/\/www.azur-scenic.com\/wp-content\/uploads\/BACHE-EVENEMENTIELLE-NOIR.jpg","width":1821,"height":1821,"caption":"BACHE EVENEMENTIELLE NOIR"},{"@type":"BreadcrumbList","@id":"https:\/\/www.azur-scenic.com\/pt-pt\/produto\/lona-para-eventos\/#breadcrumb","itemListElement":[{"@type":"ListItem","position":1,"name":"Accueil","item":"https:\/\/www.azur-scenic.com\/pt-pt\/"},{"@type":"ListItem","position":2,"name":"Produits","item":"https:\/\/www.azur-scenic.com\/pt-pt\/?page_id=21439"},{"@type":"ListItem","position":3,"name":"Lona para eventos"}]},{"@type":"WebSite","@id":"https:\/\/www.azur-scenic.com\/pt-pt\/#website","url":"https:\/\/www.azur-scenic.com\/pt-pt\/","name":"Azur Scenic","description":"Sp\u00e9cialiste de l\u2019\u00e9quipement sc\u00e9nique et de la d\u00e9coration int\u00e9rieure et \u00e9v\u00e9nementielle !","publisher":{"@id":"https:\/\/www.azur-scenic.com\/pt-pt\/#organization"},"potentialAction":[{"@type":"SearchAction","target":{"@type":"EntryPoint","urlTemplate":"https:\/\/www.azur-scenic.com\/pt-pt\/?s={search_term_string}"},"query-input":{"@type":"PropertyValueSpecification","valueRequired":true,"valueName":"search_term_string"}}],"inLanguage":"pt-PT"},{"@type":"Organization","@id":"https:\/\/www.azur-scenic.com\/pt-pt\/#organization","name":"AZUR SCENIC","url":"https:\/\/www.azur-scenic.com\/pt-pt\/","logo":{"@type":"ImageObject","inLanguage":"pt-PT","@id":"https:\/\/www.azur-scenic.com\/pt-pt\/#\/schema\/logo\/image\/","url":"https:\/\/www.azur-scenic.com\/wp-content\/uploads\/2022\/09\/LOGO-AZUR-SCENIC-Fusion-web-236x64-1.jpg","contentUrl":"https:\/\/www.azur-scenic.com\/wp-content\/uploads\/2022\/09\/LOGO-AZUR-SCENIC-Fusion-web-236x64-1.jpg","width":236,"height":64,"caption":"AZUR SCENIC"},"image":{"@id":"https:\/\/www.azur-scenic.com\/pt-pt\/#\/schema\/logo\/image\/"},"sameAs":["https:\/\/www.youtube.com\/channel\/UCPWM2mGPVUt4nYhNlm71WOA","https:\/\/www.linkedin.com\/company\/33237605\/admin\/feed\/posts\/"]}]}},"_links":{"self":[{"href":"https:\/\/www.azur-scenic.com\/pt-pt\/wp-json\/wp\/v2\/product\/20210","targetHints":{"allow":["GET"]}}],"collection":[{"href":"https:\/\/www.azur-scenic.com\/pt-pt\/wp-json\/wp\/v2\/product"}],"about":[{"href":"https:\/\/www.azur-scenic.com\/pt-pt\/wp-json\/wp\/v2\/types\/product"}],"wp:featuredmedia":[{"embeddable":true,"href":"https:\/\/www.azur-scenic.com\/pt-pt\/wp-json\/wp\/v2\/media\/16575"}],"wp:attachment":[{"href":"https:\/\/www.azur-scenic.com\/pt-pt\/wp-json\/wp\/v2\/media?parent=20210"}],"wp:term":[{"taxonomy":"product_brand","embeddable":true,"href":"https:\/\/www.azur-scenic.com\/pt-pt\/wp-json\/wp\/v2\/product_brand?post=20210"},{"taxonomy":"product_cat","embeddable":true,"href":"https:\/\/www.azur-scenic.com\/pt-pt\/wp-json\/wp\/v2\/product_cat?post=20210"},{"taxonomy":"product_tag","embeddable":true,"href":"https:\/\/www.azur-scenic.com\/pt-pt\/wp-json\/wp\/v2\/product_tag?post=20210"}],"curies":[{"name":"wp","href":"https:\/\/api.w.org\/{rel}","templated":true}]}}