{"id":24571,"date":"2023-06-29T12:13:48","date_gmt":"2023-06-29T12:13:48","guid":{"rendered":"https:\/\/www.azur-scenic.com\/?post_type=product&#038;p=24571"},"modified":"2023-10-06T07:42:22","modified_gmt":"2023-10-06T07:42:22","slug":"cortina-do-proscenio","status":"publish","type":"product","link":"https:\/\/www.azur-scenic.com\/pt-pt\/produto\/cortina-do-proscenio\/","title":{"rendered":"Cortina do prosc\u00e9nio"},"content":{"rendered":"<h1><span style=\"font-size: 28px;\">CORTINA DE TEATRO : PROSC\u00c9NIO POR MEDIDA AZUR SCENIC<\/span><\/h1>\n<h2><span style=\"font-size: 20px;\"><strong>QUE MATERIAL PARA A SUA CORTINA DE PALCO? <\/strong><\/span><\/h2>\n<p>A <strong>cortina do prosc\u00e9nio<\/strong> \u00e9 tradicionalmente feita de veludo preto ou vermelho.<br \/>\nPropomos estas <strong>cortinas t\u00edpicas em <a href=\"https:\/\/www.azur-scenic.com\/pt-pt\/categoria-do-produto\/veludos-de-algodao\/\">veludo<\/a><\/strong> de algod\u00e3o ou <a href=\"https:\/\/www.azur-scenic.com\/pt-pt\/categoria-do-produto\/veludos-de-poliester\/\">poli\u00e9ster<\/a> retardador de chama.<\/p>\n<p>Procura uma cortina de palco mais original?<br \/>\nPodemos tamb\u00e9m fabricar uma cortina de prosc\u00e9nio mais extravagante (<strong>veludo com lantejoulas<\/strong>, etc.) ou mesmo uma cortina totalmente personalizada num tecido ign\u00edfugo (veludo ou outro tecido) estampado com o seu padr\u00e3o<\/p>\n<p>Procura uma <strong>cortina mais econ\u00f3mica<\/strong>?<br \/>\nSaiba tamb\u00e9m que as cortinas de palco n\u00e3o s\u00e3o necessariamente de veludo! A Azur Scenic tamb\u00e9m fabrica cortinas de palco em <a href=\"https:\/\/www.azur-scenic.com\/pt-pt\/produto\/opaco\/\">tecido de l\u00e3 para palcos e ign\u00edfugo<\/a>.<\/p>\n<p>Tem problemas de isolamento ac\u00fastico entre a zona do palco e o espa\u00e7o p\u00fablico?<br \/>\nEscolha uma cortina fabricada com um <a href=\"https:\/\/www.azur-scenic.com\/pt-pt\/categoria-do-produto\/absorcao-acustica\/\">tecido que absorve o som<\/a>!<\/p>\n<p>Explore a nossa <a href=\"https:\/\/www.azur-scenic.com\/pt-pt\/categoria-do-produto\/texteis-cenicos-e-para-eventos\/\">vasta gama de t\u00eaxteis resistentes ao fogo<\/a>!<\/p>\n<h2><span style=\"font-size: 20px;\"><strong>QUE TIPO DE ABERTURA PARA A SUA CORTINA DE PROSC\u00c9NIO? <\/strong><\/span><\/h2>\n<p>A maioria das <strong>cortinas do prosc\u00e9nio<\/strong> tem uma <strong>abertura grega<\/strong>, ou seja, uma abertura lateral do centro para os lados do palco.<br \/>\nEsta cortina de palco \u00e9 feita em 2 partes e instalada numa <strong>calha de palco<\/strong>.<br \/>\nSabia que a Azur Scenic prop\u00f5e solu\u00e7\u00f5es chave-na-m\u00e3o e pode igualmente fornecer a montagem e a instala\u00e7\u00e3o personalizadas de <a href=\"https:\/\/www.azur-scenic.com\/pt-pt\/categoria-do-produto\/trilhos-de-cenario\/\">carris de palco<\/a> manuais ou motorizados? Pe\u00e7a conselhos \u00e0s nossas equipas t\u00e9cnicas para escolher os produtos mais adequados ao seu espa\u00e7o de palco e ao seu or\u00e7amento!<\/p>\n<p>Procura uma cortina de prosc\u00e9nio com uma abertura diferente?<br \/>\nN\u00e3o h\u00e1 problema, como <strong>peritos em cortinas de palco<\/strong>, tamb\u00e9m concebemos cortinas mais t\u00e9cnicas com uma variedade de aberturas: cortina de palco grega, cortina de palco italiana, cortina de palco alem\u00e3, cortina de palco francesa, cortina de palco romana, cortina de palco veneziana ou cortina de palco austr\u00edaca.<br \/>\nQuer saber mais antes de escolher a sua cortina de prosc\u00e9nio ideal? Consulte a nossa ficha de informa\u00e7\u00e3o dedicada \u00e0s <a href=\"https:\/\/www.azur-scenic.com\/pt-pt\/produto\/o-palco\/\">aberturas de cortinas de palco<\/a>!<\/p>\n<h2><span style=\"font-size: 20px;\">QUE ACABAMENTOS PARA A SUA CORTINA DE PALCO?<\/span><\/h2>\n<p>Na Azur Scenic, as <strong>cortinas de palco por medida<\/strong> s\u00e3o a nossa especialidade!<br \/>\nRealizaremos as suas cortinas com os acabamentos que melhor se adaptam ao seu palco.<br \/>\nPara uma cortina de prosc\u00e9nio, frequentemente instalada sob uma calha de teatro, o acabamento superior mais cl\u00e1ssico \u00e9 uma cinta com ilh\u00f3s e ganchos, os lados s\u00e3o frequentemente rematados com bainhas e a parte inferior \u00e9 embelezada com uma bainha com chumbo (ou bainha ponderada) para uma queda est\u00e9tica.<br \/>\nMas como fabricamos todas as nossas cortinas por encomenda, podemos oferecer-lhe todo o tipo de acabamentos: n\u00f3s, velcro, mangas para varas de suspens\u00e3o ou varas de lastro&#8230;<\/p>\n<p>E o volume da sua cortina?<br \/>\nPara um efeito luxuoso e de volume, muitas cortinas de prosc\u00e9nio t\u00eam uma <strong>cabe\u00e7a plissada a 100% de plenitude<\/strong>. Mais uma vez, adaptamo-nos \u00e0s suas necessidades e limita\u00e7\u00f5es t\u00e9cnicas!<br \/>\nCabe\u00e7a plissada com 80, 50, 40% de plenitude&#8230; tudo \u00e9 poss\u00edvel, at\u00e9 uma cortina plana!<br \/>\nQuer saber mais sobre os nossos acabamentos mais populares? <a href=\"https:\/\/www.azur-scenic.com\/pt-pt\/produto\/confecao-textil\/\">Siga o nosso guia<\/a>!<\/p>\n","protected":false},"excerpt":{"rendered":"<p>A <strong>cortina do prosc\u00e9nio<\/strong> \u00e9 a mais conhecida e prestigiada das cortinas de teatro, pois \u00e9 o primeiro contacto do p\u00fablico com o espet\u00e1culo. Por isso, \u00e9 fundamental para qualquer <strong>teatro<\/strong> ter uma cortina de prosc\u00e9nio que reflicta a sua imagem!<\/p>\n<p>Por esse motivo, a Azur-Scenic prop\u00f5e a <strong>produ\u00e7\u00e3o por medida<\/strong> de todos os tipos de cortinas de prosc\u00e9nio :<\/p>\n<p>Desde as tradicionais <strong>cortinas de palco em veludo<\/strong> at\u00e9 \u00e0s mais extravagantes em tecido ign\u00edfugo, cortinas que podem at\u00e9 ser impressas com padr\u00f5es personalizados,<\/p>\n<p>Desde o p<strong>rosc\u00e9nio cl\u00e1ssico composto por 2 partes \u00e0 grega<\/strong> at\u00e9 \u00e0s aberturas mais teatrais (\u00e0 italiana, \u00e0 veneziana, alem\u00e3 etc.).<\/p>\n<p>Desde a simples cortina plana do prosc\u00e9nio at\u00e9 \u00e0 <strong>opulenta cortina plissada<\/strong> com propriedades de absor\u00e7\u00e3o do som<\/p>\n<p>Recorra \u00e0s nossas equipas de especialistas para <strong>conceber e fabricar a sua cortina de prosc\u00e9nio ideal<\/strong>!<\/p>\n<p>&nbsp;<\/p>\n<p><a href=\"https:\/\/www.azur-scenic.com\/pt-pt\/contacto\/\"><strong>PRECISA DE CONSELHOS OU DE UM OR\u00c7AMENTO?<\/strong><\/a><br \/>\n<a href=\"https:\/\/www.azur-scenic.com\/pt-pt\/contacto\/\"><strong>CONTACTE A NOSSA EQUIPA COMERCIAL!<\/strong><\/a><\/p>\n<p>&nbsp;<\/p>\n","protected":false},"featured_media":24574,"template":"","meta":{"_acf_changed":false},"product_brand":[],"product_cat":[921,1794,920],"product_tag":[1818,1872,1815,1816,1817],"class_list":{"0":"post-24571","1":"product","2":"type-product","3":"status-publish","4":"has-post-thumbnail","6":"product_cat-todos-os-produtos","7":"product_cat-cortinas-de-palco","8":"product_cat-teatro","9":"product_tag-rideau-sur-mesure-pt-pt","10":"product_tag-rideau-davant-scene-pt-pt-2","11":"product_tag-rideau-de-scene-pt-pt","12":"product_tag-rideau-avant-scene-pt-pt","13":"product_tag-rideau-de-theatre-pt-pt","14":"pa_groupes-de-couleurs-diversos","16":"first","17":"instock","18":"shipping-taxable","19":"purchasable","20":"product-type-simple"},"acf":[],"yoast_head":"<!-- This site is optimized with the Yoast SEO plugin v27.3 - https:\/\/yoast.com\/product\/yoast-seo-wordpress\/ -->\n<title>Cortina do prosc\u00e9nio - Azur Scenic<\/title>\n<meta name=\"description\" content=\"Azur Scenic prop\u00f5e a produ\u00e7\u00e3o por medida de todos os tipos de Cortina do prosc\u00e9nio em veludo at\u00e9 \u00e0s mais extravagantes em tecido ign\u00edfugo\" \/>\n<meta name=\"robots\" content=\"index, follow, max-snippet:-1, max-image-preview:large, max-video-preview:-1\" \/>\n<link rel=\"canonical\" href=\"https:\/\/www.azur-scenic.com\/pt-pt\/produto\/cortina-do-proscenio\/\" \/>\n<meta property=\"og:locale\" content=\"pt_PT\" \/>\n<meta property=\"og:type\" content=\"article\" \/>\n<meta property=\"og:title\" content=\"Cortina do prosc\u00e9nio - Azur Scenic\" \/>\n<meta property=\"og:description\" content=\"Azur Scenic prop\u00f5e a produ\u00e7\u00e3o por medida de todos os tipos de Cortina do prosc\u00e9nio em veludo at\u00e9 \u00e0s mais extravagantes em tecido ign\u00edfugo\" \/>\n<meta property=\"og:url\" content=\"https:\/\/www.azur-scenic.com\/pt-pt\/produto\/cortina-do-proscenio\/\" \/>\n<meta property=\"og:site_name\" content=\"Azur Scenic\" \/>\n<meta property=\"article:modified_time\" content=\"2023-10-06T07:42:22+00:00\" \/>\n<meta property=\"og:image\" content=\"https:\/\/www.azur-scenic.com\/wp-content\/uploads\/Visuel-rideau-d-avant-scene.jpg\" \/>\n\t<meta property=\"og:image:width\" content=\"2362\" \/>\n\t<meta property=\"og:image:height\" content=\"2362\" \/>\n\t<meta property=\"og:image:type\" content=\"image\/jpeg\" \/>\n<meta name=\"twitter:card\" content=\"summary_large_image\" \/>\n<meta name=\"twitter:label1\" content=\"Tempo estimado de leitura\" \/>\n\t<meta name=\"twitter:data1\" content=\"3 minutos\" \/>\n<script type=\"application\/ld+json\" class=\"yoast-schema-graph\">{\"@context\":\"https:\\\/\\\/schema.org\",\"@graph\":[{\"@type\":\"WebPage\",\"@id\":\"https:\\\/\\\/www.azur-scenic.com\\\/pt-pt\\\/produto\\\/cortina-do-proscenio\\\/\",\"url\":\"https:\\\/\\\/www.azur-scenic.com\\\/pt-pt\\\/produto\\\/cortina-do-proscenio\\\/\",\"name\":\"Cortina do prosc\u00e9nio - Azur Scenic\",\"isPartOf\":{\"@id\":\"https:\\\/\\\/www.azur-scenic.com\\\/pt-pt\\\/#website\"},\"primaryImageOfPage\":{\"@id\":\"https:\\\/\\\/www.azur-scenic.com\\\/pt-pt\\\/produto\\\/cortina-do-proscenio\\\/#primaryimage\"},\"image\":{\"@id\":\"https:\\\/\\\/www.azur-scenic.com\\\/pt-pt\\\/produto\\\/cortina-do-proscenio\\\/#primaryimage\"},\"thumbnailUrl\":\"https:\\\/\\\/www.azur-scenic.com\\\/wp-content\\\/uploads\\\/Visuel-rideau-d-avant-scene.jpg\",\"datePublished\":\"2023-06-29T12:13:48+00:00\",\"dateModified\":\"2023-10-06T07:42:22+00:00\",\"description\":\"Azur Scenic prop\u00f5e a produ\u00e7\u00e3o por medida de todos os tipos de Cortina do prosc\u00e9nio em veludo at\u00e9 \u00e0s mais extravagantes em tecido ign\u00edfugo\",\"breadcrumb\":{\"@id\":\"https:\\\/\\\/www.azur-scenic.com\\\/pt-pt\\\/produto\\\/cortina-do-proscenio\\\/#breadcrumb\"},\"inLanguage\":\"pt-PT\",\"potentialAction\":[{\"@type\":\"ReadAction\",\"target\":[\"https:\\\/\\\/www.azur-scenic.com\\\/pt-pt\\\/produto\\\/cortina-do-proscenio\\\/\"]}]},{\"@type\":\"ImageObject\",\"inLanguage\":\"pt-PT\",\"@id\":\"https:\\\/\\\/www.azur-scenic.com\\\/pt-pt\\\/produto\\\/cortina-do-proscenio\\\/#primaryimage\",\"url\":\"https:\\\/\\\/www.azur-scenic.com\\\/wp-content\\\/uploads\\\/Visuel-rideau-d-avant-scene.jpg\",\"contentUrl\":\"https:\\\/\\\/www.azur-scenic.com\\\/wp-content\\\/uploads\\\/Visuel-rideau-d-avant-scene.jpg\",\"width\":2362,\"height\":2362,\"caption\":\"Mise en surbrillance d'un rideau d'avant sc\u00e8ne sur un visuel 3D d'une sc\u00e8ne de salle de spectacle\"},{\"@type\":\"BreadcrumbList\",\"@id\":\"https:\\\/\\\/www.azur-scenic.com\\\/pt-pt\\\/produto\\\/cortina-do-proscenio\\\/#breadcrumb\",\"itemListElement\":[{\"@type\":\"ListItem\",\"position\":1,\"name\":\"Accueil\",\"item\":\"https:\\\/\\\/www.azur-scenic.com\\\/pt-pt\\\/\"},{\"@type\":\"ListItem\",\"position\":2,\"name\":\"Produits\",\"item\":\"https:\\\/\\\/www.azur-scenic.com\\\/pt-pt\\\/?page_id=21439\"},{\"@type\":\"ListItem\",\"position\":3,\"name\":\"Cortina do prosc\u00e9nio\"}]},{\"@type\":\"WebSite\",\"@id\":\"https:\\\/\\\/www.azur-scenic.com\\\/pt-pt\\\/#website\",\"url\":\"https:\\\/\\\/www.azur-scenic.com\\\/pt-pt\\\/\",\"name\":\"Azur Scenic\",\"description\":\"Sp\u00e9cialiste de l\u2019\u00e9quipement sc\u00e9nique et de la d\u00e9coration int\u00e9rieure et \u00e9v\u00e9nementielle !\",\"publisher\":{\"@id\":\"https:\\\/\\\/www.azur-scenic.com\\\/pt-pt\\\/#organization\"},\"potentialAction\":[{\"@type\":\"SearchAction\",\"target\":{\"@type\":\"EntryPoint\",\"urlTemplate\":\"https:\\\/\\\/www.azur-scenic.com\\\/pt-pt\\\/?s={search_term_string}\"},\"query-input\":{\"@type\":\"PropertyValueSpecification\",\"valueRequired\":true,\"valueName\":\"search_term_string\"}}],\"inLanguage\":\"pt-PT\"},{\"@type\":\"Organization\",\"@id\":\"https:\\\/\\\/www.azur-scenic.com\\\/pt-pt\\\/#organization\",\"name\":\"AZUR SCENIC\",\"url\":\"https:\\\/\\\/www.azur-scenic.com\\\/pt-pt\\\/\",\"logo\":{\"@type\":\"ImageObject\",\"inLanguage\":\"pt-PT\",\"@id\":\"https:\\\/\\\/www.azur-scenic.com\\\/pt-pt\\\/#\\\/schema\\\/logo\\\/image\\\/\",\"url\":\"https:\\\/\\\/www.azur-scenic.com\\\/wp-content\\\/uploads\\\/2022\\\/09\\\/LOGO-AZUR-SCENIC-Fusion-web-236x64-1.jpg\",\"contentUrl\":\"https:\\\/\\\/www.azur-scenic.com\\\/wp-content\\\/uploads\\\/2022\\\/09\\\/LOGO-AZUR-SCENIC-Fusion-web-236x64-1.jpg\",\"width\":236,\"height\":64,\"caption\":\"AZUR SCENIC\"},\"image\":{\"@id\":\"https:\\\/\\\/www.azur-scenic.com\\\/pt-pt\\\/#\\\/schema\\\/logo\\\/image\\\/\"},\"sameAs\":[\"https:\\\/\\\/www.youtube.com\\\/channel\\\/UCPWM2mGPVUt4nYhNlm71WOA\",\"https:\\\/\\\/www.linkedin.com\\\/company\\\/33237605\\\/admin\\\/feed\\\/posts\\\/\"]}]}<\/script>\n<!-- \/ Yoast SEO plugin. -->","yoast_head_json":{"title":"Cortina do prosc\u00e9nio - Azur Scenic","description":"Azur Scenic prop\u00f5e a produ\u00e7\u00e3o por medida de todos os tipos de Cortina do prosc\u00e9nio em veludo at\u00e9 \u00e0s mais extravagantes em tecido ign\u00edfugo","robots":{"index":"index","follow":"follow","max-snippet":"max-snippet:-1","max-image-preview":"max-image-preview:large","max-video-preview":"max-video-preview:-1"},"canonical":"https:\/\/www.azur-scenic.com\/pt-pt\/produto\/cortina-do-proscenio\/","og_locale":"pt_PT","og_type":"article","og_title":"Cortina do prosc\u00e9nio - Azur Scenic","og_description":"Azur Scenic prop\u00f5e a produ\u00e7\u00e3o por medida de todos os tipos de Cortina do prosc\u00e9nio em veludo at\u00e9 \u00e0s mais extravagantes em tecido ign\u00edfugo","og_url":"https:\/\/www.azur-scenic.com\/pt-pt\/produto\/cortina-do-proscenio\/","og_site_name":"Azur Scenic","article_modified_time":"2023-10-06T07:42:22+00:00","og_image":[{"width":2362,"height":2362,"url":"https:\/\/www.azur-scenic.com\/wp-content\/uploads\/Visuel-rideau-d-avant-scene.jpg","type":"image\/jpeg"}],"twitter_card":"summary_large_image","twitter_misc":{"Tempo estimado de leitura":"3 minutos"},"schema":{"@context":"https:\/\/schema.org","@graph":[{"@type":"WebPage","@id":"https:\/\/www.azur-scenic.com\/pt-pt\/produto\/cortina-do-proscenio\/","url":"https:\/\/www.azur-scenic.com\/pt-pt\/produto\/cortina-do-proscenio\/","name":"Cortina do prosc\u00e9nio - Azur Scenic","isPartOf":{"@id":"https:\/\/www.azur-scenic.com\/pt-pt\/#website"},"primaryImageOfPage":{"@id":"https:\/\/www.azur-scenic.com\/pt-pt\/produto\/cortina-do-proscenio\/#primaryimage"},"image":{"@id":"https:\/\/www.azur-scenic.com\/pt-pt\/produto\/cortina-do-proscenio\/#primaryimage"},"thumbnailUrl":"https:\/\/www.azur-scenic.com\/wp-content\/uploads\/Visuel-rideau-d-avant-scene.jpg","datePublished":"2023-06-29T12:13:48+00:00","dateModified":"2023-10-06T07:42:22+00:00","description":"Azur Scenic prop\u00f5e a produ\u00e7\u00e3o por medida de todos os tipos de Cortina do prosc\u00e9nio em veludo at\u00e9 \u00e0s mais extravagantes em tecido ign\u00edfugo","breadcrumb":{"@id":"https:\/\/www.azur-scenic.com\/pt-pt\/produto\/cortina-do-proscenio\/#breadcrumb"},"inLanguage":"pt-PT","potentialAction":[{"@type":"ReadAction","target":["https:\/\/www.azur-scenic.com\/pt-pt\/produto\/cortina-do-proscenio\/"]}]},{"@type":"ImageObject","inLanguage":"pt-PT","@id":"https:\/\/www.azur-scenic.com\/pt-pt\/produto\/cortina-do-proscenio\/#primaryimage","url":"https:\/\/www.azur-scenic.com\/wp-content\/uploads\/Visuel-rideau-d-avant-scene.jpg","contentUrl":"https:\/\/www.azur-scenic.com\/wp-content\/uploads\/Visuel-rideau-d-avant-scene.jpg","width":2362,"height":2362,"caption":"Mise en surbrillance d'un rideau d'avant sc\u00e8ne sur un visuel 3D d'une sc\u00e8ne de salle de spectacle"},{"@type":"BreadcrumbList","@id":"https:\/\/www.azur-scenic.com\/pt-pt\/produto\/cortina-do-proscenio\/#breadcrumb","itemListElement":[{"@type":"ListItem","position":1,"name":"Accueil","item":"https:\/\/www.azur-scenic.com\/pt-pt\/"},{"@type":"ListItem","position":2,"name":"Produits","item":"https:\/\/www.azur-scenic.com\/pt-pt\/?page_id=21439"},{"@type":"ListItem","position":3,"name":"Cortina do prosc\u00e9nio"}]},{"@type":"WebSite","@id":"https:\/\/www.azur-scenic.com\/pt-pt\/#website","url":"https:\/\/www.azur-scenic.com\/pt-pt\/","name":"Azur Scenic","description":"Sp\u00e9cialiste de l\u2019\u00e9quipement sc\u00e9nique et de la d\u00e9coration int\u00e9rieure et \u00e9v\u00e9nementielle !","publisher":{"@id":"https:\/\/www.azur-scenic.com\/pt-pt\/#organization"},"potentialAction":[{"@type":"SearchAction","target":{"@type":"EntryPoint","urlTemplate":"https:\/\/www.azur-scenic.com\/pt-pt\/?s={search_term_string}"},"query-input":{"@type":"PropertyValueSpecification","valueRequired":true,"valueName":"search_term_string"}}],"inLanguage":"pt-PT"},{"@type":"Organization","@id":"https:\/\/www.azur-scenic.com\/pt-pt\/#organization","name":"AZUR SCENIC","url":"https:\/\/www.azur-scenic.com\/pt-pt\/","logo":{"@type":"ImageObject","inLanguage":"pt-PT","@id":"https:\/\/www.azur-scenic.com\/pt-pt\/#\/schema\/logo\/image\/","url":"https:\/\/www.azur-scenic.com\/wp-content\/uploads\/2022\/09\/LOGO-AZUR-SCENIC-Fusion-web-236x64-1.jpg","contentUrl":"https:\/\/www.azur-scenic.com\/wp-content\/uploads\/2022\/09\/LOGO-AZUR-SCENIC-Fusion-web-236x64-1.jpg","width":236,"height":64,"caption":"AZUR SCENIC"},"image":{"@id":"https:\/\/www.azur-scenic.com\/pt-pt\/#\/schema\/logo\/image\/"},"sameAs":["https:\/\/www.youtube.com\/channel\/UCPWM2mGPVUt4nYhNlm71WOA","https:\/\/www.linkedin.com\/company\/33237605\/admin\/feed\/posts\/"]}]}},"_links":{"self":[{"href":"https:\/\/www.azur-scenic.com\/pt-pt\/wp-json\/wp\/v2\/product\/24571","targetHints":{"allow":["GET"]}}],"collection":[{"href":"https:\/\/www.azur-scenic.com\/pt-pt\/wp-json\/wp\/v2\/product"}],"about":[{"href":"https:\/\/www.azur-scenic.com\/pt-pt\/wp-json\/wp\/v2\/types\/product"}],"wp:featuredmedia":[{"embeddable":true,"href":"https:\/\/www.azur-scenic.com\/pt-pt\/wp-json\/wp\/v2\/media\/24574"}],"wp:attachment":[{"href":"https:\/\/www.azur-scenic.com\/pt-pt\/wp-json\/wp\/v2\/media?parent=24571"}],"wp:term":[{"taxonomy":"product_brand","embeddable":true,"href":"https:\/\/www.azur-scenic.com\/pt-pt\/wp-json\/wp\/v2\/product_brand?post=24571"},{"taxonomy":"product_cat","embeddable":true,"href":"https:\/\/www.azur-scenic.com\/pt-pt\/wp-json\/wp\/v2\/product_cat?post=24571"},{"taxonomy":"product_tag","embeddable":true,"href":"https:\/\/www.azur-scenic.com\/pt-pt\/wp-json\/wp\/v2\/product_tag?post=24571"}],"curies":[{"name":"wp","href":"https:\/\/api.w.org\/{rel}","templated":true}]}}