{"id":24579,"date":"2023-06-30T09:46:10","date_gmt":"2023-06-30T09:46:10","guid":{"rendered":"https:\/\/www.azur-scenic.com\/?post_type=product&#038;p=24579"},"modified":"2023-11-03T13:30:41","modified_gmt":"2023-11-03T13:30:41","slug":"pernas","status":"publish","type":"product","link":"https:\/\/www.azur-scenic.com\/pt-pt\/produto\/pernas\/","title":{"rendered":"Pernas"},"content":{"rendered":"<h1><span style=\"font-size: 28px;\">CORTINA DE TEATRO :\u00a0 PERNAS DE PALCO FEITAS \u00c0 MEDIDA PELA AZUR SCENIC<\/span><\/h1>\n<h2><span style=\"font-size: 20px;\"><strong>DE QUE MATERIAL DEVEM SER FEITAS AS PERNAS?\u00a0<\/strong><\/span><\/h2>\n<p>As <strong>pernas<\/strong> de palco s\u00e3o geralmente feitas de <a href=\"https:\/\/www.azur-scenic.com\/pt-pt\/categoria-do-produto\/texteis-cenicos-e-para-eventos\/veludos\/\"><strong>veludo<\/strong><\/a> ou de <strong>l\u00e3 preta ign\u00edfuga<\/strong>.<br \/>\nPode ser feita do mesmo material e na mesma cor que a cortina do prosc\u00e9nio para um efeito uniforme, ou pode ser feita de um tecido diferente.<br \/>\nPropomos este tipo de <strong>cortina de palco<\/strong> numa gama de t\u00eaxteis em algod\u00e3o ign\u00edfugo ou em poli\u00e9ster.<\/p>\n<p>Tem problemas de isolamento ac\u00fastico entre a zona do palco e a zona dos bastidores?<br \/>\nEscolha cortinas de palco feitas de <a href=\"https:\/\/www.azur-scenic.com\/pt-pt\/categoria-do-produto\/solucoes-acusticas\/absorcao-acustica\/\">tecido que absorve o som<\/a>!<\/p>\n<p>Explore a nossa <a href=\"https:\/\/www.azur-scenic.com\/pt-pt\/categoria-do-produto\/texteis-cenicos-e-para-eventos\/\">vasta gama de t\u00eaxteis resistentes ao fogo<\/a>!<\/p>\n<h2><span style=\"font-size: 20px;\"><strong>QUE TIPO DE ACABAMENTOS PARA AS PERNAS DE PALCO?\u00a0<\/strong><\/span><\/h2>\n<p>Na Azur Scenic, fabricamos todas as suas <strong>cortinas de palco \u00e0 medida<\/strong>!<br \/>\nPodemos aconselh\u00e1-lo sobre os melhores tipos acabamentos para as suas cortinas adaptadas ao seu palco.<br \/>\nQuer sejam instaladas ao estilo italiano (posicionadas paralelamente \u00e0s outras cortinas c\u00e9nicas) ou ao estilo alem\u00e3o (posicionadas perpendicularmente \u00e0s outras cortinas c\u00e9nicas), as pernas de palco s\u00e3o geralmente pendurados em <strong>barras<\/strong> fixas ou m\u00f3veis.<\/p>\n<p>O acabamento na parte superior mais popular para as pernas \u00e9 a fixa\u00e7\u00e3o por meio de n\u00f3s (ou la\u00e7os). Estes la\u00e7os podem ser cosidos numa cinta ou fixados atrav\u00e9s de ilh\u00f3s.<br \/>\nNa maior parte das vezes, as pernas s\u00e3o equipadas com uma bainha com peso para as manter esticadas e verticais em todas as circunst\u00e2ncias.<\/p>\n<p>Quer saber mais sobre os nossos acabamentos mais populares para cortinas de palco? <a href=\"https:\/\/www.azur-scenic.com\/pt-pt\/produto\/confecao-textil\/\">Siga o nosso guia<\/a>!<\/p>\n","protected":false},"excerpt":{"rendered":"<p>As <strong>pernas<\/strong> s\u00e3o as <strong>cortinas laterais de palco<\/strong> moderadamente largas, frequentemente utilizadas para esconder as zonas de bastidores do palco.<br \/>\nAs pernas garantem a magia do espet\u00e1culo e devem, portanto, ser cuidadosamente dimensionados, fabricados e posicionados num palco!<\/p>\n<p>A Azur-Scenic <strong>fabrica pernas por medida<\/strong> para todos os tipos de locais: teatros, \u00f3peras, salas de concertos, salas polivalentes, etc.<\/p>\n<p>Desde as prestigiadas <strong>pernas de veludo<\/strong> at\u00e9 \u00e0s <strong>pernas de l\u00e3 mais econ\u00f3micas<\/strong>, recorra \u00e0s nossas equipas de especialistas para <strong>conceber e fabricar as pernas certas para o seu palco<\/strong>!<\/p>\n<p>&nbsp;<\/p>\n<p>&nbsp;<\/p>\n<p><a href=\"https:\/\/www.azur-scenic.com\/pt-pt\/contacto\/\"><strong>PRECISA DE CONSELHOS OU DE UM OR\u00c7AMENTO?<\/strong><\/a><br \/>\n<a href=\"https:\/\/www.azur-scenic.com\/pt-pt\/contacto\/\"><strong>CONTACTE A NOSSA EQUIPA COMERCIAL!<\/strong><\/a><\/p>\n","protected":false},"featured_media":24582,"template":"","meta":{"_acf_changed":false},"product_brand":[],"product_cat":[921,1794,920],"product_tag":[1842,1843,1844,1845,1815,1817,1818,1841],"class_list":{"0":"post-24579","1":"product","2":"type-product","3":"status-publish","4":"has-post-thumbnail","6":"product_cat-todos-os-produtos","7":"product_cat-cortinas-de-palco","8":"product_cat-teatro","9":"product_tag-pendrillon-sur-mesure-pt-pt","10":"product_tag-pendrillon-pt-pt","11":"product_tag-pendillon-pt-pt","12":"product_tag-pendrillons-pt-pt","13":"product_tag-rideau-de-scene-pt-pt","14":"product_tag-rideau-de-theatre-pt-pt","15":"product_tag-rideau-sur-mesure-pt-pt","16":"product_tag-pendillons-pt-pt","17":"pa_groupes-de-couleurs-diversos","19":"first","20":"instock","21":"shipping-taxable","22":"purchasable","23":"product-type-simple"},"acf":[],"yoast_head":"<!-- This site is optimized with the Yoast SEO plugin v27.1.1 - https:\/\/yoast.com\/product\/yoast-seo-wordpress\/ -->\n<title>Pernas - Azur Scenic<\/title>\n<meta name=\"description\" content=\"A Azur Scenic prop\u00f5e todo o tipo de Pernas \u00e0 medida em veludo e uma vasta gama de outros t\u00eaxteis ign\u00edfugos para cortinas de palco.\" \/>\n<meta name=\"robots\" content=\"index, follow, max-snippet:-1, max-image-preview:large, max-video-preview:-1\" \/>\n<link rel=\"canonical\" href=\"https:\/\/www.azur-scenic.com\/pt-pt\/produto\/pernas\/\" \/>\n<meta property=\"og:locale\" content=\"pt_PT\" \/>\n<meta property=\"og:type\" content=\"article\" \/>\n<meta property=\"og:title\" content=\"Pernas - Azur Scenic\" \/>\n<meta property=\"og:description\" content=\"A Azur Scenic prop\u00f5e todo o tipo de Pernas \u00e0 medida em veludo e uma vasta gama de outros t\u00eaxteis ign\u00edfugos para cortinas de palco.\" \/>\n<meta property=\"og:url\" content=\"https:\/\/www.azur-scenic.com\/pt-pt\/produto\/pernas\/\" \/>\n<meta property=\"og:site_name\" content=\"Azur Scenic\" \/>\n<meta property=\"article:modified_time\" content=\"2023-11-03T13:30:41+00:00\" \/>\n<meta property=\"og:image\" content=\"https:\/\/www.azur-scenic.com\/wp-content\/uploads\/pendrillons.jpg\" \/>\n\t<meta property=\"og:image:width\" content=\"2362\" \/>\n\t<meta property=\"og:image:height\" content=\"2362\" \/>\n\t<meta property=\"og:image:type\" content=\"image\/jpeg\" \/>\n<meta name=\"twitter:card\" content=\"summary_large_image\" \/>\n<meta name=\"twitter:label1\" content=\"Tempo estimado de leitura\" \/>\n\t<meta name=\"twitter:data1\" content=\"2 minutos\" \/>\n<script type=\"application\/ld+json\" class=\"yoast-schema-graph\">{\"@context\":\"https:\/\/schema.org\",\"@graph\":[{\"@type\":\"WebPage\",\"@id\":\"https:\/\/www.azur-scenic.com\/pt-pt\/produto\/pernas\/\",\"url\":\"https:\/\/www.azur-scenic.com\/pt-pt\/produto\/pernas\/\",\"name\":\"Pernas - Azur Scenic\",\"isPartOf\":{\"@id\":\"https:\/\/www.azur-scenic.com\/pt-pt\/#website\"},\"primaryImageOfPage\":{\"@id\":\"https:\/\/www.azur-scenic.com\/pt-pt\/produto\/pernas\/#primaryimage\"},\"image\":{\"@id\":\"https:\/\/www.azur-scenic.com\/pt-pt\/produto\/pernas\/#primaryimage\"},\"thumbnailUrl\":\"https:\/\/www.azur-scenic.com\/wp-content\/uploads\/pendrillons.jpg\",\"datePublished\":\"2023-06-30T09:46:10+00:00\",\"dateModified\":\"2023-11-03T13:30:41+00:00\",\"description\":\"A Azur Scenic prop\u00f5e todo o tipo de Pernas \u00e0 medida em veludo e uma vasta gama de outros t\u00eaxteis ign\u00edfugos para cortinas de palco.\",\"breadcrumb\":{\"@id\":\"https:\/\/www.azur-scenic.com\/pt-pt\/produto\/pernas\/#breadcrumb\"},\"inLanguage\":\"pt-PT\",\"potentialAction\":[{\"@type\":\"ReadAction\",\"target\":[\"https:\/\/www.azur-scenic.com\/pt-pt\/produto\/pernas\/\"]}]},{\"@type\":\"ImageObject\",\"inLanguage\":\"pt-PT\",\"@id\":\"https:\/\/www.azur-scenic.com\/pt-pt\/produto\/pernas\/#primaryimage\",\"url\":\"https:\/\/www.azur-scenic.com\/wp-content\/uploads\/pendrillons.jpg\",\"contentUrl\":\"https:\/\/www.azur-scenic.com\/wp-content\/uploads\/pendrillons.jpg\",\"width\":2362,\"height\":2362,\"caption\":\"Mise en surbrillance d'un rideau d'avant sc\u00e8ne sur un visuel 3D d'une sc\u00e8ne de salle de spectacle\"},{\"@type\":\"BreadcrumbList\",\"@id\":\"https:\/\/www.azur-scenic.com\/pt-pt\/produto\/pernas\/#breadcrumb\",\"itemListElement\":[{\"@type\":\"ListItem\",\"position\":1,\"name\":\"Accueil\",\"item\":\"https:\/\/www.azur-scenic.com\/pt-pt\/\"},{\"@type\":\"ListItem\",\"position\":2,\"name\":\"Produits\",\"item\":\"https:\/\/www.azur-scenic.com\/pt-pt\/?page_id=21439\"},{\"@type\":\"ListItem\",\"position\":3,\"name\":\"Pernas\"}]},{\"@type\":\"WebSite\",\"@id\":\"https:\/\/www.azur-scenic.com\/pt-pt\/#website\",\"url\":\"https:\/\/www.azur-scenic.com\/pt-pt\/\",\"name\":\"Azur Scenic\",\"description\":\"Sp\u00e9cialiste de l\u2019\u00e9quipement sc\u00e9nique et de la d\u00e9coration int\u00e9rieure et \u00e9v\u00e9nementielle !\",\"publisher\":{\"@id\":\"https:\/\/www.azur-scenic.com\/pt-pt\/#organization\"},\"potentialAction\":[{\"@type\":\"SearchAction\",\"target\":{\"@type\":\"EntryPoint\",\"urlTemplate\":\"https:\/\/www.azur-scenic.com\/pt-pt\/?s={search_term_string}\"},\"query-input\":{\"@type\":\"PropertyValueSpecification\",\"valueRequired\":true,\"valueName\":\"search_term_string\"}}],\"inLanguage\":\"pt-PT\"},{\"@type\":\"Organization\",\"@id\":\"https:\/\/www.azur-scenic.com\/pt-pt\/#organization\",\"name\":\"AZUR SCENIC\",\"url\":\"https:\/\/www.azur-scenic.com\/pt-pt\/\",\"logo\":{\"@type\":\"ImageObject\",\"inLanguage\":\"pt-PT\",\"@id\":\"https:\/\/www.azur-scenic.com\/pt-pt\/#\/schema\/logo\/image\/\",\"url\":\"https:\/\/www.azur-scenic.com\/wp-content\/uploads\/2022\/09\/LOGO-AZUR-SCENIC-Fusion-web-236x64-1.jpg\",\"contentUrl\":\"https:\/\/www.azur-scenic.com\/wp-content\/uploads\/2022\/09\/LOGO-AZUR-SCENIC-Fusion-web-236x64-1.jpg\",\"width\":236,\"height\":64,\"caption\":\"AZUR SCENIC\"},\"image\":{\"@id\":\"https:\/\/www.azur-scenic.com\/pt-pt\/#\/schema\/logo\/image\/\"},\"sameAs\":[\"https:\/\/www.youtube.com\/channel\/UCPWM2mGPVUt4nYhNlm71WOA\",\"https:\/\/www.linkedin.com\/company\/33237605\/admin\/feed\/posts\/\"]}]}<\/script>\n<!-- \/ Yoast SEO plugin. -->","yoast_head_json":{"title":"Pernas - Azur Scenic","description":"A Azur Scenic prop\u00f5e todo o tipo de Pernas \u00e0 medida em veludo e uma vasta gama de outros t\u00eaxteis ign\u00edfugos para cortinas de palco.","robots":{"index":"index","follow":"follow","max-snippet":"max-snippet:-1","max-image-preview":"max-image-preview:large","max-video-preview":"max-video-preview:-1"},"canonical":"https:\/\/www.azur-scenic.com\/pt-pt\/produto\/pernas\/","og_locale":"pt_PT","og_type":"article","og_title":"Pernas - Azur Scenic","og_description":"A Azur Scenic prop\u00f5e todo o tipo de Pernas \u00e0 medida em veludo e uma vasta gama de outros t\u00eaxteis ign\u00edfugos para cortinas de palco.","og_url":"https:\/\/www.azur-scenic.com\/pt-pt\/produto\/pernas\/","og_site_name":"Azur Scenic","article_modified_time":"2023-11-03T13:30:41+00:00","og_image":[{"width":2362,"height":2362,"url":"https:\/\/www.azur-scenic.com\/wp-content\/uploads\/pendrillons.jpg","type":"image\/jpeg"}],"twitter_card":"summary_large_image","twitter_misc":{"Tempo estimado de leitura":"2 minutos"},"schema":{"@context":"https:\/\/schema.org","@graph":[{"@type":"WebPage","@id":"https:\/\/www.azur-scenic.com\/pt-pt\/produto\/pernas\/","url":"https:\/\/www.azur-scenic.com\/pt-pt\/produto\/pernas\/","name":"Pernas - Azur Scenic","isPartOf":{"@id":"https:\/\/www.azur-scenic.com\/pt-pt\/#website"},"primaryImageOfPage":{"@id":"https:\/\/www.azur-scenic.com\/pt-pt\/produto\/pernas\/#primaryimage"},"image":{"@id":"https:\/\/www.azur-scenic.com\/pt-pt\/produto\/pernas\/#primaryimage"},"thumbnailUrl":"https:\/\/www.azur-scenic.com\/wp-content\/uploads\/pendrillons.jpg","datePublished":"2023-06-30T09:46:10+00:00","dateModified":"2023-11-03T13:30:41+00:00","description":"A Azur Scenic prop\u00f5e todo o tipo de Pernas \u00e0 medida em veludo e uma vasta gama de outros t\u00eaxteis ign\u00edfugos para cortinas de palco.","breadcrumb":{"@id":"https:\/\/www.azur-scenic.com\/pt-pt\/produto\/pernas\/#breadcrumb"},"inLanguage":"pt-PT","potentialAction":[{"@type":"ReadAction","target":["https:\/\/www.azur-scenic.com\/pt-pt\/produto\/pernas\/"]}]},{"@type":"ImageObject","inLanguage":"pt-PT","@id":"https:\/\/www.azur-scenic.com\/pt-pt\/produto\/pernas\/#primaryimage","url":"https:\/\/www.azur-scenic.com\/wp-content\/uploads\/pendrillons.jpg","contentUrl":"https:\/\/www.azur-scenic.com\/wp-content\/uploads\/pendrillons.jpg","width":2362,"height":2362,"caption":"Mise en surbrillance d'un rideau d'avant sc\u00e8ne sur un visuel 3D d'une sc\u00e8ne de salle de spectacle"},{"@type":"BreadcrumbList","@id":"https:\/\/www.azur-scenic.com\/pt-pt\/produto\/pernas\/#breadcrumb","itemListElement":[{"@type":"ListItem","position":1,"name":"Accueil","item":"https:\/\/www.azur-scenic.com\/pt-pt\/"},{"@type":"ListItem","position":2,"name":"Produits","item":"https:\/\/www.azur-scenic.com\/pt-pt\/?page_id=21439"},{"@type":"ListItem","position":3,"name":"Pernas"}]},{"@type":"WebSite","@id":"https:\/\/www.azur-scenic.com\/pt-pt\/#website","url":"https:\/\/www.azur-scenic.com\/pt-pt\/","name":"Azur Scenic","description":"Sp\u00e9cialiste de l\u2019\u00e9quipement sc\u00e9nique et de la d\u00e9coration int\u00e9rieure et \u00e9v\u00e9nementielle !","publisher":{"@id":"https:\/\/www.azur-scenic.com\/pt-pt\/#organization"},"potentialAction":[{"@type":"SearchAction","target":{"@type":"EntryPoint","urlTemplate":"https:\/\/www.azur-scenic.com\/pt-pt\/?s={search_term_string}"},"query-input":{"@type":"PropertyValueSpecification","valueRequired":true,"valueName":"search_term_string"}}],"inLanguage":"pt-PT"},{"@type":"Organization","@id":"https:\/\/www.azur-scenic.com\/pt-pt\/#organization","name":"AZUR SCENIC","url":"https:\/\/www.azur-scenic.com\/pt-pt\/","logo":{"@type":"ImageObject","inLanguage":"pt-PT","@id":"https:\/\/www.azur-scenic.com\/pt-pt\/#\/schema\/logo\/image\/","url":"https:\/\/www.azur-scenic.com\/wp-content\/uploads\/2022\/09\/LOGO-AZUR-SCENIC-Fusion-web-236x64-1.jpg","contentUrl":"https:\/\/www.azur-scenic.com\/wp-content\/uploads\/2022\/09\/LOGO-AZUR-SCENIC-Fusion-web-236x64-1.jpg","width":236,"height":64,"caption":"AZUR SCENIC"},"image":{"@id":"https:\/\/www.azur-scenic.com\/pt-pt\/#\/schema\/logo\/image\/"},"sameAs":["https:\/\/www.youtube.com\/channel\/UCPWM2mGPVUt4nYhNlm71WOA","https:\/\/www.linkedin.com\/company\/33237605\/admin\/feed\/posts\/"]}]}},"_links":{"self":[{"href":"https:\/\/www.azur-scenic.com\/pt-pt\/wp-json\/wp\/v2\/product\/24579","targetHints":{"allow":["GET"]}}],"collection":[{"href":"https:\/\/www.azur-scenic.com\/pt-pt\/wp-json\/wp\/v2\/product"}],"about":[{"href":"https:\/\/www.azur-scenic.com\/pt-pt\/wp-json\/wp\/v2\/types\/product"}],"wp:featuredmedia":[{"embeddable":true,"href":"https:\/\/www.azur-scenic.com\/pt-pt\/wp-json\/wp\/v2\/media\/24582"}],"wp:attachment":[{"href":"https:\/\/www.azur-scenic.com\/pt-pt\/wp-json\/wp\/v2\/media?parent=24579"}],"wp:term":[{"taxonomy":"product_brand","embeddable":true,"href":"https:\/\/www.azur-scenic.com\/pt-pt\/wp-json\/wp\/v2\/product_brand?post=24579"},{"taxonomy":"product_cat","embeddable":true,"href":"https:\/\/www.azur-scenic.com\/pt-pt\/wp-json\/wp\/v2\/product_cat?post=24579"},{"taxonomy":"product_tag","embeddable":true,"href":"https:\/\/www.azur-scenic.com\/pt-pt\/wp-json\/wp\/v2\/product_tag?post=24579"}],"curies":[{"name":"wp","href":"https:\/\/api.w.org\/{rel}","templated":true}]}}