{"id":24588,"date":"2023-07-06T08:26:35","date_gmt":"2023-07-06T08:26:35","guid":{"rendered":"https:\/\/www.azur-scenic.com\/?post_type=product&#038;p=24588"},"modified":"2023-11-03T15:13:34","modified_gmt":"2023-11-03T15:13:34","slug":"cortina-de-fundo-de-palco","status":"publish","type":"product","link":"https:\/\/www.azur-scenic.com\/pt-pt\/produto\/cortina-de-fundo-de-palco\/","title":{"rendered":"Cortina de fundo de palco"},"content":{"rendered":"<h1><span style=\"font-size: 28px;\">CORTINA DE TEATRO: PANO DE FUNDO POR MEDIDA AZUR SCENIC<\/span><\/h1>\n<h2><span style=\"font-size: 20px;\"><strong>QUE MATERIAL PARA A SUA CORTINA DE PALCO?\u00a0<\/strong><\/span><\/h2>\n<p>Um pano de <strong>fundo de palco<\/strong> \u00e9 tradicionalmente feito de veludo preto.<br \/>\nFabricamos <strong>cortinas de palco<\/strong> em <a href=\"https:\/\/www.azur-scenic.com\/pt-pt\/categoria-do-produto\/texteis-cenicos-e-para-eventos\/veludos\/veludos-de-algodao\/\">veludo de algod\u00e3o<\/a> e <a href=\"https:\/\/www.azur-scenic.com\/pt-pt\/categoria-do-produto\/texteis-cenicos-e-para-eventos\/veludos\/veludos-de-poliester\/\">poli\u00e9ster<\/a> retardador de chama.<\/p>\n<p>Prefere um <strong>pano de fundo mais econ\u00f3mico<\/strong>? <br \/>\nA Azur Scenic tamb\u00e9m fabrica cortinas de palco em <a href=\"https:\/\/www.azur-scenic.com\/pt-pt\/produto\/opaco\/\">l\u00e3 ign\u00edfuga<\/a>.<\/p>\n<p>Descubra a nossa vasta gama de <a href=\"https:\/\/www.azur-scenic.com\/pt-pt\/categoria-do-produto\/texteis-cenicos-e-para-eventos\/\">t\u00eaxteis resistentes ao fogo<\/a>!<\/p>\n<h2><span style=\"font-size: 20px;\"><strong>QUAL TIPO DE ABERTURA PARA A CORTINA DE FUNDO DE PALCO?\u00a0<\/strong><\/span><\/h2>\n<p>A maior parte das <strong>cortinas de cena<\/strong> t\u00eam uma <strong>abertura grega<\/strong>, ou seja, uma abertura lateral do centro para os lados do palco.<br \/>\nEssa cortina \u00e9 feita em 2 partes e \u00e9 instalada num <strong>carril de palco manual ou motorizada<\/strong>.<br \/>\nSabia que a Azur Scenic oferece solu\u00e7\u00f5es chave-na-m\u00e3o e pode igualmente fornecer a montagem e a instala\u00e7\u00e3o personalizadas de <a href=\"https:\/\/www.azur-scenic.com\/pt-pt\/categoria-do-produto\/produtos-tecnicos\/trilhos-de-cenario\/\">carris de palco manuais ou motorizados<\/a>? Pe\u00e7a conselhos \u00e0s nossas equipas t\u00e9cnicas para escolher os produtos mais adequados ao seu espa\u00e7o e ao seu or\u00e7amento!<\/p>\n<p>N\u00e3o quer um pano de fundo em duas partes?<br \/>\nN\u00e3o h\u00e1 problema, fabricamos todas as suas cortinas \u00e0 medida, de acordo com a sua configura\u00e7\u00e3o. Uma <strong>cortina de palco de uma s\u00f3 pe\u00e7a<\/strong> \u00e9 tamb\u00e9m um \u00f3timo cl\u00e1ssico. Podemos igualmente propor-lhe um pano de fundo com v\u00e1rios pain\u00e9is para uma modula\u00e7\u00e3o perfeita do seu espa\u00e7o!<\/p>\n<h2><span style=\"font-size: 20px;\"><strong>QUE TIPO DE ACABAMENTOS PARA A SUA CORTINA DE PALCO?<\/strong><\/span><\/h2>\n<p>Na Azur Scenic, <strong>as cortinas de palco feitas por medida s\u00e3o o nosso especialidade<\/strong>!<br \/>\nRealizaremos as suas cortinas com os acabamentos que melhor se adaptam ao seu seu espa\u00e7o c\u00e9nico.<br \/>\nPara uma cortina de fundo instalada sob um carril, o acabamento mais cl\u00e1ssico \u00e9 uma cinta com ilh\u00f3s e ganchos. O seu pano de fundo \u00e9 fixo e est\u00e1 pendurado num poste? Podemos oferecer um acabamento alto com uma cinta, ilh\u00f3s e fitas, ou atacadores cosidos.<br \/>\nOs lados das nossas cortinas de palco s\u00e3o frequentemente rematados com bainhas, e a parte inferior \u00e9 embelezada com uma bainha com chumbo (ou bainha ponderada) para um acabamento mais est\u00e9tico.<br \/>\nMas como fabricamos todas as nossas cortinas por encomenda, podemos oferecer-lhe todo o tipo de acabamentos: velcro, mangas para barras de suspens\u00e3o ou barras de lastro, etc.<\/p>\n<p>E quanto ao tamanho da sua cortina?<br \/>\nNa maior parte das vezes, uma cortina de fundo \u00e9 lisa, mas se quiser uma cortina de fundo com pregas, n\u00e3o h\u00e1 problema, n\u00f3s podemos faz\u00ea-la.<\/p>\n<p>Quer saber mais sobre os nossos acabamentos mais populares? <a href=\"https:\/\/www.azur-scenic.com\/pt-pt\/produto\/confecao-textil\/\">Siga o nosso guia<\/a>!<\/p>\n","protected":false},"excerpt":{"rendered":"<p>A <strong>cortina de fundo de palco<\/strong> \u00e9 a cortina \u00a0situada na parte de tr\u00e1s da <strong>caixa negra<\/strong>.<\/p>\n<p>Muitas vezes feita de <strong>veludo ou de l\u00e3 preta<\/strong>, a cortina de fundo \u00e9 utilizada para <strong>esconder<\/strong> os elementos situados por detr\u00e1s do palco que possam interferir com o espet\u00e1culo (janelas, paredes, bastidores, passagem de actores ou t\u00e9cnicos fora do palco, etc.). Pode tamb\u00e9m ser utilizada, por exemplo, para <strong>enquadrar uma tela de fundo ou ecr\u00e3 de proje\u00e7\u00e3o<\/strong>.<\/p>\n<p>Recorra \u00e0s nossas equipas de especialistas para <strong>conceber e fabricar a sua cortina de fundo ideal<\/strong>!<\/p>\n<p>&nbsp;<\/p>\n<p><a href=\"https:\/\/www.azur-scenic.com\/pt-pt\/contacto\/\"><strong>PRECISA DE CONSELHOS OU DE UM OR\u00c7AMENTO?<\/strong><\/a><br \/>\n<a href=\"https:\/\/www.azur-scenic.com\/pt-pt\/contacto\/\"><strong>CONTACTE A NOSSA EQUIPA COMERCIAL!<\/strong><\/a><\/p>\n<p>&nbsp;<\/p>\n","protected":false},"featured_media":24591,"template":"","meta":{"_acf_changed":false},"product_brand":[],"product_cat":[921,1794,920],"product_tag":[1815,1817,1818],"class_list":{"0":"post-24588","1":"product","2":"type-product","3":"status-publish","4":"has-post-thumbnail","6":"product_cat-todos-os-produtos","7":"product_cat-cortinas-de-palco","8":"product_cat-teatro","9":"product_tag-rideau-de-scene-pt-pt","10":"product_tag-rideau-de-theatre-pt-pt","11":"product_tag-rideau-sur-mesure-pt-pt","12":"pa_groupes-de-couleurs-diversos","14":"first","15":"instock","16":"shipping-taxable","17":"purchasable","18":"product-type-simple"},"acf":[],"yoast_head":"<!-- This site is optimized with the Yoast SEO plugin v27.3 - https:\/\/yoast.com\/product\/yoast-seo-wordpress\/ -->\n<title>Cortina de fundo de palco - Azur Scenic<\/title>\n<meta name=\"description\" content=\"A Azur Scenic pode fabricar todos os tipos de Cortina de fundo de palco por medida em veludo e uma vasta gama de tecidos ign\u00edfugos.\" \/>\n<meta name=\"robots\" content=\"index, follow, max-snippet:-1, max-image-preview:large, max-video-preview:-1\" \/>\n<link rel=\"canonical\" href=\"https:\/\/www.azur-scenic.com\/pt-pt\/produto\/cortina-de-fundo-de-palco\/\" \/>\n<meta property=\"og:locale\" content=\"pt_PT\" \/>\n<meta property=\"og:type\" content=\"article\" \/>\n<meta property=\"og:title\" content=\"Cortina de fundo de palco - Azur Scenic\" \/>\n<meta property=\"og:description\" content=\"A Azur Scenic pode fabricar todos os tipos de Cortina de fundo de palco por medida em veludo e uma vasta gama de tecidos ign\u00edfugos.\" \/>\n<meta property=\"og:url\" content=\"https:\/\/www.azur-scenic.com\/pt-pt\/produto\/cortina-de-fundo-de-palco\/\" \/>\n<meta property=\"og:site_name\" content=\"Azur Scenic\" \/>\n<meta property=\"article:modified_time\" content=\"2023-11-03T15:13:34+00:00\" \/>\n<meta property=\"og:image\" content=\"https:\/\/www.azur-scenic.com\/wp-content\/uploads\/Visuel-rideau-de-fond-de-scene.jpg\" \/>\n\t<meta property=\"og:image:width\" content=\"2362\" \/>\n\t<meta property=\"og:image:height\" content=\"2362\" \/>\n\t<meta property=\"og:image:type\" content=\"image\/jpeg\" \/>\n<meta name=\"twitter:card\" content=\"summary_large_image\" \/>\n<meta name=\"twitter:label1\" content=\"Tempo estimado de leitura\" \/>\n\t<meta name=\"twitter:data1\" content=\"3 minutos\" \/>\n<script type=\"application\/ld+json\" class=\"yoast-schema-graph\">{\"@context\":\"https:\\\/\\\/schema.org\",\"@graph\":[{\"@type\":\"WebPage\",\"@id\":\"https:\\\/\\\/www.azur-scenic.com\\\/pt-pt\\\/produto\\\/cortina-de-fundo-de-palco\\\/\",\"url\":\"https:\\\/\\\/www.azur-scenic.com\\\/pt-pt\\\/produto\\\/cortina-de-fundo-de-palco\\\/\",\"name\":\"Cortina de fundo de palco - Azur Scenic\",\"isPartOf\":{\"@id\":\"https:\\\/\\\/www.azur-scenic.com\\\/pt-pt\\\/#website\"},\"primaryImageOfPage\":{\"@id\":\"https:\\\/\\\/www.azur-scenic.com\\\/pt-pt\\\/produto\\\/cortina-de-fundo-de-palco\\\/#primaryimage\"},\"image\":{\"@id\":\"https:\\\/\\\/www.azur-scenic.com\\\/pt-pt\\\/produto\\\/cortina-de-fundo-de-palco\\\/#primaryimage\"},\"thumbnailUrl\":\"https:\\\/\\\/www.azur-scenic.com\\\/wp-content\\\/uploads\\\/Visuel-rideau-de-fond-de-scene.jpg\",\"datePublished\":\"2023-07-06T08:26:35+00:00\",\"dateModified\":\"2023-11-03T15:13:34+00:00\",\"description\":\"A Azur Scenic pode fabricar todos os tipos de Cortina de fundo de palco por medida em veludo e uma vasta gama de tecidos ign\u00edfugos.\",\"breadcrumb\":{\"@id\":\"https:\\\/\\\/www.azur-scenic.com\\\/pt-pt\\\/produto\\\/cortina-de-fundo-de-palco\\\/#breadcrumb\"},\"inLanguage\":\"pt-PT\",\"potentialAction\":[{\"@type\":\"ReadAction\",\"target\":[\"https:\\\/\\\/www.azur-scenic.com\\\/pt-pt\\\/produto\\\/cortina-de-fundo-de-palco\\\/\"]}]},{\"@type\":\"ImageObject\",\"inLanguage\":\"pt-PT\",\"@id\":\"https:\\\/\\\/www.azur-scenic.com\\\/pt-pt\\\/produto\\\/cortina-de-fundo-de-palco\\\/#primaryimage\",\"url\":\"https:\\\/\\\/www.azur-scenic.com\\\/wp-content\\\/uploads\\\/Visuel-rideau-de-fond-de-scene.jpg\",\"contentUrl\":\"https:\\\/\\\/www.azur-scenic.com\\\/wp-content\\\/uploads\\\/Visuel-rideau-de-fond-de-scene.jpg\",\"width\":2362,\"height\":2362,\"caption\":\"Mise en surbrillance d'un rideau de fond de sc\u00e8ne sur un visuel 3D d'une sc\u00e8ne de salle de spectacle\"},{\"@type\":\"BreadcrumbList\",\"@id\":\"https:\\\/\\\/www.azur-scenic.com\\\/pt-pt\\\/produto\\\/cortina-de-fundo-de-palco\\\/#breadcrumb\",\"itemListElement\":[{\"@type\":\"ListItem\",\"position\":1,\"name\":\"Accueil\",\"item\":\"https:\\\/\\\/www.azur-scenic.com\\\/pt-pt\\\/\"},{\"@type\":\"ListItem\",\"position\":2,\"name\":\"Produits\",\"item\":\"https:\\\/\\\/www.azur-scenic.com\\\/pt-pt\\\/?page_id=21439\"},{\"@type\":\"ListItem\",\"position\":3,\"name\":\"Cortina de fundo de palco\"}]},{\"@type\":\"WebSite\",\"@id\":\"https:\\\/\\\/www.azur-scenic.com\\\/pt-pt\\\/#website\",\"url\":\"https:\\\/\\\/www.azur-scenic.com\\\/pt-pt\\\/\",\"name\":\"Azur Scenic\",\"description\":\"Sp\u00e9cialiste de l\u2019\u00e9quipement sc\u00e9nique et de la d\u00e9coration int\u00e9rieure et \u00e9v\u00e9nementielle !\",\"publisher\":{\"@id\":\"https:\\\/\\\/www.azur-scenic.com\\\/pt-pt\\\/#organization\"},\"potentialAction\":[{\"@type\":\"SearchAction\",\"target\":{\"@type\":\"EntryPoint\",\"urlTemplate\":\"https:\\\/\\\/www.azur-scenic.com\\\/pt-pt\\\/?s={search_term_string}\"},\"query-input\":{\"@type\":\"PropertyValueSpecification\",\"valueRequired\":true,\"valueName\":\"search_term_string\"}}],\"inLanguage\":\"pt-PT\"},{\"@type\":\"Organization\",\"@id\":\"https:\\\/\\\/www.azur-scenic.com\\\/pt-pt\\\/#organization\",\"name\":\"AZUR SCENIC\",\"url\":\"https:\\\/\\\/www.azur-scenic.com\\\/pt-pt\\\/\",\"logo\":{\"@type\":\"ImageObject\",\"inLanguage\":\"pt-PT\",\"@id\":\"https:\\\/\\\/www.azur-scenic.com\\\/pt-pt\\\/#\\\/schema\\\/logo\\\/image\\\/\",\"url\":\"https:\\\/\\\/www.azur-scenic.com\\\/wp-content\\\/uploads\\\/2022\\\/09\\\/LOGO-AZUR-SCENIC-Fusion-web-236x64-1.jpg\",\"contentUrl\":\"https:\\\/\\\/www.azur-scenic.com\\\/wp-content\\\/uploads\\\/2022\\\/09\\\/LOGO-AZUR-SCENIC-Fusion-web-236x64-1.jpg\",\"width\":236,\"height\":64,\"caption\":\"AZUR SCENIC\"},\"image\":{\"@id\":\"https:\\\/\\\/www.azur-scenic.com\\\/pt-pt\\\/#\\\/schema\\\/logo\\\/image\\\/\"},\"sameAs\":[\"https:\\\/\\\/www.youtube.com\\\/channel\\\/UCPWM2mGPVUt4nYhNlm71WOA\",\"https:\\\/\\\/www.linkedin.com\\\/company\\\/33237605\\\/admin\\\/feed\\\/posts\\\/\"]}]}<\/script>\n<!-- \/ Yoast SEO plugin. -->","yoast_head_json":{"title":"Cortina de fundo de palco - Azur Scenic","description":"A Azur Scenic pode fabricar todos os tipos de Cortina de fundo de palco por medida em veludo e uma vasta gama de tecidos ign\u00edfugos.","robots":{"index":"index","follow":"follow","max-snippet":"max-snippet:-1","max-image-preview":"max-image-preview:large","max-video-preview":"max-video-preview:-1"},"canonical":"https:\/\/www.azur-scenic.com\/pt-pt\/produto\/cortina-de-fundo-de-palco\/","og_locale":"pt_PT","og_type":"article","og_title":"Cortina de fundo de palco - Azur Scenic","og_description":"A Azur Scenic pode fabricar todos os tipos de Cortina de fundo de palco por medida em veludo e uma vasta gama de tecidos ign\u00edfugos.","og_url":"https:\/\/www.azur-scenic.com\/pt-pt\/produto\/cortina-de-fundo-de-palco\/","og_site_name":"Azur Scenic","article_modified_time":"2023-11-03T15:13:34+00:00","og_image":[{"width":2362,"height":2362,"url":"https:\/\/www.azur-scenic.com\/wp-content\/uploads\/Visuel-rideau-de-fond-de-scene.jpg","type":"image\/jpeg"}],"twitter_card":"summary_large_image","twitter_misc":{"Tempo estimado de leitura":"3 minutos"},"schema":{"@context":"https:\/\/schema.org","@graph":[{"@type":"WebPage","@id":"https:\/\/www.azur-scenic.com\/pt-pt\/produto\/cortina-de-fundo-de-palco\/","url":"https:\/\/www.azur-scenic.com\/pt-pt\/produto\/cortina-de-fundo-de-palco\/","name":"Cortina de fundo de palco - Azur Scenic","isPartOf":{"@id":"https:\/\/www.azur-scenic.com\/pt-pt\/#website"},"primaryImageOfPage":{"@id":"https:\/\/www.azur-scenic.com\/pt-pt\/produto\/cortina-de-fundo-de-palco\/#primaryimage"},"image":{"@id":"https:\/\/www.azur-scenic.com\/pt-pt\/produto\/cortina-de-fundo-de-palco\/#primaryimage"},"thumbnailUrl":"https:\/\/www.azur-scenic.com\/wp-content\/uploads\/Visuel-rideau-de-fond-de-scene.jpg","datePublished":"2023-07-06T08:26:35+00:00","dateModified":"2023-11-03T15:13:34+00:00","description":"A Azur Scenic pode fabricar todos os tipos de Cortina de fundo de palco por medida em veludo e uma vasta gama de tecidos ign\u00edfugos.","breadcrumb":{"@id":"https:\/\/www.azur-scenic.com\/pt-pt\/produto\/cortina-de-fundo-de-palco\/#breadcrumb"},"inLanguage":"pt-PT","potentialAction":[{"@type":"ReadAction","target":["https:\/\/www.azur-scenic.com\/pt-pt\/produto\/cortina-de-fundo-de-palco\/"]}]},{"@type":"ImageObject","inLanguage":"pt-PT","@id":"https:\/\/www.azur-scenic.com\/pt-pt\/produto\/cortina-de-fundo-de-palco\/#primaryimage","url":"https:\/\/www.azur-scenic.com\/wp-content\/uploads\/Visuel-rideau-de-fond-de-scene.jpg","contentUrl":"https:\/\/www.azur-scenic.com\/wp-content\/uploads\/Visuel-rideau-de-fond-de-scene.jpg","width":2362,"height":2362,"caption":"Mise en surbrillance d'un rideau de fond de sc\u00e8ne sur un visuel 3D d'une sc\u00e8ne de salle de spectacle"},{"@type":"BreadcrumbList","@id":"https:\/\/www.azur-scenic.com\/pt-pt\/produto\/cortina-de-fundo-de-palco\/#breadcrumb","itemListElement":[{"@type":"ListItem","position":1,"name":"Accueil","item":"https:\/\/www.azur-scenic.com\/pt-pt\/"},{"@type":"ListItem","position":2,"name":"Produits","item":"https:\/\/www.azur-scenic.com\/pt-pt\/?page_id=21439"},{"@type":"ListItem","position":3,"name":"Cortina de fundo de palco"}]},{"@type":"WebSite","@id":"https:\/\/www.azur-scenic.com\/pt-pt\/#website","url":"https:\/\/www.azur-scenic.com\/pt-pt\/","name":"Azur Scenic","description":"Sp\u00e9cialiste de l\u2019\u00e9quipement sc\u00e9nique et de la d\u00e9coration int\u00e9rieure et \u00e9v\u00e9nementielle !","publisher":{"@id":"https:\/\/www.azur-scenic.com\/pt-pt\/#organization"},"potentialAction":[{"@type":"SearchAction","target":{"@type":"EntryPoint","urlTemplate":"https:\/\/www.azur-scenic.com\/pt-pt\/?s={search_term_string}"},"query-input":{"@type":"PropertyValueSpecification","valueRequired":true,"valueName":"search_term_string"}}],"inLanguage":"pt-PT"},{"@type":"Organization","@id":"https:\/\/www.azur-scenic.com\/pt-pt\/#organization","name":"AZUR SCENIC","url":"https:\/\/www.azur-scenic.com\/pt-pt\/","logo":{"@type":"ImageObject","inLanguage":"pt-PT","@id":"https:\/\/www.azur-scenic.com\/pt-pt\/#\/schema\/logo\/image\/","url":"https:\/\/www.azur-scenic.com\/wp-content\/uploads\/2022\/09\/LOGO-AZUR-SCENIC-Fusion-web-236x64-1.jpg","contentUrl":"https:\/\/www.azur-scenic.com\/wp-content\/uploads\/2022\/09\/LOGO-AZUR-SCENIC-Fusion-web-236x64-1.jpg","width":236,"height":64,"caption":"AZUR SCENIC"},"image":{"@id":"https:\/\/www.azur-scenic.com\/pt-pt\/#\/schema\/logo\/image\/"},"sameAs":["https:\/\/www.youtube.com\/channel\/UCPWM2mGPVUt4nYhNlm71WOA","https:\/\/www.linkedin.com\/company\/33237605\/admin\/feed\/posts\/"]}]}},"_links":{"self":[{"href":"https:\/\/www.azur-scenic.com\/pt-pt\/wp-json\/wp\/v2\/product\/24588","targetHints":{"allow":["GET"]}}],"collection":[{"href":"https:\/\/www.azur-scenic.com\/pt-pt\/wp-json\/wp\/v2\/product"}],"about":[{"href":"https:\/\/www.azur-scenic.com\/pt-pt\/wp-json\/wp\/v2\/types\/product"}],"wp:featuredmedia":[{"embeddable":true,"href":"https:\/\/www.azur-scenic.com\/pt-pt\/wp-json\/wp\/v2\/media\/24591"}],"wp:attachment":[{"href":"https:\/\/www.azur-scenic.com\/pt-pt\/wp-json\/wp\/v2\/media?parent=24588"}],"wp:term":[{"taxonomy":"product_brand","embeddable":true,"href":"https:\/\/www.azur-scenic.com\/pt-pt\/wp-json\/wp\/v2\/product_brand?post=24588"},{"taxonomy":"product_cat","embeddable":true,"href":"https:\/\/www.azur-scenic.com\/pt-pt\/wp-json\/wp\/v2\/product_cat?post=24588"},{"taxonomy":"product_tag","embeddable":true,"href":"https:\/\/www.azur-scenic.com\/pt-pt\/wp-json\/wp\/v2\/product_tag?post=24588"}],"curies":[{"name":"wp","href":"https:\/\/api.w.org\/{rel}","templated":true}]}}