{"id":24600,"date":"2023-07-06T09:57:24","date_gmt":"2023-07-06T09:57:24","guid":{"rendered":"https:\/\/www.azur-scenic.com\/?post_type=product&#038;p=24600"},"modified":"2024-09-19T15:06:55","modified_gmt":"2024-09-19T15:06:55","slug":"bambolinas","status":"publish","type":"product","link":"https:\/\/www.azur-scenic.com\/pt-pt\/produto\/bambolinas\/","title":{"rendered":"Bambolinas"},"content":{"rendered":"<h1><span style=\"font-size: 28px;\">CORTINA DE TEATRO : BAMBOLINAS POR MEDIDA AZUR SCENIC<\/span><\/h1>\n<h2><span style=\"font-size: 20px;\"><strong>QUAL O MATERIAL A UTILIZAR PARA AS BAMBOLINAS?\u00a0<\/strong><\/span><\/h2>\n<p>As bambolinas s\u00e3o geralmente feitos de <a href=\"https:\/\/www.azur-scenic.com\/pt-pt\/categoria-do-produto\/texteis-cenicos-e-para-eventos\/veludos\/\"><strong>veludo<\/strong><\/a>\u00a0ou de \u00a0<strong>l\u00e3 preta ign\u00edfuga<\/strong>. <br \/>\nS\u00e3o normalmente fabricados com o mesmo tecido que as pernas. <br \/>\nPropomos este tipo de <strong>cortina de palco<\/strong> numa gama de tecidos de algod\u00e3o ign\u00edfugo ou de poli\u00e9ster FR.<\/p>\n<p>Explore a nossa\u00a0<a href=\"https:\/\/www.azur-scenic.com\/pt-pt\/categoria-do-produto\/texteis-cenicos-e-para-eventos\/\">vasta gama de t\u00eaxteis resistentes ao fogo<\/a>!<\/p>\n<h2><span style=\"font-size: 20px;\"><strong>QUAL TIPO DE ACABAMENTO PARA UMA BAMBOLINA?\u00a0<\/strong><\/span><\/h2>\n<p>Na Azur Scenic, fabricamos todas as suas <strong>cortinas de palco \u00e0 medida<\/strong>! <br \/>\nEstamos \u00e0 sua disposi\u00e7\u00e3o para o aconselhar sobre os acabamentos mais adequados ao seu palco. <br \/>\nQuer sejam planas ou plissadas, as bambolinas s\u00e3o geralmente penduradas em <strong>barras<\/strong>\u00a0fixas ou m\u00f3veis.<\/p>\n<p>O acabamento na parte superior mais popular para as bambolinas a fixa\u00e7\u00e3o por meio de n\u00f3s (ou la\u00e7os). Estes la\u00e7os podem ser cosidos numa cinta ou fixados atrav\u00e9s de ilh\u00f3s.<br \/>\nAs <strong>bambolinas frucidas<\/strong> t\u00eam frequentemente um acabamento baixo com uma bainha que incorpora um entran\u00e7ado de chumbo flex\u00edvel.<br \/>\nAs <strong>bambolinas planas<\/strong> podem ser rematados na parte inferior com uma manga que permite introduzir uma <a href=\"https:\/\/www.azur-scenic.com\/pt-pt\/produto\/percha-pequena-interligavel\/\">pequena barra de lastro<\/a> para os manter esticados.<\/p>\n<p>Quer saber mais sobre os nossos acabamentos mais populares para cortinas de palco?\u00a0<a href=\"https:\/\/www.azur-scenic.com\/pt-pt\/produto\/confecao-textil\/\">Siga o nosso guia<\/a>!<\/p>\n<h2><span style=\"font-size: 20px;\"><strong>QUANTAS BAMBALINAS PARA O SEU PALCO? \u00a0<\/strong><\/span><\/h2>\n<p>Geralmente, as bambolinas s\u00e3o posicionados ao mesmo n\u00edvel que os pernas. Assim, ter\u00e1 tantas bambolinas como <strong>conjuntos de pernas<\/strong>. <br \/>\nNo entanto, esta n\u00e3o \u00e9 uma regra absoluta! As nossas equipas podem aconselh\u00e1-lo sobre o n\u00famero de bambolinas necess\u00e1rias, em fun\u00e7\u00e3o da disposi\u00e7\u00e3o do seu palco.<\/p>\n<p>&nbsp;<\/p>\n<p>Sabia que? <br \/>\nA bambolina por cima da <strong>cortina do prosc\u00e9nio<\/strong> chama-se &#8220;<strong>lambrequim<\/strong>&#8220;<\/p>\n","protected":false},"excerpt":{"rendered":"<p>As <b>bambolinas<\/b>\u00a0s\u00e3o <strong>cortinas curtas<\/strong> utilizadas para esconder o equipamento (projectores, etc.) e os cen\u00e1rios escondidos por cima do palco. <br \/>\nElas garantem a magia do espet\u00e1culo e, por isso, devem ser cuidadosamente dimensionadas, fabricadas e colocadas num palco!<\/p>\n<p>Azur-Scenic prop\u00f5e <strong>bambolinas por medida<\/strong> para todos os tipos de locais: teatros, \u00f3peras, salas de concerto, salas polivalentes, etc.<\/p>\n<p>Das soberbas<strong> bambolinas em veludo<\/strong> para palco as<strong> bambolinas de algod\u00e3o pretas <\/strong>para palco mais econ\u00f3micas, recorra \u00e0s nossas equipas de especialistas para<strong> conceber e fabricar bambolinas \u00e0 medida do seu palco!<\/strong><\/p>\n<p>&nbsp;<\/p>\n<p><a href=\"https:\/\/www.azur-scenic.com\/pt-pt\/contacto\/\"><strong>PRECISA DE CONSELHOS OU DE UM OR\u00c7AMENTO?<\/strong><\/a><br \/>\n<a href=\"https:\/\/www.azur-scenic.com\/pt-pt\/contacto\/\"><strong>CONTACTE A NOSSA EQUIPA COMERCIAL!<\/strong><\/a><\/p>\n<p>&nbsp;<\/p>\n","protected":false},"featured_media":24595,"template":"","meta":{"_acf_changed":false},"product_brand":[],"product_cat":[921,1794,920],"product_tag":[1817,1818,1891,1892,1815],"class_list":{"0":"post-24600","1":"product","2":"type-product","3":"status-publish","4":"has-post-thumbnail","6":"product_cat-todos-os-produtos","7":"product_cat-cortinas-de-palco","8":"product_cat-teatro","9":"product_tag-rideau-de-theatre-pt-pt","10":"product_tag-rideau-sur-mesure-pt-pt","11":"product_tag-frise-pt-pt","12":"product_tag-frise-de-scene-pt-pt","13":"product_tag-rideau-de-scene-pt-pt","14":"pa_groupes-de-couleurs-diversos","16":"first","17":"instock","18":"shipping-taxable","19":"purchasable","20":"product-type-simple"},"acf":[],"yoast_head":"<!-- This site is optimized with the Yoast SEO plugin v27.3 - https:\/\/yoast.com\/product\/yoast-seo-wordpress\/ -->\n<title>Bambolinas - Azur Scenic<\/title>\n<meta name=\"description\" content=\"Azur Scenic, o especialista em cortinas de teatro, fabrica todas as suas Bambolinas por medida em veludo e numa vasta gama de tecidos ign\u00edfugos.\" \/>\n<meta name=\"robots\" content=\"index, follow, max-snippet:-1, max-image-preview:large, max-video-preview:-1\" \/>\n<link rel=\"canonical\" href=\"https:\/\/www.azur-scenic.com\/pt-pt\/produto\/bambolinas\/\" \/>\n<meta property=\"og:locale\" content=\"pt_PT\" \/>\n<meta property=\"og:type\" content=\"article\" \/>\n<meta property=\"og:title\" content=\"Bambolinas - Azur Scenic\" \/>\n<meta property=\"og:description\" content=\"Azur Scenic, o especialista em cortinas de teatro, fabrica todas as suas Bambolinas por medida em veludo e numa vasta gama de tecidos ign\u00edfugos.\" \/>\n<meta property=\"og:url\" content=\"https:\/\/www.azur-scenic.com\/pt-pt\/produto\/bambolinas\/\" \/>\n<meta property=\"og:site_name\" content=\"Azur Scenic\" \/>\n<meta property=\"article:modified_time\" content=\"2024-09-19T15:06:55+00:00\" \/>\n<meta property=\"og:image\" content=\"https:\/\/www.azur-scenic.com\/wp-content\/uploads\/Frises.jpg\" \/>\n\t<meta property=\"og:image:width\" content=\"2362\" \/>\n\t<meta property=\"og:image:height\" content=\"2362\" \/>\n\t<meta property=\"og:image:type\" content=\"image\/jpeg\" \/>\n<meta name=\"twitter:card\" content=\"summary_large_image\" \/>\n<meta name=\"twitter:label1\" content=\"Tempo estimado de leitura\" \/>\n\t<meta name=\"twitter:data1\" content=\"2 minutos\" \/>\n<script type=\"application\/ld+json\" class=\"yoast-schema-graph\">{\"@context\":\"https:\\\/\\\/schema.org\",\"@graph\":[{\"@type\":\"WebPage\",\"@id\":\"https:\\\/\\\/www.azur-scenic.com\\\/pt-pt\\\/produto\\\/bambolinas\\\/\",\"url\":\"https:\\\/\\\/www.azur-scenic.com\\\/pt-pt\\\/produto\\\/bambolinas\\\/\",\"name\":\"Bambolinas - Azur Scenic\",\"isPartOf\":{\"@id\":\"https:\\\/\\\/www.azur-scenic.com\\\/pt-pt\\\/#website\"},\"primaryImageOfPage\":{\"@id\":\"https:\\\/\\\/www.azur-scenic.com\\\/pt-pt\\\/produto\\\/bambolinas\\\/#primaryimage\"},\"image\":{\"@id\":\"https:\\\/\\\/www.azur-scenic.com\\\/pt-pt\\\/produto\\\/bambolinas\\\/#primaryimage\"},\"thumbnailUrl\":\"https:\\\/\\\/www.azur-scenic.com\\\/wp-content\\\/uploads\\\/Frises.jpg\",\"datePublished\":\"2023-07-06T09:57:24+00:00\",\"dateModified\":\"2024-09-19T15:06:55+00:00\",\"description\":\"Azur Scenic, o especialista em cortinas de teatro, fabrica todas as suas Bambolinas por medida em veludo e numa vasta gama de tecidos ign\u00edfugos.\",\"breadcrumb\":{\"@id\":\"https:\\\/\\\/www.azur-scenic.com\\\/pt-pt\\\/produto\\\/bambolinas\\\/#breadcrumb\"},\"inLanguage\":\"pt-PT\",\"potentialAction\":[{\"@type\":\"ReadAction\",\"target\":[\"https:\\\/\\\/www.azur-scenic.com\\\/pt-pt\\\/produto\\\/bambolinas\\\/\"]}]},{\"@type\":\"ImageObject\",\"inLanguage\":\"pt-PT\",\"@id\":\"https:\\\/\\\/www.azur-scenic.com\\\/pt-pt\\\/produto\\\/bambolinas\\\/#primaryimage\",\"url\":\"https:\\\/\\\/www.azur-scenic.com\\\/wp-content\\\/uploads\\\/Frises.jpg\",\"contentUrl\":\"https:\\\/\\\/www.azur-scenic.com\\\/wp-content\\\/uploads\\\/Frises.jpg\",\"width\":2362,\"height\":2362,\"caption\":\"Mise en surbrillance des frises sur un visuel 3D d'une sc\u00e8ne de salle de spectacle\"},{\"@type\":\"BreadcrumbList\",\"@id\":\"https:\\\/\\\/www.azur-scenic.com\\\/pt-pt\\\/produto\\\/bambolinas\\\/#breadcrumb\",\"itemListElement\":[{\"@type\":\"ListItem\",\"position\":1,\"name\":\"Accueil\",\"item\":\"https:\\\/\\\/www.azur-scenic.com\\\/pt-pt\\\/\"},{\"@type\":\"ListItem\",\"position\":2,\"name\":\"Produits\",\"item\":\"https:\\\/\\\/www.azur-scenic.com\\\/pt-pt\\\/?page_id=21439\"},{\"@type\":\"ListItem\",\"position\":3,\"name\":\"Bambolinas\"}]},{\"@type\":\"WebSite\",\"@id\":\"https:\\\/\\\/www.azur-scenic.com\\\/pt-pt\\\/#website\",\"url\":\"https:\\\/\\\/www.azur-scenic.com\\\/pt-pt\\\/\",\"name\":\"Azur Scenic\",\"description\":\"Sp\u00e9cialiste de l\u2019\u00e9quipement sc\u00e9nique et de la d\u00e9coration int\u00e9rieure et \u00e9v\u00e9nementielle !\",\"publisher\":{\"@id\":\"https:\\\/\\\/www.azur-scenic.com\\\/pt-pt\\\/#organization\"},\"potentialAction\":[{\"@type\":\"SearchAction\",\"target\":{\"@type\":\"EntryPoint\",\"urlTemplate\":\"https:\\\/\\\/www.azur-scenic.com\\\/pt-pt\\\/?s={search_term_string}\"},\"query-input\":{\"@type\":\"PropertyValueSpecification\",\"valueRequired\":true,\"valueName\":\"search_term_string\"}}],\"inLanguage\":\"pt-PT\"},{\"@type\":\"Organization\",\"@id\":\"https:\\\/\\\/www.azur-scenic.com\\\/pt-pt\\\/#organization\",\"name\":\"AZUR SCENIC\",\"url\":\"https:\\\/\\\/www.azur-scenic.com\\\/pt-pt\\\/\",\"logo\":{\"@type\":\"ImageObject\",\"inLanguage\":\"pt-PT\",\"@id\":\"https:\\\/\\\/www.azur-scenic.com\\\/pt-pt\\\/#\\\/schema\\\/logo\\\/image\\\/\",\"url\":\"https:\\\/\\\/www.azur-scenic.com\\\/wp-content\\\/uploads\\\/2022\\\/09\\\/LOGO-AZUR-SCENIC-Fusion-web-236x64-1.jpg\",\"contentUrl\":\"https:\\\/\\\/www.azur-scenic.com\\\/wp-content\\\/uploads\\\/2022\\\/09\\\/LOGO-AZUR-SCENIC-Fusion-web-236x64-1.jpg\",\"width\":236,\"height\":64,\"caption\":\"AZUR SCENIC\"},\"image\":{\"@id\":\"https:\\\/\\\/www.azur-scenic.com\\\/pt-pt\\\/#\\\/schema\\\/logo\\\/image\\\/\"},\"sameAs\":[\"https:\\\/\\\/www.youtube.com\\\/channel\\\/UCPWM2mGPVUt4nYhNlm71WOA\",\"https:\\\/\\\/www.linkedin.com\\\/company\\\/33237605\\\/admin\\\/feed\\\/posts\\\/\"]}]}<\/script>\n<!-- \/ Yoast SEO plugin. -->","yoast_head_json":{"title":"Bambolinas - Azur Scenic","description":"Azur Scenic, o especialista em cortinas de teatro, fabrica todas as suas Bambolinas por medida em veludo e numa vasta gama de tecidos ign\u00edfugos.","robots":{"index":"index","follow":"follow","max-snippet":"max-snippet:-1","max-image-preview":"max-image-preview:large","max-video-preview":"max-video-preview:-1"},"canonical":"https:\/\/www.azur-scenic.com\/pt-pt\/produto\/bambolinas\/","og_locale":"pt_PT","og_type":"article","og_title":"Bambolinas - Azur Scenic","og_description":"Azur Scenic, o especialista em cortinas de teatro, fabrica todas as suas Bambolinas por medida em veludo e numa vasta gama de tecidos ign\u00edfugos.","og_url":"https:\/\/www.azur-scenic.com\/pt-pt\/produto\/bambolinas\/","og_site_name":"Azur Scenic","article_modified_time":"2024-09-19T15:06:55+00:00","og_image":[{"width":2362,"height":2362,"url":"https:\/\/www.azur-scenic.com\/wp-content\/uploads\/Frises.jpg","type":"image\/jpeg"}],"twitter_card":"summary_large_image","twitter_misc":{"Tempo estimado de leitura":"2 minutos"},"schema":{"@context":"https:\/\/schema.org","@graph":[{"@type":"WebPage","@id":"https:\/\/www.azur-scenic.com\/pt-pt\/produto\/bambolinas\/","url":"https:\/\/www.azur-scenic.com\/pt-pt\/produto\/bambolinas\/","name":"Bambolinas - Azur Scenic","isPartOf":{"@id":"https:\/\/www.azur-scenic.com\/pt-pt\/#website"},"primaryImageOfPage":{"@id":"https:\/\/www.azur-scenic.com\/pt-pt\/produto\/bambolinas\/#primaryimage"},"image":{"@id":"https:\/\/www.azur-scenic.com\/pt-pt\/produto\/bambolinas\/#primaryimage"},"thumbnailUrl":"https:\/\/www.azur-scenic.com\/wp-content\/uploads\/Frises.jpg","datePublished":"2023-07-06T09:57:24+00:00","dateModified":"2024-09-19T15:06:55+00:00","description":"Azur Scenic, o especialista em cortinas de teatro, fabrica todas as suas Bambolinas por medida em veludo e numa vasta gama de tecidos ign\u00edfugos.","breadcrumb":{"@id":"https:\/\/www.azur-scenic.com\/pt-pt\/produto\/bambolinas\/#breadcrumb"},"inLanguage":"pt-PT","potentialAction":[{"@type":"ReadAction","target":["https:\/\/www.azur-scenic.com\/pt-pt\/produto\/bambolinas\/"]}]},{"@type":"ImageObject","inLanguage":"pt-PT","@id":"https:\/\/www.azur-scenic.com\/pt-pt\/produto\/bambolinas\/#primaryimage","url":"https:\/\/www.azur-scenic.com\/wp-content\/uploads\/Frises.jpg","contentUrl":"https:\/\/www.azur-scenic.com\/wp-content\/uploads\/Frises.jpg","width":2362,"height":2362,"caption":"Mise en surbrillance des frises sur un visuel 3D d'une sc\u00e8ne de salle de spectacle"},{"@type":"BreadcrumbList","@id":"https:\/\/www.azur-scenic.com\/pt-pt\/produto\/bambolinas\/#breadcrumb","itemListElement":[{"@type":"ListItem","position":1,"name":"Accueil","item":"https:\/\/www.azur-scenic.com\/pt-pt\/"},{"@type":"ListItem","position":2,"name":"Produits","item":"https:\/\/www.azur-scenic.com\/pt-pt\/?page_id=21439"},{"@type":"ListItem","position":3,"name":"Bambolinas"}]},{"@type":"WebSite","@id":"https:\/\/www.azur-scenic.com\/pt-pt\/#website","url":"https:\/\/www.azur-scenic.com\/pt-pt\/","name":"Azur Scenic","description":"Sp\u00e9cialiste de l\u2019\u00e9quipement sc\u00e9nique et de la d\u00e9coration int\u00e9rieure et \u00e9v\u00e9nementielle !","publisher":{"@id":"https:\/\/www.azur-scenic.com\/pt-pt\/#organization"},"potentialAction":[{"@type":"SearchAction","target":{"@type":"EntryPoint","urlTemplate":"https:\/\/www.azur-scenic.com\/pt-pt\/?s={search_term_string}"},"query-input":{"@type":"PropertyValueSpecification","valueRequired":true,"valueName":"search_term_string"}}],"inLanguage":"pt-PT"},{"@type":"Organization","@id":"https:\/\/www.azur-scenic.com\/pt-pt\/#organization","name":"AZUR SCENIC","url":"https:\/\/www.azur-scenic.com\/pt-pt\/","logo":{"@type":"ImageObject","inLanguage":"pt-PT","@id":"https:\/\/www.azur-scenic.com\/pt-pt\/#\/schema\/logo\/image\/","url":"https:\/\/www.azur-scenic.com\/wp-content\/uploads\/2022\/09\/LOGO-AZUR-SCENIC-Fusion-web-236x64-1.jpg","contentUrl":"https:\/\/www.azur-scenic.com\/wp-content\/uploads\/2022\/09\/LOGO-AZUR-SCENIC-Fusion-web-236x64-1.jpg","width":236,"height":64,"caption":"AZUR SCENIC"},"image":{"@id":"https:\/\/www.azur-scenic.com\/pt-pt\/#\/schema\/logo\/image\/"},"sameAs":["https:\/\/www.youtube.com\/channel\/UCPWM2mGPVUt4nYhNlm71WOA","https:\/\/www.linkedin.com\/company\/33237605\/admin\/feed\/posts\/"]}]}},"_links":{"self":[{"href":"https:\/\/www.azur-scenic.com\/pt-pt\/wp-json\/wp\/v2\/product\/24600","targetHints":{"allow":["GET"]}}],"collection":[{"href":"https:\/\/www.azur-scenic.com\/pt-pt\/wp-json\/wp\/v2\/product"}],"about":[{"href":"https:\/\/www.azur-scenic.com\/pt-pt\/wp-json\/wp\/v2\/types\/product"}],"wp:featuredmedia":[{"embeddable":true,"href":"https:\/\/www.azur-scenic.com\/pt-pt\/wp-json\/wp\/v2\/media\/24595"}],"wp:attachment":[{"href":"https:\/\/www.azur-scenic.com\/pt-pt\/wp-json\/wp\/v2\/media?parent=24600"}],"wp:term":[{"taxonomy":"product_brand","embeddable":true,"href":"https:\/\/www.azur-scenic.com\/pt-pt\/wp-json\/wp\/v2\/product_brand?post=24600"},{"taxonomy":"product_cat","embeddable":true,"href":"https:\/\/www.azur-scenic.com\/pt-pt\/wp-json\/wp\/v2\/product_cat?post=24600"},{"taxonomy":"product_tag","embeddable":true,"href":"https:\/\/www.azur-scenic.com\/pt-pt\/wp-json\/wp\/v2\/product_tag?post=24600"}],"curies":[{"name":"wp","href":"https:\/\/api.w.org\/{rel}","templated":true}]}}