{"id":26678,"date":"2024-08-20T13:41:22","date_gmt":"2024-08-20T13:41:22","guid":{"rendered":"https:\/\/www.azur-scenic.com\/?post_type=product&#038;p=26678"},"modified":"2024-08-21T07:45:33","modified_gmt":"2024-08-21T07:45:33","slug":"veludo-reciclado-acacia","status":"publish","type":"product","link":"https:\/\/www.azur-scenic.com\/pt-pt\/produto\/veludo-reciclado-acacia\/","title":{"rendered":"Veludo reciclado Acacia"},"content":{"rendered":"<h1><span style=\"font-size: 24px;\">Veludo Acacia: o veludo reciclado perfeito para cortinas de palco<\/span><\/h1>\n<p>O <strong>veludo Acacia<\/strong> da Azur Scenic \u00e9 a nova refer\u00eancia em <strong>veludo reciclado<\/strong> para cortinas de palco. Este tecido inovador, concebido para satisfazer os mais elevados padr\u00f5es, combina eleg\u00e2ncia, durabilidade e respeito pelo ambiente. Se est\u00e1 \u00e0 procura de um veludo de qualidade para o futuro, este veludo \u00e9 a solu\u00e7\u00e3o ideal.<\/p>\n<h2><span style=\"font-size: 16px;\">Veludo reciclado para um impacto positivo<\/span><\/h2>\n<p>Fabricado a partir de poli\u00e9ster 100% reciclado, o veludo Acacia representa o compromisso da Azur Scenic para com a sustentabilidade. Ao escolher este <strong>veludo reciclado<\/strong>, est\u00e1 a ajudar a reduzir os res\u00edduos e a preservar os recursos naturais. Esta escolha eco-respons\u00e1vel n\u00e3o compromete a qualidade: o Veludo Acacia mant\u00e9m todas as propriedades de um veludo de palco cl\u00e1ssico, ao mesmo tempo que oferece uma alternativa amiga do ambiente.<\/p>\n<h2><span style=\"font-size: 16px;\">Desempenho t\u00e9cnico excecional<\/span><\/h2>\n<p>O veludo Acacia n\u00e3o s\u00f3 \u00e9 amigo do ambiente, como tamb\u00e9m foi concebido para oferecer um desempenho t\u00e9cnico superior. Classificado para a seguran\u00e7a contra inc\u00eandios, este veludo reciclado garante uma prote\u00e7\u00e3o \u00f3ptima em espa\u00e7os p\u00fablicos. Com um peso de 370g\/m\u00b2, confere \u00e0s suas cortinas de palco um acabamento est\u00e9tico, sem deixar de ser f\u00e1cil de manusear.<\/p>\n<h2><span style=\"font-size: 16px;\">Acabamento repelente de \u00e1gua e uma vasta gama de cores<\/span><\/h2>\n<p>Para al\u00e9m das suas qualidades t\u00e9cnicas, o Veludo Ac\u00e1cia distingue-se pelo seu acabamento hidr\u00f3fugo, que protege as suas cortinas da humidade, prolongando a sua vida \u00fatil. Al\u00e9m disso, est\u00e1 dispon\u00edvel numa vasta gama de cores, para que possa personalizar os seus espa\u00e7os de acordo com as suas necessidades est\u00e9ticas.<\/p>\n<p>&nbsp;<\/p>\n<p>O <strong>Veludo Acacia<\/strong> \u00e9 muito mais do que um <strong>veludo reciclado<\/strong>: \u00e9 uma solu\u00e7\u00e3o completa que combina eco-responsabilidade, seguran\u00e7a e est\u00e9tica. Escolha um produto dur\u00e1vel e elegante, perfeito para valorizar os seus cen\u00e1rios respeitando o ambiente.<\/p>\n<p>&nbsp;<\/p>\n<p><span style=\"font-size: 16px;\"><strong>Informations techniques\u00a0<\/strong><\/span><\/p>\n<table style=\"width: 100%; height: 309px;\">\n<tbody>\n<tr style=\"height: 23px;\">\n<td style=\"vertical-align: top; height: 23px; width: 14.7084%;\">Largura<\/td>\n<td style=\"vertical-align: top; height: 23px; width: 14.7929%;\">\u00b1 140 cm<\/td>\n<td style=\"vertical-align: top; height: 23px; width: 69.738%;\">\u00a0<\/td>\n<\/tr>\n<tr style=\"height: 23px;\">\n<td style=\"vertical-align: top; height: 23px; width: 14.7084%;\">Peso<\/td>\n<td style=\"vertical-align: top; height: 23px; width: 14.7929%;\">\u00b1 370 g\/m\u00b2<\/td>\n<td style=\"vertical-align: top; height: 23px; width: 69.738%;\">\u00a0<\/td>\n<\/tr>\n<tr style=\"height: 95px;\">\n<td style=\"vertical-align: top; height: 98px; width: 14.7084%;\">Classifica\u00e7\u00e3o de rea\u00e7\u00e3o ao fogo<\/td>\n<td style=\"vertical-align: top; height: 98px; width: 14.7929%;\"><img decoding=\"async\" style=\"height: 20px; width: 20px;\" src=\"https:\/\/www.azur-scenic.com\/wp-content\/uploads\/icon-flag-france.png?1542281963\" \/> M1,\u00a0<img decoding=\"async\" style=\"height: 20px; width: 20px;\" src=\"https:\/\/www.azur-scenic.com\/wp-content\/uploads\/icon-flag-europe.png\" \/> EN13501<\/td>\n<td style=\"vertical-align: top; height: 98px; width: 69.738%;\">\u00a0<\/td>\n<\/tr>\n<tr style=\"height: 47px;\">\n<td style=\"vertical-align: top; height: 47px; width: 14.7084%;\">Composi\u00e7\u00e3o<\/td>\n<td style=\"vertical-align: top; height: 47px; width: 14.7929%;\">100% Poli\u00e9ster reciclado<\/td>\n<td style=\"vertical-align: top; height: 47px; width: 69.738%;\">\u00a0<\/td>\n<\/tr>\n<tr style=\"height: 47px;\">\n<td style=\"vertical-align: top; height: 47px; width: 14.7084%;\">Longueur rouleaux<\/td>\n<td style=\"vertical-align: top; height: 47px; width: 14.7929%;\">\u00b1 25 m<\/td>\n<td style=\"vertical-align: top; height: 47px; width: 69.738%;\">Pe\u00e7as n\u00e3o calibradas, metragem das pe\u00e7as vari\u00e1vel<br \/>\nVenda a retalho, de acordo com as cores em stock<\/td>\n<\/tr>\n<tr style=\"height: 24px;\">\n<td style=\"vertical-align: top; width: 14.7084%; height: 24px;\">Propriedades ac\u00fasticas<\/td>\n<td style=\"vertical-align: top; width: 14.7929%; height: 24px;\">\u03b1w = 0.75<\/td>\n<td style=\"vertical-align: top; width: 69.738%; height: 24px;\">ISO 354<\/td>\n<\/tr>\n<\/tbody>\n<\/table>\n<p>Para mais informa\u00e7\u00f5es, descarregue a ficha de dados clicando no bot\u00e3o \u201cFicha T\u00e9cnica\u201d nesta p\u00e1gina. (Em ingl\u00eas e franc\u00eas)<\/p>\n","protected":false},"excerpt":{"rendered":"<p>Descubra <strong>Acacia<\/strong>, o <strong>veludo reciclado<\/strong> da Azur Scenic, ideal para <strong>cortinas de palco eco-respons\u00e1veis<\/strong> que combinam eleg\u00e2ncia e durabilidade.<\/p>\n<p>Fabricado em <strong>poli\u00e9ster FR 100% reciclado<\/strong>, alia <strong>ecologia<\/strong> e desempenho. <strong>Ign\u00edfugo<\/strong>, com um peso de 370g\/m\u00b2, uma largura de 140 cm e um acabamento hidr\u00f3fugo, est\u00e1 dispon\u00edvel numa <strong>vasta gama de cores<\/strong>.<\/p>\n<p>&nbsp;<\/p>\n<table class=\"table\" style=\"background: #f7f7f7;\">\n<tbody>\n<tr>\n<td><strong>Largura:<\/strong> 140 cm<\/td>\n<td><strong>Peso<\/strong>: 370 g\/m\u00b2<\/td>\n<\/tr>\n<tr>\n<td><strong>Classifica\u00e7\u00e3o de rea\u00e7\u00e3o ao fogo<\/strong>: <img decoding=\"async\" style=\"height: 20px; width: 20px;\" src=\"https:\/\/www.azur-scenic.com\/wp-content\/uploads\/icon-flag-france.png?1542281963\" \/> M1, <img decoding=\"async\" style=\"height: 20px; width: 20px;\" src=\"https:\/\/www.azur-scenic.com\/wp-content\/uploads\/icon-flag-europe.png\" \/> EN13501<\/td>\n<td style=\"vertical-align: top;\"><strong>Composi\u00e7\u00e3o<\/strong>: 100% PES reciclado<\/td>\n<\/tr>\n<\/tbody>\n<\/table>\n","protected":false},"featured_media":26556,"template":"","meta":{"_acf_changed":false},"product_brand":[],"product_cat":[1885,921,916,918,985,920,1113],"product_tag":[],"class_list":{"0":"post-26678","1":"product","2":"type-product","3":"status-publish","4":"has-post-thumbnail","6":"product_cat-texteis-reciclados-pt-pt","7":"product_cat-todos-os-produtos","8":"product_cat-texteis-cenicos-e-para-eventos","9":"product_cat-veludos-de-poliester","10":"product_cat-absorcao-acustica","11":"product_cat-teatro","12":"product_cat-eventos","13":"pa_couleurs-001-cru","14":"pa_couleurs-002-branco","15":"pa_couleurs-003-negro","16":"pa_couleurs-108-estanho","17":"pa_couleurs-120-perola","18":"pa_couleurs-170-ferro","19":"pa_couleurs-180-ardosia","20":"pa_couleurs-240-rubis","21":"pa_couleurs-250-vermelhao","22":"pa_couleurs-290-bordo","23":"pa_couleurs-370-cor-de-tijolo","24":"pa_couleurs-500-bege","25":"pa_couleurs-501-bege-claro","26":"pa_couleurs-510-cordel","27":"pa_couleurs-513-linho","28":"pa_couleurs-518-taupe","29":"pa_couleurs-530-cafe-com-leite","30":"pa_couleurs-555-pt-pt","31":"pa_couleurs-570-moca","32":"pa_couleurs-615-pt-pt","33":"pa_couleurs-660-azeitona","34":"pa_couleurs-680-abeto","35":"pa_couleurs-770-oceano","36":"pa_couleurs-780-pato","37":"pa_couleurs-782-ganga","38":"pa_couleurs-790-marinho","39":"pa_couleurs-860-ameixa","40":"pa_couleurs-920-salmao","41":"pa_groupes-de-couleurs-branco","42":"pa_groupes-de-couleurs-azuis","43":"pa_groupes-de-couleurs-cru","44":"pa_groupes-de-couleurs-cinzento","45":"pa_groupes-de-couleurs-castanhos-beges","46":"pa_groupes-de-couleurs-negro","47":"pa_groupes-de-couleurs-laranjas","48":"pa_groupes-de-couleurs-rosas","49":"pa_groupes-de-couleurs-vermelhos","50":"pa_groupes-de-couleurs-verdes","51":"pa_groupes-de-couleurs-violetas","52":"pa_textiles-tecidos-recicladoss-pt-pt","53":"pa_textiles-absorvente-acustico","54":"pa_textiles-adaptado-para-exterior","55":"pa_textiles-classificacao-de-reacao-ao-fogo-ignifugo","56":"pa_textiles-lavavel","57":"pa_textiles-oeko-tex","59":"first","60":"instock","61":"shipping-taxable","62":"purchasable","63":"product-type-variable"},"acf":[],"yoast_head":"<!-- This site is optimized with the Yoast SEO plugin v27.3 - https:\/\/yoast.com\/product\/yoast-seo-wordpress\/ -->\n<title>Veludo reciclado Acacia - Azur Scenic<\/title>\n<meta name=\"description\" content=\"Descubra Veludo reciclado Acacia Azur Scenic: um veludo reciclado perfeito para as suas cortinas de palco, combinando ecologia e resist\u00eancia ao fogo.\" \/>\n<meta name=\"robots\" content=\"index, follow, max-snippet:-1, max-image-preview:large, max-video-preview:-1\" \/>\n<link rel=\"canonical\" href=\"https:\/\/www.azur-scenic.com\/pt-pt\/produto\/veludo-reciclado-acacia\/\" \/>\n<meta property=\"og:locale\" content=\"pt_PT\" \/>\n<meta property=\"og:type\" content=\"article\" \/>\n<meta property=\"og:title\" content=\"Veludo reciclado Acacia - Azur Scenic\" \/>\n<meta property=\"og:description\" content=\"Descubra Veludo reciclado Acacia Azur Scenic: um veludo reciclado perfeito para as suas cortinas de palco, combinando ecologia e resist\u00eancia ao fogo.\" \/>\n<meta property=\"og:url\" content=\"https:\/\/www.azur-scenic.com\/pt-pt\/produto\/veludo-reciclado-acacia\/\" \/>\n<meta property=\"og:site_name\" content=\"Azur Scenic\" \/>\n<meta property=\"article:modified_time\" content=\"2024-08-21T07:45:33+00:00\" \/>\n<meta property=\"og:image\" content=\"https:\/\/www.azur-scenic.com\/wp-content\/uploads\/Velours-Acacia-scaled.jpg\" \/>\n\t<meta property=\"og:image:width\" content=\"2560\" \/>\n\t<meta property=\"og:image:height\" content=\"2560\" \/>\n\t<meta property=\"og:image:type\" content=\"image\/jpeg\" \/>\n<meta name=\"twitter:card\" content=\"summary_large_image\" \/>\n<meta name=\"twitter:label1\" content=\"Tempo estimado de leitura\" \/>\n\t<meta name=\"twitter:data1\" content=\"3 minutos\" \/>\n<script type=\"application\/ld+json\" class=\"yoast-schema-graph\">{\"@context\":\"https:\\\/\\\/schema.org\",\"@graph\":[{\"@type\":\"WebPage\",\"@id\":\"https:\\\/\\\/www.azur-scenic.com\\\/pt-pt\\\/produto\\\/veludo-reciclado-acacia\\\/\",\"url\":\"https:\\\/\\\/www.azur-scenic.com\\\/pt-pt\\\/produto\\\/veludo-reciclado-acacia\\\/\",\"name\":\"Veludo reciclado Acacia - Azur Scenic\",\"isPartOf\":{\"@id\":\"https:\\\/\\\/www.azur-scenic.com\\\/pt-pt\\\/#website\"},\"primaryImageOfPage\":{\"@id\":\"https:\\\/\\\/www.azur-scenic.com\\\/pt-pt\\\/produto\\\/veludo-reciclado-acacia\\\/#primaryimage\"},\"image\":{\"@id\":\"https:\\\/\\\/www.azur-scenic.com\\\/pt-pt\\\/produto\\\/veludo-reciclado-acacia\\\/#primaryimage\"},\"thumbnailUrl\":\"https:\\\/\\\/www.azur-scenic.com\\\/wp-content\\\/uploads\\\/Velours-Acacia-scaled.jpg\",\"datePublished\":\"2024-08-20T13:41:22+00:00\",\"dateModified\":\"2024-08-21T07:45:33+00:00\",\"description\":\"Descubra Veludo reciclado Acacia Azur Scenic: um veludo reciclado perfeito para as suas cortinas de palco, combinando ecologia e resist\u00eancia ao fogo.\",\"breadcrumb\":{\"@id\":\"https:\\\/\\\/www.azur-scenic.com\\\/pt-pt\\\/produto\\\/veludo-reciclado-acacia\\\/#breadcrumb\"},\"inLanguage\":\"pt-PT\",\"potentialAction\":[{\"@type\":\"ReadAction\",\"target\":[\"https:\\\/\\\/www.azur-scenic.com\\\/pt-pt\\\/produto\\\/veludo-reciclado-acacia\\\/\"]}]},{\"@type\":\"ImageObject\",\"inLanguage\":\"pt-PT\",\"@id\":\"https:\\\/\\\/www.azur-scenic.com\\\/pt-pt\\\/produto\\\/veludo-reciclado-acacia\\\/#primaryimage\",\"url\":\"https:\\\/\\\/www.azur-scenic.com\\\/wp-content\\\/uploads\\\/Velours-Acacia-scaled.jpg\",\"contentUrl\":\"https:\\\/\\\/www.azur-scenic.com\\\/wp-content\\\/uploads\\\/Velours-Acacia-scaled.jpg\",\"width\":2560,\"height\":2560},{\"@type\":\"BreadcrumbList\",\"@id\":\"https:\\\/\\\/www.azur-scenic.com\\\/pt-pt\\\/produto\\\/veludo-reciclado-acacia\\\/#breadcrumb\",\"itemListElement\":[{\"@type\":\"ListItem\",\"position\":1,\"name\":\"Accueil\",\"item\":\"https:\\\/\\\/www.azur-scenic.com\\\/pt-pt\\\/\"},{\"@type\":\"ListItem\",\"position\":2,\"name\":\"Produits\",\"item\":\"https:\\\/\\\/www.azur-scenic.com\\\/pt-pt\\\/?page_id=21439\"},{\"@type\":\"ListItem\",\"position\":3,\"name\":\"Veludo reciclado Acacia\"}]},{\"@type\":\"WebSite\",\"@id\":\"https:\\\/\\\/www.azur-scenic.com\\\/pt-pt\\\/#website\",\"url\":\"https:\\\/\\\/www.azur-scenic.com\\\/pt-pt\\\/\",\"name\":\"Azur Scenic\",\"description\":\"Sp\u00e9cialiste de l\u2019\u00e9quipement sc\u00e9nique et de la d\u00e9coration int\u00e9rieure et \u00e9v\u00e9nementielle !\",\"publisher\":{\"@id\":\"https:\\\/\\\/www.azur-scenic.com\\\/pt-pt\\\/#organization\"},\"potentialAction\":[{\"@type\":\"SearchAction\",\"target\":{\"@type\":\"EntryPoint\",\"urlTemplate\":\"https:\\\/\\\/www.azur-scenic.com\\\/pt-pt\\\/?s={search_term_string}\"},\"query-input\":{\"@type\":\"PropertyValueSpecification\",\"valueRequired\":true,\"valueName\":\"search_term_string\"}}],\"inLanguage\":\"pt-PT\"},{\"@type\":\"Organization\",\"@id\":\"https:\\\/\\\/www.azur-scenic.com\\\/pt-pt\\\/#organization\",\"name\":\"AZUR SCENIC\",\"url\":\"https:\\\/\\\/www.azur-scenic.com\\\/pt-pt\\\/\",\"logo\":{\"@type\":\"ImageObject\",\"inLanguage\":\"pt-PT\",\"@id\":\"https:\\\/\\\/www.azur-scenic.com\\\/pt-pt\\\/#\\\/schema\\\/logo\\\/image\\\/\",\"url\":\"https:\\\/\\\/www.azur-scenic.com\\\/wp-content\\\/uploads\\\/2022\\\/09\\\/LOGO-AZUR-SCENIC-Fusion-web-236x64-1.jpg\",\"contentUrl\":\"https:\\\/\\\/www.azur-scenic.com\\\/wp-content\\\/uploads\\\/2022\\\/09\\\/LOGO-AZUR-SCENIC-Fusion-web-236x64-1.jpg\",\"width\":236,\"height\":64,\"caption\":\"AZUR SCENIC\"},\"image\":{\"@id\":\"https:\\\/\\\/www.azur-scenic.com\\\/pt-pt\\\/#\\\/schema\\\/logo\\\/image\\\/\"},\"sameAs\":[\"https:\\\/\\\/www.youtube.com\\\/channel\\\/UCPWM2mGPVUt4nYhNlm71WOA\",\"https:\\\/\\\/www.linkedin.com\\\/company\\\/33237605\\\/admin\\\/feed\\\/posts\\\/\"]}]}<\/script>\n<!-- \/ Yoast SEO plugin. -->","yoast_head_json":{"title":"Veludo reciclado Acacia - Azur Scenic","description":"Descubra Veludo reciclado Acacia Azur Scenic: um veludo reciclado perfeito para as suas cortinas de palco, combinando ecologia e resist\u00eancia ao fogo.","robots":{"index":"index","follow":"follow","max-snippet":"max-snippet:-1","max-image-preview":"max-image-preview:large","max-video-preview":"max-video-preview:-1"},"canonical":"https:\/\/www.azur-scenic.com\/pt-pt\/produto\/veludo-reciclado-acacia\/","og_locale":"pt_PT","og_type":"article","og_title":"Veludo reciclado Acacia - Azur Scenic","og_description":"Descubra Veludo reciclado Acacia Azur Scenic: um veludo reciclado perfeito para as suas cortinas de palco, combinando ecologia e resist\u00eancia ao fogo.","og_url":"https:\/\/www.azur-scenic.com\/pt-pt\/produto\/veludo-reciclado-acacia\/","og_site_name":"Azur Scenic","article_modified_time":"2024-08-21T07:45:33+00:00","og_image":[{"width":2560,"height":2560,"url":"https:\/\/www.azur-scenic.com\/wp-content\/uploads\/Velours-Acacia-scaled.jpg","type":"image\/jpeg"}],"twitter_card":"summary_large_image","twitter_misc":{"Tempo estimado de leitura":"3 minutos"},"schema":{"@context":"https:\/\/schema.org","@graph":[{"@type":"WebPage","@id":"https:\/\/www.azur-scenic.com\/pt-pt\/produto\/veludo-reciclado-acacia\/","url":"https:\/\/www.azur-scenic.com\/pt-pt\/produto\/veludo-reciclado-acacia\/","name":"Veludo reciclado Acacia - Azur Scenic","isPartOf":{"@id":"https:\/\/www.azur-scenic.com\/pt-pt\/#website"},"primaryImageOfPage":{"@id":"https:\/\/www.azur-scenic.com\/pt-pt\/produto\/veludo-reciclado-acacia\/#primaryimage"},"image":{"@id":"https:\/\/www.azur-scenic.com\/pt-pt\/produto\/veludo-reciclado-acacia\/#primaryimage"},"thumbnailUrl":"https:\/\/www.azur-scenic.com\/wp-content\/uploads\/Velours-Acacia-scaled.jpg","datePublished":"2024-08-20T13:41:22+00:00","dateModified":"2024-08-21T07:45:33+00:00","description":"Descubra Veludo reciclado Acacia Azur Scenic: um veludo reciclado perfeito para as suas cortinas de palco, combinando ecologia e resist\u00eancia ao fogo.","breadcrumb":{"@id":"https:\/\/www.azur-scenic.com\/pt-pt\/produto\/veludo-reciclado-acacia\/#breadcrumb"},"inLanguage":"pt-PT","potentialAction":[{"@type":"ReadAction","target":["https:\/\/www.azur-scenic.com\/pt-pt\/produto\/veludo-reciclado-acacia\/"]}]},{"@type":"ImageObject","inLanguage":"pt-PT","@id":"https:\/\/www.azur-scenic.com\/pt-pt\/produto\/veludo-reciclado-acacia\/#primaryimage","url":"https:\/\/www.azur-scenic.com\/wp-content\/uploads\/Velours-Acacia-scaled.jpg","contentUrl":"https:\/\/www.azur-scenic.com\/wp-content\/uploads\/Velours-Acacia-scaled.jpg","width":2560,"height":2560},{"@type":"BreadcrumbList","@id":"https:\/\/www.azur-scenic.com\/pt-pt\/produto\/veludo-reciclado-acacia\/#breadcrumb","itemListElement":[{"@type":"ListItem","position":1,"name":"Accueil","item":"https:\/\/www.azur-scenic.com\/pt-pt\/"},{"@type":"ListItem","position":2,"name":"Produits","item":"https:\/\/www.azur-scenic.com\/pt-pt\/?page_id=21439"},{"@type":"ListItem","position":3,"name":"Veludo reciclado Acacia"}]},{"@type":"WebSite","@id":"https:\/\/www.azur-scenic.com\/pt-pt\/#website","url":"https:\/\/www.azur-scenic.com\/pt-pt\/","name":"Azur Scenic","description":"Sp\u00e9cialiste de l\u2019\u00e9quipement sc\u00e9nique et de la d\u00e9coration int\u00e9rieure et \u00e9v\u00e9nementielle !","publisher":{"@id":"https:\/\/www.azur-scenic.com\/pt-pt\/#organization"},"potentialAction":[{"@type":"SearchAction","target":{"@type":"EntryPoint","urlTemplate":"https:\/\/www.azur-scenic.com\/pt-pt\/?s={search_term_string}"},"query-input":{"@type":"PropertyValueSpecification","valueRequired":true,"valueName":"search_term_string"}}],"inLanguage":"pt-PT"},{"@type":"Organization","@id":"https:\/\/www.azur-scenic.com\/pt-pt\/#organization","name":"AZUR SCENIC","url":"https:\/\/www.azur-scenic.com\/pt-pt\/","logo":{"@type":"ImageObject","inLanguage":"pt-PT","@id":"https:\/\/www.azur-scenic.com\/pt-pt\/#\/schema\/logo\/image\/","url":"https:\/\/www.azur-scenic.com\/wp-content\/uploads\/2022\/09\/LOGO-AZUR-SCENIC-Fusion-web-236x64-1.jpg","contentUrl":"https:\/\/www.azur-scenic.com\/wp-content\/uploads\/2022\/09\/LOGO-AZUR-SCENIC-Fusion-web-236x64-1.jpg","width":236,"height":64,"caption":"AZUR SCENIC"},"image":{"@id":"https:\/\/www.azur-scenic.com\/pt-pt\/#\/schema\/logo\/image\/"},"sameAs":["https:\/\/www.youtube.com\/channel\/UCPWM2mGPVUt4nYhNlm71WOA","https:\/\/www.linkedin.com\/company\/33237605\/admin\/feed\/posts\/"]}]}},"_links":{"self":[{"href":"https:\/\/www.azur-scenic.com\/pt-pt\/wp-json\/wp\/v2\/product\/26678","targetHints":{"allow":["GET"]}}],"collection":[{"href":"https:\/\/www.azur-scenic.com\/pt-pt\/wp-json\/wp\/v2\/product"}],"about":[{"href":"https:\/\/www.azur-scenic.com\/pt-pt\/wp-json\/wp\/v2\/types\/product"}],"wp:featuredmedia":[{"embeddable":true,"href":"https:\/\/www.azur-scenic.com\/pt-pt\/wp-json\/wp\/v2\/media\/26556"}],"wp:attachment":[{"href":"https:\/\/www.azur-scenic.com\/pt-pt\/wp-json\/wp\/v2\/media?parent=26678"}],"wp:term":[{"taxonomy":"product_brand","embeddable":true,"href":"https:\/\/www.azur-scenic.com\/pt-pt\/wp-json\/wp\/v2\/product_brand?post=26678"},{"taxonomy":"product_cat","embeddable":true,"href":"https:\/\/www.azur-scenic.com\/pt-pt\/wp-json\/wp\/v2\/product_cat?post=26678"},{"taxonomy":"product_tag","embeddable":true,"href":"https:\/\/www.azur-scenic.com\/pt-pt\/wp-json\/wp\/v2\/product_tag?post=26678"}],"curies":[{"name":"wp","href":"https:\/\/api.w.org\/{rel}","templated":true}]}}